{"id":13445,"date":"2022-01-06T09:42:30","date_gmt":"2022-01-06T08:42:30","guid":{"rendered":"https:\/\/new.drhe.hu\/?page_id=13445"},"modified":"2025-09-12T13:42:44","modified_gmt":"2025-09-12T11:42:44","slug":"szenior-akademia","status":"publish","type":"page","link":"https:\/\/drhe.hu\/en\/egyetemunk\/oktatasi-egysegek\/szenior-akademia\/","title":{"rendered":"Szenior Akad\u00e9mia"},"content":{"rendered":"<p>Tisztelt Szenior Akad\u00e9miai Hallgat\u00f3k!<\/p>\n<p>Szeretettel \u00e9rtes\u00edtj\u00fck \u00d6n\u00f6ket, hogy a DRHE Szenior Akad\u00e9mi\u00e1ja az \u0151szi szemeszterre is elk\u00e9sz\u00edtette programsorozat\u00e1t: \u201e<em>lelkigondoz\u00e1s kr\u00edzishelyzetekben<\/em>\u201d, \u201e<em>emberszeml\u00e9let\u0171 pedag\u00f3gia<\/em>\u201d, \u201e<em>a mesters\u00e9ges intelligencia vesz\u00e9lyei \u00e9s el\u0151nyei<\/em>\u201d \u201e<em>k\u00e9pz\u0151m\u0171v\u00e9szet \u00e9s irodalom<\/em>\u201d.<br \/>\nV\u00e1rjuk r\u00e9gi \u00e9s \u00faj hallgat\u00f3inkat szeptember v\u00e9ge \u00e9s november v\u00e9ge k\u00f6z\u00f6tt, cs\u00fct\u00f6rt\u00f6k\u00f6nk\u00e9nt 15.00 \u00f3r\u00e1t\u00f3l a Debreceni Reform\u00e1tus Koll\u00e9gium Orat\u00f3rium\u00e1ban.<br \/>\nEz\u00fattal hat alkalmat hirdet\u00fcnk meg, alkalmank\u00e9nt egy \u2013 b\u0151vebb \u00e1ttekint\u00e9st k\u00edn\u00e1l\u00f3 \u2013, mintegy 55-60 perces el\u0151ad\u00e1ssal, ez\u00e9rt szeretetvend\u00e9gs\u00e9gre nem ker\u00fcl sor.<br \/>\nA tervezett id\u0151pontok, t\u00e9m\u00e1k \u00e9s el\u0151ad\u00f3k:<br \/>\n<strong><em>Szeptember 25.<\/em><\/strong> \u2013 Dr. Vit\u00e9z Ferenc: J\u00f3kai 200 \u2013 \u201eA nagy magyar mesemond\u00f3\u201d moderns\u00e9ge<br \/>\n<strong><em>Okt\u00f3ber 09.<\/em><\/strong> \u2013 Fodor \u00c9va Ir\u00e9n: Munk\u00e1csy Mih\u00e1ly Krisztus-tril\u00f3gi\u00e1j\u00e1nak \u201ek\u00e1lv\u00e1ri\u00e1ja\u201d<br \/>\n<strong><em>Okt\u00f3ber 16.<\/em><\/strong> \u2013 Dr. T. Nagy L\u00e1szl\u00f3: A Mesters\u00e9ges Intelligencia t\u00f6rt\u00e9nete \u00e9s szerepe a h\u00e9tk\u00f6znapokban<br \/>\n<strong><em>November 06.<\/em><\/strong> \u2013 Bar\u00e1thn\u00e9 Szal\u00e1nczi T\u00edmea: Lelkigondoz\u00e1s kr\u00edzishelyzetekben<br \/>\n<strong><em>November 13.<\/em><\/strong> \u2013 Gond\u00e1n\u00e9 Pasztern\u00e1k Kl\u00e1ra: A Waldorf-pedag\u00f3gia emberszeml\u00e9lete<br \/>\n<strong><em>November 20.<\/em><\/strong> \u2013 Dr. Szentm\u00e1rtoni Szab\u00f3 G\u00e9za: Balassi B\u00e1lint, a szerelem \u00e9s az Istenszeretet k\u00f6lt\u0151je<\/p>\n<p>Azoknak a hallgat\u00f3k, akik m\u00e1r regisztr\u00e1ltak kor\u00e1bban a Szenior Akad\u00e9mia programjaira, nincs teend\u0151j\u00fck, nem kell a regisztr\u00e1ci\u00f3jukat meg\u00faj\u00edtani. \u00daj hallgat\u00f3k regisztr\u00e1ci\u00f3ja az el\u0151ad\u00e1sok el\u0151tt t\u00f6rt\u00e9nik, szem\u00e9lyesen.<br \/>\nK\u00e9rd\u00e9s eset\u00e9n a k\u00f6vetkez\u0151 id\u0151pontokban kereshetik koll\u00e9g\u00e1inkat szem\u00e9lyesen, vagy telefonon: <strong>kedd 9:30-11:30<\/strong> k\u00f6z\u00f6tt, a k\u00f6vetkez\u0151 telefonsz\u00e1mokon: 52-518-518; 52-518-577.<\/p>\n<p><em>Debrecen, 2025. szeptember 10.<\/em><\/p>\n<p>\u00c1ld\u00e1sk\u00edv\u00e1n\u00e1ssal:<br \/>\nDr. Bar\u00e1th B\u00e9la Levente rektor;<br \/>\nDr. Vit\u00e9z Ferenc k\u00e9pz\u00e9sfelel\u0151s<em><br \/>\n<\/em>___________________________________________________________________________________________________<\/p>\n<p>&nbsp;<\/p>\n<p class=\"rtejustify\"><strong><img loading=\"lazy\" decoding=\"async\" class=\"alignnone wp-image-16209\" src=\"https:\/\/drhe.hu\/wp-content\/uploads\/2022\/10\/picture-367-1518080408.jpg\" alt=\"\" width=\"151\" height=\"201\" \/>A Debreceni Reform\u00e1tus Hittudom\u00e1nyi Egyetem Szenior oktat\u00e1si programja<img loading=\"lazy\" decoding=\"async\" class=\" wp-image-13446 alignright\" src=\"http:\/\/drhe.hu\/wp-content\/uploads\/2022\/01\/dsc_0078.jpg\" alt=\"\" width=\"147\" height=\"221\" \/><\/strong><\/p>\n<p class=\"rtejustify\">A \u201etan\u00edtani mindenkit \u2013 mindenre \u2013 mindenkor\u201d gondolata m\u00e9g Comenius idej\u00e9ben, a 17. sz\u00e1zadban jelent meg a magyar oktat\u00e1sban, \u00e9s tal\u00e1lt term\u00e9keny talajra a reform\u00e1ci\u00f3 k\u00f6zm\u0171vel\u0151d\u00e9si t\u00f6rekv\u00e9seiben. A folyamatos tanul\u00e1s\/tan\u00edt\u00e1s ig\u00e9nye bizonyos foglalkoz\u00e1sok kapcs\u00e1n m\u00e1r ekkoriban is \u00e1ltal\u00e1nos elv\u00e1r\u00e1s volt (l\u00e1sd a k\u00f6zmond\u00e1st: \u201eA j\u00f3 pap holtig tanul\u201d), a mai vil\u00e1gban pedig szinte az \u00e9let minden ter\u00fclet\u00e9n, minden koroszt\u00e1ly sz\u00e1m\u00e1ra elengedhetetlen k\u00f6vetelm\u00e9ny. Nemcsak a szakmai ismeretek \u00e9v\u00fclnek el napjainkban egyre r\u00f6videbb id\u0151 alatt, de a fejl\u0151d\u00e9s (\u00faj t\u00f6rv\u00e9nyek, \u00faj elektronikai \u00e9s h\u00edrad\u00e1s-technikai eszk\u00f6z\u00f6k stb.) a mindennapi \u00e9let ter\u00fclet\u00e9n is folyamatos tov\u00e1bbk\u00e9pz\u00e9st, illetve \u00f6nk\u00e9pz\u00e9st k\u00f6vetel.<\/p>\n<p class=\"rtejustify\">Egyetem\u00fcnk ezt az ig\u00e9nyt felismerve alap\u00edtotta meg Szenior Akad\u00e9mi\u00e1j\u00e1t az 50 \u00e9v f\u00f6l\u00f6tti koroszt\u00e1ly sz\u00e1m\u00e1ra (s ezzel els\u0151 egyh\u00e1zi fels\u0151oktat\u00e1si int\u00e9zm\u00e9nyk\u00e9nt csatlakozott az orsz\u00e1gban n\u00e9h\u00e1ny helyen m\u00e1r 2011 \u00f3ta foly\u00f3 szenior k\u00e9pz\u00e9si h\u00e1l\u00f3zathoz). A k\u00e9pz\u00e9s c\u00e9lja az \u00e9rintett koroszt\u00e1ly ismereteinek friss\u00edt\u00e9se, b\u0151v\u00edt\u00e9se \u2013 r\u00e9szben a munkaer\u0151-piaci be- \u00e9s visszailleszked\u00e9s t\u00e1mogat\u00e1sa, r\u00e9szben pedig a szellemi aktivit\u00e1s\u00e1nak meg\u0151rz\u00e9se-fejleszt\u00e9se \u2013, a \u201esz\u00f3rakozva tanul\u00e1s\u201d jegy\u00e9ben. A Szenior Akad\u00e9mia e gener\u00e1ci\u00f3 saj\u00e1tos \u00e9lethelyzet\u00e9vel \u00f6sszef\u00fcgg\u0151 ismeretek mellett a t\u00e1rsadalom- \u00e9s term\u00e9szettudom\u00e1nyok, az orvostudom\u00e1ny, az irodalom, a k\u00e9pz\u0151m\u0171v\u00e9szet \u00e9s a vall\u00e1studom\u00e1ny leg\u00fajabb eredm\u00e9nyeit k\u00edn\u00e1lja k\u00f6z\u00e9rthet\u0151, \u00e9rdekes form\u00e1ban.<\/p>\n<p class=\"rtejustify\">A k\u00e9pz\u00e9sen azok az 50 \u00e9vn\u00e9l id\u0151sebb \u00e9rdekl\u0151d\u0151k vehetnek r\u00e9szt, akiknek k\u00f6z\u00e9pfok\u00fa v\u00e9gzetts\u00e9g\u00fck van, \u00e9s a k\u00e9pz\u00e9si programra el\u0151zetesen bejelentkeztek. Regisztr\u00e1lni a DRHE honlapj\u00e1nak Szenior Akad\u00e9mia aloldal\u00e1r\u00f3l let\u00f6lt\u00f6tt, illetve az egyetem Feln\u0151ttk\u00e9pz\u00e9si K\u00f6zpontj\u00e1ban \u00e1tvett regisztr\u00e1ci\u00f3s \u0171rlap kit\u00f6lt\u00e9s\u00e9vel lehet.<\/p>\n<p class=\"rtejustify\">A fels\u0151fok\u00fa v\u00e9gzetts\u00e9ghez nem vezet\u0151 k\u00e9pz\u00e9s id\u0151tartama 4 f\u00e9l\u00e9v. A k\u00e9pz\u00e9si program az \u0151szi \u00e9s a tavaszi f\u00e9l\u00e9vben egyar\u00e1nt 5-5 k\u00e9pz\u00e9si napb\u00f3l \u00e1ll, melyeket az egyetem a szeptember\u2013november, valamint a m\u00e1rcius\u2013m\u00e1jus id\u0151szakokban, k\u00e9thetes id\u0151k\u00f6z\u00f6nk\u00e9nt\u00a0 hirdeti meg. Egy k\u00e9pz\u00e9si napon k\u00e9t el\u0151ad\u00e1s hangzik el, illetve lehet\u0151s\u00e9g ny\u00edlik a k\u00e9rd\u00e9sekre, megbesz\u00e9l\u00e9sre, egyenk\u00e9nt \u00f6sszesen 90 percben. A k\u00e9t el\u0151ad\u00e1s k\u00f6z\u00f6tt 30 perc sz\u00fcnetet tartunk. Az el\u0151ad\u00e1sok v\u00e9g\u00e9n \u2013 visszajelz\u00e9sk\u00e9nt, illetve a tov\u00e1bbi t\u00e9m\u00e1kra tett javaslatok begy\u0171jt\u00e9se \u00e9rdek\u00e9ben \u2013 egy r\u00f6vid el\u00e9gedetts\u00e9gi k\u00e9rd\u0151\u00edvet is kit\u00f6lthetnek a r\u00e9sztvev\u0151k.<\/p>\n<p class=\"rtejustify\">A k\u00e9pz\u00e9s ingyenes, annak \u2013 a jelenl\u00e9ti \u00edvek alapj\u00e1n igazolt \u2013 teljes\u00edt\u00e9s\u00e9t f\u00e9l\u00e9vente tan\u00fas\u00edtv\u00e1ny, a 4. f\u00e9l\u00e9v v\u00e9g\u00e9n pedig d\u00edszoklev\u00e9l dokument\u00e1lja. A k\u00e9pz\u00e9si programba b\u00e1rmelyik f\u00e9l\u00e9vben be lehet kapcsol\u00f3dni, s a d\u00edszoklev\u00e9lhez sz\u00fcks\u00e9ges n\u00e9gy f\u00e9l\u00e9v megszak\u00edt\u00e1sokkal, kett\u0151n\u00e9l t\u00f6bb \u00e9v alatt is teljes\u00edthet\u0151.<\/p>\n<p class=\"rtejustify\">A szemeszterek k\u00e9pz\u00e9si programj\u00e1t a megel\u0151z\u0151 f\u00e9l\u00e9vek v\u00e9g\u00e9n, j\u00fanius 15-ig \u00e9s december 15-ig az egyetem a honlapja Szenior Akad\u00e9mia aloldal\u00e1n teszi k\u00f6zz\u00e9, illetve kinyomtatva a Feln\u0151ttk\u00e9pz\u00e9si K\u00f6zpontban is el\u00e9rhet\u0151. A k\u00e9pz\u00e9s el\u0151sz\u00f6r a 2016\/2017. tan\u00e9vben (szeptember v\u00e9g\u00e9n) indul. A k\u00e9pz\u00e9s vezet\u0151je dr. Vit\u00e9z Ferenc, f\u0151iskolai docens, a k\u00e9pz\u00e9s szervez\u00e9s\u00e9t a Feln\u0151ttk\u00e9pz\u00e9si K\u00f6zpont munkat\u00e1rsai v\u00e9gzik.<\/p>\n<p class=\"rtejustify\">Debrecen, 2022. augusztus 1.<\/p>\n<p><a href=\"https:\/\/drhe.hu\/wp-content\/uploads\/2024\/10\/Szenior-Akademia-programjai.pdf\">Elm\u00falt f\u00e9l\u00e9vek programjai<\/a><\/p>\n","protected":false},"excerpt":{"rendered":"<p>Tisztelt Szenior Akad\u00e9miai Hallgat\u00f3k! Szeretettel \u00e9rtes\u00edtj\u00fck \u00d6n\u00f6ket, hogy a DRHE Szenior Akad\u00e9mi\u00e1ja az \u0151szi szemeszterre is elk\u00e9sz\u00edtette programsorozat\u00e1t: \u201elelkigondoz\u00e1s kr\u00edzishelyzetekben\u201d,<\/p>\n","protected":false},"author":33,"featured_media":0,"parent":2591,"menu_order":16,"comment_status":"closed","ping_status":"closed","template":"","meta":{"_acf_changed":false,"footnotes":"","_links_to":"","_links_to_target":""},"class_list":["post-13445","page","type-page","status-publish","hentry"],"acf":[],"_links":{"self":[{"href":"https:\/\/drhe.hu\/en\/wp-json\/wp\/v2\/pages\/13445","targetHints":{"allow":["GET"]}}],"collection":[{"href":"https:\/\/drhe.hu\/en\/wp-json\/wp\/v2\/pages"}],"about":[{"href":"https:\/\/drhe.hu\/en\/wp-json\/wp\/v2\/types\/page"}],"author":[{"embeddable":true,"href":"https:\/\/drhe.hu\/en\/wp-json\/wp\/v2\/users\/33"}],"replies":[{"embeddable":true,"href":"https:\/\/drhe.hu\/en\/wp-json\/wp\/v2\/comments?post=13445"}],"version-history":[{"count":39,"href":"https:\/\/drhe.hu\/en\/wp-json\/wp\/v2\/pages\/13445\/revisions"}],"predecessor-version":[{"id":24632,"href":"https:\/\/drhe.hu\/en\/wp-json\/wp\/v2\/pages\/13445\/revisions\/24632"}],"up":[{"embeddable":true,"href":"https:\/\/drhe.hu\/en\/wp-json\/wp\/v2\/pages\/2591"}],"wp:attachment":[{"href":"https:\/\/drhe.hu\/en\/wp-json\/wp\/v2\/media?parent=13445"}],"curies":[{"name":"wp","href":"https:\/\/api.w.org\/{rel}","templated":true}]}}