{"id":13837,"date":"2022-01-19T14:35:31","date_gmt":"2022-01-19T13:35:31","guid":{"rendered":"https:\/\/new.drhe.hu\/?page_id=13837"},"modified":"2022-01-19T14:35:31","modified_gmt":"2022-01-19T13:35:31","slug":"honorary-doctors-of-drtu","status":"publish","type":"page","link":"https:\/\/drhe.hu\/en\/education\/academic-programmes\/doctoral-training\/honorary-doctors-of-drtu\/","title":{"rendered":"Honorary Doctors (of DRTU)"},"content":{"rendered":"<div class=\"wpb-content-wrapper\"><p>[vc_row][vc_column][vc_column_text]<\/p>\n<h1>A DRHE d\u00edszdoktorai 1990-t\u0151l<\/h1>\n<table width=\"60%\">\n<thead>\n<tr>\n<td><strong>N\u00e9v<\/strong><\/td>\n<td><strong>Tiszts\u00e9g<\/strong><\/td>\n<td><strong>\u00c9vsz\u00e1m<\/strong><\/td>\n<\/tr>\n<\/thead>\n<tbody>\n<tr>\n<td>T\u0151k\u00e9s L\u00e1szl\u00f3<\/td>\n<td>temesv\u00e1ri ref. lelk\u00e9sz<\/td>\n<td>1990.<\/td>\n<\/tr>\n<tr>\n<td>Hars\u00e1nyi Andr\u00e1s<\/td>\n<td>reform\u00e1tus p\u00fcsp\u00f6k<\/td>\n<td>1990.<\/td>\n<\/tr>\n<tr>\n<td>Hodosy Imre<\/td>\n<td>jugoszl\u00e1viai re. p\u00fcsp\u00f6k<\/td>\n<td>1990.<\/td>\n<\/tr>\n<tr>\n<td>\u00dajfalussy J\u00f3zsef<\/td>\n<td>MTA aleln\u00f6ke<\/td>\n<td>1990<\/td>\n<\/tr>\n<tr>\n<td>B\u00e1n Imre<\/td>\n<td>ny. egyetemi tan\u00e1r<\/td>\n<td>1990.<\/td>\n<\/tr>\n<tr>\n<td>B\u00fct\u00f6si J\u00e1nos<\/td>\n<td>ny. amerikai p\u00fcsp\u00f6k<\/td>\n<td>1990.<\/td>\n<\/tr>\n<tr>\n<td>Gyenge Imre<\/td>\n<td>ausztriai ref. p\u00fcsp\u00f6k<\/td>\n<td>1990.<\/td>\n<\/tr>\n<tr>\n<td>Imre Ern\u0151<\/td>\n<td>ref. lelk\u00e9sz<\/td>\n<td>1990.<\/td>\n<\/tr>\n<tr>\n<td>Szab\u00f3 Magda<\/td>\n<td>\u00edr\u00f3n\u0151<\/td>\n<td>1992.<\/td>\n<\/tr>\n<tr>\n<td>Karl-Christoph Epting<\/td>\n<td>protest\u00e1ns teol\u00f3gus<\/td>\n<td>1992.<\/td>\n<\/tr>\n<tr>\n<td>Csiha K\u00e1lm\u00e1n<\/td>\n<td>reform\u00e1tus lelk\u00e9sz<\/td>\n<td>1992.<\/td>\n<\/tr>\n<tr>\n<td>Paul H. Sherry<\/td>\n<td>lelk\u00e9sz<\/td>\n<td>1994.<\/td>\n<\/tr>\n<tr>\n<td>Szab\u00f3 Istv\u00e1n<\/td>\n<td>amerikai ref. lelk\u00e9sz<\/td>\n<td>1997.<\/td>\n<\/tr>\n<tr>\n<td>Dank\u00f3 Imre<\/td>\n<td>egyetemi tan\u00e1r<\/td>\n<td>2000.<\/td>\n<\/tr>\n<tr>\n<td>G\u00e1rdonyi Zsolt<\/td>\n<td>orgonam\u0171v\u00e9sz<\/td>\n<td>2000.<\/td>\n<\/tr>\n<tr>\n<td>Kiss Tiham\u00e9r L\u00e1szl\u00f3<\/td>\n<td>ny. egyetemi tan\u00e1r<\/td>\n<td>2000.<\/td>\n<\/tr>\n<tr>\n<td>Kocsis Elem\u00e9r<\/td>\n<td>ny. ref. p\u00fcsp\u00f6k<\/td>\n<td>2000.<\/td>\n<\/tr>\n<tr>\n<td>Kozma Zsolt<\/td>\n<td>teol\u00f3giai tan\u00e1r<\/td>\n<td>2000.<\/td>\n<\/tr>\n<tr>\n<td>M\u00e9sz\u00e1ros Istv\u00e1n<\/td>\n<td>reform\u00e1tus p\u00fcsp\u00f6k<\/td>\n<td>2000.<\/td>\n<\/tr>\n<tr>\n<td>R\u00e1cz Istv\u00e1n<\/td>\n<td>ny. egyetemi tan\u00e1r<\/td>\n<td>2000.<\/td>\n<\/tr>\n<tr>\n<td>Jong-Wha Park<\/td>\n<td>koreai lelk\u00e9sz<\/td>\n<td>2002.<\/td>\n<\/tr>\n<tr>\n<td>Sung-Kuh Chung<\/td>\n<td>koreai ref. teol\u00f3giai tan\u00e1r<\/td>\n<td>2002.<\/td>\n<\/tr>\n<tr>\n<td>Michael Beintker<\/td>\n<td>teol\u00f3giai tan\u00e1r, M\u00fcnster<\/td>\n<td>2004.<\/td>\n<\/tr>\n<tr>\n<td>Michael Welker<\/td>\n<td>teol\u00f3giai tan\u00e1r, Heidelberg<\/td>\n<td>2004.<\/td>\n<\/tr>\n<tr>\n<td>Gerrit Willem Neven<\/td>\n<td>teol\u00f3giai tan\u00e1r, Kampen<\/td>\n<td>2004.<\/td>\n<\/tr>\n<tr>\n<td>Michael Weinrich<\/td>\n<td>teol\u00f3giai tan\u00e1r, Berlin<\/td>\n<td>2004.<\/td>\n<\/tr>\n<tr>\n<td>Eberhard Busch<\/td>\n<td>teol\u00f3giai tan\u00e1r, G\u00f6ttingen<\/td>\n<td>2004.<\/td>\n<\/tr>\n<tr>\n<td>Alfred J\u00e4ger<\/td>\n<td>teol\u00f3giai tan\u00e1r, Bielefeld<\/td>\n<td>2006.<\/td>\n<\/tr>\n<tr>\n<td>Moln\u00e1r Mikl\u00f3s<\/td>\n<td>reform\u00e1tus lelk\u00e9sz<\/td>\n<td>2006.<\/td>\n<\/tr>\n<tr>\n<td>Hans Schwarz<\/td>\n<td>teol\u00f3giai tan\u00e1r Regensburg<\/td>\n<td>2006.<\/td>\n<\/tr>\n<tr>\n<td>Gerrit Noltensmeier<\/td>\n<td>superintendens lippei egyh\u00e1z<\/td>\n<td>2006.<\/td>\n<\/tr>\n<tr>\n<td>Iain Richard Torrance<\/td>\n<td>teol\u00f3giai tan\u00e1r, Princeton<\/td>\n<td>2006.<\/td>\n<\/tr>\n<tr>\n<td>Ulrich Luz<\/td>\n<td>teol\u00f3giai tan\u00e1r, Bern<\/td>\n<td>2008.<\/td>\n<\/tr>\n<tr>\n<td>John Andrew Dearman<\/td>\n<td>teol\u00f3giai tan\u00e1r Austin<\/td>\n<td>2008.<\/td>\n<\/tr>\n<tr>\n<td>Thomas Wipf<\/td>\n<td>Sv\u00e1jci Ref Egyh\u00e1z eln\u00f6ke<\/td>\n<td>2010<\/td>\n<\/tr>\n<tr>\n<td>Bolyki J\u00e1nos<\/td>\n<td>teol\u00f3giai tan\u00e1r, Budapest<\/td>\n<td>2010<\/td>\n<\/tr>\n<tr>\n<td>Walter Wolf<\/td>\n<td>t\u00f6rt\u00e9n\u00e9sz, Sv\u00e1jc<\/td>\n<td>2010<\/td>\n<\/tr>\n<tr>\n<td>Andreas Hess<\/td>\n<td>lelk\u00e9sz, HEKS munkat\u00e1rs<\/td>\n<td>2010<\/td>\n<\/tr>\n<tr>\n<td>Stewart Jay Brown<\/td>\n<td>egyh\u00e1zt\u00f6rt\u00e9n\u00e9sz, Edinburg<\/td>\n<td>2013<\/td>\n<\/tr>\n<tr>\n<td>Hans-Anton Drewes<\/td>\n<td>Barth-kutat\u00f3, Basel<\/td>\n<td>2013<\/td>\n<\/tr>\n<tr>\n<td>Imre L\u00e1szl\u00f3<\/td>\n<td>irodalomt\u00f6rt\u00e9n\u00e9sz, Debrecen<\/td>\n<td>2013<\/td>\n<\/tr>\n<tr>\n<td>Koncsol L\u00e1szl\u00f3<\/td>\n<td>\u00edr\u00f3, irodalomkritikus, Pozsony<\/td>\n<td>2013<\/td>\n<\/tr>\n<tr>\n<td>Ulrich H.J. K\u00f6rtner<\/td>\n<td>a rendszeres teol\u00f3gia professzora, B\u00e9cs<\/td>\n<td>2013<\/td>\n<\/tr>\n<tr>\n<td>Gottfried Wilhelm Locher<\/td>\n<td>a Sv\u00e1jci Reform\u00e1tus Egyh\u00e1zsz\u00f6vets\u00e9g eln\u00f6ke, GEKE t\u00e1rseln\u00f6ke, Bern<\/td>\n<td>2013<\/td>\n<\/tr>\n<tr>\n<td>Pap G\u00e9za<\/td>\n<td>az Erd\u00e9lyi Reform\u00e1tus Egyh\u00e1zker\u00fclet volt p\u00fcsp\u00f6ke<\/td>\n<td>2013<\/td>\n<\/tr>\n<tr>\n<td>Jerry Pillay<\/td>\n<td>a Reform\u00e1tus Egyh\u00e1zak Vil\u00e1gk\u00f6z\u00f6ss\u00e9g\u00e9nek el\u00f6ke,<br \/>\nFarrarmere &#8211; D\u00e9l-Afrika<\/td>\n<td>2013<\/td>\n<\/tr>\n<tr>\n<td>Rito\u00f3k Zsigmond<\/td>\n<td>klasszika-filol\u00f3gia professzor, Budapest<\/td>\n<td>2013<\/td>\n<\/tr>\n<tr>\n<td>Herman J. Selderhuis<\/td>\n<td>egyh\u00e1zt\u00f6rt\u00e9n\u00e9sz, K\u00e1lvin-kutat\u00f3,<br \/>\nHasselt &#8211; Hollandia<\/td>\n<td>2013<\/td>\n<\/tr>\n<tr>\n<td>Peter Bukowski<\/td>\n<td>teol\u00f3gus, N\u00e9metorsz\u00e1g<\/td>\n<td>2015<\/td>\n<\/tr>\n<tr>\n<td>Buzog\u00e1ny Dezs\u0151<\/td>\n<td>egyetemi tan\u00e1r, Kolozsv\u00e1r<\/td>\n<td>2017<\/td>\n<\/tr>\n<tr>\n<td>Jooseop Keum<\/td>\n<td>koreai reform\u00e1tus lelkip\u00e1sztor<\/td>\n<td>2018<\/td>\n<\/tr>\n<\/tbody>\n<\/table>\n<p>[\/vc_column_text][\/vc_column][\/vc_row]<\/p>\n<\/div>","protected":false},"excerpt":{"rendered":"<p>[vc_row][vc_column][vc_column_text] A DRHE d\u00edszdoktorai 1990-t\u0151l N\u00e9v Tiszts\u00e9g \u00c9vsz\u00e1m T\u0151k\u00e9s L\u00e1szl\u00f3 temesv\u00e1ri ref. lelk\u00e9sz 1990. Hars\u00e1nyi Andr\u00e1s reform\u00e1tus p\u00fcsp\u00f6k 1990. Hodosy<\/p>\n","protected":false},"author":33,"featured_media":0,"parent":13829,"menu_order":30,"comment_status":"closed","ping_status":"closed","template":"","meta":{"_acf_changed":false,"footnotes":"","_links_to":"","_links_to_target":""},"class_list":["post-13837","page","type-page","status-publish","hentry"],"acf":[],"_links":{"self":[{"href":"https:\/\/drhe.hu\/en\/wp-json\/wp\/v2\/pages\/13837","targetHints":{"allow":["GET"]}}],"collection":[{"href":"https:\/\/drhe.hu\/en\/wp-json\/wp\/v2\/pages"}],"about":[{"href":"https:\/\/drhe.hu\/en\/wp-json\/wp\/v2\/types\/page"}],"author":[{"embeddable":true,"href":"https:\/\/drhe.hu\/en\/wp-json\/wp\/v2\/users\/33"}],"replies":[{"embeddable":true,"href":"https:\/\/drhe.hu\/en\/wp-json\/wp\/v2\/comments?post=13837"}],"version-history":[{"count":1,"href":"https:\/\/drhe.hu\/en\/wp-json\/wp\/v2\/pages\/13837\/revisions"}],"predecessor-version":[{"id":13838,"href":"https:\/\/drhe.hu\/en\/wp-json\/wp\/v2\/pages\/13837\/revisions\/13838"}],"up":[{"embeddable":true,"href":"https:\/\/drhe.hu\/en\/wp-json\/wp\/v2\/pages\/13829"}],"wp:attachment":[{"href":"https:\/\/drhe.hu\/en\/wp-json\/wp\/v2\/media?parent=13837"}],"curies":[{"name":"wp","href":"https:\/\/api.w.org\/{rel}","templated":true}]}}