{"id":13842,"date":"2022-01-19T14:41:15","date_gmt":"2022-01-19T13:41:15","guid":{"rendered":"https:\/\/new.drhe.hu\/?page_id=13842"},"modified":"2024-10-21T10:14:56","modified_gmt":"2024-10-21T08:14:56","slug":"rectors-office","status":"publish","type":"page","link":"https:\/\/drhe.hu\/en\/about-us\/offices\/rectors-office\/","title":{"rendered":"Rector\u2019s Office"},"content":{"rendered":"<div class=\"wpb-content-wrapper\"><p>[vc_row][vc_column][vc_column_text]\n<div id=\"buddypress\">\n\n    \n    <ul id=\"members-list\" class=\"item-list\" aria-live=\"assertive\" aria-relevant=\"all\">\n\n        \n        <li class=\"bp-single-member member-type-rektori-hivatal member-type-vezeto\">\n            <ul class=\"cell\">\n                <li class=\"item-avatar\">\n                    <a href=\"https:\/\/drhe.hu\/en\/tagok\/elekes-nora\/\">\n                        <img decoding=\"async\" loading=\"lazy\" src=\"https:\/\/drhe.hu\/wp-content\/uploads\/2021\/09\/cropped-drhe-fav-01-180x180.png\" class=\"avatar user-33-avatar avatar-50 photo\" width=\"50\" height=\"50\" alt=\"Profile picture of Elekes N\u00f3ra\" \/>                    <\/a>\n                <\/li>\n\n\n                <li class=\"item\">\n                    <div class=\"item-title\">\n                        <a href=\"https:\/\/drhe.hu\/en\/tagok\/elekes-nora\/\">\n                            Elekes N\u00f3ra                        <\/a>\n                    <\/div>\n                <\/li>\n                <li class=\"field\">\n                     Head of Rector\u2019s Office\r\n\r\n&nbsp;                <\/li>\n                <li class=\"field\">\n                    <a href=\"&#x6d;&#x61;&#105;&#108;&#116;o&#x3a;&#x66;&#x6f;&#116;&#105;tk&#x61;&#x72;&#x40;&#100;&#114;h&#x65;&#x2e;&#x68;&#117;\" rel=\"nofollow\">&#x66;&#111;&#x74;&#x69;&#116;&#x6b;&#97;r&#x40;&#100;r&#x68;&#101;&#46;&#x68;&#117;<\/a>                <\/li>\n                <li class=\"field\">\n                    Room:<br>I\/109                <\/li>\n                <li class=\"field\">\n                    Telefonsz\u00e1m:<br><a href=\"tel:\/\/+36%2052%20518591\" rel=\"nofollow\">+36 52 518591<\/a>                <\/li>\n                <li class=\"field\">\n                    Bels\u0151 mell\u00e9k:<br>18591                <\/li>\n            <\/ul>\n        <\/li>\n\n        \n    <\/ul>\n<\/div>\n<div id=\"buddypress\">\n\n    \n    <ul id=\"members-list\" class=\"item-list\" aria-live=\"assertive\" aria-relevant=\"all\">\n\n        \n        <li class=\"odd member-type-rektori-hivatal\">\n            <ul class=\"cell\">\n                <li class=\"item-avatar\">\n                    <a href=\"https:\/\/drhe.hu\/en\/tagok\/illes-laszlo\/\">\n                        <img decoding=\"async\" loading=\"lazy\" src=\"https:\/\/drhe.hu\/wp-content\/uploads\/2021\/09\/cropped-drhe-fav-01-180x180.png\" class=\"avatar user-115-avatar avatar-50 photo\" width=\"50\" height=\"50\" alt=\"Profile picture of Dr. Ill\u00e9s L\u00e1szl\u00f3\" \/>                    <\/a>\n                <\/li>\n\n\n                <li class=\"item\">\n                    <div class=\"item-title\">\n                        <a href=\"https:\/\/drhe.hu\/en\/tagok\/illes-laszlo\/\">\n                            Dr. Ill\u00e9s L\u00e1szl\u00f3                        <\/a>\n                    <\/div>\n                <\/li>\n                <li class=\"field\">\n                    <!--StartFragment-->jog\u00e1sz<!--EndFragment-->                <\/li>\n                <li class=\"field\">\n                    <a href=\"&#x6d;a&#x69;&#108;&#x74;&#111;&#x3a;&#x69;l&#x6c;&#101;&#x73;&#46;&#x6c;&#97;s&#x7a;&#108;&#x6f;&#64;&#x64;&#114;h&#x65;&#46;&#x68;&#117;\" rel=\"nofollow\">&#x69;&#x6c;&#108;&#101;s&#x2e;&#x6c;&#x61;&#115;zl&#x6f;&#x40;&#100;&#114;h&#x65;&#x2e;&#x68;&#117;<\/a>                <\/li>\n                <li class=\"field\">\n                    Room:<br>I\/109                <\/li>\n                <li class=\"field\">\n                    Telefonsz\u00e1m:<br><a href=\"tel:\/\/+36%2052%20518-542\" rel=\"nofollow\">+36 52 518-542<\/a>                <\/li>\n                <li class=\"field\">\n                    Bels\u0151 mell\u00e9k:<br>18542                <\/li>\n            <\/ul>\n        <\/li>\n\n        \n        <li class=\"even member-type-rektori-hivatal member-type-vezeto\">\n            <ul class=\"cell\">\n                <li class=\"item-avatar\">\n                    <a href=\"https:\/\/drhe.hu\/en\/tagok\/elekes-nora\/\">\n                        <img decoding=\"async\" loading=\"lazy\" src=\"https:\/\/drhe.hu\/wp-content\/uploads\/2021\/09\/cropped-drhe-fav-01-180x180.png\" class=\"avatar user-33-avatar avatar-50 photo\" width=\"50\" height=\"50\" alt=\"Profile picture of Elekes N\u00f3ra\" \/>                    <\/a>\n                <\/li>\n\n\n                <li class=\"item\">\n                    <div class=\"item-title\">\n                        <a href=\"https:\/\/drhe.hu\/en\/tagok\/elekes-nora\/\">\n                            Elekes N\u00f3ra                        <\/a>\n                    <\/div>\n                <\/li>\n                <li class=\"field\">\n                     Head of Rector\u2019s Office\r\n\r\n&nbsp;                <\/li>\n                <li class=\"field\">\n                    <a href=\"&#x6d;&#97;i&#x6c;&#116;o&#x3a;&#102;o&#x74;&#105;t&#x6b;&#97;r&#x40;&#x64;r&#x68;&#x65;&#46;&#x68;&#x75;\" rel=\"nofollow\">&#x66;&#x6f;&#116;it&#x6b;&#x61;&#114;&#64;d&#x72;&#x68;&#101;&#46;h&#x75;<\/a>                <\/li>\n                <li class=\"field\">\n                    Room:<br>I\/109                <\/li>\n                <li class=\"field\">\n                    Telefonsz\u00e1m:<br><a href=\"tel:\/\/+36%2052%20518591\" rel=\"nofollow\">+36 52 518591<\/a>                <\/li>\n                <li class=\"field\">\n                    Bels\u0151 mell\u00e9k:<br>18591                <\/li>\n            <\/ul>\n        <\/li>\n\n        \n        <li class=\"odd member-type-rektori-hivatal\">\n            <ul class=\"cell\">\n                <li class=\"item-avatar\">\n                    <a href=\"https:\/\/drhe.hu\/en\/tagok\/keczan-eniko\/\">\n                        <img decoding=\"async\" loading=\"lazy\" src=\"https:\/\/drhe.hu\/wp-content\/uploads\/2021\/09\/cropped-drhe-fav-01-180x180.png\" class=\"avatar user-35-avatar avatar-50 photo\" width=\"50\" height=\"50\" alt=\"Profile picture of Herdon L\u00e1szl\u00f3n\u00e9 Kecz\u00e1n Enik\u0151\" \/>                    <\/a>\n                <\/li>\n\n\n                <li class=\"item\">\n                    <div class=\"item-title\">\n                        <a href=\"https:\/\/drhe.hu\/en\/tagok\/keczan-eniko\/\">\n                            Herdon L\u00e1szl\u00f3n\u00e9 Kecz\u00e1n Enik\u0151                        <\/a>\n                    <\/div>\n                <\/li>\n                <li class=\"field\">\n                    Head of Finance and Human Resources                <\/li>\n                <li class=\"field\">\n                    <a href=\"&#109;&#x61;&#105;&#x6c;&#116;&#x6f;&#58;&#x6b;&#101;&#x63;&#122;&#x61;&#110;&#x2e;&#101;&#x6e;&#105;&#x6b;&#111;&#x40;&#100;&#x72;&#104;&#x65;&#46;&#x68;&#117;\" rel=\"nofollow\">&#x6b;&#x65;&#x63;&#x7a;&#x61;&#x6e;&#x2e;&#x65;&#x6e;&#x69;&#x6b;&#x6f;&#x40;&#x64;&#x72;&#x68;&#x65;&#x2e;&#x68;&#x75;<\/a>                <\/li>\n                <li class=\"field\">\n                    Room:<br>I\/108                <\/li>\n                <li class=\"field\">\n                    Telefonsz\u00e1m:<br><a href=\"tel:\/\/+36%2052%20518595\" rel=\"nofollow\">+36 52 518595<\/a>                <\/li>\n                <li class=\"field\">\n                    Bels\u0151 mell\u00e9k:<br>18595                <\/li>\n            <\/ul>\n        <\/li>\n\n        \n        <li class=\"even member-type-rektori-hivatal\">\n            <ul class=\"cell\">\n                <li class=\"item-avatar\">\n                    <a href=\"https:\/\/drhe.hu\/en\/tagok\/koszeghy-attila\/\">\n                        <img decoding=\"async\" loading=\"lazy\" src=\"https:\/\/drhe.hu\/wp-content\/uploads\/2021\/09\/cropped-drhe-fav-01-180x180.png\" class=\"avatar user-36-avatar avatar-50 photo\" width=\"50\" height=\"50\" alt=\"Profile picture of K\u0151szeghy Attila\" \/>                    <\/a>\n                <\/li>\n\n\n                <li class=\"item\">\n                    <div class=\"item-title\">\n                        <a href=\"https:\/\/drhe.hu\/en\/tagok\/koszeghy-attila\/\">\n                            K\u0151szeghy Attila                        <\/a>\n                    <\/div>\n                <\/li>\n                <li class=\"field\">\n                    Consultant in International Relations                <\/li>\n                <li class=\"field\">\n                    <a href=\"&#109;&#x61;&#105;&#x6c;&#116;&#x6f;&#58;&#x6b;&#111;&#x73;&#122;&#x65;&#103;&#x68;&#121;&#x2e;&#97;&#x74;&#116;&#x69;&#108;&#x61;&#64;&#x64;&#114;&#x68;&#101;&#x2e;&#104;&#x75;\" rel=\"nofollow\">k&#111;&#x73;&#x7a;e&#103;&#104;&#x79;&#x2e;a&#116;&#x74;&#x69;l&#97;&#64;&#x64;&#x72;h&#101;&#x2e;&#x68;u<\/a>                <\/li>\n                <li class=\"field\">\n                    Room:<br>I\/109                <\/li>\n                <li class=\"field\">\n                    Telefonsz\u00e1m:<br><a href=\"tel:\/\/+36%2052%20518512\" rel=\"nofollow\">+36 52 518512<\/a>                <\/li>\n                <li class=\"field\">\n                    Bels\u0151 mell\u00e9k:<br>18512                <\/li>\n            <\/ul>\n        <\/li>\n\n        \n        <li class=\"odd member-type-rektori-hivatal\">\n            <ul class=\"cell\">\n                <li class=\"item-avatar\">\n                    <a href=\"https:\/\/drhe.hu\/en\/tagok\/szabo-gomory-rita\/\">\n                        <img decoding=\"async\" loading=\"lazy\" src=\"https:\/\/drhe.hu\/wp-content\/uploads\/2021\/09\/cropped-drhe-fav-01-180x180.png\" class=\"avatar user-38-avatar avatar-50 photo\" width=\"50\" height=\"50\" alt=\"Profile picture of Szab\u00f3-G\u00f6m\u00f6ry Rita\" \/>                    <\/a>\n                <\/li>\n\n\n                <li class=\"item\">\n                    <div class=\"item-title\">\n                        <a href=\"https:\/\/drhe.hu\/en\/tagok\/szabo-gomory-rita\/\">\n                            Szab\u00f3-G\u00f6m\u00f6ry Rita                        <\/a>\n                    <\/div>\n                <\/li>\n                <li class=\"field\">\n                    Managing Expert                <\/li>\n                <li class=\"field\">\n                    <a href=\"&#109;&#97;&#x69;l&#116;&#x6f;&#x3a;g&#111;&#x6d;&#x6f;r&#121;&#x2e;r&#105;&#x74;&#x61;&#64;&#100;&#x72;&#x68;e&#46;&#x68;u\" rel=\"nofollow\">&#x67;&#111;m&#x6f;&#114;y&#x2e;&#x72;&#105;&#x74;&#x61;&#64;d&#x72;&#104;e&#x2e;&#x68;&#117;<\/a>                <\/li>\n                <li class=\"field\">\n                    Room:<br>I\/109                <\/li>\n                <li class=\"field\">\n                    Telefonsz\u00e1m:<br><a href=\"tel:\/\/+36%2052%20518557\" rel=\"nofollow\">+36 52 518557<\/a>                <\/li>\n                <li class=\"field\">\n                    Bels\u0151 mell\u00e9k:<br>18557                <\/li>\n            <\/ul>\n        <\/li>\n\n        \n        <li class=\"even member-type-rektori-hivatal\">\n            <ul class=\"cell\">\n                <li class=\"item-avatar\">\n                    <a href=\"https:\/\/drhe.hu\/en\/tagok\/szegeczki-eva\/\">\n                        <img decoding=\"async\" loading=\"lazy\" src=\"https:\/\/drhe.hu\/wp-content\/uploads\/2021\/09\/cropped-drhe-fav-01-180x180.png\" class=\"avatar user-37-avatar avatar-50 photo\" width=\"50\" height=\"50\" alt=\"Profile picture of Szegeczkin\u00e9 M\u00e1t\u00e9 \u00c9va Edina\" \/>                    <\/a>\n                <\/li>\n\n\n                <li class=\"item\">\n                    <div class=\"item-title\">\n                        <a href=\"https:\/\/drhe.hu\/en\/tagok\/szegeczki-eva\/\">\n                            Szegeczkin\u00e9 M\u00e1t\u00e9 \u00c9va Edina                        <\/a>\n                    <\/div>\n                <\/li>\n                <li class=\"field\">\n                    Institutional Erasmus Coordinator                <\/li>\n                <li class=\"field\">\n                    <a href=\"&#x6d;&#x61;&#x69;&#108;&#116;o:&#x73;&#x7a;&#x65;&#103;&#101;cz&#x6b;&#x69;&#x2e;&#101;&#118;a&#64;&#x64;&#x72;&#x68;&#101;&#46;hu\" rel=\"nofollow\">s&#122;&#101;&#x67;&#x65;&#x63;z&#107;&#105;&#x2e;&#x65;&#x76;a&#64;&#100;&#x72;&#x68;&#x65;&#46;h&#117;<\/a>                <\/li>\n                <li class=\"field\">\n                    Room:<br>I\/106                <\/li>\n                <li class=\"field\">\n                    Telefonsz\u00e1m:<br><a href=\"tel:\/\/+36%2052%20518592\" rel=\"nofollow\">+36 52 518592<\/a>                <\/li>\n                <li class=\"field\">\n                    Bels\u0151 mell\u00e9k:<br>18592                <\/li>\n            <\/ul>\n        <\/li>\n\n        \n        <li class=\"odd member-type-rektori-hivatal\">\n            <ul class=\"cell\">\n                <li class=\"item-avatar\">\n                    <a href=\"https:\/\/drhe.hu\/en\/tagok\/toth-katalin\/\">\n                        <img decoding=\"async\" loading=\"lazy\" src=\"https:\/\/drhe.hu\/wp-content\/uploads\/2021\/09\/cropped-drhe-fav-01-180x180.png\" class=\"avatar user-39-avatar avatar-50 photo\" width=\"50\" height=\"50\" alt=\"Profile picture of T\u00f3th Katalin\" \/>                    <\/a>\n                <\/li>\n\n\n                <li class=\"item\">\n                    <div class=\"item-title\">\n                        <a href=\"https:\/\/drhe.hu\/en\/tagok\/toth-katalin\/\">\n                            T\u00f3th Katalin                        <\/a>\n                    <\/div>\n                <\/li>\n                <li class=\"field\">\n                    Managing Expert                <\/li>\n                <li class=\"field\">\n                    <a href=\"&#x6d;&#x61;&#x69;&#x6c;&#x74;&#x6f;&#x3a;&#x74;&#x6f;&#x74;&#x68;&#x2e;&#x6b;&#x61;&#x74;&#x61;&#x6c;&#x69;&#x6e;&#x40;&#x64;&#x72;&#x68;&#x65;&#x2e;&#x68;&#x75;\" rel=\"nofollow\">t&#111;&#x74;&#x68;&#46;&#107;&#97;&#x74;&#x61;l&#105;&#110;&#x40;&#x64;r&#104;&#x65;&#x2e;&#x68;u<\/a>                <\/li>\n                <li class=\"field\">\n                    Room:<br>I\/109                <\/li>\n                <li class=\"field\">\n                    Telefonsz\u00e1m:<br><a href=\"tel:\/\/+36%2052%20518555\" rel=\"nofollow\">+36 52 518555<\/a>                <\/li>\n                <li class=\"field\">\n                    Bels\u0151 mell\u00e9k:<br>18555                <\/li>\n            <\/ul>\n        <\/li>\n\n        \n        <li class=\"even member-type-rektori-hivatal\">\n            <ul class=\"cell\">\n                <li class=\"item-avatar\">\n                    <a href=\"https:\/\/drhe.hu\/en\/tagok\/scheibli-timea\/\">\n                        <img decoding=\"async\" loading=\"lazy\" src=\"https:\/\/drhe.hu\/wp-content\/uploads\/2021\/09\/cropped-drhe-fav-01-180x180.png\" class=\"avatar user-40-avatar avatar-50 photo\" width=\"50\" height=\"50\" alt=\"Profile picture of Varg\u00e1n\u00e9 Scheibli T\u00edmea\" \/>                    <\/a>\n                <\/li>\n\n\n                <li class=\"item\">\n                    <div class=\"item-title\">\n                        <a href=\"https:\/\/drhe.hu\/en\/tagok\/scheibli-timea\/\">\n                            Varg\u00e1n\u00e9 Scheibli T\u00edmea                        <\/a>\n                    <\/div>\n                <\/li>\n                <li class=\"field\">\n                    Financial Administration Clerk                <\/li>\n                <li class=\"field\">\n                    <a href=\"&#x6d;&#97;i&#x6c;&#116;o&#x3a;&#115;c&#x68;&#x65;&#105;&#x62;&#x6c;&#105;&#46;&#x74;&#105;m&#x65;&#97;&#64;&#x64;&#x72;&#104;&#x65;&#x2e;&#104;u\" rel=\"nofollow\">&#115;&#x63;h&#101;&#x69;b&#x6c;&#x69;&#46;&#x74;i&#109;&#x65;a&#64;&#x64;&#114;&#x68;e&#46;&#x68;u<\/a>                <\/li>\n                <li class=\"field\">\n                    Room:<br>I\/109                <\/li>\n                <li class=\"field\">\n                    Telefonsz\u00e1m:<br><a href=\"tel:\/\/+36%2052%20518529\" rel=\"nofollow\">+36 52 518529<\/a>                <\/li>\n                <li class=\"field\">\n                    Bels\u0151 mell\u00e9k:<br>18529                <\/li>\n            <\/ul>\n        <\/li>\n\n        \n    <\/ul>\n<\/div>\n\n[\/vc_column_text][vc_column_text el_class=&#8221;listtoflex&#8221;]<\/p>\n<ul>\n<li>Papp Piroska Hajnal<\/li>\n<li>Letter Carrier<\/li>\n<\/ul>\n<ul>\n<li>Reception<\/li>\n<li>Phone\/extension: 18501<\/li>\n<\/ul>\n<p>[\/vc_column_text][\/vc_column][\/vc_row]<\/p>\n<\/div>","protected":false},"excerpt":{"rendered":"<p>[vc_row][vc_column][vc_column_text] [\/vc_column_text][vc_column_text el_class=&#8221;listtoflex&#8221;] Papp Piroska Hajnal Letter Carrier Reception Phone\/extension: 18501 [\/vc_column_text][\/vc_column][\/vc_row]<\/p>\n","protected":false},"author":33,"featured_media":0,"parent":13844,"menu_order":0,"comment_status":"closed","ping_status":"closed","template":"","meta":{"_acf_changed":false,"footnotes":"","_links_to":"","_links_to_target":""},"class_list":["post-13842","page","type-page","status-publish","hentry"],"acf":[],"_links":{"self":[{"href":"https:\/\/drhe.hu\/en\/wp-json\/wp\/v2\/pages\/13842","targetHints":{"allow":["GET"]}}],"collection":[{"href":"https:\/\/drhe.hu\/en\/wp-json\/wp\/v2\/pages"}],"about":[{"href":"https:\/\/drhe.hu\/en\/wp-json\/wp\/v2\/types\/page"}],"author":[{"embeddable":true,"href":"https:\/\/drhe.hu\/en\/wp-json\/wp\/v2\/users\/33"}],"replies":[{"embeddable":true,"href":"https:\/\/drhe.hu\/en\/wp-json\/wp\/v2\/comments?post=13842"}],"version-history":[{"count":4,"href":"https:\/\/drhe.hu\/en\/wp-json\/wp\/v2\/pages\/13842\/revisions"}],"predecessor-version":[{"id":22431,"href":"https:\/\/drhe.hu\/en\/wp-json\/wp\/v2\/pages\/13842\/revisions\/22431"}],"up":[{"embeddable":true,"href":"https:\/\/drhe.hu\/en\/wp-json\/wp\/v2\/pages\/13844"}],"wp:attachment":[{"href":"https:\/\/drhe.hu\/en\/wp-json\/wp\/v2\/media?parent=13842"}],"curies":[{"name":"wp","href":"https:\/\/api.w.org\/{rel}","templated":true}]}}