{"id":13846,"date":"2022-01-19T15:06:50","date_gmt":"2022-01-19T14:06:50","guid":{"rendered":"https:\/\/new.drhe.hu\/?page_id=13846"},"modified":"2022-03-02T15:09:13","modified_gmt":"2022-03-02T14:09:13","slug":"student-administration-office","status":"publish","type":"page","link":"https:\/\/drhe.hu\/en\/about-us\/offices\/student-administration-office\/","title":{"rendered":"Student Administration Office"},"content":{"rendered":"<div class=\"wpb-content-wrapper\"><p>[vc_row][vc_column][vc_column_text]\n<div id=\"buddypress\">\n\n    \n    <ul id=\"members-list\" class=\"item-list\" aria-live=\"assertive\" aria-relevant=\"all\">\n\n        \n        <li class=\"odd member-type-tanulmanyi-osztaly\">\n            <ul class=\"cell\">\n                <li class=\"item-avatar\">\n                    <a href=\"https:\/\/drhe.hu\/en\/tagok\/kustar-zoltanne\/\">\n                        <img decoding=\"async\" loading=\"lazy\" src=\"https:\/\/drhe.hu\/wp-content\/uploads\/2021\/10\/picture-411-1515077100.jpg\" class=\"avatar user-42-avatar avatar-50 photo\" width=\"50\" height=\"50\" alt=\"Profile picture of Dr. Kust\u00e1r Zolt\u00e1nn\u00e9\" \/>                    <\/a>\n                <\/li>\n\n\n                <li class=\"item\">\n                    <div class=\"item-title\">\n                        <a href=\"https:\/\/drhe.hu\/en\/tagok\/kustar-zoltanne\/\">\n                            Dr. Kust\u00e1r Zolt\u00e1nn\u00e9                        <\/a>\n                    <\/div>\n                <\/li>\n                <li class=\"field\">\n                     Head of Student Administration, Student Administration Managing Expert                <\/li>\n                <li class=\"field\">\n                    <a href=\"m&#97;&#105;&#x6c;&#x74;o:&#107;&#117;&#x73;&#x74;ar&#46;&#122;&#x6f;&#x6c;ta&#110;&#x6e;&#x65;&#x40;d&#114;&#104;&#x65;&#x2e;&#x68;u\" rel=\"nofollow\">&#x6b;&#x75;&#115;&#116;a&#x72;&#x2e;&#x7a;&#111;&#108;t&#x61;&#x6e;&#x6e;&#101;&#64;d&#x72;&#x68;&#x65;&#46;&#104;u<\/a>                <\/li>\n                <li class=\"field\">\n                    Room:<br>II\/218 C                <\/li>\n                <li class=\"field\">\n                    Telefonsz\u00e1m:<br><a href=\"tel:\/\/+36%2052%20518515\" rel=\"nofollow\">+36 52 518515<\/a>                <\/li>\n                <li class=\"field\">\n                    Bels\u0151 mell\u00e9k:<br>18515                <\/li>\n            <\/ul>\n        <\/li>\n\n        \n        <li class=\"even member-type-infoszolgcsop member-type-tanulmanyi-osztaly\">\n            <ul class=\"cell\">\n                <li class=\"item-avatar\">\n                    <a href=\"https:\/\/drhe.hu\/en\/tagok\/fulop-roland\/\">\n                        <img decoding=\"async\" loading=\"lazy\" src=\"https:\/\/drhe.hu\/wp-content\/uploads\/2021\/09\/cropped-drhe-fav-01-180x180.png\" class=\"avatar user-46-avatar avatar-50 photo\" width=\"50\" height=\"50\" alt=\"Profile picture of F\u00fcl\u00f6p Roland\" \/>                    <\/a>\n                <\/li>\n\n\n                <li class=\"item\">\n                    <div class=\"item-title\">\n                        <a href=\"https:\/\/drhe.hu\/en\/tagok\/fulop-roland\/\">\n                            F\u00fcl\u00f6p Roland                        <\/a>\n                    <\/div>\n                <\/li>\n                <li class=\"field\">\n                     IT Specialist                <\/li>\n                <li class=\"field\">\n                    <a href=\"&#x6d;&#97;i&#x6c;&#116;&#111;&#x3a;&#x66;&#117;l&#x6f;&#112;&#46;&#x72;&#x6f;&#108;a&#x6e;&#100;&#64;&#x64;&#x72;&#104;e&#x2e;&#104;u\" rel=\"nofollow\">&#x66;&#x75;&#x6c;&#111;&#112;&#46;r&#x6f;&#x6c;&#x61;&#110;&#100;&#64;d&#x72;&#x68;&#x65;&#46;&#104;u<\/a>                <\/li>\n                <li class=\"field\">\n                    Room:<br>II\/218 E                <\/li>\n                <li class=\"field\">\n                    Telefonsz\u00e1m:<br><a href=\"tel:\/\/+36%2052%20518574\" rel=\"nofollow\">+36 52 518574<\/a>                <\/li>\n                <li class=\"field\">\n                    Bels\u0151 mell\u00e9k:<br>18574                <\/li>\n            <\/ul>\n        <\/li>\n\n        \n        <li class=\"odd member-type-tanulmanyi-osztaly\">\n            <ul class=\"cell\">\n                <li class=\"item-avatar\">\n                    <a href=\"https:\/\/drhe.hu\/en\/tagok\/kiss-orsolya\/\">\n                        <img decoding=\"async\" loading=\"lazy\" src=\"https:\/\/drhe.hu\/wp-content\/uploads\/2021\/09\/cropped-drhe-fav-01-180x180.png\" class=\"avatar user-44-avatar avatar-50 photo\" width=\"50\" height=\"50\" alt=\"Profile picture of Kiss Orsolya\" \/>                    <\/a>\n                <\/li>\n\n\n                <li class=\"item\">\n                    <div class=\"item-title\">\n                        <a href=\"https:\/\/drhe.hu\/en\/tagok\/kiss-orsolya\/\">\n                            Kiss Orsolya                        <\/a>\n                    <\/div>\n                <\/li>\n                <li class=\"field\">\n                    Student Administration Clerk                 <\/li>\n                <li class=\"field\">\n                    <a href=\"&#109;&#x61;i&#108;&#x74;o&#x3a;&#x6b;&#105;&#x73;s&#46;&#x6f;r&#115;&#x6f;&#108;&#x79;a&#64;&#x64;r&#104;&#x65;&#46;&#x68;&#x75;\" rel=\"nofollow\">&#x6b;&#x69;&#115;&#115;&#46;&#x6f;&#x72;&#x73;&#111;ly&#x61;&#x40;&#100;&#114;h&#x65;&#x2e;&#x68;&#117;<\/a>                <\/li>\n                <li class=\"field\">\n                    Room:<br>II\/218 D                <\/li>\n                <li class=\"field\">\n                    Telefonsz\u00e1m:<br><a href=\"tel:\/\/+36%2052%20518567\" rel=\"nofollow\">+36 52 518567<\/a>                <\/li>\n                <li class=\"field\">\n                    Bels\u0151 mell\u00e9k:<br>18567                <\/li>\n            <\/ul>\n        <\/li>\n\n        \n        <li class=\"even member-type-tanulmanyi-osztaly\">\n            <ul class=\"cell\">\n                <li class=\"item-avatar\">\n                    <a href=\"https:\/\/drhe.hu\/en\/tagok\/szabo-zsuzsanna\/\">\n                        <img decoding=\"async\" loading=\"lazy\" src=\"https:\/\/drhe.hu\/wp-content\/uploads\/2021\/09\/cropped-drhe-fav-01-180x180.png\" class=\"avatar user-45-avatar avatar-50 photo\" width=\"50\" height=\"50\" alt=\"Profile picture of Szab\u00f3 Zsuzsanna\" \/>                    <\/a>\n                <\/li>\n\n\n                <li class=\"item\">\n                    <div class=\"item-title\">\n                        <a href=\"https:\/\/drhe.hu\/en\/tagok\/szabo-zsuzsanna\/\">\n                            Szab\u00f3 Zsuzsanna                        <\/a>\n                    <\/div>\n                <\/li>\n                <li class=\"field\">\n                    Student Administration Clerk                 <\/li>\n                <li class=\"field\">\n                    <a href=\"&#109;a&#x69;l&#x74;o&#x3a;s&#x7a;&#97;&#x62;&#111;&#x2e;&#122;&#x73;&#117;z&#115;a&#x6e;n&#x61;&#64;&#x64;&#114;&#x68;&#101;&#x2e;&#104;&#x75;\" rel=\"nofollow\">&#115;&#x7a;&#97;&#x62;&#111;&#x2e;&#122;&#x73;u&#x7a;s&#x61;n&#x6e;a&#64;&#x64;&#114;&#x68;&#101;&#x2e;&#104;&#x75;<\/a>                <\/li>\n                <li class=\"field\">\n                    Room:<br>II\/218 D                <\/li>\n                <li class=\"field\">\n                    Telefonsz\u00e1m:<br><a href=\"tel:\/\/+36%2052%20518521\" rel=\"nofollow\">+36 52 518521<\/a>                <\/li>\n                <li class=\"field\">\n                    Bels\u0151 mell\u00e9k:<br>18521                <\/li>\n            <\/ul>\n        <\/li>\n\n        \n        <li class=\"odd member-type-tanulmanyi-osztaly\">\n            <ul class=\"cell\">\n                <li class=\"item-avatar\">\n                    <a href=\"https:\/\/drhe.hu\/en\/tagok\/verdesne-erika\/\">\n                        <img decoding=\"async\" loading=\"lazy\" src=\"https:\/\/drhe.hu\/wp-content\/uploads\/2021\/09\/cropped-drhe-fav-01-180x180.png\" class=\"avatar user-43-avatar avatar-50 photo\" width=\"50\" height=\"50\" alt=\"Profile picture of Verdesn\u00e9 Szil\u00e1gyi Erika\" \/>                    <\/a>\n                <\/li>\n\n\n                <li class=\"item\">\n                    <div class=\"item-title\">\n                        <a href=\"https:\/\/drhe.hu\/en\/tagok\/verdesne-erika\/\">\n                            Verdesn\u00e9 Szil\u00e1gyi Erika                        <\/a>\n                    <\/div>\n                <\/li>\n                <li class=\"field\">\n                    Student Administration Clerk                 <\/li>\n                <li class=\"field\">\n                    <a href=\"&#109;&#x61;&#105;&#x6c;t&#x6f;:&#118;&#x65;&#114;&#x64;e&#x73;n&#101;&#x2e;&#101;&#x72;i&#x6b;a&#64;&#x64;&#114;&#x68;e&#x2e;h&#117;\" rel=\"nofollow\">&#118;e&#114;d&#101;s&#x6e;e&#x2e;e&#x72;i&#x6b;a&#x40;d&#x72;h&#x65;&#46;&#x68;u<\/a>                <\/li>\n                <li class=\"field\">\n                    Room:<br>II\/218 D                <\/li>\n                <li class=\"field\">\n                    Telefonsz\u00e1m:<br><a href=\"tel:\/\/+36%2052%20518564\" rel=\"nofollow\">+36 52 518564<\/a>                <\/li>\n                <li class=\"field\">\n                    Bels\u0151 mell\u00e9k:<br>18564                <\/li>\n            <\/ul>\n        <\/li>\n\n        \n    <\/ul>\n<\/div>\n\n[\/vc_column_text][vc_column_text][\/vc_column_text][\/vc_column][\/vc_row]<\/p>\n<\/div>","protected":false},"excerpt":{"rendered":"<p>[vc_row][vc_column][vc_column_text][\/vc_column_text][vc_column_text][\/vc_column_text][\/vc_column][\/vc_row]<\/p>\n","protected":false},"author":33,"featured_media":0,"parent":13844,"menu_order":0,"comment_status":"closed","ping_status":"closed","template":"","meta":{"_acf_changed":false,"footnotes":"","_links_to":"","_links_to_target":""},"class_list":["post-13846","page","type-page","status-publish","hentry"],"acf":[],"_links":{"self":[{"href":"https:\/\/drhe.hu\/en\/wp-json\/wp\/v2\/pages\/13846","targetHints":{"allow":["GET"]}}],"collection":[{"href":"https:\/\/drhe.hu\/en\/wp-json\/wp\/v2\/pages"}],"about":[{"href":"https:\/\/drhe.hu\/en\/wp-json\/wp\/v2\/types\/page"}],"author":[{"embeddable":true,"href":"https:\/\/drhe.hu\/en\/wp-json\/wp\/v2\/users\/33"}],"replies":[{"embeddable":true,"href":"https:\/\/drhe.hu\/en\/wp-json\/wp\/v2\/comments?post=13846"}],"version-history":[{"count":2,"href":"https:\/\/drhe.hu\/en\/wp-json\/wp\/v2\/pages\/13846\/revisions"}],"predecessor-version":[{"id":14279,"href":"https:\/\/drhe.hu\/en\/wp-json\/wp\/v2\/pages\/13846\/revisions\/14279"}],"up":[{"embeddable":true,"href":"https:\/\/drhe.hu\/en\/wp-json\/wp\/v2\/pages\/13844"}],"wp:attachment":[{"href":"https:\/\/drhe.hu\/en\/wp-json\/wp\/v2\/media?parent=13846"}],"curies":[{"name":"wp","href":"https:\/\/api.w.org\/{rel}","templated":true}]}}