{"id":13858,"date":"2022-01-19T15:25:24","date_gmt":"2022-01-19T14:25:24","guid":{"rendered":"https:\/\/new.drhe.hu\/?page_id=13858"},"modified":"2022-01-19T15:26:15","modified_gmt":"2022-01-19T14:26:15","slug":"student-dormitories","status":"publish","type":"page","link":"https:\/\/drhe.hu\/en\/about-us\/service-institutions\/student-dormitories\/","title":{"rendered":"Student Dormitories"},"content":{"rendered":"<div class=\"wpb-content-wrapper\"><p>[vc_row][vc_column]<div class=\"intezmeny-honlap\"><a href=\"https:\/\/kollegium.drhe.hu\/\" target=\"_blank\"><div class=\"btn-primary d-block zk-scroll\">The Student Dormitories 's website.<\/div><\/a><\/div>[zk_heading text_align=&#8221;center&#8221; text=&#8221;%5B%7B%22text_part%22%3A%22Student%20Dormitories%22%2C%22text_part_style%22%3A%22style3%22%7D%5D&#8221; font_container=&#8221;tag:h3&#8243; add_image=&#8221;&#8221; add_icon=&#8221;&#8221; add_mask=&#8221;&#8221; add_typing=&#8221;&#8221; st_text=&#8221;%5B%7B%22sttext_part_style%22%3A%22style1%22%7D%5D&#8221; st_font_container=&#8221;tag:div&#8221;][vc_column_text]\n<div id=\"buddypress\">\n\n    \n    <ul id=\"members-list\" class=\"item-list\" aria-live=\"assertive\" aria-relevant=\"all\">\n\n        \n        <li class=\"odd member-type-drhekollegiumai member-type-egyetemilelkesz\">\n            <ul class=\"cell\">\n                <li class=\"item-avatar\">\n                    <a href=\"https:\/\/drhe.hu\/en\/tagok\/horsai-ede\/\">\n                        <img decoding=\"async\" loading=\"lazy\" src=\"https:\/\/drhe.hu\/wp-content\/uploads\/2021\/09\/cropped-drhe-fav-01-180x180.png\" class=\"avatar user-11-avatar avatar-50 photo\" width=\"50\" height=\"50\" alt=\"Profile picture of Horsai Ede\" \/>                    <\/a>\n                <\/li>\n\n\n                <li class=\"item\">\n                    <div class=\"item-title\">\n                        <a href=\"https:\/\/drhe.hu\/en\/tagok\/horsai-ede\/\">\n                            Horsai Ede                        <\/a>\n                    <\/div>\n                <\/li>\n                <li class=\"field\">\n                     University Chaplain, Residence Hall Director                <\/li>\n                <li class=\"field\">\n                    <a href=\"&#x6d;&#97;i&#x6c;&#x74;&#111;:&#x68;&#x6f;&#114;s&#x61;&#x69;&#46;e&#x64;&#x65;&#64;d&#x72;&#104;&#101;&#46;&#x68;&#117;\" rel=\"nofollow\">&#x68;&#x6f;&#x72;&#115;&#97;i&#46;&#x65;&#x64;&#x65;&#x40;&#100;&#114;he&#x2e;&#x68;&#x75;<\/a>                <\/li>\n                <li class=\"field\">\n                    Room:<br>FSZ\/25                <\/li>\n                <li class=\"field\">\n                    Telefonsz\u00e1m:<br><a href=\"tel:\/\/+36%2052%20518541%20|%20+36%2052%20614680\" rel=\"nofollow\">+36 52 518541 | +36 52 614680<\/a>                <\/li>\n                <li class=\"field\">\n                    Bels\u0151 mell\u00e9k:<br>18541 | 14680                <\/li>\n            <\/ul>\n        <\/li>\n\n        \n        <li class=\"even member-type-drhekollegiumai member-type-muszakiellatasicsoport\">\n            <ul class=\"cell\">\n                <li class=\"item-avatar\">\n                    <a href=\"https:\/\/drhe.hu\/en\/tagok\/nagy-istvanne\/\">\n                        <img decoding=\"async\" loading=\"lazy\" src=\"https:\/\/drhe.hu\/wp-content\/uploads\/2021\/09\/cropped-drhe-fav-01-180x180.png\" class=\"avatar user-24-avatar avatar-50 photo\" width=\"50\" height=\"50\" alt=\"Profile picture of Nagy Istv\u00e1nn\u00e9\" \/>                    <\/a>\n                <\/li>\n\n\n                <li class=\"item\">\n                    <div class=\"item-title\">\n                        <a href=\"https:\/\/drhe.hu\/en\/tagok\/nagy-istvanne\/\">\n                            Nagy Istv\u00e1nn\u00e9                        <\/a>\n                    <\/div>\n                <\/li>\n                <li class=\"field\">\n                    m\u0171szaki \u00e9s ell\u00e1t\u00e1si csoportvezet\u0151                <\/li>\n                <li class=\"field\">\n                    <a href=\"&#x6d;&#97;&#105;l&#x74;&#x6f;&#58;n&#x61;&#x67;&#121;&#46;&#x69;&#x73;&#116;v&#x61;&#x6e;&#110;e&#x40;&#x64;&#114;h&#x65;&#x2e;&#104;&#117;\" rel=\"nofollow\">nagy&#46;&#105;&#115;&#116;&#118;&#97;&#110;&#x6e;&#x65;&#x40;&#x64;&#x72;&#x68;&#x65;&#x2e;&#x68;u<\/a>                <\/li>\n                <li class=\"field\">\n                    Room:<br>I\/122                <\/li>\n                <li class=\"field\">\n                    Telefonsz\u00e1m:<br><a href=\"tel:\/\/+36%2052%20518520\" rel=\"nofollow\">+36 52 518520<\/a>                <\/li>\n                <li class=\"field\">\n                    Bels\u0151 mell\u00e9k:<br>18520                <\/li>\n            <\/ul>\n        <\/li>\n\n        \n    <\/ul>\n<\/div>\n\n[\/vc_column_text][zk_heading text_align=&#8221;center&#8221; text=&#8221;%5B%7B%22text_part%22%3A%22Andah%C3%A1zy-Szil%C3%A1gyi%20Mih%C3%A1ly%20Student%20Dormitory%22%2C%22text_part_style%22%3A%22style3%22%7D%5D&#8221; font_container=&#8221;tag:h3&#8243; add_image=&#8221;&#8221; add_icon=&#8221;&#8221; add_mask=&#8221;&#8221; add_typing=&#8221;&#8221; st_text=&#8221;%5B%7B%22sttext_part%22%3A%224032%20Debrecen%2C%20Poroszlay%20%C3%BAt%2010.%22%2C%22sttext_part_style%22%3A%22style1%22%7D%5D&#8221; st_font_container=&#8221;tag:div&#8221;][vc_column_text]\n<div id=\"buddypress\">\n\n    \n    <ul id=\"members-list\" class=\"item-list\" aria-live=\"assertive\" aria-relevant=\"all\">\n\n        \n        <li class=\"bp-single-member member-type-drhekollegiumai-andahazy\">\n            <ul class=\"cell\">\n                <li class=\"item-avatar\">\n                    <a href=\"https:\/\/drhe.hu\/en\/tagok\/andahazy-porta\/\">\n                        <img decoding=\"async\" loading=\"lazy\" src=\"https:\/\/drhe.hu\/wp-content\/uploads\/2021\/09\/cropped-drhe-fav-01-180x180.png\" class=\"avatar user-26-avatar avatar-50 photo\" width=\"50\" height=\"50\" alt=\"Profile picture of Porta\" \/>                    <\/a>\n                <\/li>\n\n\n                <li class=\"item\">\n                    <div class=\"item-title\">\n                        <a href=\"https:\/\/drhe.hu\/en\/tagok\/andahazy-porta\/\">\n                            Porta                        <\/a>\n                    <\/div>\n                <\/li>\n                <li class=\"field\">\n                                    <\/li>\n                <li class=\"field\">\n                    <a href=\"&#109;&#x61;&#105;&#x6c;&#116;&#x6f;&#58;&#x61;n&#x64;a&#x68;a&#x7a;y&#46;&#x70;&#111;&#x72;&#116;&#x61;&#64;&#x64;&#114;&#x68;e&#x2e;h&#x75;\" rel=\"nofollow\">andahazy&#46;&#112;&#111;&#114;&#116;&#97;&#64;&#100;&#114;&#104;&#x65;&#x2e;&#x68;&#x75;<\/a>                <\/li>\n                <li class=\"field\">\n                    Room:<br>porta                <\/li>\n                <li class=\"field\">\n                    Telefonsz\u00e1m:<br><a href=\"tel:\/\/+36%2052%20614680\" rel=\"nofollow\">+36 52 614680<\/a>                <\/li>\n                <li class=\"field\">\n                    Bels\u0151 mell\u00e9k:<br>14680                <\/li>\n            <\/ul>\n        <\/li>\n\n        \n    <\/ul>\n<\/div>\n\n[\/vc_column_text][zk_heading text_align=&#8221;center&#8221; text=&#8221;%5B%7B%22text_part%22%3A%22Mar%C3%B3thi%20Gy%C3%B6rgy%20Koll%C3%A9gium%20Student%20Dormitory%22%2C%22text_part_style%22%3A%22style3%22%7D%5D&#8221; font_container=&#8221;tag:h3&#8243; add_image=&#8221;&#8221; add_icon=&#8221;&#8221; add_mask=&#8221;&#8221; add_typing=&#8221;&#8221; st_text=&#8221;%5B%7B%22sttext_part%22%3A%224024%20Debrecen%2C%20Blah%C3%A1n%C3%A9%20u.%2015.%22%2C%22sttext_part_style%22%3A%22style1%22%7D%5D&#8221; st_font_container=&#8221;tag:div&#8221;][vc_column_text]\n<div id=\"buddypress\">\n\n    \n    <ul id=\"members-list\" class=\"item-list\" aria-live=\"assertive\" aria-relevant=\"all\">\n\n        \n        <li class=\"bp-single-member member-type-drhekollegiumai-marothi\">\n            <ul class=\"cell\">\n                <li class=\"item-avatar\">\n                    <a href=\"https:\/\/drhe.hu\/en\/tagok\/marothi-porta\/\">\n                        <img decoding=\"async\" loading=\"lazy\" src=\"https:\/\/drhe.hu\/wp-content\/uploads\/2021\/09\/cropped-drhe-fav-01-180x180.png\" class=\"avatar user-27-avatar avatar-50 photo\" width=\"50\" height=\"50\" alt=\"Profile picture of Porta\" \/>                    <\/a>\n                <\/li>\n\n\n                <li class=\"item\">\n                    <div class=\"item-title\">\n                        <a href=\"https:\/\/drhe.hu\/en\/tagok\/marothi-porta\/\">\n                            Porta                        <\/a>\n                    <\/div>\n                <\/li>\n                <li class=\"field\">\n                                    <\/li>\n                <li class=\"field\">\n                    <a href=\"m&#97;&#x69;&#x6c;t&#111;&#58;&#x6d;&#x61;r&#111;&#116;&#x68;&#x69;&#46;&#112;&#x6f;&#x72;&#x74;a&#64;&#x64;&#x72;h&#101;&#46;&#x68;&#x75;\" rel=\"nofollow\">m&#97;&#114;&#x6f;&#x74;&#x68;i&#46;&#112;&#x6f;&#x72;&#x74;a&#64;&#100;&#x72;&#x68;&#x65;&#46;h&#117;<\/a>                <\/li>\n                <li class=\"field\">\n                    Room:<br>porta                <\/li>\n                <li class=\"field\">\n                    Telefonsz\u00e1m:<br><a href=\"tel:\/\/+36%2052%20614650\" rel=\"nofollow\">+36 52 614650<\/a>                <\/li>\n                <li class=\"field\">\n                    Bels\u0151 mell\u00e9k:<br>14650                <\/li>\n            <\/ul>\n        <\/li>\n\n        \n    <\/ul>\n<\/div>\n\n[\/vc_column_text][\/vc_column][\/vc_row]<\/p>\n<\/div>","protected":false},"excerpt":{"rendered":"<p>[vc_row][vc_column][zk_heading text_align=&#8221;center&#8221; text=&#8221;%5B%7B%22text_part%22%3A%22Student%20Dormitories%22%2C%22text_part_style%22%3A%22style3%22%7D%5D&#8221; font_container=&#8221;tag:h3&#8243; add_image=&#8221;&#8221; add_icon=&#8221;&#8221; add_mask=&#8221;&#8221; add_typing=&#8221;&#8221; st_text=&#8221;%5B%7B%22sttext_part_style%22%3A%22style1%22%7D%5D&#8221; st_font_container=&#8221;tag:div&#8221;][vc_column_text][\/vc_column_text][zk_heading text_align=&#8221;center&#8221; text=&#8221;%5B%7B%22text_part%22%3A%22Andah%C3%A1zy-Szil%C3%A1gyi%20Mih%C3%A1ly%20Student%20Dormitory%22%2C%22text_part_style%22%3A%22style3%22%7D%5D&#8221; font_container=&#8221;tag:h3&#8243; add_image=&#8221;&#8221; add_icon=&#8221;&#8221; add_mask=&#8221;&#8221; add_typing=&#8221;&#8221; st_text=&#8221;%5B%7B%22sttext_part%22%3A%224032%20Debrecen%2C%20Poroszlay%20%C3%BAt%2010.%22%2C%22sttext_part_style%22%3A%22style1%22%7D%5D&#8221; st_font_container=&#8221;tag:div&#8221;][vc_column_text][\/vc_column_text][zk_heading text_align=&#8221;center&#8221;<\/p>\n","protected":false},"author":33,"featured_media":0,"parent":13852,"menu_order":3,"comment_status":"closed","ping_status":"closed","template":"","meta":{"_acf_changed":false,"footnotes":"","_links_to":"","_links_to_target":""},"class_list":["post-13858","page","type-page","status-publish","hentry"],"acf":[],"_links":{"self":[{"href":"https:\/\/drhe.hu\/en\/wp-json\/wp\/v2\/pages\/13858","targetHints":{"allow":["GET"]}}],"collection":[{"href":"https:\/\/drhe.hu\/en\/wp-json\/wp\/v2\/pages"}],"about":[{"href":"https:\/\/drhe.hu\/en\/wp-json\/wp\/v2\/types\/page"}],"author":[{"embeddable":true,"href":"https:\/\/drhe.hu\/en\/wp-json\/wp\/v2\/users\/33"}],"replies":[{"embeddable":true,"href":"https:\/\/drhe.hu\/en\/wp-json\/wp\/v2\/comments?post=13858"}],"version-history":[{"count":2,"href":"https:\/\/drhe.hu\/en\/wp-json\/wp\/v2\/pages\/13858\/revisions"}],"predecessor-version":[{"id":13860,"href":"https:\/\/drhe.hu\/en\/wp-json\/wp\/v2\/pages\/13858\/revisions\/13860"}],"up":[{"embeddable":true,"href":"https:\/\/drhe.hu\/en\/wp-json\/wp\/v2\/pages\/13852"}],"wp:attachment":[{"href":"https:\/\/drhe.hu\/en\/wp-json\/wp\/v2\/media?parent=13858"}],"curies":[{"name":"wp","href":"https:\/\/api.w.org\/{rel}","templated":true}]}}