{"id":13863,"date":"2022-01-19T15:32:40","date_gmt":"2022-01-19T14:32:40","guid":{"rendered":"https:\/\/new.drhe.hu\/?page_id=13863"},"modified":"2022-01-19T15:32:40","modified_gmt":"2022-01-19T14:32:40","slug":"student-government-office","status":"publish","type":"page","link":"https:\/\/drhe.hu\/en\/about-us\/student-representation\/student-government-office\/","title":{"rendered":"Student Government Office"},"content":{"rendered":"<div class=\"wpb-content-wrapper\"><p>[vc_row][vc_column][vc_column_text]\n<div id=\"buddypress\">\n\n    \n    <ul id=\"members-list\" class=\"item-list\" aria-live=\"assertive\" aria-relevant=\"all\">\n\n        \n        <li class=\"odd member-type-hok-iroda\">\n            <ul class=\"cell\">\n                <li class=\"item-avatar\">\n                    <a href=\"https:\/\/drhe.hu\/en\/tagok\/tanaszi-abel\/\">\n                        <img decoding=\"async\" loading=\"lazy\" src=\"https:\/\/drhe.hu\/wp-content\/uploads\/2021\/09\/cropped-drhe-fav-01-180x180.png\" class=\"avatar user-48-avatar avatar-50 photo\" width=\"50\" height=\"50\" alt=\"Profile picture of Barta \u00c1gnes\" \/>                    <\/a>\n                <\/li>\n\n\n                <li class=\"item\">\n                    <div class=\"item-title\">\n                        <a href=\"https:\/\/drhe.hu\/en\/tagok\/tanaszi-abel\/\">\n                            Barta \u00c1gnes                        <\/a>\n                    <\/div>\n                <\/li>\n                <li class=\"field\">\n                    esk\u00fcdtfel\u00fcgyel\u0151                <\/li>\n                <li class=\"field\">\n                    <a href=\"&#x6d;&#x61;&#105;l&#x74;&#x6f;&#x3a;&#101;s&#x6b;&#x75;&#x64;&#116;&#64;&#x64;&#x72;&#x68;&#101;&#46;&#x68;&#x75;\" rel=\"nofollow\">e&#115;&#107;&#x75;&#x64;&#x74;&#x40;d&#114;&#104;&#101;&#x2e;&#x68;&#x75;<\/a>                <\/li>\n                <li class=\"field\">\n                    Room:<br>I\/125                <\/li>\n                <li class=\"field\">\n                    Telefonsz\u00e1m:<br><a href=\"tel:\/\/+36%2052%20518581\" rel=\"nofollow\">+36 52 518581<\/a>                <\/li>\n                <li class=\"field\">\n                    Bels\u0151 mell\u00e9k:<br>18581                <\/li>\n            <\/ul>\n        <\/li>\n\n        \n        <li class=\"even member-type-hok-iroda\">\n            <ul class=\"cell\">\n                <li class=\"item-avatar\">\n                    <a href=\"https:\/\/drhe.hu\/en\/tagok\/szenior\/\">\n                        <img decoding=\"async\" loading=\"lazy\" src=\"https:\/\/drhe.hu\/wp-content\/uploads\/2021\/09\/cropped-drhe-fav-01-180x180.png\" class=\"avatar user-47-avatar avatar-50 photo\" width=\"50\" height=\"50\" alt=\"Profile picture of Dobi D\u00f3ra\" \/>                    <\/a>\n                <\/li>\n\n\n                <li class=\"item\">\n                    <div class=\"item-title\">\n                        <a href=\"https:\/\/drhe.hu\/en\/tagok\/szenior\/\">\n                            Dobi D\u00f3ra                        <\/a>\n                    <\/div>\n                <\/li>\n                <li class=\"field\">\n                    szenior                <\/li>\n                <li class=\"field\">\n                    <a href=\"&#x6d;a&#x69;&#108;&#x74;&#111;&#x3a;&#x73;z&#x65;&#110;&#x69;&#111;&#x72;&#64;d&#x72;&#104;&#x65;&#46;&#x68;&#117;\" rel=\"nofollow\">&#115;&#x7a;&#101;&#x6e;&#105;&#x6f;&#114;&#x40;&#100;&#x72;&#104;&#x65;&#46;&#x68;u<\/a>                <\/li>\n                <li class=\"field\">\n                    Room:<br>I\/125                <\/li>\n                <li class=\"field\">\n                    Telefonsz\u00e1m:<br><a href=\"tel:\/\/+36%2052%20518554\" rel=\"nofollow\">+36 52 518554<\/a>                <\/li>\n                <li class=\"field\">\n                    Bels\u0151 mell\u00e9k:<br>18554                <\/li>\n            <\/ul>\n        <\/li>\n\n        \n        <li class=\"odd member-type-hok-iroda\">\n            <ul class=\"cell\">\n                <li class=\"item-avatar\">\n                    <a href=\"https:\/\/drhe.hu\/en\/tagok\/eskudtfelugyelo-helyettes\/\">\n                        <img decoding=\"async\" loading=\"lazy\" src=\"https:\/\/drhe.hu\/wp-content\/uploads\/2021\/09\/cropped-drhe-fav-01-180x180.png\" class=\"avatar user-50-avatar avatar-50 photo\" width=\"50\" height=\"50\" alt=\"Profile picture of Kompanek Fanni\" \/>                    <\/a>\n                <\/li>\n\n\n                <li class=\"item\">\n                    <div class=\"item-title\">\n                        <a href=\"https:\/\/drhe.hu\/en\/tagok\/eskudtfelugyelo-helyettes\/\">\n                            Kompanek Fanni                        <\/a>\n                    <\/div>\n                <\/li>\n                <li class=\"field\">\n                     Deputy Chair of Student Government                <\/li>\n                <li class=\"field\">\n                    <a href=\"&#x6d;&#x61;&#x69;&#108;&#116;o:&#x65;&#x73;&#x6b;&#117;&#100;tf&#x65;&#x6c;&#x75;&#103;&#121;el&#x6f;&#x2e;&#x68;&#101;&#108;ye&#x74;&#x74;&#x65;&#115;&#64;dr&#x68;&#x65;&#x2e;&#104;&#117;\" rel=\"nofollow\">&#x65;&#115;&#x6b;&#x75;&#100;&#x74;&#102;e&#x6c;&#117;g&#x79;&#101;l&#x6f;&#46;h&#x65;&#108;&#x79;&#x65;&#116;&#x74;&#x65;&#115;&#x40;&#100;r&#x68;&#101;&#46;&#x68;&#117;<\/a>                <\/li>\n                <li class=\"field\">\n                    Room:<br>I\/125                <\/li>\n                <li class=\"field\">\n                    Telefonsz\u00e1m:<br><a href=\"tel:\/\/+36%2052%20518581\" rel=\"nofollow\">+36 52 518581<\/a>                <\/li>\n                <li class=\"field\">\n                    Bels\u0151 mell\u00e9k:<br>18581                <\/li>\n            <\/ul>\n        <\/li>\n\n        \n        <li class=\"even member-type-hok-iroda\">\n            <ul class=\"cell\">\n                <li class=\"item-avatar\">\n                    <a href=\"https:\/\/drhe.hu\/en\/tagok\/szenior-helyettes\/\">\n                        <img decoding=\"async\" loading=\"lazy\" src=\"https:\/\/drhe.hu\/wp-content\/uploads\/2021\/09\/cropped-drhe-fav-01-180x180.png\" class=\"avatar user-49-avatar avatar-50 photo\" width=\"50\" height=\"50\" alt=\"Profile picture of Tak\u00e1cs G\u00e1bor Csaba\" \/>                    <\/a>\n                <\/li>\n\n\n                <li class=\"item\">\n                    <div class=\"item-title\">\n                        <a href=\"https:\/\/drhe.hu\/en\/tagok\/szenior-helyettes\/\">\n                            Tak\u00e1cs G\u00e1bor Csaba                        <\/a>\n                    <\/div>\n                <\/li>\n                <li class=\"field\">\n                     Deputy Senior                <\/li>\n                <li class=\"field\">\n                    <a href=\"&#109;a&#x69;l&#x74;o&#x3a;s&#x7a;&#101;&#x6e;&#105;&#x6f;&#114;&#x2e;&#104;e&#108;y&#x65;t&#x74;e&#x73;&#64;&#x64;&#114;&#x68;&#101;&#x2e;&#104;&#x75;\" rel=\"nofollow\">s&#122;&#101;&#x6e;&#x69;or&#46;&#104;&#x65;&#x6c;ye&#116;&#116;&#x65;&#x73;&#64;d&#114;&#x68;&#x65;&#x2e;h&#117;<\/a>                <\/li>\n                <li class=\"field\">\n                    Room:<br>I\/125                <\/li>\n                <li class=\"field\">\n                    Telefonsz\u00e1m:<br><a href=\"tel:\/\/+36%2052%20518554\" rel=\"nofollow\">+36 52 518554<\/a>                <\/li>\n                <li class=\"field\">\n                    Bels\u0151 mell\u00e9k:<br>18554                <\/li>\n            <\/ul>\n        <\/li>\n\n        \n    <\/ul>\n<\/div>\n\n[\/vc_column_text][\/vc_column][\/vc_row]<\/p>\n<\/div>","protected":false},"excerpt":{"rendered":"<p>[vc_row][vc_column][vc_column_text][\/vc_column_text][\/vc_column][\/vc_row]<\/p>\n","protected":false},"author":33,"featured_media":0,"parent":13861,"menu_order":1,"comment_status":"closed","ping_status":"closed","template":"page-tanszek.php","meta":{"_acf_changed":false,"footnotes":"","_links_to":"","_links_to_target":""},"class_list":["post-13863","page","type-page","status-publish","hentry"],"acf":[],"_links":{"self":[{"href":"https:\/\/drhe.hu\/en\/wp-json\/wp\/v2\/pages\/13863","targetHints":{"allow":["GET"]}}],"collection":[{"href":"https:\/\/drhe.hu\/en\/wp-json\/wp\/v2\/pages"}],"about":[{"href":"https:\/\/drhe.hu\/en\/wp-json\/wp\/v2\/types\/page"}],"author":[{"embeddable":true,"href":"https:\/\/drhe.hu\/en\/wp-json\/wp\/v2\/users\/33"}],"replies":[{"embeddable":true,"href":"https:\/\/drhe.hu\/en\/wp-json\/wp\/v2\/comments?post=13863"}],"version-history":[{"count":1,"href":"https:\/\/drhe.hu\/en\/wp-json\/wp\/v2\/pages\/13863\/revisions"}],"predecessor-version":[{"id":13864,"href":"https:\/\/drhe.hu\/en\/wp-json\/wp\/v2\/pages\/13863\/revisions\/13864"}],"up":[{"embeddable":true,"href":"https:\/\/drhe.hu\/en\/wp-json\/wp\/v2\/pages\/13861"}],"wp:attachment":[{"href":"https:\/\/drhe.hu\/en\/wp-json\/wp\/v2\/media?parent=13863"}],"curies":[{"name":"wp","href":"https:\/\/api.w.org\/{rel}","templated":true}]}}