{"id":13897,"date":"2022-01-19T17:10:54","date_gmt":"2022-01-19T16:10:54","guid":{"rendered":"https:\/\/new.drhe.hu\/?page_id=13897"},"modified":"2022-01-28T10:10:09","modified_gmt":"2022-01-28T09:10:09","slug":"courses","status":"publish","type":"page","link":"https:\/\/drhe.hu\/en\/education\/academic-programmes\/courses-in-english\/courses\/","title":{"rendered":"Courses"},"content":{"rendered":"<table width=\"597\">\n<tbody>\n<tr>\n<td><strong>T\u00e1rgyk\u00f3d<\/strong><\/td>\n<td><strong>T\u00e1rgyn\u00e9v<\/strong><\/td>\n<td><strong>Kredit<\/strong><\/td>\n<\/tr>\n<tr>\n<td>B-EN 290<\/td>\n<td>History and Culture of the Biblical World<\/td>\n<td>4<\/td>\n<\/tr>\n<tr>\n<td>R-EN 265<\/td>\n<td>Reformed Theology in Central and Eastern Europe<\/td>\n<td>4<\/td>\n<\/tr>\n<tr>\n<td>R-EN 266<\/td>\n<td>Introduction to Christian Theology (Foundations of Our Christian Faith)<\/td>\n<td>4<\/td>\n<\/tr>\n<tr>\n<td>VAHFL1N<\/td>\n<td>Hungarian as a Foreign Language<\/td>\n<td>4<\/td>\n<\/tr>\n<tr>\n<td>VAICC1N<\/td>\n<td>Interculturual Communication<\/td>\n<td>4<\/td>\n<\/tr>\n<tr>\n<td>VAICE1N<\/td>\n<td>Introduction to Central European Identity<\/td>\n<td>4<\/td>\n<\/tr>\n<tr>\n<td>VALTE1N<\/td>\n<td>Literary Theory 1<\/td>\n<td>3<\/td>\n<\/tr>\n<tr>\n<td>VARKC1N<\/td>\n<td>Introduction To Teaching Solfege Following Zolt\u00e1n Kod\u00e1ly&#8217;S Concept<\/td>\n<td>4<\/td>\n<\/tr>\n<tr>\n<td>VASCH1N<\/td>\n<td>20th Century Social and Cultural History of Hungary<\/td>\n<td>4<\/td>\n<\/tr>\n<tr>\n<td>VFILO1N<\/td>\n<td>The History of Philosophy<\/td>\n<td>4<\/td>\n<\/tr>\n<tr>\n<td>VINFI1N<\/td>\n<td>Informatin and Communication Technology<\/td>\n<td>5<\/td>\n<\/tr>\n<\/tbody>\n<\/table>\n<p>&nbsp;<\/p>\n","protected":false},"excerpt":{"rendered":"<p>T\u00e1rgyk\u00f3d T\u00e1rgyn\u00e9v Kredit B-EN 290 History and Culture of the Biblical World 4 R-EN 265 Reformed Theology in Central and<\/p>\n","protected":false},"author":33,"featured_media":0,"parent":13895,"menu_order":0,"comment_status":"closed","ping_status":"closed","template":"","meta":{"_acf_changed":false,"footnotes":"","_links_to":"","_links_to_target":""},"class_list":["post-13897","page","type-page","status-publish","hentry"],"acf":[],"_links":{"self":[{"href":"https:\/\/drhe.hu\/en\/wp-json\/wp\/v2\/pages\/13897","targetHints":{"allow":["GET"]}}],"collection":[{"href":"https:\/\/drhe.hu\/en\/wp-json\/wp\/v2\/pages"}],"about":[{"href":"https:\/\/drhe.hu\/en\/wp-json\/wp\/v2\/types\/page"}],"author":[{"embeddable":true,"href":"https:\/\/drhe.hu\/en\/wp-json\/wp\/v2\/users\/33"}],"replies":[{"embeddable":true,"href":"https:\/\/drhe.hu\/en\/wp-json\/wp\/v2\/comments?post=13897"}],"version-history":[{"count":2,"href":"https:\/\/drhe.hu\/en\/wp-json\/wp\/v2\/pages\/13897\/revisions"}],"predecessor-version":[{"id":13900,"href":"https:\/\/drhe.hu\/en\/wp-json\/wp\/v2\/pages\/13897\/revisions\/13900"}],"up":[{"embeddable":true,"href":"https:\/\/drhe.hu\/en\/wp-json\/wp\/v2\/pages\/13895"}],"wp:attachment":[{"href":"https:\/\/drhe.hu\/en\/wp-json\/wp\/v2\/media?parent=13897"}],"curies":[{"name":"wp","href":"https:\/\/api.w.org\/{rel}","templated":true}]}}