{"id":14781,"date":"2022-04-01T09:14:49","date_gmt":"2022-04-01T07:14:49","guid":{"rendered":"https:\/\/drhe.hu\/?page_id=14781"},"modified":"2026-02-02T13:11:08","modified_gmt":"2026-02-02T12:11:08","slug":"jubileumi-diplomak","status":"publish","type":"page","link":"https:\/\/drhe.hu\/en\/egyetemunk\/oktatasi-egysegek\/jubileumi-diplomak\/","title":{"rendered":"Jubileumi diplom\u00e1k"},"content":{"rendered":"<p>A Debreceni Reform\u00e1tus Hittudom\u00e1nyi Egyetem jubileumi diplom\u00e1t aj\u00e1nl fel az 50, 60, 65, 70, 75 \u00e9ve v\u00e9gzett lelk\u00e9szeknek, tan\u00edt\u00f3knak \u00e9s n\u00e9pm\u0171vel\u0151-k\u00f6nyvt\u00e1r szakon v\u00e9gzetteknek.<\/p>\n<p>K\u00e9rj\u00fck, aki elfogadja az Egyetem felaj\u00e1nl\u00e1s\u00e1t, az itt tal\u00e1lhat\u00f3 formanyomtatv\u00e1nyok \u00a0kit\u00f6lt\u00e9s\u00e9vel \u00edr\u00e1sban jelezze\u00a0<strong>2026. augusztus 1-ig<\/strong>\u00a0a Debreceni Reform\u00e1tus Hittudom\u00e1nyi Egyetemen (4026 Debrecen, K\u00e1lvin t\u00e9r 16.).<br \/>\nA visszajelz\u00e9snek tartalmaznia kell: a jelentkez\u00e9si lapot \u00e9s az ott megjel\u00f6lt mell\u00e9kleteket.<br \/>\nTov\u00e1bbi inform\u00e1ci\u00f3k: Turucz Imola \/52\/ 518-518; <a class=\"spamspan\" href=\"&#x6d;&#97;&#105;l&#x74;&#x6f;&#58;j&#x75;&#x62;&#105;l&#x65;&#x75;&#109;i&#x64;&#x69;&#112;l&#x6f;&#x6d;&#97;&#64;&#x64;&#x72;&#104;&#101;&#46;&#x68;&#x75;\">&#106;&#x75;&#x62;i&#108;&#x65;u&#109;&#x69;&#x64;i&#112;&#x6c;o&#109;&#x61;&#x40;d&#114;&#x68;e&#46;&#x68;&#x75;<\/a><\/p>\n<p><a href=\"https:\/\/drhe.hu\/wp-content\/uploads\/2026\/02\/Jubileumi-diploma-adatlap-lelkesz-2026.pdf\">Jubileumi adatlap lelk\u00e9sz szak<\/a><\/p>\n<p><a href=\"https:\/\/drhe.hu\/wp-content\/uploads\/2026\/02\/Jubileumi-diploma-adatlap-tanito-nepmuvelo-2026.pdf\">Jubileumi adatlap tan\u00edt\u00f3, n\u00e9pm\u0171vel\u0151-k\u00f6nyvt\u00e1r szak<\/a><\/p>\n","protected":false},"excerpt":{"rendered":"<p>A Debreceni Reform\u00e1tus Hittudom\u00e1nyi Egyetem jubileumi diplom\u00e1t aj\u00e1nl fel az 50, 60, 65, 70, 75 \u00e9ve v\u00e9gzett lelk\u00e9szeknek, tan\u00edt\u00f3knak \u00e9s<\/p>\n","protected":false},"author":54,"featured_media":0,"parent":2591,"menu_order":0,"comment_status":"closed","ping_status":"closed","template":"","meta":{"_acf_changed":false,"footnotes":"","_links_to":"","_links_to_target":""},"class_list":["post-14781","page","type-page","status-publish","hentry"],"acf":[],"_links":{"self":[{"href":"https:\/\/drhe.hu\/en\/wp-json\/wp\/v2\/pages\/14781","targetHints":{"allow":["GET"]}}],"collection":[{"href":"https:\/\/drhe.hu\/en\/wp-json\/wp\/v2\/pages"}],"about":[{"href":"https:\/\/drhe.hu\/en\/wp-json\/wp\/v2\/types\/page"}],"author":[{"embeddable":true,"href":"https:\/\/drhe.hu\/en\/wp-json\/wp\/v2\/users\/54"}],"replies":[{"embeddable":true,"href":"https:\/\/drhe.hu\/en\/wp-json\/wp\/v2\/comments?post=14781"}],"version-history":[{"count":15,"href":"https:\/\/drhe.hu\/en\/wp-json\/wp\/v2\/pages\/14781\/revisions"}],"predecessor-version":[{"id":26693,"href":"https:\/\/drhe.hu\/en\/wp-json\/wp\/v2\/pages\/14781\/revisions\/26693"}],"up":[{"embeddable":true,"href":"https:\/\/drhe.hu\/en\/wp-json\/wp\/v2\/pages\/2591"}],"wp:attachment":[{"href":"https:\/\/drhe.hu\/en\/wp-json\/wp\/v2\/media?parent=14781"}],"curies":[{"name":"wp","href":"https:\/\/api.w.org\/{rel}","templated":true}]}}