{"id":1783,"date":"2021-09-09T07:40:36","date_gmt":"2021-09-09T07:40:36","guid":{"rendered":"http:\/\/new.drhe.hu\/?page_id=1783"},"modified":"2022-01-11T09:18:43","modified_gmt":"2022-01-11T08:18:43","slug":"kuldetesnyilatkozat","status":"publish","type":"page","link":"https:\/\/drhe.hu\/en\/egyetemunk\/tortenet-es-kuldetes\/kuldetesnyilatkozat\/","title":{"rendered":"K\u00fcldet\u00e9snyilatkozat"},"content":{"rendered":"<div class=\"wpb-content-wrapper\"><p>[vc_row][vc_column][vc_column_text]<strong>A DEBRECENI REFORM\u00c1TUS HITTUDOM\u00c1NYI EGYETEM K\u00dcLDET\u00c9SNYILATKOZATA<\/strong><\/p>\n<p>A Debreceni Reform\u00e1tus Hittudom\u00e1nyi Egyetem \u2013 az 1538 \u00f3ta folyamatosan m\u0171k\u00f6d\u0151 Debreceni Reform\u00e1tus Koll\u00e9gium int\u00e9zm\u00e9nyh\u00e1l\u00f3zat\u00e1nak r\u00e9szek\u00e9nt \u2013 a Tisz\u00e1nt\u00fali Reform\u00e1tus Egyh\u00e1zker\u00fclet \u00e1ltal fenntartott \u00e9s a magyar reform\u00e1tuss\u00e1g szolg\u00e1lat\u00e1ban \u00e1ll\u00f3 oktat\u00f3, nevel\u0151 \u00e9s tudom\u00e1nym\u0171vel\u0151 int\u00e9zm\u00e9ny. K\u00fcldet\u00e9se J\u00e9zus Krisztus elh\u00edv\u00e1s\u00e1n alapul, aki szolg\u00e1lat\u00e1ba h\u00edvja \u00e9s munk\u00e1ba \u00e1ll\u00edtja az \u00f6v\u00e9it.<\/p>\n<p>Egyetem\u00fcnk tanbeli k\u00e9rd\u00e9sekben a Szent\u00edr\u00e1s alapj\u00e1n \u00e1ll, \u00f6nmag\u00e1ra n\u00e9zve k\u00f6telez\u0151nek ismeri el a Magyarorsz\u00e1gi Reform\u00e1tus Egyh\u00e1z hitvall\u00e1sait, alkotm\u00e1ny\u00e1t, t\u00f6rv\u00e9nyeit \u00e9s zsinati hat\u00e1rozatait. Valamennyi oktat\u00f3j\u00e1t\u00f3l, dolgoz\u00f3j\u00e1t\u00f3l \u00e9s hallgat\u00f3j\u00e1t\u00f3l elv\u00e1rja a reform\u00e1tus egyh\u00e1z hitelveinek \u00e9s \u00e9rdekeinek tiszteletben tart\u00e1s\u00e1t, valamint a kereszty\u00e9n \u00e9rt\u00e9krenddel \u00f6ssze-egyeztethet\u0151 \u00e9letfolytat\u00e1st.<\/p>\n<p>Egyetem\u00fcnk c\u00e9lja reform\u00e1tus lelk\u00e9szek, teol\u00f3gusok \u00e9s egyh\u00e1zi munkat\u00e1rsak k\u00e9pz\u00e9se els\u0151dlegesen a Magyarorsz\u00e1gi Reform\u00e1tus Egyh\u00e1z sz\u00e1m\u00e1ra, tov\u00e1bb\u00e1 olyan pedag\u00f3gusok \u00e9s egy\u00e9b vil\u00e1gi szakemberek felk\u00e9sz\u00edt\u00e9se a magyar k\u00f6znevel\u00e9s \u00e9s kultur\u00e1lis int\u00e9zm\u00e9nyrendszer sz\u00e1m\u00e1ra, akik a Magyarorsz\u00e1gi Reform\u00e1tus Egyh\u00e1z hitelveit \u00e9s hagyom\u00e1nyait ismerik, azokat k\u00e9pesek hitelesen megjelen\u00edteni, reform\u00e1tus egyh\u00e1ztags\u00e1guk eset\u00e9ben pedig k\u00e9szek \u00e9s hajland\u00f3k szakismeret\u00fckkel az egyh\u00e1z Ur\u00e1t szolg\u00e1lni.<\/p>\n<p>Egyetem\u00fcnk \u2212 mint \u00e1llamilag elismert fels\u0151oktat\u00e1si int\u00e9zm\u00e9ny \u2212 oktat\u00f3 munk\u00e1j\u00e1t a magyar fels\u0151oktat\u00e1si rendszer r\u00e9szek\u00e9nt, felekezeti saj\u00e1toss\u00e1gai meg\u0151rz\u00e9se mellett v\u00e9gzi. Fels\u0151oktat\u00e1si szakk\u00e9pz\u00e9seket, alapk\u00e9pz\u00e9seket, mesterk\u00e9pz\u00e9seket, osztatlan k\u00e9pz\u00e9st, doktork\u00e9pz\u00e9st (PhD), valamint tov\u00e1bbk\u00e9pz\u00e9si tev\u00e9kenys\u00e9get folytat. K\u00e9pz\u00e9si programjaiban \u00e9rv\u00e9nyes\u00edti az \u00e1llami jogszab\u00e1lyokat, a Magyarorsz\u00e1gi Reform\u00e1tus Egyh\u00e1z rendelkez\u00e9seit, valamint a Magyar Fels\u0151oktat\u00e1si Akkredit\u00e1ci\u00f3s Bizotts\u00e1g el\u0151\u00edr\u00e1sait.<\/p>\n<p>Az oktat\u00f3-nevel\u0151 munka sz\u00ednvonal\u00e1nak \u00e9s korszer\u0171s\u00e9g\u00e9nek biztos\u00edt\u00e1sa \u00e9rdek\u00e9ben egyetem\u00fcnk a k\u00e9pz\u00e9si ter\u00fcleteinek megfelel\u0151 tudom\u00e1ny\u00e1gakban tudom\u00e1nyos kutat\u00f3i \u00e9s m\u0171v\u00e9szi alkot\u00f3munk\u00e1t v\u00e9gez, \u00e9s doktori iskol\u00e1t tart fenn a hittudom\u00e1nyok tudom\u00e1nyter\u00fclet\u00e9n. Tiszteletben tartja a kutat\u00f3i szabads\u00e1got, megk\u00f6veteli a szakmai hiteless\u00e9get \u00e9s megb\u00edzhat\u00f3s\u00e1got.<\/p>\n<p>Reform\u00e1tus elk\u00f6telezetts\u00e9ge mellett egyetem\u00fcnk a magyar nemzet \u00e9s az egyetemes kereszty\u00e9n anyaszentegyh\u00e1z eg\u00e9sz\u00e9nek szolg\u00e1lat\u00e1ban \u00e1ll. Sz\u00fcntelen\u00fcl k\u00e9sz a kereszty\u00e9n felekezetekkel val\u00f3 \u00f6kumenikus p\u00e1rbesz\u00e9dre, fels\u0151oktat\u00e1si int\u00e9zm\u00e9nyeikkel a szakmai kapcsolatok \u00e1pol\u00e1s\u00e1ra, k\u00e9sz a nem kereszty\u00e9n vil\u00e1gvall\u00e1sokkal \u00e9s eszmerendszerekkel folytatott dial\u00f3gusra, a vel\u00fck val\u00f3 testv\u00e9ri k\u00f6z\u00f6ss\u00e9g gyakorl\u00e1s\u00e1ra. \u0150rzi, \u00e1polja \u00e9s tov\u00e1bb gazdag\u00edtja a Debreceni Reform\u00e1tus Koll\u00e9gium hagyom\u00e1nyait, a Koll\u00e9giumb\u00f3l kin\u0151tt Debreceni Egyetemmel pedig sz\u00e9lesk\u00f6r\u0171 egy\u00fcttm\u0171k\u00f6d\u00e9sre t\u00f6rekszik.<\/p>\n<p>&#8212;&#8212;&#8212;&#8212;&#8212;&#8212;&#8212;&#8212;-<\/p>\n<p>Jelen dokumentumot a DRHE Szen\u00e1tusa 2019. m\u00e1jus 14-ei \u00fcl\u00e9s\u00e9n megt\u00e1rgyalta, \u00e9s 83\/2018\u221219. sz\u00e1m\u00fa hat\u00e1rozat\u00e1val elfogadta.<br \/>\nDebrecen, 2019. m\u00e1jus 15.<\/p>\n<p>Dr. Kust\u00e1r Zolt\u00e1n<br \/>\nrektor<\/p>\n<p>A DRHE K\u00fcldet\u00e9snyilatkozat\u00e1t a Tisz\u00e1nt\u00fali Reform\u00e1tus Egyh\u00e1zker\u00fclet k\u00e9pviselet\u00e9ben elj\u00e1rva, a Debreceni Reform\u00e1tus Hittudom\u00e1nyi Egyetem fenntart\u00f3jak\u00e9nt j\u00f3v\u00e1hagyom.<br \/>\nDebrecen, 2019. m\u00e1jus 21.<\/p>\n<p>Dr. Fekete K\u00e1roly<br \/>\np\u00fcsp\u00f6k[\/vc_column_text][\/vc_column][\/vc_row]<\/p>\n<\/div>","protected":false},"excerpt":{"rendered":"<p>[vc_row][vc_column][vc_column_text]A DEBRECENI REFORM\u00c1TUS HITTUDOM\u00c1NYI EGYETEM K\u00dcLDET\u00c9SNYILATKOZATA A Debreceni Reform\u00e1tus Hittudom\u00e1nyi Egyetem \u2013 az 1538 \u00f3ta folyamatosan m\u0171k\u00f6d\u0151 Debreceni Reform\u00e1tus Koll\u00e9gium<\/p>\n","protected":false},"author":1,"featured_media":0,"parent":2579,"menu_order":0,"comment_status":"closed","ping_status":"closed","template":"","meta":{"_acf_changed":false,"footnotes":"","_links_to":"","_links_to_target":""},"class_list":["post-1783","page","type-page","status-publish","hentry"],"acf":[],"_links":{"self":[{"href":"https:\/\/drhe.hu\/en\/wp-json\/wp\/v2\/pages\/1783","targetHints":{"allow":["GET"]}}],"collection":[{"href":"https:\/\/drhe.hu\/en\/wp-json\/wp\/v2\/pages"}],"about":[{"href":"https:\/\/drhe.hu\/en\/wp-json\/wp\/v2\/types\/page"}],"author":[{"embeddable":true,"href":"https:\/\/drhe.hu\/en\/wp-json\/wp\/v2\/users\/1"}],"replies":[{"embeddable":true,"href":"https:\/\/drhe.hu\/en\/wp-json\/wp\/v2\/comments?post=1783"}],"version-history":[{"count":4,"href":"https:\/\/drhe.hu\/en\/wp-json\/wp\/v2\/pages\/1783\/revisions"}],"predecessor-version":[{"id":13611,"href":"https:\/\/drhe.hu\/en\/wp-json\/wp\/v2\/pages\/1783\/revisions\/13611"}],"up":[{"embeddable":true,"href":"https:\/\/drhe.hu\/en\/wp-json\/wp\/v2\/pages\/2579"}],"wp:attachment":[{"href":"https:\/\/drhe.hu\/en\/wp-json\/wp\/v2\/media?parent=1783"}],"curies":[{"name":"wp","href":"https:\/\/api.w.org\/{rel}","templated":true}]}}