{"id":1859,"date":"2021-09-10T11:31:27","date_gmt":"2021-09-10T09:31:27","guid":{"rendered":"http:\/\/new.drhe.hu\/?page_id=1859"},"modified":"2025-09-17T20:51:52","modified_gmt":"2025-09-17T18:51:52","slug":"szenatus","status":"publish","type":"page","link":"https:\/\/drhe.hu\/en\/egyetemunk\/vezeto-testuletek-bizottsagok\/szenatus\/","title":{"rendered":"Szen\u00e1tus"},"content":{"rendered":"<div class=\"wpb-content-wrapper\"><p>[vc_row][vc_column][vc_column_text css=&#8221;&#8221;]<strong>A Szen\u00e1tus szavazati joggal rendelkez\u0151 tagjai:<\/strong><\/p>\n<table border=\"1\" cellspacing=\"1\" cellpadding=\"1\">\n<tbody>\n<tr>\n<td>A rektor<\/td>\n<td>Dr. Bar\u00e1th B\u00e9la<\/td>\n<td>&#114;&#101;&#x6b;&#x74;&#111;&#114;&#x69;&#x40;&#100;&#114;&#x68;&#x65;&#46;&#104;&#x75;<\/td>\n<\/tr>\n<tr>\n<td colspan=\"1\" rowspan=\"2\">A k\u00e9t rektorhelyettes<\/td>\n<td>Dr. Gonda L\u00e1szl\u00f3<\/td>\n<td>&#114;&#x65;&#x6b;t&#111;&#x72;&#x69;&#64;&#100;&#x72;h&#101;&#x2e;&#x68;u<\/td>\n<\/tr>\n<tr>\n<td>Dr. Vit\u00e9z Ferenc<\/td>\n<td>r&#101;&#107;&#x74;&#x6f;ri&#64;&#100;&#x72;&#x68;e&#46;&#104;&#117;<\/td>\n<\/tr>\n<tr>\n<td>A Doktori Tan\u00e1cs eln\u00f6ke<\/td>\n<td>Dr. Hodossy-Tak\u00e1cs El\u0151d<\/td>\n<td>t&#97;&#x6b;&#x61;c&#115;&#101;&#x40;&#x64;r&#104;&#x65;&#x2e;h&#117;<\/td>\n<\/tr>\n<tr>\n<td>A f\u0151titk\u00e1r<\/td>\n<td>Elekes N\u00f3ra<\/td>\n<td>&#x66;&#x6f;&#116;i&#x74;&#x6b;&#97;&#114;&#64;&#x64;&#x72;&#104;&#101;&#46;&#x68;&#x75;<\/td>\n<\/tr>\n<tr>\n<td colspan=\"1\" rowspan=\"2\">A Teol\u00f3giai Int\u00e9zet egyetemi\/f\u0151iskolai tan\u00e1rai \u00e9s docensei k\u00f6z\u00fcl v\u00e1lasztott k\u00e9pvisel\u0151k<\/td>\n<td>Dr. Kust\u00e1r Zolt\u00e1n<\/td>\n<td>&#x6b;&#x75;&#x73;&#x74;&#x61;&#x72;&#x2e;&#x7a;&#x6f;&#x6c;&#x74;&#97;&#110;&#64;&#100;&#114;&#104;&#101;&#46;hu<\/td>\n<\/tr>\n<tr>\n<td>Dr. Kov\u00e1cs \u00c1brah\u00e1m<\/td>\n<td>ko&#118;&#97;&#99;&#115;&#x2e;&#x61;&#x62;&#x72;&#x61;ha&#109;&#64;&#100;&#114;&#x68;&#x65;&#x2e;&#x68;&#x75;<\/td>\n<\/tr>\n<tr>\n<td colspan=\"1\" rowspan=\"2\">A K\u00f6lcsey Ferenc Tan\u00edt\u00f3k\u00e9pz\u00e9si Int\u00e9zet egyetemi\/f\u0151iskolai tan\u00e1rai \u00e9s docensei k\u00f6z\u00fcl v\u00e1lasztott k\u00e9pvisel\u0151k<\/td>\n<td>Dr. Kiss J\u00e1nos<\/td>\n<td>&#107;&#x69;s&#115;&#x2e;j&#97;&#x6e;o&#x73;&#x40;&#100;&#x72;h&#101;&#x2e;h&#117;<\/td>\n<\/tr>\n<tr>\n<td>Dr. Ga\u00e1l-Szab\u00f3 P\u00e9ter<\/td>\n<td>&#103;&#x61;&#97;&#x6c;&#46;&#x73;&#122;&#x61;b&#x6f;&#46;&#x70;e&#x74;e&#114;&#x40;&#100;&#x72;&#104;&#x65;&#46;&#x68;&#117;<\/td>\n<\/tr>\n<tr>\n<td colspan=\"1\" rowspan=\"2\">Az adjunktusok, tan\u00e1rseg\u00e9dek \u00e9s tan\u00e1rok k\u00f6z\u00fcl v\u00e1lasztott k\u00e9t k\u00e9pvisel\u0151<\/td>\n<td>Kust\u00e1rn\u00e9 dr. Alm\u00e1si Zsuzsanna<\/td>\n<td>&#x6b;u&#x73;&#116;&#x61;&#x72;n&#x65;&#46;&#x7a;&#x73;u&#x7a;&#115;&#x61;&#x6e;n&#x61;&#64;&#x64;&#x72;h&#x65;&#46;&#x68;&#x75;<\/td>\n<\/tr>\n<tr>\n<td>Lember-Major Enik\u0151<\/td>\n<td>m&#97;&#106;&#x6f;&#x72;&#x2e;e&#110;&#105;&#x6b;&#x6f;&#x40;dr&#104;&#x65;&#x2e;&#x68;u<\/td>\n<\/tr>\n<tr>\n<td>A DRHE egy nem oktat\u00f3 alkalmazottja<\/td>\n<td>Szegeczkin\u00e9 M\u00e1t\u00e9 \u00c9va Edina<\/td>\n<td>&#x73;&#x7a;&#x65;&#x67;&#x65;&#x63;&#x7a;&#107;&#105;&#46;&#101;&#118;a&#64;dr&#x68;&#x65;&#x2e;&#x68;&#x75;<\/td>\n<\/tr>\n<tr>\n<td colspan=\"1\" rowspan=\"2\">A Hallgat\u00f3i \u00d6nkorm\u00e1nyzat \u00e1ltal v\u00e1lasztott egy hit\u00e9leti \u00e9s egy nem hit\u00e9leti szakos di\u00e1kk\u00e9pvisel\u0151<\/td>\n<td>Dobi D\u00f3ra<\/td>\n<td>&#115;z&#x65;n&#x69;&#111;&#x72;&#64;&#x64;&#114;h&#x65;&#46;&#x68;&#117;<\/td>\n<\/tr>\n<tr>\n<td>Barta \u00c1gnes<\/td>\n<td>&#x65;&#x73;&#x6b;&#x75;&#x64;&#x74;&#x40;&#x64;&#114;&#104;&#101;&#46;&#104;&#117;<\/td>\n<\/tr>\n<tr>\n<td>A Doktorandusz \u00d6nkorm\u00e1nyzat \u00e1ltal deleg\u00e1lt egy f\u0151 doktorandusz<\/td>\n<td>Bohus-Kiss Ingrid<\/td>\n<td>&#x64;&#x6f;&#x6b;&#x74;&#111;&#114;and&#x75;&#x73;&#x7a;&#x40;&#100;&#114;he&#46;&#x68;&#x75;<\/td>\n<\/tr>\n<\/tbody>\n<\/table>\n<p>Beh\u00edvhat\u00f3 p\u00f3ttag: Kiss Orsolya.<\/p>\n<p><strong>A Szen\u00e1tus \u00fcl\u00e9seinek \u00e1lland\u00f3 megh\u00edvottjai tan\u00e1cskoz\u00e1si joggal:<\/strong><\/p>\n<ul>\n<li>int\u00e9zetvezet\u0151k,<\/li>\n<li>a Rektori Hivatal gazdas\u00e1gi \u00e9s munka\u00fcgyi csoportj\u00e1nak vezet\u0151je<\/li>\n<li>a fenntart\u00f3 k\u00e9pvisel\u0151je,<\/li>\n<li>a gazdas\u00e1gi igazgat\u00f3,<\/li>\n<li>a K\u00f6lcsey Ferenc Reform\u00e1tus Gyakorl\u00f3 \u00c1ltal\u00e1nos Iskola igazgat\u00f3ja,<\/li>\n<li>a Debreceni Egyetem egy oktat\u00f3i \u00e9s egy hallgat\u00f3i k\u00e9pvisel\u0151je.<\/li>\n<\/ul>\n<p>A Szen\u00e1tus \u00fcl\u00e9seire, illetve az adott napirendi pont t\u00e1rgyal\u00e1s\u00e1ra meg kell h\u00edvni a napirendi pont el\u0151ad\u00f3j\u00e1t \u00e9s a napirendi pontban \u00e9rintett szervezeti egys\u00e9g vezet\u0151j\u00e9t.[\/vc_column_text][\/vc_column][\/vc_row]<\/p>\n<\/div>","protected":false},"excerpt":{"rendered":"<p>[vc_row][vc_column][vc_column_text css=&#8221;&#8221;]A Szen\u00e1tus szavazati joggal rendelkez\u0151 tagjai: A rektor Dr. Bar\u00e1th B\u00e9la &#114;&#x65;k&#x74;&#x6f;&#114;&#x69;&#64;&#x64;&#x72;&#104;&#x65;&#46;&#x68;&#x75; A k\u00e9t rektorhelyettes Dr. Gonda L\u00e1szl\u00f3 &#x72;&#x65;&#x6b;&#x74;&#x6f;&#x72;&#x69;&#x40;&#x64;&#x72;&#x68;&#x65;&#x2e;&#x68;&#x75;<\/p>\n","protected":false},"author":1,"featured_media":0,"parent":2581,"menu_order":18,"comment_status":"closed","ping_status":"closed","template":"","meta":{"_acf_changed":false,"footnotes":"","_links_to":"","_links_to_target":""},"class_list":["post-1859","page","type-page","status-publish","hentry"],"acf":[],"_links":{"self":[{"href":"https:\/\/drhe.hu\/en\/wp-json\/wp\/v2\/pages\/1859","targetHints":{"allow":["GET"]}}],"collection":[{"href":"https:\/\/drhe.hu\/en\/wp-json\/wp\/v2\/pages"}],"about":[{"href":"https:\/\/drhe.hu\/en\/wp-json\/wp\/v2\/types\/page"}],"author":[{"embeddable":true,"href":"https:\/\/drhe.hu\/en\/wp-json\/wp\/v2\/users\/1"}],"replies":[{"embeddable":true,"href":"https:\/\/drhe.hu\/en\/wp-json\/wp\/v2\/comments?post=1859"}],"version-history":[{"count":16,"href":"https:\/\/drhe.hu\/en\/wp-json\/wp\/v2\/pages\/1859\/revisions"}],"predecessor-version":[{"id":24653,"href":"https:\/\/drhe.hu\/en\/wp-json\/wp\/v2\/pages\/1859\/revisions\/24653"}],"up":[{"embeddable":true,"href":"https:\/\/drhe.hu\/en\/wp-json\/wp\/v2\/pages\/2581"}],"wp:attachment":[{"href":"https:\/\/drhe.hu\/en\/wp-json\/wp\/v2\/media?parent=1859"}],"curies":[{"name":"wp","href":"https:\/\/api.w.org\/{rel}","templated":true}]}}