{"id":1862,"date":"2021-09-10T12:40:49","date_gmt":"2021-09-10T10:40:49","guid":{"rendered":"http:\/\/new.drhe.hu\/?page_id=1862"},"modified":"2026-02-25T16:02:28","modified_gmt":"2026-02-25T15:02:28","slug":"szenatusi-bizottsagok","status":"publish","type":"page","link":"https:\/\/drhe.hu\/en\/egyetemunk\/vezeto-testuletek-bizottsagok\/szenatusi-bizottsagok\/","title":{"rendered":"Szen\u00e1tusi bizotts\u00e1gok"},"content":{"rendered":"<div class=\"wpb-content-wrapper\"><p>[vc_row][vc_column][vc_column_text]<\/p>\n<h3 style=\"text-align: center;\">A DRHE Szen\u00e1tus\u00e1nak \u00e1lland\u00f3 bizotts\u00e1gai (2023\u22122026)<\/h3>\n<p>[\/vc_column_text][\/vc_column][\/vc_row][vc_row][vc_column][vc_column_text]<\/p>\n<table style=\"height: 304px; width: 100%;\" border=\"1\" cellspacing=\"1\" cellpadding=\"1\">\n<tbody>\n<tr>\n<td colspan=\"3\">\n<p class=\"rtecenter\"><strong>Di\u00e1kj\u00f3l\u00e9ti Bizotts\u00e1g<br \/>\n<\/strong><strong>(eln\u00f6k, 2 oktat\u00f3, 2 hallgat\u00f3)<\/strong><\/p>\n<\/td>\n<\/tr>\n<tr>\n<td class=\"rtecenter\" style=\"width: 40%;\"><strong>N\u00e9v<\/strong><\/td>\n<td class=\"rtecenter\" style=\"width: 20%;\"><strong>Telefon<\/strong><\/td>\n<td class=\"rtecenter\" style=\"width: 40%;\"><strong>E-mail<\/strong><\/td>\n<\/tr>\n<tr>\n<td><strong>1. Herdon L\u00e1szl\u00f3n\u00e9 Kecz\u00e1n Enik\u0151<\/strong><\/td>\n<td>52\/518 595<\/td>\n<td>&#107;&#101;&#x63;&#x7a;&#97;&#110;&#x2e;&#x65;&#110;&#105;&#x6b;&#x6f;&#64;&#100;&#x72;&#x68;&#101;&#46;&#x68;&#x75;<\/td>\n<\/tr>\n<tr>\n<td>2. Kust\u00e1rn\u00e9 dr. Alm\u00e1si Zsuzsanna<\/td>\n<td>52\/518 509<\/td>\n<td>&#107;&#117;&#x73;t&#97;&#x72;&#x6e;e&#46;&#x7a;&#x73;u&#122;&#x73;a&#110;&#x6e;&#x61;&#64;&#100;&#x72;&#x68;e&#46;&#x68;u<\/td>\n<\/tr>\n<tr>\n<td>3. Szirmai Erika<\/td>\n<td>52\/518 553<\/td>\n<td>&#x73;&#122;&#105;r&#x6d;&#x61;&#105;&#46;&#x65;&#x72;&#105;k&#x61;&#x40;&#100;r&#x68;&#x65;&#46;h&#x75;<\/td>\n<\/tr>\n<tr>\n<td>4. Dobi D\u00f3ra<\/td>\n<td>52\/518 554<\/td>\n<td>&#115;&#x7a;e&#110;&#x69;o&#x72;&#x40;&#100;&#x72;h&#101;&#x2e;h&#117;<\/td>\n<\/tr>\n<tr>\n<td>5. Tihor Fanni<\/td>\n<td>52\/518 581<\/td>\n<td><\/td>\n<\/tr>\n<\/tbody>\n<\/table>\n<p>[\/vc_column_text][\/vc_column][\/vc_row][vc_row][vc_column][vc_column_text]<\/p>\n<table style=\"height: 304px; width: 100%;\" border=\"1\" cellspacing=\"1\" cellpadding=\"1\">\n<tbody>\n<tr>\n<td colspan=\"3\">\n<p class=\"rtecenter\"><strong>Fegyelmi Bizotts\u00e1g<br \/>\n<\/strong><strong>(eln\u00f6k, 4 oktat\u00f3, H\u00d6K, 3 hallgat\u00f3)<\/strong><\/p>\n<\/td>\n<\/tr>\n<tr>\n<td class=\"rtecenter\" style=\"width: 40%;\"><strong>N\u00e9v<\/strong><\/td>\n<td class=\"rtecenter\" style=\"width: 20%;\"><strong>Telefon<\/strong><\/td>\n<td class=\"rtecenter\" style=\"width: 40%;\"><strong>E-mail<\/strong><\/td>\n<\/tr>\n<tr>\n<td><strong>1. Dr. Ga\u00e1l S\u00e1ndor<\/strong><\/td>\n<td>52\/5185 651<\/td>\n<td>&#103;&#x61;&#x61;&#108;&#x73;&#x40;d&#x72;&#x68;e&#46;&#x68;u<\/td>\n<\/tr>\n<tr>\n<td>2. Dr. Fazakas S\u00e1ndor<\/td>\n<td>52\/518 556<\/td>\n<td>&#102;&#x61;z&#x61;&#x6b;&#97;&#x73;s&#64;&#x64;&#114;&#x68;e&#46;&#x68;u<\/td>\n<\/tr>\n<tr>\n<td>3. Dr. Kis Kl\u00e1ra<\/td>\n<td>52\/518 516<\/td>\n<td>&#x6b;i&#x73;&#46;k&#x6c;&#97;&#x72;&#x61;&#64;&#x64;&#114;h&#x65;&#46;&#x68;&#117;<\/td>\n<\/tr>\n<tr>\n<td>4. Dr. Kiss J\u00e1nos<\/td>\n<td>52\/518 532<\/td>\n<td>&#x6b;&#x69;&#115;s&#x2e;&#x6a;&#x61;&#110;o&#x73;&#x40;&#x64;&#114;h&#x65;&#x2e;&#x68;&#117;<\/td>\n<\/tr>\n<tr>\n<td>5. Dr. Kmeczk\u00f3 Szil\u00e1rd<\/td>\n<td>52\/518 514<\/td>\n<td>&#107;&#x6d;&#101;&#x63;&#122;&#x6b;&#111;&#x2e;&#115;&#x7a;&#105;&#x6c;a&#x72;d&#x40;d&#x72;h&#x65;&#46;&#x68;u<\/td>\n<\/tr>\n<tr>\n<td>6. Dobi D\u00f3ra<\/td>\n<td>52\/518 554<\/td>\n<td>&#x73;&#122;e&#x6e;&#105;o&#x72;&#64;d&#x72;&#104;e&#x2e;&#104;u<\/td>\n<\/tr>\n<tr>\n<td>7. Tak\u00e1cs G\u00e1bor Csaba<\/td>\n<td>52\/518 554<\/td>\n<td>&#x73;&#x7a;&#x65;&#110;&#105;&#111;r&#46;&#x68;&#x65;&#x6c;&#x79;&#101;&#116;te&#x73;&#x40;&#x64;&#x72;&#104;&#101;&#46;h&#x75;<\/td>\n<\/tr>\n<tr>\n<td>8. Barta \u00c1gnes<\/td>\n<td>52\/518 581<\/td>\n<td>esku&#100;&#116;&#64;&#100;&#114;&#x68;&#x65;&#x2e;&#x68;&#x75;<\/td>\n<\/tr>\n<\/tbody>\n<\/table>\n<p>[\/vc_column_text][\/vc_column][\/vc_row][vc_row][vc_column][vc_column_text]<\/p>\n<table style=\"height: 304px; width: 100%;\" border=\"1\" cellspacing=\"1\" cellpadding=\"1\">\n<tbody>\n<tr>\n<td colspan=\"3\">\n<p class=\"rtecenter\"><strong>K\u00f6nyvt\u00e1rbizotts\u00e1g<br \/>\n<\/strong><strong>(eln\u00f6k, 4 oktat\u00f3, 1 hallgat\u00f3)<\/strong><\/p>\n<\/td>\n<\/tr>\n<tr>\n<td class=\"rtecenter\" style=\"width: 40%;\"><strong>N\u00e9v<\/strong><\/td>\n<td class=\"rtecenter\" style=\"width: 20%;\"><strong>Telefon<\/strong><\/td>\n<td class=\"rtecenter\" style=\"width: 40%;\"><strong>E-mail<\/strong><\/td>\n<\/tr>\n<tr>\n<td><strong>1. Dr. Hodossy-Tak\u00e1cs El\u0151d\u00a0<\/strong><\/td>\n<td>52\/518 538<\/td>\n<td>t&#97;&#x6b;&#x61;c&#115;&#x65;&#x40;d&#114;&#104;&#x65;&#x2e;h&#117;<\/td>\n<\/tr>\n<tr>\n<td>2. Balog Margit<\/td>\n<td>52\/518 596<\/td>\n<td>b&#97;&#x6c;&#x6f;g&#109;&#x40;&#x64;r&#104;&#x65;&#x2e;h&#117;<\/td>\n<\/tr>\n<tr>\n<td>3. Dr. Eged Alice<\/td>\n<td>52\/518 553<\/td>\n<td>&#x65;g&#x65;&#100;&#x2e;&#97;l&#x69;&#99;&#x65;&#64;d&#x72;&#104;&#x65;&#46;h&#x75;<\/td>\n<\/tr>\n<tr>\n<td>4. Dr. Kecz\u00e1n Mariann<\/td>\n<td>52\/518 510<\/td>\n<td>&#107;&#101;&#x63;z&#97;&#x6e;&#x2e;m&#97;&#x72;&#x69;a&#110;&#x6e;&#64;&#100;&#x72;&#x68;e&#46;&#x68;&#x75;<\/td>\n<\/tr>\n<tr>\n<td>5. Dr. N\u00e9meth \u00c1ron<\/td>\n<td>52\/518 530<\/td>\n<td>&#x6e;&#101;m&#x65;&#x74;&#104;&#46;&#x61;&#x72;&#111;n&#x40;&#x64;&#114;h&#x65;&#x2e;&#104;u<\/td>\n<\/tr>\n<tr>\n<td>6. Barta \u00c1gnes<\/td>\n<td>52\/518 581<\/td>\n<td>&#x65;&#x73;&#x6b;&#x75;&#x64;&#x74;&#x40;&#x64;&#x72;&#x68;&#x65;&#46;&#104;&#117;<\/td>\n<\/tr>\n<\/tbody>\n<\/table>\n<p>[\/vc_column_text][\/vc_column][\/vc_row][vc_row][vc_column][vc_column_text]<\/p>\n<table style=\"height: 304px; width: 100%;\" border=\"1\" cellspacing=\"1\" cellpadding=\"1\">\n<tbody>\n<tr>\n<td style=\"width: 100%;\" colspan=\"3\">\n<p class=\"rtecenter\"><strong>Informatikai Bizotts\u00e1g<br \/>\n<\/strong><strong>(eln\u00f6k, 4 oktat\u00f3, 1 hallgat\u00f3)<\/strong><\/p>\n<\/td>\n<\/tr>\n<tr>\n<td class=\"rtecenter\" style=\"width: 40%;\"><strong>N\u00e9v<\/strong><\/td>\n<td class=\"rtecenter\" style=\"width: 20%;\"><strong>Telefon<\/strong><\/td>\n<td class=\"rtecenter\" style=\"width: 40%;\"><strong>E-mail<\/strong><\/td>\n<\/tr>\n<tr>\n<td style=\"width: 40%;\"><strong>1. Dr Boda Istv\u00e1n<\/strong><\/td>\n<td style=\"width: 20%;\">52\/518 594<\/td>\n<td style=\"width: 40%;\">boda&#46;i&#115;&#116;&#118;&#97;&#110;&#64;&#100;&#x72;&#x68;&#x65;&#x2e;&#x68;&#x75;<\/td>\n<\/tr>\n<tr>\n<td style=\"width: 40%;\">2. Dr. Kis Kl\u00e1ra<\/td>\n<td style=\"width: 20%;\">52\/518 516<\/td>\n<td style=\"width: 40%;\">&#x6b;&#105;s&#x2e;&#x6b;&#108;a&#x72;&#x61;&#64;d&#x72;&#104;e&#x2e;&#x68;&#117;<\/td>\n<\/tr>\n<tr>\n<td style=\"width: 40%;\">3. Kov\u00e1cs Beatrix<\/td>\n<td style=\"width: 20%;\">52\/518 551<\/td>\n<td style=\"width: 40%;\">&#x6b;&#x6f;&#x76;&#x61;&#x63;&#x73;&#x2e;&#x62;&#x65;&#x61;&#x74;&#x72;&#x69;&#x78;&#x40;&#x64;&#x72;&#x68;&#x65;&#x2e;&#x68;&#x75;<\/td>\n<\/tr>\n<tr>\n<td style=\"width: 40%;\">4. Dr. Ledan-Muntean Istv\u00e1n<\/td>\n<td style=\"width: 20%;\">52\/518 535<\/td>\n<td style=\"width: 40%;\">l&#101;&#x64;&#x61;n&#46;&#105;&#x73;&#x74;v&#97;&#110;&#x40;&#x64;r&#104;&#x65;&#x2e;&#x68;u<\/td>\n<\/tr>\n<tr>\n<td style=\"width: 40%;\">5. Dr. T. Nagy L\u00e1szl\u00f3<\/td>\n<td style=\"width: 20%;\">52\/518 586<\/td>\n<td style=\"width: 40%;\">&#x74;&#x2e;&#x6e;&#x61;&#x67;&#x79;&#x2e;&#x6c;&#x61;&#x73;&#x7a;&#x6c;&#x6f;&#x40;&#100;&#114;&#104;&#101;&#46;&#104;&#117;<\/td>\n<\/tr>\n<tr>\n<td style=\"width: 40%;\">6. Kompanek Fanni<\/td>\n<td style=\"width: 20%;\">52\/518 581<\/td>\n<td style=\"width: 40%;\">&#101;&#x73;k&#x75;&#x64;&#116;&#x2e;h&#101;&#x6c;&#121;&#x65;t&#116;&#x65;s&#x40;d&#114;&#x68;e&#x2e;&#x68;&#117;<\/td>\n<\/tr>\n<\/tbody>\n<\/table>\n<p>[\/vc_column_text][\/vc_column][\/vc_row][vc_row][vc_column][vc_column_text]<\/p>\n<table style=\"height: 304px; width: 100%;\" border=\"1\" cellspacing=\"1\" cellpadding=\"1\">\n<tbody>\n<tr>\n<td colspan=\"3\">\n<p class=\"rtecenter\"><strong>K\u00f6zm\u0171vel\u0151d\u00e9si \u00e9s Sportbizotts\u00e1g<br \/>\n<\/strong><strong>(eln\u00f6k, 2 oktat\u00f3, 3 hallgat\u00f3)<\/strong><\/p>\n<\/td>\n<\/tr>\n<tr>\n<td class=\"rtecenter\" style=\"width: 40%;\"><strong>N\u00e9v<\/strong><\/td>\n<td class=\"rtecenter\" style=\"width: 20%;\"><strong>Telefon<\/strong><\/td>\n<td class=\"rtecenter\" style=\"width: 40%;\"><strong>E-mail<\/strong><\/td>\n<\/tr>\n<tr>\n<td><strong>1. Dr. Hodossi S\u00e1ndor<\/strong><\/td>\n<td>52\/518 548<\/td>\n<td>&#x68;&#111;d&#x6f;&#115;s&#x69;&#46;s&#x61;&#110;d&#x6f;&#114;&#64;&#x64;&#x72;h&#x65;&#x2e;&#104;&#x75;<\/td>\n<\/tr>\n<tr>\n<td>2. Dr. Kis Kl\u00e1ra<\/td>\n<td>52\/518 516<\/td>\n<td>&#x6b;&#x69;&#x73;&#x2e;&#x6b;&#x6c;&#x61;&#114;&#97;&#64;&#100;&#114;he&#46;h&#x75;<\/td>\n<\/tr>\n<tr>\n<td>3. Dr. Pincz\u00e9s Tam\u00e1s<\/td>\n<td>52\/518 506<\/td>\n<td>&#112;&#x69;n&#99;&#x7a;e&#115;&#x2e;t&#97;&#x6d;a&#115;&#x40;&#100;&#x72;&#x68;&#101;&#x2e;&#x68;&#117;<\/td>\n<\/tr>\n<tr>\n<td>4. Dobi D\u00f3ra<\/td>\n<td>52\/518 554<\/td>\n<td>&#115;z&#x65;n&#x69;&#111;&#x72;&#64;&#x64;&#114;h&#x65;&#46;&#x68;&#117;<\/td>\n<\/tr>\n<tr>\n<td>5. Barta \u00c1gnes<\/td>\n<td>52\/518 581<\/td>\n<td>e&#115;&#x6b;&#x75;d&#116;&#64;&#x64;&#x72;h&#101;&#46;&#x68;&#x75;<\/td>\n<\/tr>\n<tr>\n<td>6. Kompanek Fanni<\/td>\n<td>52\/518 581<\/td>\n<td>&#101;s&#x6b;u&#x64;t&#x2e;&#104;&#x65;&#108;&#x79;&#101;t&#x74;e&#x73;&#64;&#x64;&#114;&#x68;&#101;&#x2e;&#104;&#x75;<\/td>\n<\/tr>\n<\/tbody>\n<\/table>\n<p>[\/vc_column_text][\/vc_column][\/vc_row][vc_row][vc_column][vc_column_text]<\/p>\n<table style=\"height: 304px; width: 100%;\" border=\"1\" cellspacing=\"1\" cellpadding=\"1\">\n<tbody>\n<tr>\n<td colspan=\"3\">\n<p class=\"rtecenter\"><strong>Min\u0151s\u00e9gbiztos\u00edt\u00e1si \u00e9s \u00c9rt\u00e9kel\u00e9si Bizotts\u00e1g<br \/>\n<\/strong><strong>(eln\u00f6k, 4 oktat\u00f3, min. \u00fcgy. ref., 1 hallgat\u00f3)<\/strong><\/p>\n<\/td>\n<\/tr>\n<tr>\n<td class=\"rtecenter\" style=\"width: 40%;\"><strong>N\u00e9v<\/strong><\/td>\n<td class=\"rtecenter\" style=\"width: 20%;\"><strong>Telefon<\/strong><\/td>\n<td class=\"rtecenter\" style=\"width: 40;\"><strong>E-mail<\/strong><\/td>\n<\/tr>\n<tr>\n<td><strong>1. Dr. Bar\u00e1th B\u00e9la Levente<\/strong><\/td>\n<td>52\/518 555<\/td>\n<td>re&#107;&#116;&#111;&#x72;&#x69;&#x40;&#x64;&#x72;he&#46;&#104;&#117;<\/td>\n<\/tr>\n<tr>\n<td>2. Dr. Kust\u00e1r Zolt\u00e1n<\/td>\n<td>52\/518 559<\/td>\n<td>&#x6b;&#117;&#115;&#x74;&#x61;&#114;&#46;&#x7a;&#x6f;&#108;&#116;&#x61;&#x6e;&#64;&#100;&#x72;&#x68;&#101;&#46;&#x68;&#x75;<\/td>\n<\/tr>\n<tr>\n<td>3. Dr. Kov\u00e1cs Kriszti\u00e1n<\/td>\n<td>52\/518 570<\/td>\n<td>&#x6b;&#x6f;&#x76;&#97;&#99;s&#46;&#x6b;&#x72;&#x69;&#115;&#122;ti&#x61;&#x6e;&#x40;&#100;&#114;he&#x2e;&#x68;&#x75;<\/td>\n<\/tr>\n<tr>\n<td>4. Dr. Csillag Andrea<\/td>\n<td>52\/518 511<\/td>\n<td>&#99;&#x73;&#105;&#x6c;&#108;&#x61;&#103;&#x2e;&#97;&#x6e;&#100;&#x72;e&#x61;&#64;&#x64;r&#x68;e&#x2e;h&#x75;<\/td>\n<\/tr>\n<tr>\n<td>5. Dr. Ga\u00e1l-Szab\u00f3 P\u00e9ter<\/td>\n<td>52\/518 565<\/td>\n<td>g&#97;&#x61;&#x6c;&#x2e;s&#122;&#97;&#x62;&#x6f;&#46;&#112;&#101;&#x74;&#x65;r&#64;&#100;&#x72;&#x68;&#x65;&#46;&#104;&#x75;<\/td>\n<\/tr>\n<tr>\n<td>6. Elekes N\u00f3ra<\/td>\n<td>52\/518 583<\/td>\n<td>&#101;&#x6c;e&#107;&#x65;s&#x2e;&#x6e;&#111;&#x72;a&#64;&#x64;r&#104;&#x65;&#46;&#x68;u<\/td>\n<\/tr>\n<tr>\n<td>7. Tak\u00e1cs G\u00e1bor Csaba<\/td>\n<td>52\/518 554<\/td>\n<td>&#x73;&#x7a;&#101;n&#x69;&#x6f;&#x72;&#46;h&#x65;&#x6c;&#x79;&#101;t&#x74;&#x65;&#x73;&#64;d&#x72;&#x68;&#x65;&#46;h&#x75;<\/td>\n<\/tr>\n<\/tbody>\n<\/table>\n<p>[\/vc_column_text][\/vc_column][\/vc_row][vc_row][vc_column][vc_column_text]<\/p>\n<table style=\"height: 272px; width: 100%;\" border=\"1\" cellspacing=\"1\" cellpadding=\"1\">\n<tbody>\n<tr style=\"height: 80px;\">\n<td style=\"height: 80px; width: 100%;\" colspan=\"3\">\n<p class=\"rtecenter\"><strong>Gazdas\u00e1gi Bizotts\u00e1g<br \/>\n<\/strong><strong>(eln.: rektor, 4 oktat\u00f3, f\u0151titk\u00e1r, 1 hallgat\u00f3)<\/strong><\/p>\n<\/td>\n<\/tr>\n<tr style=\"height: 24px;\">\n<td class=\"rtecenter\" style=\"width: 40%; height: 24px;\"><strong>N\u00e9v<\/strong><\/td>\n<td class=\"rtecenter\" style=\"width: 20%; height: 24px;\"><strong>Telefon<\/strong><\/td>\n<td class=\"rtecenter\" style=\"width: 40%; height: 24px;\"><strong>E-mail<\/strong><\/td>\n<\/tr>\n<tr style=\"height: 24px;\">\n<td style=\"height: 24px; width: 40%;\"><strong>1. Dr. Bar\u00e1th B\u00e9la Levente<\/strong><\/td>\n<td style=\"height: 24px; width: 20%;\">52\/518 555<\/td>\n<td style=\"height: 24px; width: 40%;\">&#114;&#x65;&#107;&#x74;o&#114;&#x69;&#64;&#x64;r&#x68;e&#46;&#x68;&#117;<\/td>\n<\/tr>\n<tr style=\"height: 24px;\">\n<td style=\"height: 24px; width: 40%;\">2. Dr. Boda Istv\u00e1n<\/td>\n<td style=\"height: 24px; width: 20%;\">52\/518 571<\/td>\n<td style=\"height: 24px; width: 40%;\">&#x62;&#x6f;&#x64;&#x61;&#46;&#105;&#115;tv&#x61;&#x6e;&#x40;&#x64;&#x72;&#104;&#101;&#46;hu<\/td>\n<\/tr>\n<tr style=\"height: 24px;\">\n<td style=\"height: 24px; width: 40%;\">3. Dr. Ga\u00e1l S\u00e1ndor<\/td>\n<td style=\"height: 24px; width: 20%;\">52\/518 561<\/td>\n<td style=\"height: 24px; width: 40%;\">g&#97;&#x61;&#x6c;s&#64;&#100;&#x72;&#x68;e&#46;&#104;&#x75;<\/td>\n<\/tr>\n<tr style=\"height: 24px;\">\n<td style=\"height: 24px; width: 40%;\">4. Dr. Hodossi S\u00e1ndor<\/td>\n<td style=\"height: 24px; width: 20%;\">52\/518 548<\/td>\n<td style=\"height: 24px; width: 40%;\">&#x68;&#x6f;&#100;&#111;&#115;s&#x69;&#x2e;&#x73;&#97;&#110;do&#x72;&#x40;&#x64;&#114;&#104;e&#x2e;&#x68;&#x75;<\/td>\n<\/tr>\n<tr style=\"height: 24px;\">\n<td style=\"height: 24px; width: 40%;\">5. Dr. Vit\u00e9z Ferenc<\/td>\n<td style=\"height: 24px; width: 20%;\">52\/518 598<\/td>\n<td style=\"height: 24px; width: 40%;\">vitez&#46;ferenc&#64;drhe&#46;hu<\/td>\n<\/tr>\n<tr style=\"height: 24px;\">\n<td style=\"height: 24px; width: 40%;\">6. Elekes N\u00f3ra<\/td>\n<td style=\"height: 24px; width: 20%;\">52\/518 591<\/td>\n<td style=\"height: 24px; width: 40%;\">&#102;&#x6f;&#x74;i&#116;&#x6b;a&#114;&#x40;&#x64;r&#104;&#x65;&#46;&#104;&#x75;<\/td>\n<\/tr>\n<tr style=\"height: 24px;\">\n<td style=\"height: 24px; width: 40%;\">7. Dobi D\u00f3ra<\/td>\n<td style=\"height: 24px; width: 20%;\">52\/518 554<\/td>\n<td style=\"height: 24px; width: 40%;\">&#x73;&#122;e&#x6e;&#105;&#111;&#x72;&#x40;&#100;r&#x68;&#101;&#46;&#x68;&#x75;<\/td>\n<\/tr>\n<\/tbody>\n<\/table>\n<p>[\/vc_column_text][\/vc_column][\/vc_row][vc_row][vc_column][vc_column_text css=&#8221;&#8221;]<\/p>\n<table style=\"height: 272px; width: 100%;\" border=\"1\" cellspacing=\"1\" cellpadding=\"1\">\n<tbody>\n<tr style=\"height: 80px;\">\n<td style=\"height: 80px;\" colspan=\"3\">\n<p class=\"rtecenter\"><strong>Tanulm\u00e1nyi Bizotts\u00e1g<br \/>\n<\/strong><strong>(eln\u00f6k: okt. rh., int\u00e9zetvezet\u0151k, 2 oktat\u00f3, 2 hallgat\u00f3)<\/strong><\/p>\n<\/td>\n<\/tr>\n<tr style=\"height: 24px;\">\n<td class=\"rtecenter\" style=\"width: 40%; height: 24px;\"><strong>N\u00e9v<\/strong><\/td>\n<td class=\"rtecenter\" style=\"width: 20%; height: 24px;\"><strong>Telefon<\/strong><\/td>\n<td class=\"rtecenter\" style=\"width: 40%; height: 24px;\"><strong>E-mail<\/strong><\/td>\n<\/tr>\n<tr style=\"height: 24px;\">\n<td style=\"height: 24px;\"><strong>1. Dr. Vit\u00e9z Ferenc<\/strong><\/td>\n<td style=\"height: 24px;\">52\/518 575<\/td>\n<td style=\"height: 24px;\">&#x76;&#105;&#116;e&#x7a;&#x2e;&#102;e&#x72;&#x65;&#110;c&#64;&#x64;&#114;&#104;e&#x2e;&#x68;&#117;<\/td>\n<\/tr>\n<tr style=\"height: 24px;\">\n<td style=\"height: 24px;\">2. Dr. Kust\u00e1r Zolt\u00e1n<\/td>\n<td style=\"height: 24px;\">52\/518 550<\/td>\n<td style=\"height: 24px;\">&#107;&#x75;&#x73;t&#97;&#x72;&#46;&#122;&#x6f;l&#116;&#x61;n&#64;&#x64;&#x72;&#104;&#x65;&#x2e;h&#117;<\/td>\n<\/tr>\n<tr style=\"height: 24px;\">\n<td style=\"height: 24px;\">3. Dr. Csillag Andrea<\/td>\n<td style=\"height: 24px;\">52\/518 511<\/td>\n<td style=\"height: 24px;\">&#x63;&#x73;&#105;l&#x6c;&#x61;&#103;&#46;a&#x6e;&#x64;&#114;e&#x61;&#x40;&#100;&#114;h&#x65;&#x2e;&#104;u<\/td>\n<\/tr>\n<tr style=\"height: 24px;\">\n<td style=\"height: 24px;\">4. Dr. Gonda L\u00e1szl\u00f3<\/td>\n<td style=\"height: 24px;\">52\/518 513<\/td>\n<td style=\"height: 24px;\">&#x67;&#x6f;&#x6e;&#x64;&#x61;&#108;&#64;&#100;&#114;he&#46;&#x68;&#x75;<\/td>\n<\/tr>\n<tr style=\"height: 24px;\">\n<td style=\"height: 24px;\">5. Dr. Moln\u00e1r-Tamus Vikt\u00f3ria<\/td>\n<td style=\"height: 24px;\">52\/518 534<\/td>\n<td style=\"height: 24px;\">&#x6d;&#111;&#x6c;&#110;a&#x72;&#46;t&#x61;&#109;&#x75;&#x73;&#46;&#x76;&#105;k&#x74;&#111;&#x72;&#x69;a&#x40;&#100;r&#x68;&#101;&#46;&#x68;&#117;<\/td>\n<\/tr>\n<tr style=\"height: 24px;\">\n<td style=\"height: 24px;\">6. Tak\u00e1cs G\u00e1bor Csaba<\/td>\n<td style=\"height: 24px;\">52\/518 554<\/td>\n<td style=\"height: 24px;\">&#x73;&#x7a;&#x65;&#x6e;&#x69;&#x6f;&#114;&#46;&#104;&#101;lyet&#x74;&#x65;&#x73;&#x40;&#x64;&#x72;&#104;&#101;&#46;&#104;&#117;<\/td>\n<\/tr>\n<tr style=\"height: 24px;\">\n<td style=\"height: 24px;\">7. Barta \u00c1gnes<\/td>\n<td style=\"height: 24px;\">52\/518 581<\/td>\n<td style=\"height: 24px;\">&#101;&#x73;&#x6b;u&#100;&#x74;&#x40;d&#114;&#x68;e&#46;&#x68;&#x75;<\/td>\n<\/tr>\n<\/tbody>\n<\/table>\n<p>[\/vc_column_text][\/vc_column][\/vc_row][vc_row][vc_column][vc_column_text css=&#8221;&#8221;]<\/p>\n<table style=\"height: 219px; width: 100%;\" border=\"1\" cellspacing=\"1\" cellpadding=\"1\">\n<tbody>\n<tr>\n<td style=\"width: 100%;\" colspan=\"3\">\n<p class=\"rtecenter\"><strong>Kredit\u00e1tviteli Bizotts\u00e1g<br \/>\n<\/strong><strong>(eln\u00f6k: okt. rh., int\u00e9zetvezet\u0151k)<\/strong><\/p>\n<\/td>\n<\/tr>\n<tr>\n<td class=\"rtecenter\" style=\"width: 40%;\"><strong>N\u00e9v<\/strong><\/td>\n<td class=\"rtecenter\" style=\"width: 20%;\"><strong>Telefon<\/strong><\/td>\n<td class=\"rtecenter\" style=\"width: 40%;\"><strong>E-mail<\/strong><\/td>\n<\/tr>\n<tr>\n<td style=\"width: 40%;\"><strong>1. Dr. Vit\u00e9z Ferenc<\/strong><\/td>\n<td style=\"width: 20%;\">52\/518 575<\/td>\n<td style=\"width: 40%;\">&#118;&#x69;t&#101;&#x7a;&#46;&#x66;&#x65;&#114;&#x65;n&#99;&#x40;d&#114;&#x68;&#101;&#x2e;h&#117;<\/td>\n<\/tr>\n<tr style=\"height: 24px;\">\n<td style=\"height: 24px; width: 40%;\">2. Dr. Kust\u00e1r Zolt\u00e1n<\/td>\n<td style=\"height: 24px; width: 20%;\">52\/518 550<\/td>\n<td style=\"height: 24px; width: 40%;\">ku&#115;&#116;&#97;&#x72;&#x2e;&#x7a;&#x6f;lt&#97;&#110;&#64;&#x64;&#x72;&#x68;&#x65;&#46;h&#117;<\/td>\n<\/tr>\n<tr style=\"height: 24px;\">\n<td style=\"height: 24px; width: 40%;\">3. Dr. Csillag Andrea<\/td>\n<td style=\"height: 24px; width: 20%;\">52\/518 511<\/td>\n<td style=\"height: 24px; width: 40%;\">cs&#105;&#108;&#108;&#x61;&#x67;&#x2e;&#x61;&#x6e;dr&#101;&#97;&#64;&#x64;&#x72;&#x68;&#x65;&#x2e;hu<\/td>\n<\/tr>\n<\/tbody>\n<\/table>\n<p>[\/vc_column_text][\/vc_column][\/vc_row][vc_row][vc_column][vc_column_text]<\/p>\n<table style=\"height: 321px; width: 100.145%;\" border=\"1\" cellspacing=\"1\" cellpadding=\"1\">\n<tbody>\n<tr>\n<td style=\"width: 101.758%;\" colspan=\"3\">\n<p class=\"rtecenter\"><strong>Tudom\u00e1nyos \u00e9s M\u0171v\u00e9szeti Bizotts\u00e1g<br \/>\n<\/strong><strong>(eln\u00f6k: hab. oktat\u00f3, 5 oktat\u00f3, 1 PhD hallgat\u00f3)<\/strong><\/p>\n<\/td>\n<td style=\"width: 0.724113%;\"><\/td>\n<td style=\"width: 12.3933%;\"><\/td>\n<\/tr>\n<tr>\n<td class=\"rtecenter\" style=\"width: 40%;\"><strong>N\u00e9v<\/strong><\/td>\n<td class=\"rtecenter\" style=\"width: 20%;\"><strong>Telefon<\/strong><\/td>\n<td class=\"rtecenter\" style=\"width: 41.7582%;\"><strong>E-mail<\/strong><\/td>\n<td style=\"width: 0.724113%;\"><\/td>\n<td style=\"width: 12.3933%;\"><\/td>\n<\/tr>\n<tr>\n<td style=\"width: 40%;\"><strong>1. Dr. Kust\u00e1r Zolt\u00e1n<\/strong><\/td>\n<td style=\"width: 20%;\">52\/518 550<\/td>\n<td style=\"width: 41.7582%;\">&#107;&#x75;&#x73;t&#97;&#x72;&#46;&#122;&#x6f;&#x6c;t&#97;&#x6e;&#64;&#100;&#x72;&#x68;e&#46;&#x68;u<\/td>\n<td style=\"width: 0.724113%;\"><\/td>\n<td style=\"width: 12.3933%;\"><\/td>\n<\/tr>\n<tr>\n<td style=\"width: 40%;\">2. Dr. Kiss Csaba<\/td>\n<td style=\"width: 20%;\">52\/518 543<\/td>\n<td style=\"width: 41.7582%;\">k&#105;&#115;&#x73;&#x2e;cs&#97;&#98;&#x61;&#x40;dr&#104;&#101;&#x2e;&#x68;u<\/td>\n<td style=\"width: 0.724113%;\"><\/td>\n<td style=\"width: 12.3933%;\"><\/td>\n<\/tr>\n<tr>\n<td style=\"width: 40%;\">3. Dr. Kmeczk\u00f3 Szil\u00e1rd<\/td>\n<td style=\"width: 20%;\">52\/518 514<\/td>\n<td style=\"width: 41.7582%;\">&#x6b;m&#x65;&#99;z&#x6b;&#111;&#x2e;&#115;z&#x69;&#108;&#x61;&#114;d&#x40;&#100;&#x72;&#x68;e&#x2e;&#104;u<\/td>\n<td style=\"width: 0.724113%;\"><\/td>\n<td style=\"width: 12.3933%;\"><\/td>\n<\/tr>\n<tr>\n<td style=\"width: 40%;\">4. Dr. Kov\u00e1cs \u00c1brah\u00e1m<\/td>\n<td style=\"width: 20%;\">52\/518 573<\/td>\n<td style=\"width: 41.7582%;\">&#x6b;&#111;v&#x61;&#99;s&#x2e;&#97;b&#x72;&#97;h&#x61;&#109;&#64;&#x64;&#114;h&#x65;&#46;h&#x75;<\/td>\n<td style=\"width: 0.724113%;\"><\/td>\n<td style=\"width: 12.3933%;\"><\/td>\n<\/tr>\n<tr>\n<td style=\"width: 40%;\">5. Dr. N\u00e9meth \u00c1ron<\/td>\n<td style=\"width: 20%;\">52\/518 530<\/td>\n<td style=\"width: 41.7582%;\">&#110;&#x65;m&#x65;&#x74;&#104;&#x2e;a&#114;&#x6f;&#110;&#x40;d&#114;&#x68;e&#x2e;h&#117;<\/td>\n<td style=\"width: 0.724113%;\"><\/td>\n<td style=\"width: 12.3933%;\"><\/td>\n<\/tr>\n<tr>\n<td style=\"width: 40%;\">6. Dr. Vit\u00e9z Ferenc<\/td>\n<td style=\"width: 20%;\">52\/518 598<\/td>\n<td style=\"width: 41.7582%;\">&#x76;i&#x74;e&#x7a;&#46;&#x66;&#101;r&#x65;n&#x63;&#64;&#x64;&#114;&#x68;&#101;&#46;&#x68;u<\/td>\n<td style=\"width: 0.724113%;\"><\/td>\n<td style=\"width: 12.3933%;\"><\/td>\n<\/tr>\n<tr>\n<td style=\"width: 40%;\">7. Bohus-Kiss Ingrid<\/td>\n<td style=\"width: 20%;\"><\/td>\n<td style=\"width: 41.7582%;\"><\/td>\n<td style=\"width: 0.724113%;\"><\/td>\n<td style=\"width: 12.3933%;\"><\/td>\n<\/tr>\n<\/tbody>\n<\/table>\n<p>[\/vc_column_text][\/vc_column][\/vc_row][vc_row][vc_column][vc_column_text]<\/p>\n<table style=\"height: 272px; width: 100%;\" border=\"1\" cellspacing=\"1\" cellpadding=\"1\">\n<tbody>\n<tr style=\"height: 80px;\">\n<td style=\"height: 80px;\" colspan=\"3\">\n<p class=\"rtecenter\"><strong>Tudom\u00e1nyos Di\u00e1kk\u00f6ri Tan\u00e1cs<br \/>\n<\/strong><strong>(eln\u00f6k, 4 oktat\u00f3, 2 hallgat\u00f3)<\/strong><\/p>\n<\/td>\n<\/tr>\n<tr style=\"height: 24px;\">\n<td class=\"rtecenter\" style=\"width: 40%; height: 24px;\"><strong>N\u00e9v<\/strong><\/td>\n<td class=\"rtecenter\" style=\"width: 20%; height: 24px;\"><strong>Telefon<\/strong><\/td>\n<td class=\"rtecenter\" style=\"width: 40%; height: 24px;\"><strong>E-mail<\/strong><\/td>\n<\/tr>\n<tr style=\"height: 24px;\">\n<td style=\"height: 24px;\"><strong>1. Dr. Ledan-Muntean Istv\u00e1n<\/strong><\/td>\n<td style=\"height: 24px;\">52\/518 535<\/td>\n<td style=\"height: 24px;\">ledan&#46;istvan&#64;&#100;&#114;&#104;&#101;&#46;&#104;&#117;<\/td>\n<\/tr>\n<tr style=\"height: 24px;\">\n<td style=\"height: 24px;\">2. Dr. Kenyhercz R\u00f3bert<\/td>\n<td style=\"height: 24px;\">52\/518 510<\/td>\n<td style=\"height: 24px;\">ke&#110;&#121;&#104;&#x65;&#x72;&#x63;&#x7a;&#46;r&#111;&#98;&#101;&#x72;&#x74;&#x40;&#x64;rh&#101;&#46;&#104;&#x75;<\/td>\n<\/tr>\n<tr style=\"height: 24px;\">\n<td style=\"height: 24px;\">3. Dr. K\u00f3kai-Nagy Viktor<\/td>\n<td style=\"height: 24px;\">52\/518 580<\/td>\n<td style=\"height: 24px;\">&#x6b;o&#x6b;&#97;&#x69;&#x6e;a&#x67;&#121;&#x2e;&#x76;i&#x6b;&#116;&#x6f;&#x72;&#64;&#x64;&#114;&#x68;&#x65;&#46;&#x68;&#117;<\/td>\n<\/tr>\n<tr style=\"height: 24px;\">\n<td style=\"height: 24px;\">4. Dr. Kov\u00e1cs Kriszti\u00e1n<\/td>\n<td style=\"height: 24px;\">52\/518 570<\/td>\n<td style=\"height: 24px;\">&#107;&#x6f;&#118;&#x61;&#99;&#x73;&#46;&#x6b;&#114;&#x69;&#115;&#x7a;&#116;&#x69;&#97;&#x6e;&#64;&#x64;&#114;&#x68;&#101;&#x2e;&#104;&#x75;<\/td>\n<\/tr>\n<tr style=\"height: 24px;\">\n<td style=\"height: 24px;\">5. Dr. Moln\u00e1r-Tamus Vikt\u00f3ria<\/td>\n<td style=\"height: 24px;\">52\/518 534<\/td>\n<td style=\"height: 24px;\">&#x6d;&#x6f;&#x6c;&#x6e;&#x61;&#x72;&#x2e;&#x74;&#x61;&#x6d;&#x75;&#x73;&#x2e;&#x76;&#x69;&#x6b;&#x74;&#x6f;&#x72;&#x69;&#x61;&#x40;&#x64;&#x72;&#x68;&#x65;&#x2e;&#x68;&#x75;<\/td>\n<\/tr>\n<tr style=\"height: 24px;\">\n<td style=\"height: 24px;\">6. Tak\u00e1cs G\u00e1bor Csaba<\/td>\n<td style=\"height: 24px;\">52\/518 554<\/td>\n<td style=\"height: 24px;\">&#115;&#x7a;e&#x6e;i&#111;&#x72;&#46;&#x68;e&#108;&#x79;&#101;&#x74;t&#x65;&#x73;&#64;&#x64;r&#x68;e&#46;&#x68;&#117;<\/td>\n<\/tr>\n<tr style=\"height: 24px;\">\n<td style=\"height: 24px;\">7. Kompanek Fanni<\/td>\n<td style=\"height: 24px;\">52\/518 581<\/td>\n<td style=\"height: 24px;\">&#101;&#x73;k&#x75;&#x64;&#116;&#x2e;h&#x65;&#x6c;&#121;&#x65;t&#x74;&#x65;&#115;&#x40;d&#x72;&#x68;&#101;&#x2e;h&#x75;<\/td>\n<\/tr>\n<\/tbody>\n<\/table>\n<p>[\/vc_column_text][\/vc_column][\/vc_row]<\/p>\n<\/div>","protected":false},"excerpt":{"rendered":"<p>[vc_row][vc_column][vc_column_text] A DRHE Szen\u00e1tus\u00e1nak \u00e1lland\u00f3 bizotts\u00e1gai (2023\u22122026) [\/vc_column_text][\/vc_column][\/vc_row][vc_row][vc_column][vc_column_text] Di\u00e1kj\u00f3l\u00e9ti Bizotts\u00e1g (eln\u00f6k, 2 oktat\u00f3, 2 hallgat\u00f3) N\u00e9v Telefon E-mail 1. Herdon<\/p>\n","protected":false},"author":1,"featured_media":0,"parent":2581,"menu_order":0,"comment_status":"closed","ping_status":"closed","template":"page-tanszek.php","meta":{"_acf_changed":false,"footnotes":"","_links_to":"","_links_to_target":""},"class_list":["post-1862","page","type-page","status-publish","hentry"],"acf":[],"_links":{"self":[{"href":"https:\/\/drhe.hu\/en\/wp-json\/wp\/v2\/pages\/1862","targetHints":{"allow":["GET"]}}],"collection":[{"href":"https:\/\/drhe.hu\/en\/wp-json\/wp\/v2\/pages"}],"about":[{"href":"https:\/\/drhe.hu\/en\/wp-json\/wp\/v2\/types\/page"}],"author":[{"embeddable":true,"href":"https:\/\/drhe.hu\/en\/wp-json\/wp\/v2\/users\/1"}],"replies":[{"embeddable":true,"href":"https:\/\/drhe.hu\/en\/wp-json\/wp\/v2\/comments?post=1862"}],"version-history":[{"count":82,"href":"https:\/\/drhe.hu\/en\/wp-json\/wp\/v2\/pages\/1862\/revisions"}],"predecessor-version":[{"id":27036,"href":"https:\/\/drhe.hu\/en\/wp-json\/wp\/v2\/pages\/1862\/revisions\/27036"}],"up":[{"embeddable":true,"href":"https:\/\/drhe.hu\/en\/wp-json\/wp\/v2\/pages\/2581"}],"wp:attachment":[{"href":"https:\/\/drhe.hu\/en\/wp-json\/wp\/v2\/media?parent=1862"}],"curies":[{"name":"wp","href":"https:\/\/api.w.org\/{rel}","templated":true}]}}