{"id":1866,"date":"2021-09-13T11:09:11","date_gmt":"2021-09-13T09:09:11","guid":{"rendered":"http:\/\/new.drhe.hu\/?page_id=1866"},"modified":"2026-02-20T12:20:32","modified_gmt":"2026-02-20T11:20:32","slug":"doktori-tanacs","status":"publish","type":"page","link":"https:\/\/drhe.hu\/en\/egyetemunk\/vezeto-testuletek-bizottsagok\/doktori-tanacs\/","title":{"rendered":"Doktori Tan\u00e1cs"},"content":{"rendered":"<div class=\"wpb-content-wrapper\"><p>[vc_row][vc_column][vc_column_text]<\/p>\n<h3 style=\"text-align: center;\">A Doktori Tan\u00e1cs tagjai<\/h3>\n<p>[\/vc_column_text][vc_column_text css=&#8221;&#8221; el_class=&#8221;flex-table&#8221;]<\/p>\n<table style=\"width: 75.1853%; height: 338px;\" border=\"1\" cellspacing=\"1\" cellpadding=\"1\">\n<tbody>\n<tr style=\"height: 24px;\">\n<td style=\"width: 99.5178%; height: 24px;\" colspan=\"2\"><strong>Eln\u00f6k:<\/strong><\/td>\n<\/tr>\n<tr style=\"height: 24px;\">\n<td style=\"width: 43.2015%; height: 24px;\">Dr. Hodossy-Tak\u00e1cs El\u0151d<\/td>\n<td style=\"width: 56.3163%; height: 24px;\">egyetemi tan\u00e1r, tansz\u00e9kvezet\u0151<\/td>\n<\/tr>\n<tr style=\"height: 24px;\">\n<td style=\"width: 99.5178%; height: 24px;\" colspan=\"2\"><strong>Titk\u00e1r:<\/strong><\/td>\n<\/tr>\n<tr style=\"height: 24px;\">\n<td style=\"width: 43.2015%; height: 24px;\">Dr. Bar\u00e1th B\u00e9la Levente<\/td>\n<td style=\"width: 56.3163%; height: 24px;\">egyetemi tan\u00e1r, rektor<\/td>\n<\/tr>\n<tr style=\"height: 24px;\">\n<td style=\"width: 99.5178%; height: 24px;\" colspan=\"2\"><strong>Bels\u0151 tagok<\/strong><\/td>\n<\/tr>\n<tr style=\"height: 24px;\">\n<td style=\"width: 43.2015%; height: 24px;\">Dr. Fazakas S\u00e1ndor<\/td>\n<td style=\"width: 56.3163%; height: 24px;\">egyetemi tan\u00e1r, tansz\u00e9kvezet\u0151<\/td>\n<\/tr>\n<tr style=\"height: 24px;\">\n<td style=\"width: 43.2015%; height: 24px;\">Dr. Fekete K\u00e1roly<\/td>\n<td style=\"width: 56.3163%; height: 24px;\">egyetemi tan\u00e1r<\/td>\n<\/tr>\n<tr style=\"height: 24px;\">\n<td style=\"width: 43.2015%; height: 24px;\">Dr. Gonda L\u00e1szl\u00f3<\/td>\n<td style=\"width: 56.3163%; height: 24px;\">egyetemi docens<\/td>\n<\/tr>\n<tr style=\"height: 26px;\">\n<td style=\"width: 43.2015%; height: 26px;\">Dr. Kov\u00e1cs \u00c1brah\u00e1m<\/td>\n<td style=\"width: 56.3163%; height: 26px;\">egyetemi tan\u00e1r<\/td>\n<\/tr>\n<tr style=\"height: 24px;\">\n<td style=\"width: 43.2015%; height: 24px;\">Dr. Kust\u00e1r Zolt\u00e1n<\/td>\n<td style=\"width: 56.3163%; height: 24px;\">egyetemi tan\u00e1r, int\u00e9zetvezet\u0151, tansz\u00e9kvezet\u0151<\/td>\n<\/tr>\n<tr style=\"height: 24px;\">\n<td style=\"width: 43.2015%; height: 24px;\">Bohus-Kiss Ingrid Csenge<\/td>\n<td style=\"width: 56.3163%; height: 24px;\">PHD hallgat\u00f3<\/td>\n<\/tr>\n<tr style=\"height: 24px;\">\n<td style=\"width: 99.5178%; height: 24px;\" colspan=\"2\"><strong>K\u00fcls\u0151 tagok<\/strong><\/td>\n<\/tr>\n<tr style=\"height: 24px;\">\n<td style=\"width: 43.2015%; height: 24px;\">Dr. Imre Mih\u00e1ly<\/td>\n<td style=\"width: 56.3163%; height: 24px;\">professor emeritus, az MTA doktora<\/td>\n<\/tr>\n<tr style=\"height: 24px;\">\n<td style=\"width: 43.2015%; height: 24px;\">Prof. Dr. Pusztai Gabriella<\/td>\n<td style=\"width: 56.3163%; height: 24px;\">egyetemi tan\u00e1r<\/td>\n<\/tr>\n<\/tbody>\n<\/table>\n<p>[\/vc_column_text][\/vc_column][\/vc_row][vc_row][vc_column][vc_column_text css=&#8221;&#8221;]<\/p>\n<h4>A Doktori Tan\u00e1cs hat\u00e1rozatai:<\/h4>\n<p><a href=\"https:\/\/drhe.hu\/wp-content\/uploads\/2025\/10\/DoktoriTanacs-hatarozatai-2025-teljes.pdf\">2025<\/a>[\/vc_column_text][\/vc_column][\/vc_row]<\/p>\n<\/div>","protected":false},"excerpt":{"rendered":"<p>[vc_row][vc_column][vc_column_text] A Doktori Tan\u00e1cs tagjai [\/vc_column_text][vc_column_text css=&#8221;&#8221; el_class=&#8221;flex-table&#8221;] Eln\u00f6k: Dr. Hodossy-Tak\u00e1cs El\u0151d egyetemi tan\u00e1r, tansz\u00e9kvezet\u0151 Titk\u00e1r: Dr. Bar\u00e1th B\u00e9la Levente<\/p>\n","protected":false},"author":1,"featured_media":0,"parent":2581,"menu_order":13,"comment_status":"closed","ping_status":"closed","template":"","meta":{"_acf_changed":false,"footnotes":"","_links_to":"","_links_to_target":""},"class_list":["post-1866","page","type-page","status-publish","hentry"],"acf":[],"_links":{"self":[{"href":"https:\/\/drhe.hu\/en\/wp-json\/wp\/v2\/pages\/1866","targetHints":{"allow":["GET"]}}],"collection":[{"href":"https:\/\/drhe.hu\/en\/wp-json\/wp\/v2\/pages"}],"about":[{"href":"https:\/\/drhe.hu\/en\/wp-json\/wp\/v2\/types\/page"}],"author":[{"embeddable":true,"href":"https:\/\/drhe.hu\/en\/wp-json\/wp\/v2\/users\/1"}],"replies":[{"embeddable":true,"href":"https:\/\/drhe.hu\/en\/wp-json\/wp\/v2\/comments?post=1866"}],"version-history":[{"count":25,"href":"https:\/\/drhe.hu\/en\/wp-json\/wp\/v2\/pages\/1866\/revisions"}],"predecessor-version":[{"id":26875,"href":"https:\/\/drhe.hu\/en\/wp-json\/wp\/v2\/pages\/1866\/revisions\/26875"}],"up":[{"embeddable":true,"href":"https:\/\/drhe.hu\/en\/wp-json\/wp\/v2\/pages\/2581"}],"wp:attachment":[{"href":"https:\/\/drhe.hu\/en\/wp-json\/wp\/v2\/media?parent=1866"}],"curies":[{"name":"wp","href":"https:\/\/api.w.org\/{rel}","templated":true}]}}