{"id":1868,"date":"2021-09-13T11:10:37","date_gmt":"2021-09-13T09:10:37","guid":{"rendered":"http:\/\/new.drhe.hu\/?page_id=1868"},"modified":"2025-02-26T13:30:00","modified_gmt":"2025-02-26T12:30:00","slug":"habilitacios-tanacs","status":"publish","type":"page","link":"https:\/\/drhe.hu\/en\/egyetemunk\/vezeto-testuletek-bizottsagok\/habilitacios-tanacs\/","title":{"rendered":"Habilit\u00e1ci\u00f3s Tan\u00e1cs"},"content":{"rendered":"<div class=\"wpb-content-wrapper\"><p>[vc_row][vc_column][vc_column_text]<\/p>\n<h3 style=\"text-align: center;\">A Habilit\u00e1ci\u00f3s Tan\u00e1cs tagjai<\/h3>\n<p>[\/vc_column_text][vc_column_text el_class=&#8221;flex-table&#8221;]<\/p>\n<table style=\"width: 100%; height: 288px;\" border=\"1\" cellspacing=\"1\" cellpadding=\"1\">\n<tbody>\n<tr style=\"height: 24px;\">\n<td style=\"width: 512px; height: 24px;\" colspan=\"2\"><strong>Eln\u00f6k<\/strong><\/td>\n<\/tr>\n<tr style=\"height: 24px;\">\n<td style=\"width: 253px; height: 24px;\">Dr. habil. Hodossy-Tak\u00e1cs El\u0151d<\/td>\n<td style=\"width: 259px; height: 24px;\">egyetemi tan\u00e1r, tansz\u00e9kvezet\u0151<\/td>\n<\/tr>\n<tr style=\"height: 24px;\">\n<td style=\"width: 512px; height: 24px;\" colspan=\"2\"><strong>Titk\u00e1r<\/strong><\/td>\n<\/tr>\n<tr style=\"height: 24px;\">\n<td style=\"width: 253px; height: 24px;\">Dr. habil. Bar\u00e1th B\u00e9la Levente<\/td>\n<td style=\"width: 259px; height: 24px;\">egyetemi tan\u00e1r, rektor<\/td>\n<\/tr>\n<tr style=\"height: 24px;\">\n<td style=\"width: 512px; height: 24px;\" colspan=\"2\"><strong>Bels\u0151 tagok<\/strong><\/td>\n<\/tr>\n<tr style=\"height: 24px;\">\n<td style=\"width: 253px; height: 24px;\">Dr. habil. Fazakas S\u00e1ndor<\/td>\n<td style=\"width: 259px; height: 24px;\">egyetemi tan\u00e1r, tansz\u00e9kvezet\u0151<\/td>\n<\/tr>\n<tr style=\"height: 24px;\">\n<td style=\"width: 253px; height: 24px;\">Dr. habil. Fekete K\u00e1roly<\/td>\n<td style=\"width: 259px; height: 24px;\">egyetemi tan\u00e1r<\/td>\n<\/tr>\n<tr>\n<td style=\"width: 253px;\">Dr. habil. Kov\u00e1cs \u00c1brah\u00e1m<\/td>\n<td style=\"width: 259px;\">egyetemi tan\u00e1r, mb. tansz\u00e9kvezet\u0151<\/td>\n<\/tr>\n<tr style=\"height: 24px;\">\n<td style=\"width: 253px; height: 24px;\">Dr. habil. Kust\u00e1r Zolt\u00e1n<\/td>\n<td style=\"width: 259px; height: 24px;\">egyetemi tan\u00e1r, int\u00e9zetvezet\u0151, tansz\u00e9kvezet\u0151<\/td>\n<\/tr>\n<tr style=\"height: 24px;\">\n<td style=\"width: 512px; height: 24px;\" colspan=\"2\"><strong>K\u00fcls\u0151 tagok<\/strong><\/td>\n<\/tr>\n<tr style=\"height: 24px;\">\n<td style=\"width: 253px; height: 24px;\">Dr. habil. Balogh L\u00e1szl\u00f3 Levente<\/td>\n<td style=\"width: 259px; height: 24px;\">egyetemi docens<\/td>\n<\/tr>\n<tr style=\"height: 24px;\">\n<td style=\"width: 253px; height: 24px;\">Dr. habil. Imre Mih\u00e1ly<\/td>\n<td style=\"width: 259px; height: 24px;\">professor emeritus, az MTA doktora<\/td>\n<\/tr>\n<tr style=\"height: 24px;\">\n<td style=\"width: 253px; height: 24px;\">Prof. Dr. habil. Pusztai Gabriella<\/td>\n<td style=\"width: 259px; height: 24px;\">egyetemi tan\u00e1r, az MTA doktora<\/td>\n<\/tr>\n<\/tbody>\n<\/table>\n<p>[\/vc_column_text][\/vc_column][\/vc_row]<\/p>\n<\/div>","protected":false},"excerpt":{"rendered":"<p>[vc_row][vc_column][vc_column_text] A Habilit\u00e1ci\u00f3s Tan\u00e1cs tagjai [\/vc_column_text][vc_column_text el_class=&#8221;flex-table&#8221;] Eln\u00f6k Dr. habil. Hodossy-Tak\u00e1cs El\u0151d egyetemi tan\u00e1r, tansz\u00e9kvezet\u0151 Titk\u00e1r Dr. habil. Bar\u00e1th B\u00e9la<\/p>\n","protected":false},"author":1,"featured_media":0,"parent":2581,"menu_order":14,"comment_status":"closed","ping_status":"closed","template":"","meta":{"_acf_changed":false,"footnotes":"","_links_to":"","_links_to_target":""},"class_list":["post-1868","page","type-page","status-publish","hentry"],"acf":[],"_links":{"self":[{"href":"https:\/\/drhe.hu\/en\/wp-json\/wp\/v2\/pages\/1868","targetHints":{"allow":["GET"]}}],"collection":[{"href":"https:\/\/drhe.hu\/en\/wp-json\/wp\/v2\/pages"}],"about":[{"href":"https:\/\/drhe.hu\/en\/wp-json\/wp\/v2\/types\/page"}],"author":[{"embeddable":true,"href":"https:\/\/drhe.hu\/en\/wp-json\/wp\/v2\/users\/1"}],"replies":[{"embeddable":true,"href":"https:\/\/drhe.hu\/en\/wp-json\/wp\/v2\/comments?post=1868"}],"version-history":[{"count":17,"href":"https:\/\/drhe.hu\/en\/wp-json\/wp\/v2\/pages\/1868\/revisions"}],"predecessor-version":[{"id":23427,"href":"https:\/\/drhe.hu\/en\/wp-json\/wp\/v2\/pages\/1868\/revisions\/23427"}],"up":[{"embeddable":true,"href":"https:\/\/drhe.hu\/en\/wp-json\/wp\/v2\/pages\/2581"}],"wp:attachment":[{"href":"https:\/\/drhe.hu\/en\/wp-json\/wp\/v2\/media?parent=1868"}],"curies":[{"name":"wp","href":"https:\/\/api.w.org\/{rel}","templated":true}]}}