{"id":1913,"date":"2021-09-15T12:56:28","date_gmt":"2021-09-15T10:56:28","guid":{"rendered":"http:\/\/new.drhe.hu\/?page_id=1913"},"modified":"2026-03-12T10:18:47","modified_gmt":"2026-03-12T09:18:47","slug":"szabalyzatok","status":"publish","type":"page","link":"https:\/\/drhe.hu\/en\/egyetemunk\/szabalyzatok\/szabalyzatok\/","title":{"rendered":"Szab\u00e1lyzatok"},"content":{"rendered":"<div class=\"wpb-content-wrapper\"><p>[vc_row][vc_column][vc_column_text]<strong>Kutat\u00f3int\u00e9zetek Szervezeti \u00e9s M\u0171k\u00f6d\u00e9si Szab\u00e1lyzatai<\/strong><\/p>\n<ul>\n<li><a href=\"https:\/\/drhe.hu\/wp-content\/uploads\/2021\/10\/interkulturalis_kutatointezet_-_szabalyzat_-_2018-jav.pdf\" target=\"\" rel=\"noopener\">Interkultur\u00e1lis Tanulm\u00e1nyok Kutat\u00f3int\u00e9zete &#8211; M\u0171k\u00f6d\u00e9si Szab\u00e1lyzat<\/a>\u00a0(2018.05.15.)<\/li>\n<li><a href=\"http:\/\/drhe.hu\/wp-content\/uploads\/2021\/10\/patmos_bibliai_tudomanyok_kutatointezete_-_szmsz_-_2018_majus_15_1.pdf\" target=\"\" rel=\"noopener\">PATMOSZ &#8211; Bibliai Tudom\u00e1nyok Kutat\u00f3int\u00e9zete &#8211; M\u0171k\u00f6d\u00e9si Szab\u00e1lyzat<\/a>\u00a0(2018.05.15.)<\/li>\n<li><a href=\"http:\/\/drhe.hu\/wp-content\/uploads\/2021\/10\/077_kutatoint_hatvani_istvan_szmsz.pdf\" target=\"\" rel=\"noopener\">Hatvani Istv\u00e1n Kutat\u00f3int\u00e9zet SzMSz<\/a>\u00a0<em>(2012.02.21.)<\/em><\/li>\n<li><a href=\"https:\/\/drhe.hu\/wp-content\/uploads\/2023\/05\/Kutatoint-Katechetika-SzMSz-1.-sz.-modositassal-2023-aprilis-.pdf\" target=\"_blank\" rel=\"noopener\">Katechetikai K\u00f6zpont SzMSz<\/a> (2023.04.18.)<\/li>\n<li><a href=\"http:\/\/drhe.hu\/wp-content\/uploads\/2021\/10\/077_kutatokp_katechetika_szmsz.pdf\" target=\"\" rel=\"noopener\">Katechetikai K\u00f6zpont SzMSz<\/a>\u00a0<em>(2012.02.21.)Interkultur\u00e1lis Tanulm\u00e1nyok Kutat\u00f3int\u00e9zete &#8211; M\u0171k\u00f6d\u00e9si Szab\u00e1lyzat<\/em><\/li>\n<li><a href=\"https:\/\/drhe.hu\/wp-content\/uploads\/2023\/02\/Karl-Barth-Kutatointezet-SzMSz-1-2.-sz.-modositassal-2023-februar-1.doc.pdf\" target=\"_blank\" rel=\"noopener\">Kelet-K\u00f6z\u00e9p-Eur\u00f3pai Karl Barth Kutat\u00f3int\u00e9zet SzMSz<\/a> (2023.02.21.)<\/li>\n<li><a href=\"http:\/\/drhe.hu\/wp-content\/uploads\/2021\/10\/077_kutatoint_k_barth_szmsz.pdf\" target=\"\" rel=\"noopener\">Kelet-K\u00f6z\u00e9p-Erup\u00f3ai Karl Barth Kutat\u00f3int\u00e9zet SzMSz<\/a>\u00a0<em>(2012.02.21.)<\/em><\/li>\n<li><a href=\"http:\/\/drhe.hu\/wp-content\/uploads\/2021\/10\/077_kutatoint_egyhaztortenet_szmsz.pdf\" target=\"\" rel=\"noopener\">K\u00f6z\u00e9p-Eur\u00f3pai Reform\u00e1ci\u00f3 \u00e9s Protestntizmus T\u00f6rt\u00e9neti Kutat\u00f3int\u00e9zet SzMSz<\/a>\u00a0<em>(2012.02.21.)<\/em><\/li>\n<li><a href=\"http:\/\/drhe.hu\/wp-content\/uploads\/2021\/10\/077_kutatoint_liturgiai_szmsz.pdf\" target=\"\" rel=\"noopener\">A Liturgiai Kutat\u00f3int\u00e9zet SzMSz<\/a>\u00a0<em>(2012.02.21.)<\/em><\/li>\n<li><a href=\"http:\/\/drhe.hu\/wp-content\/uploads\/2021\/10\/077_kutatoint_misszio_szmsz.pdf\" target=\"\" rel=\"noopener\">Missio et Oikodome Kutat\u00f3int\u00e9zet SzMSz<\/a>\u00a0<em>(2012.02.21.)<\/em><\/li>\n<li><a href=\"http:\/\/drhe.hu\/wp-content\/uploads\/2021\/10\/077_kutatoint_sepphoris_szmsz.pdf\" target=\"\" rel=\"noopener\">Sepphoris Bibliai R\u00e9g\u00e9szeti \u00e9s Posztbiblikus Zsid\u00f3 Irodalmi Kutat\u00f3int\u00e9zet SzMSz<\/a>\u00a0<em>(2012.02.21.)<\/em><\/li>\n<li><a href=\"http:\/\/drhe.hu\/wp-content\/uploads\/2021\/10\/077_kutatoint_szocetikai_szmsz.pdf\" target=\"\" rel=\"noopener\">Szoci\u00e1letikai Kutat\u00f3int\u00e9zet SzMSz<\/a>\u00a0<em>(2012.02.21.)<\/em><\/li>\n<\/ul>\n<p>&nbsp;<\/p>\n<p><strong>A DRHE \u00c1lland\u00f3 Bizotts\u00e1gainak Szervezeti \u00e9s M\u0171k\u00f6d\u00e9si Szab\u00e1lyzatai<\/strong><\/p>\n<ul>\n<li><a href=\"http:\/\/drhe.hu\/wp-content\/uploads\/2021\/10\/077_gazd_biz_muk_szab_apr_vege.pdf\" target=\"\" rel=\"noopener\">A Gazdas\u00e1gi Bizotts\u00e1g M\u0171k\u00f6d\u00e9si Szab\u00e1lyzata<\/a>\u00a0<em>(2012.04.17.)<\/em><\/li>\n<li><a href=\"http:\/\/drhe.hu\/wp-content\/uploads\/2021\/10\/077_djb_mukodesi_szabalyzat_2012.pdf\" target=\"\" rel=\"noopener\">A Di\u00e1kj\u00f3l\u00e9ti Bizotts\u00e1g M\u0171k\u00f6d\u00e9si Szab\u00e1lyzata<\/a>\u00a0<em>(2012.01.31.)<\/em><\/li>\n<li><a href=\"http:\/\/drhe.hu\/wp-content\/uploads\/2021\/10\/077_konyvtarbizottsag_mukodesi_szabalyzat_2012.pdf\" target=\"\" rel=\"noopener\">A K\u00f6nyvt\u00e1rbizotts\u00e1g M\u0171k\u00f6d\u00e9si Szab\u00e1lyzata<\/a>\u00a0<em>(2012.01.31)<\/em><\/li>\n<li><a href=\"http:\/\/drhe.hu\/wp-content\/uploads\/2021\/10\/kozmuv_es_sportbiz_msz_2012.pdf\" target=\"\" rel=\"noopener\">A K\u00f6zm\u0171vel\u0151d\u00e9si \u00e9s Sportbizotts\u00e1g M\u0171k\u00f6d\u00e9si Szab\u00e1lyzata<\/a>\u00a0<em>(2012.03.13.)<\/em><\/li>\n<li><a href=\"http:\/\/drhe.hu\/wp-content\/uploads\/2021\/10\/informatikai_biz_msz.pdf\" target=\"\" rel=\"noopener\">Az Informatikai Bizotts\u00e1g M\u0171k\u00f6d\u00e9si Szab\u00e1lyzata<\/a>\u00a0<em>(2012.05.08.)<\/em><\/li>\n<\/ul>\n<p>[\/vc_column_text][\/vc_column][\/vc_row]<\/p>\n<\/div>","protected":false},"excerpt":{"rendered":"<p>[vc_row][vc_column][vc_column_text]Kutat\u00f3int\u00e9zetek Szervezeti \u00e9s M\u0171k\u00f6d\u00e9si Szab\u00e1lyzatai Interkultur\u00e1lis Tanulm\u00e1nyok Kutat\u00f3int\u00e9zete &#8211; M\u0171k\u00f6d\u00e9si Szab\u00e1lyzat\u00a0(2018.05.15.) PATMOSZ &#8211; Bibliai Tudom\u00e1nyok Kutat\u00f3int\u00e9zete &#8211; M\u0171k\u00f6d\u00e9si Szab\u00e1lyzat\u00a0(2018.05.15.) Hatvani<\/p>\n","protected":false},"author":1,"featured_media":0,"parent":2593,"menu_order":0,"comment_status":"closed","ping_status":"closed","template":"page-files.php","meta":{"_acf_changed":false,"footnotes":"","_links_to":"","_links_to_target":""},"class_list":["post-1913","page","type-page","status-publish","hentry"],"acf":[],"_links":{"self":[{"href":"https:\/\/drhe.hu\/en\/wp-json\/wp\/v2\/pages\/1913","targetHints":{"allow":["GET"]}}],"collection":[{"href":"https:\/\/drhe.hu\/en\/wp-json\/wp\/v2\/pages"}],"about":[{"href":"https:\/\/drhe.hu\/en\/wp-json\/wp\/v2\/types\/page"}],"author":[{"embeddable":true,"href":"https:\/\/drhe.hu\/en\/wp-json\/wp\/v2\/users\/1"}],"replies":[{"embeddable":true,"href":"https:\/\/drhe.hu\/en\/wp-json\/wp\/v2\/comments?post=1913"}],"version-history":[{"count":97,"href":"https:\/\/drhe.hu\/en\/wp-json\/wp\/v2\/pages\/1913\/revisions"}],"predecessor-version":[{"id":27117,"href":"https:\/\/drhe.hu\/en\/wp-json\/wp\/v2\/pages\/1913\/revisions\/27117"}],"up":[{"embeddable":true,"href":"https:\/\/drhe.hu\/en\/wp-json\/wp\/v2\/pages\/2593"}],"wp:attachment":[{"href":"https:\/\/drhe.hu\/en\/wp-json\/wp\/v2\/media?parent=1913"}],"curies":[{"name":"wp","href":"https:\/\/api.w.org\/{rel}","templated":true}]}}