{"id":19642,"date":"2023-10-30T15:14:41","date_gmt":"2023-10-30T14:14:41","guid":{"rendered":"https:\/\/drhe.hu\/?page_id=19642"},"modified":"2025-06-17T10:13:54","modified_gmt":"2025-06-17T08:13:54","slug":"tanitsunk-magyarorszagert","status":"publish","type":"page","link":"https:\/\/drhe.hu\/en\/hallgatoknak\/osztondijak-juttatasok\/tanitsunk-magyarorszagert\/","title":{"rendered":"Tan\u00edtsunk Magyarorsz\u00e1g\u00e9rt"},"content":{"rendered":"<div class=\"wpb-content-wrapper\"><p>[vc_row el_class=&#8221;sticky-logo&#8221; css=&#8221;.vc_custom_1701092754152{background-color: #ffffff !important;}&#8221;][vc_column][vc_empty_space height=&#8221;5px&#8221;][vc_single_image image=&#8221;19780&#8243; img_size=&#8221;full&#8221; alignment=&#8221;text-center&#8221;][vc_empty_space height=&#8221;5px&#8221;][\/vc_column][\/vc_row][vc_row][vc_column el_class=&#8221;text-center&#8221;][zk_button btn_text=&#8221;Aj\u00e1nl\u00e1s&#8221; button_link=&#8221;url:https%3A%2F%2Fdrhe.hu%2Fwp-content%2Fuploads%2F2023%2F02%2FTM1_2023_kozponti_kurzusajanlas_09_04.pdf|title:Aj%C3%A1nl%C3%A1s|target:_blank&#8221; btn_align=&#8221;text-center&#8221; btn_block=&#8221;d-inline-block&#8221;][zk_button btn_text=&#8221;Szab\u00e1lyzat&#8221; button_link=&#8221;url:https%3A%2F%2Fdrhe.hu%2Fwp-content%2Fuploads%2F2024%2F11%2F1.sz_.melleklet_Differencialt-Osztondij-Szabalyzat_5.kiadas-2025.pdf|title:Szab%C3%A1lyzat|target:_blank&#8221; btn_align=&#8221;text-center&#8221; btn_block=&#8221;d-inline-block&#8221;][vc_empty_space][\/vc_column][\/vc_row][vc_row][vc_column][vc_text_separator title=&#8221;H\u00edrek&#8221; style=&#8221;dotted&#8221; border_width=&#8221;2&#8243;][vc_basic_grid post_type=&#8221;post&#8221; max_items=&#8221;24&#8243; style=&#8221;pagination&#8221; items_per_page=&#8221;3&#8243; arrows_position=&#8221;outside&#8221; item=&#8221;1066&#8243; grid_id=&#8221;vc_gid:1750147995191-60f35fdf-7de6-8&#8243; taxonomies=&#8221;140&#8243;][vc_empty_space height=&#8221;10px&#8221;][vc_separator style=&#8221;dotted&#8221; border_width=&#8221;2&#8243;][\/vc_column][\/vc_row][vc_row][vc_column][vc_column_text]<strong>A DRHE a Tan\u00edtsunk Magyarorsz\u00e1g\u00e9rt Programban<\/strong><\/p>\n<p>2023 szeptember\u00e9t\u0151l a Debreceni Reform\u00e1tus Hittudom\u00e1nyi Egyetem is bekapcsol\u00f3dott a Tan\u00edtsunk Magyarorsz\u00e1g\u00e9rt (TM) Mentorprogramba, \u00e9s a felk\u00e9sz\u00edt\u0151, illetve a mentori tev\u00e9kenys\u00e9get seg\u00edt\u0151 kurzusokat folyamatosan megtartjuk, azokat 2025. \u0151sz\u00e9re is meghirdetj\u00fck.<\/p>\n<p><strong>\u00a0<\/strong><strong>Alapoz\u00f3 \u00e9s mentori kurzusok<\/strong><\/p>\n<p>Hallgat\u00f3ink a <strong>TM1 alapoz\u00f3,<\/strong> <strong>szabadon v\u00e1laszthat\u00f3,<\/strong> <strong>2 kredit \u00e9rt\u00e9k\u0171 kurzuson<\/strong> saj\u00e1t\u00edtj\u00e1k el a mentori tev\u00e9kenys\u00e9ghez kapcsol\u00f3d\u00f3 legsz\u00fcks\u00e9gesebb elm\u00e9leti \u00e9s terepgyakorlati ismereteket, kompetenci\u00e1kat. A teljes, kidolgozott TM1-tematik\u00e1t l\u00e1sd a DRHE Tan\u00edtsunk Magyarorsz\u00e1g\u00e9rt men\u00fcpontj\u00e1nak \u201eAj\u00e1nl\u00e1s\u00e1ban\u201d: <a href=\"https:\/\/drhe.hu\/wp-content\/uploads\/2023\/02\/TM1_2023_kozponti_kurzusajanlas_09_04.pdf\">https:\/\/drhe.hu\/wp-content\/uploads\/2023\/02\/TM1_2023_kozponti_kurzusajanlas_09_04.pdf<\/a><\/p>\n<p>A 2023\/24-es tan\u00e9v tavasz\u00e1t\u00f3l a <strong>TM2 szabadon v\u00e1laszthat\u00f3, 2 kredit \u00e9rt\u00e9k\u0171 kurzus<\/strong> keret\u00e9ben az alapoz\u00f3 kurzust sikerrel teljes\u00edt\u0151 hallgat\u00f3k mentorokk\u00e1 v\u00e1lhattak, \u00e9s <strong>kort\u00e1rs mentori<\/strong> tev\u00e9kenys\u00e9get folytathattak a t\u00e9rs\u00e9g h\u00e1tr\u00e1nyos \u00e9s halmozottan h\u00e1tr\u00e1nyos helyzet\u0171 \u00e1ltal\u00e1nos iskol\u00e1inak fels\u0151 tagozatos di\u00e1kjai k\u00f6z\u00f6tt.<\/p>\n<p>Ezzel p\u00e1rhuzamosan minden f\u00e9l\u00e9vben \u00fajra meghirdetj\u00fck a <strong>TM1<\/strong> alapoz\u00f3 kurzust is. Ezt a szabadon v\u00e1laszthat\u00f3 t\u00e1rgyat <strong>m\u00e1r az els\u0151\u00e9ves<\/strong> tan\u00edt\u00f3 \u00e9s hit\u00e9leti szakos hallgat\u00f3k is f\u00f6lvehetik.<\/p>\n<p>M\u00edg 2024 tavasz\u00e1n 10 akt\u00edv mentorunk volt, \u0151szre ez a sz\u00e1m 12 f\u0151re, 2025 tavasz\u00e1ra pedig 16 f\u0151re emelkedett. A TM-program a DRHE mentorai sz\u00e1m\u00e1ra a pocsaji Lor\u00e1ntffy Zsuzsanna \u00c1ltal\u00e1nos Iskola (el\u0151bb 6\u20137., majd 6\u20138. oszt\u00e1lyos) di\u00e1kjait jel\u00f6lte ki. Az iskolai munk\u00e1t az iskolai TM-koordin\u00e1tor \u00e9s az egyetemi szupervizor t\u00e1mogatja.<\/p>\n<p><strong>Juttat\u00e1sok, \u00f6szt\u00f6nd\u00edjp\u00e1ly\u00e1zat, a p\u00e1ly\u00e1zat m\u00f3dja<\/strong><\/p>\n<p>A 2025-\u00f6s \u00e9vben \u00e9rv\u00e9nyes Differenci\u00e1lt \u00f6szt\u00f6nd\u00edjszab\u00e1lyzat szerint a mentorhallgat\u00f3k (4 mentor\u00e1ltig) <strong>havi brutt\u00f3 60 ezer forint alap\u00f6szt\u00f6nd\u00edj<\/strong>ban r\u00e9szes\u00fclnek. (T\u00f6bb mentor\u00e1lt di\u00e1kkal az \u00f6sszeg ar\u00e1nyosan emelkedik.)<\/p>\n<p>Azok, akik m\u00e1r legal\u00e1bb a m\u00e1sodik, mentor\u00e1l\u00e1ssal t\u00f6lt\u00f6tt f\u00e9l\u00e9v\u00fcket teljes\u00edtik, \u00e9s mentori tev\u00e9kenys\u00e9g\u00fck szakmailag is kiemelked\u0151, <strong>pr\u00e9mium \u00f6szt\u00f6nd\u00edj<\/strong>ban r\u00e9szes\u00fclhetnek (ennek \u00f6sszege a teljes\u00edtett f\u00e9l\u00e9v v\u00e9g\u00e9n plusz 35 ezer forint). Annak a hallgat\u00f3nak, aki harmadik vagy ezt meghalad\u00f3 f\u00e9l\u00e9ve v\u00e9gez mentor\u00e1l\u00e1si tev\u00e9kenys\u00e9get, a f\u00e9l\u00e9v v\u00e9g\u00e9n plusz 70 ezer forint pr\u00e9mium \u00f6szt\u00f6nd\u00edj adhat\u00f3.<\/p>\n<p>K\u00f6z\u00fcl\u00fck ker\u00fclhetnek ki a <strong>szenior mentor<\/strong>ok (minden 10 mentor ut\u00e1n 1 szenior v\u00e1laszthat\u00f3 ki), akik k\u00f6z\u00f6ss\u00e9g\u00e9p\u00edt\u0151 tev\u00e9kenys\u00e9g\u00fckkel t\u00e1mogatj\u00e1k a Tan\u00edtsunk Magyarorsz\u00e1g\u00e9rt programot toborz\u00e1si \u00e9s egy\u00e9b feladatokban, mely\u00e9rt az alap\u00f6szt\u00f6nd\u00edjon fel\u00fcli k\u00fcl\u00f6n juttat\u00e1st kapnak \u2013 ennek \u00f6sszege az alap\u00f6szt\u00f6nd\u00edjon fel\u00fcl egy f\u00e9l\u00e9vben plusz 65 ezer forint.<\/p>\n<p>A juttat\u00e1sokr\u00f3l \u00e9s azok felt\u00e9teleir\u0151l l\u00e1sd b\u0151vebben a fenti \u201eSzab\u00e1lyzat\u201d men\u00fcpontban a <strong>Differenci\u00e1lt \u00d6szt\u00f6nd\u00edjszab\u00e1lyzat<\/strong> friss\u00edtett verzi\u00f3j\u00e1t (az 5. sz\u00e1m\u00fa kiad\u00e1st)!<\/p>\n<p>A Tan\u00edtsunk Magyarorsz\u00e1g\u00e9rt mentorprogram <strong>\u00f6szt\u00f6nd\u00edj\u00e1ra csak az akt\u00edv hallgat\u00f3i jogviszonnyal rendelkez\u0151, a TM1 alapoz\u00f3 kurzust elv\u00e9gzett hallgat\u00f3k p\u00e1ly\u00e1zhatnak<\/strong>!<\/p>\n<p>A p\u00e1ly\u00e1zat egyszer\u0171s\u00edtett m\u00f3dja, hogy a t\u00e1rgyfelv\u00e9teli id\u0151szak v\u00e9g\u00e9ig <strong>a Neptunban felveszik a TM2 mentorkurzust<\/strong>, \u00e9s v\u00e1llalj\u00e1k, hogy a t\u00e9nyleges mentortev\u00e9kenys\u00e9g el\u0151tt r\u00e9szt vesznek a TM2 kurzus r\u00e9sz\u00e9t k\u00e9pez\u0151 felk\u00e9sz\u00edt\u0151 tr\u00e9ningen is.<\/p>\n<p>Az a hallgat\u00f3, aki m\u00e1r a <strong>m\u00e1sodik vagy ezt meghalad\u00f3 mentori f\u00e9l\u00e9v\u00e9t<\/strong> szeretn\u00e9 megkezdeni, <strong>jelentkez\u00e9s\u00e9t<\/strong> a TM1 oktat\u00f3i \u00e9s TM2 szupervizori feladatokat ell\u00e1t\u00f3 Dr. Moln\u00e1r-Tamus Vikt\u00f3ria \u00e9s a DRHE egyetemi TM-koordin\u00e1tora, Dr. Vit\u00e9z Ferenc sz\u00e1m\u00e1ra <strong>\u00edr\u00e1sban ny\u00fajtja be a tant\u00e1rgyfelv\u00e9teli id\u0151szak v\u00e9g\u00e9ig<\/strong>!<\/p>\n<p>A mentorokkal az egyetem k\u00f6t szerz\u0151d\u00e9st; a juttat\u00e1sokat a hallgat\u00f3k, a programot gondoz\u00f3 Nemzeti Tehets\u00e9g K\u00f6zponttal k\u00f6t\u00f6tt egyetemi szerz\u0151d\u00e9s ut\u00e1n, a t\u00e1mogat\u00e1s kifizet\u00e9s\u00e9nek \u00fctemez\u00e9s\u00e9t k\u00f6vetve, az <strong>\u00d6szt\u00f6nd\u00edjas Neptun rendszeren kereszt\u00fcl<\/strong> kapj\u00e1k meg a banksz\u00e1ml\u00e1jukra.<\/p>\n<p><strong>A Tan\u00edtsunk Magyarorsz\u00e1g\u00e9rt mentorprogram \u00f6szt\u00f6nd\u00edj adom\u00e1nyoz\u00e1s\u00e1nak rendj\u00e9r\u0151l \u00e9s felt\u00e9teleir\u0151l<\/strong> l\u00e1sd a 2024. janu\u00e1r 1-j\u00e9t\u0151l hat\u00e1lyos Korm\u00e1nyrendelet TM-programra vonatkoz\u00f3 r\u00e9szeit (24\/P\u2013T. \u00a7): <a href=\"https:\/\/njt.hu\/jogszabaly\/2007-51-20-22\">https:\/\/njt.hu\/jogszabaly\/2007-51-20-22<\/a><\/p>\n<p><strong>\u00a0<\/strong><strong>A Tan\u00edtsunk Magyarorsz\u00e1g\u00e9rt Mentorprogramr\u00f3l<\/strong><\/p>\n<p>A Tan\u00edtsunk Magyarorsz\u00e1g\u00e9rt egyetemi mentorprogram orsz\u00e1gszerte t\u00f6bb mint <strong>110 \u00e1ltal\u00e1nos iskol\u00e1ban jelent meg<\/strong>. A <strong>17 fels\u0151oktat\u00e1si int\u00e9zm\u00e9ny<\/strong>hez 2023-ban \u00fajabb egyetemek kapcsol\u00f3dtak (k\u00f6zt\u00fck a DRHE), s a <strong>t\u00f6bb mint ezer mentor<\/strong> <strong>mintegy \u00f6tezer<\/strong> <strong>mentor\u00e1lttal<\/strong> bizony\u00edtja, hogy minden gyermek tehets\u00e9ges valamiben, t\u00e1mogatva \u0151t a tehets\u00e9ge kibontakoz\u00e1s\u00e1ban. 2023-t\u00f3l a program a Nemzeti Tehets\u00e9g K\u00f6zpont r\u00e9szek\u00e9nt folytat kort\u00e1rs mentor\u00e1l\u00e1st, egy\u00fcttm\u0171k\u00f6dve a Tan\u00edtsunk Magyarorsz\u00e1g\u00e9rt Alap\u00edtv\u00e1nnyal, mely a szakmai munk\u00e1t seg\u00edti. A program k\u00f6lts\u00e9gvet\u00e9si finansz\u00edroz\u00e1sb\u00f3l a Nemzeti Tehets\u00e9g K\u00f6zpont koordin\u00e1l\u00e1s\u00e1ban val\u00f3sul meg.<\/p>\n<p><strong>A TM-program c\u00e9lja a kistelep\u00fcl\u00e9sen \u00e9l\u0151 \u00e1ltal\u00e1nos iskol\u00e1sok t\u00e1mogat\u00e1sa tanulm\u00e1nyaik sikeres elv\u00e9gz\u00e9s\u00e9hez, a k\u00f6lcs\u00f6n\u00f6s tanul\u00e1s, egym\u00e1s t\u00e1mogat\u00e1sa, a k\u00f6z\u00f6ss\u00e9gek er\u0151s\u00edt\u00e9se.<\/strong> A k\u00f6z\u00e9pt\u00e1v\u00fa c\u00e9l, hogy 2030-ra minden, ma \u00e1ltal\u00e1nos iskol\u00e1s gyerek rendelkezzen legal\u00e1bb szakm\u00e1val vagy tanuljon tov\u00e1bb. Ebben seg\u00edtik \u0151ket az egyetemi mentorprogram hallgat\u00f3i. A tanul\u00f3k mell\u00e9 szeg\u0151d\u0151 mentorok a k\u00f6zrem\u0171k\u00f6d\u0151 \u00e1ltal\u00e1nos iskol\u00e1k egyik\u00e9ben \u00e1tlagosan n\u00e9gy-\u00f6t, 6\u20138. oszt\u00e1lyos di\u00e1kkal kezdik meg a k\u00f6z\u00f6s munk\u00e1t \u00e9s \u00e9lm\u00e9nyszerz\u00e9st. Megmutatj\u00e1k a telep\u00fcl\u00e9sen t\u00fali vil\u00e1g izgalmait \u00e9s lehet\u0151s\u00e9geit (\u00e1llatkertet, m\u00fazeumot, k\u00f6z\u00e9piskol\u00e1kat, v\u00e1llalkoz\u00e1sokat), hogy l\u00e1ss\u00e1k, h\u00e1nyf\u00e9le foglalkoz\u00e1sb\u00f3l, j\u00f6v\u0151b\u0151l v\u00e1laszthatnak. Seg\u00edtik \u0151ket abban, hogy k\u00e9pesek legyenek kihozni magukb\u00f3l a maximumot \u00fagy a szakmaszerz\u00e9sben, az \u00e9retts\u00e9giben \u00e9s tov\u00e1bbtanul\u00e1sban, mint a sport \u00e9s a m\u0171v\u00e9szetek ter\u00fclet\u00e9n, a munkaer\u0151piacon val\u00f3 elhelyezked\u00e9sben.<\/p>\n<p>A mentorprogram keret\u00e9ben nemcsak felk\u00e9sz\u00edt\u0151 napokat tartunk a mentorok sz\u00e1m\u00e1ra, hanem minden f\u00e9l\u00e9vben egy <strong>\u00e9lm\u00e9nynapot<\/strong> is szervez\u00fcnk a mentor\u00e1lt iskol\u00e1sok sz\u00e1m\u00e1ra.<\/p>\n<p>A programr\u00f3l r\u00e9szletesebben a <a href=\"https:\/\/www.tanitsunk.hu\/\">https:\/\/www.tanitsunk.hu\/<\/a> oldalon olvashatnak, a program egyetem \u00e1ltal szervezett esem\u00e9nyeir\u0151l honlapunkon folyamatosan besz\u00e1molunk.<\/p>\n<p><strong>K\u00f6zponti regisztr\u00e1ci\u00f3 \u00e9s elsz\u00e1mol\u00e1s<\/strong><\/p>\n<p><strong>A mentorhallgat\u00f3knak a TM fel\u00fclet\u00e9n regisztr\u00e1lniuk kell, teljes\u00edteni\u00fck kell a szerz\u0151d\u00e9sben foglalt feladatokat, eleget kell tenni dokument\u00e1ci\u00f3s \u00e9s besz\u00e1mol\u00e1si k\u00f6telezetts\u00e9geiknek. Hi\u00e1nyoss\u00e1gok (pl. nem teljes\u00edtett alkalmak, az iskol\u00e1sokra el nem k\u00f6lt\u00f6tt \u00f6sszegek) eseten az egyetem fel\u00e9 a hallgat\u00f3nak visszafizet\u00e9si k\u00f6telezetts\u00e9ge van. <\/strong><\/p>\n<p>***<br \/>\nA DRHE mentortoborz\u00e1si tev\u00e9kenys\u00e9get is folytat, melyben az akt\u00edv mentorok is k\u00f6zrem\u0171k\u00f6dnek. A 2025\/26-os tan\u00e9v \u0151szi f\u00e9l\u00e9v\u00e9re a TM1 alapoz\u00f3 kurzust az \u0151szi tant\u00e1rgyfelv\u00e9teli id\u0151szak v\u00e9g\u00e9ig a kurzus felv\u00e9tel\u00e9vel egyetemben lehet jelentkezni. Azok a hallgat\u00f3k, akik a TM2 mentorkurzussal tev\u00e9kenys\u00e9g\u00fcket megkezdeni, vagy kurzuson k\u00edv\u00fcl az akt\u00edv mentori munk\u00e1jukat a 2. vagy azt meghalad\u00f3 f\u00e9l\u00e9vben folytatni szeretn\u00e9k, ezt a sz\u00e1nd\u00e9kukat a szupervizor sz\u00e1m\u00e1ra 2025. j\u00fanius v\u00e9g\u00e9ig, legk\u00e9s\u0151bb az \u0151szi t\u00e1rgyfelv\u00e9teli id\u0151szak kezdet\u00e9ig jelezz\u00e9k!<br \/>\n(Utols\u00f3 friss\u00edt\u00e9s: 2025. j\u00fanius 17.)[\/vc_column_text][\/vc_column][\/vc_row]<\/p>\n<\/div>","protected":false},"excerpt":{"rendered":"<p>[vc_row el_class=&#8221;sticky-logo&#8221; css=&#8221;.vc_custom_1701092754152{background-color: #ffffff !important;}&#8221;][vc_column][vc_empty_space height=&#8221;5px&#8221;][vc_single_image image=&#8221;19780&#8243; img_size=&#8221;full&#8221; alignment=&#8221;text-center&#8221;][vc_empty_space height=&#8221;5px&#8221;][\/vc_column][\/vc_row][vc_row][vc_column el_class=&#8221;text-center&#8221;][zk_button btn_text=&#8221;Aj\u00e1nl\u00e1s&#8221; button_link=&#8221;url:https%3A%2F%2Fdrhe.hu%2Fwp-content%2Fuploads%2F2023%2F02%2FTM1_2023_kozponti_kurzusajanlas_09_04.pdf|title:Aj%C3%A1nl%C3%A1s|target:_blank&#8221; btn_align=&#8221;text-center&#8221; btn_block=&#8221;d-inline-block&#8221;][zk_button btn_text=&#8221;Szab\u00e1lyzat&#8221; button_link=&#8221;url:https%3A%2F%2Fdrhe.hu%2Fwp-content%2Fuploads%2F2024%2F11%2F1.sz_.melleklet_Differencialt-Osztondij-Szabalyzat_5.kiadas-2025.pdf|title:Szab%C3%A1lyzat|target:_blank&#8221; btn_align=&#8221;text-center&#8221; btn_block=&#8221;d-inline-block&#8221;][vc_empty_space][\/vc_column][\/vc_row][vc_row][vc_column][vc_text_separator title=&#8221;H\u00edrek&#8221;<\/p>\n","protected":false},"author":33,"featured_media":0,"parent":3257,"menu_order":0,"comment_status":"closed","ping_status":"closed","template":"","meta":{"_acf_changed":false,"footnotes":"","_links_to":"","_links_to_target":""},"class_list":["post-19642","page","type-page","status-publish","hentry"],"acf":[],"_links":{"self":[{"href":"https:\/\/drhe.hu\/en\/wp-json\/wp\/v2\/pages\/19642","targetHints":{"allow":["GET"]}}],"collection":[{"href":"https:\/\/drhe.hu\/en\/wp-json\/wp\/v2\/pages"}],"about":[{"href":"https:\/\/drhe.hu\/en\/wp-json\/wp\/v2\/types\/page"}],"author":[{"embeddable":true,"href":"https:\/\/drhe.hu\/en\/wp-json\/wp\/v2\/users\/33"}],"replies":[{"embeddable":true,"href":"https:\/\/drhe.hu\/en\/wp-json\/wp\/v2\/comments?post=19642"}],"version-history":[{"count":17,"href":"https:\/\/drhe.hu\/en\/wp-json\/wp\/v2\/pages\/19642\/revisions"}],"predecessor-version":[{"id":24090,"href":"https:\/\/drhe.hu\/en\/wp-json\/wp\/v2\/pages\/19642\/revisions\/24090"}],"up":[{"embeddable":true,"href":"https:\/\/drhe.hu\/en\/wp-json\/wp\/v2\/pages\/3257"}],"wp:attachment":[{"href":"https:\/\/drhe.hu\/en\/wp-json\/wp\/v2\/media?parent=19642"}],"curies":[{"name":"wp","href":"https:\/\/api.w.org\/{rel}","templated":true}]}}