{"id":19660,"date":"2023-11-08T09:57:08","date_gmt":"2023-11-08T08:57:08","guid":{"rendered":"https:\/\/drhe.hu\/?page_id=19660"},"modified":"2026-04-01T09:55:28","modified_gmt":"2026-04-01T07:55:28","slug":"szakdolgozati-tudnivalok","status":"publish","type":"page","link":"https:\/\/drhe.hu\/en\/hallgatoknak\/tanulmanyi-informaciok\/aktualis-tudnivalok\/szakdolgozati-tudnivalok\/","title":{"rendered":"Szakdolgozati tudnival\u00f3k"},"content":{"rendered":"<div class=\"wpb-content-wrapper\"><p>[vc_row][vc_column][vc_column_text]<\/p>\n<table border=\"1\" cellspacing=\"1\" cellpadding=\"1\">\n<tbody>\n<tr>\n<td><a href=\"https:\/\/drhe.hu\/wp-content\/uploads\/2026\/04\/Szakdolgozati-utmutato-2026.pdf\">Szakdolgozati \u00fatmutat\u00f3<\/a><\/td>\n<\/tr>\n<tr>\n<td><a href=\"https:\/\/drhe.hu\/wp-content\/uploads\/2025\/10\/Szakdolgozat-feltoltesi-utmutato-szoveges.pdf\">Szakdolgozat felt\u00f6lt\u00e9si \u00fatmutat\u00f3 &#8211; sz\u00f6veges<\/a><\/td>\n<\/tr>\n<tr>\n<td><a href=\"https:\/\/drhe.hu\/wp-content\/uploads\/2025\/10\/Szakdolgozat-feltoltesi-utmutato_kepek.pdf\">Szakdolgozat felt\u00f6lt\u00e9si \u00fatmutat\u00f3 &#8211; k\u00e9pekkel<\/a><\/td>\n<\/tr>\n<tr>\n<td><a href=\"https:\/\/drhe.hu\/wp-content\/uploads\/2026\/04\/Szakdolgozati-temavalasztas-2026.pdf\">Szakdolgozati t\u00e9mav\u00e1laszt\u00e1s<\/a><\/td>\n<\/tr>\n<tr>\n<td><a href=\"https:\/\/drhe.hu\/wp-content\/uploads\/2026\/04\/Szakdolgozati-temavaltoztatas-2026.pdf\">Szakdolgozati t\u00e9mav\u00e1ltoztat\u00e1si k\u00e9relem<\/a><\/td>\n<\/tr>\n<tr>\n<td><a href=\"https:\/\/drhe.hu\/wp-content\/uploads\/2026\/04\/Szakdolgozat-ertekelesi-urlap-2026.pdf\">Szakdolgozat &#8211; \u00e9rt\u00e9kel\u00e9si \u0171rlap<\/a><\/td>\n<\/tr>\n<tr>\n<td><a href=\"https:\/\/drhe.hu\/wp-content\/uploads\/2026\/04\/Szakdolgozat-cimlap-minta-2026.pdf\">Szakdolgozat &#8211; c\u00edmlapminta<\/a><\/td>\n<\/tr>\n<tr>\n<td><a href=\"https:\/\/drhe.hu\/wp-content\/uploads\/2026\/04\/Nyilatkozat-szakdolgozat-eredetisegerol-2026.pdf\">Nyilatkozat a szakdolgozat eredetis\u00e9g\u00e9r\u0151l<\/a><\/td>\n<\/tr>\n<tr>\n<td><a href=\"https:\/\/drhe.hu\/wp-content\/uploads\/2026\/04\/Nyilatkozat-alapdolgozat-eredetisegerol-2026.pdf\">Nyilatkozat alapdolgozat eredetis\u00e9g\u00e9r\u0151l<\/a><\/td>\n<\/tr>\n<tr>\n<td><\/td>\n<\/tr>\n<\/tbody>\n<\/table>\n<p><strong>T\u00e9majavaslatok<\/strong><\/p>\n<table border=\"1\" cellspacing=\"1\" cellpadding=\"1\">\n<tbody>\n<tr>\n<td><a href=\"https:\/\/drhe.hu\/wp-content\/uploads\/2025\/10\/szakdolgozati-temak-tanito-szakos-hallgatoknak-2025-26.pdf\">Szakdolgozati t\u00e9majavaslatok a tan\u00edt\u00f3 szakos hallgat\u00f3knak<\/a><\/td>\n<\/tr>\n<\/tbody>\n<\/table>\n<p>[\/vc_column_text][\/vc_column][\/vc_row]<\/p>\n<\/div>","protected":false},"excerpt":{"rendered":"<p>[vc_row][vc_column][vc_column_text] Szakdolgozati \u00fatmutat\u00f3 Szakdolgozat felt\u00f6lt\u00e9si \u00fatmutat\u00f3 &#8211; sz\u00f6veges Szakdolgozat felt\u00f6lt\u00e9si \u00fatmutat\u00f3 &#8211; k\u00e9pekkel Szakdolgozati t\u00e9mav\u00e1laszt\u00e1s Szakdolgozati t\u00e9mav\u00e1ltoztat\u00e1si k\u00e9relem Szakdolgozat &#8211;<\/p>\n","protected":false},"author":54,"featured_media":0,"parent":3127,"menu_order":0,"comment_status":"closed","ping_status":"closed","template":"","meta":{"_acf_changed":false,"footnotes":"","_links_to":"","_links_to_target":""},"class_list":["post-19660","page","type-page","status-publish","hentry"],"acf":[],"_links":{"self":[{"href":"https:\/\/drhe.hu\/en\/wp-json\/wp\/v2\/pages\/19660","targetHints":{"allow":["GET"]}}],"collection":[{"href":"https:\/\/drhe.hu\/en\/wp-json\/wp\/v2\/pages"}],"about":[{"href":"https:\/\/drhe.hu\/en\/wp-json\/wp\/v2\/types\/page"}],"author":[{"embeddable":true,"href":"https:\/\/drhe.hu\/en\/wp-json\/wp\/v2\/users\/54"}],"replies":[{"embeddable":true,"href":"https:\/\/drhe.hu\/en\/wp-json\/wp\/v2\/comments?post=19660"}],"version-history":[{"count":35,"href":"https:\/\/drhe.hu\/en\/wp-json\/wp\/v2\/pages\/19660\/revisions"}],"predecessor-version":[{"id":27296,"href":"https:\/\/drhe.hu\/en\/wp-json\/wp\/v2\/pages\/19660\/revisions\/27296"}],"up":[{"embeddable":true,"href":"https:\/\/drhe.hu\/en\/wp-json\/wp\/v2\/pages\/3127"}],"wp:attachment":[{"href":"https:\/\/drhe.hu\/en\/wp-json\/wp\/v2\/media?parent=19660"}],"curies":[{"name":"wp","href":"https:\/\/api.w.org\/{rel}","templated":true}]}}