{"id":1999,"date":"2021-09-16T12:28:22","date_gmt":"2021-09-16T10:28:22","guid":{"rendered":"http:\/\/new.drhe.hu\/?page_id=1999"},"modified":"2022-01-20T09:16:43","modified_gmt":"2022-01-20T08:16:43","slug":"bibliai-teologiai-es-vallastorteneti-tanszek","status":"publish","type":"page","link":"https:\/\/drhe.hu\/en\/egyetemunk\/oktatasi-egysegek\/teologiai-intezet\/bibliai-teologiai-es-vallastorteneti-tanszek\/","title":{"rendered":"Bibliai Teol\u00f3giai \u00e9s Vall\u00e1st\u00f6rt\u00e9neti Tansz\u00e9k"},"content":{"rendered":"<div class=\"wpb-content-wrapper\"><p>[vc_row][vc_column][vc_column_text]<\/p>\n<p class=\"rtejustify\">Tansz\u00e9k\u00fcnk kutat\u00e1si ter\u00fclete a bibliai teol\u00f3gi\u00e1ra, a bibliai kort\u00f6rt\u00e9netre \u00e9s archeol\u00f3gi\u00e1ra, az \u00e1ltal\u00e1nos \u00e9s bibliai vall\u00e1st\u00f6rt\u00e9netre, valamint a posztbiblikus zsid\u00f3 irodalomra terjed ki. Hangs\u00falyt fektet\u00fcnk ezeken t\u00fal Izrael \u00e9s a k\u00f6rnyez\u0151 n\u00e9pek viszonyrendszer\u00e9nek kutat\u00e1s\u00e1ra, valamint az \u00f3kori zsid\u00f3 \u00e9s r\u00f3mai t\u00f6rt\u00e9net\u00edr\u00e1sra. A tansz\u00e9k oktat\u00f3i rendszeresen publik\u00e1lnak exegetikai k\u00e9rd\u00e9seket t\u00e1rgyal\u00f3 munk\u00e1kat \u00e9s gyakorlatorient\u00e1lt bibliamagyar\u00e1zatokat, valamint ismeretterjeszt\u0151 biblikus cikkeket is.<\/p>\n<p class=\"rtejustify\">A tansz\u00e9k mellett m\u0171k\u00f6dik a Sepphoris Kutat\u00f3int\u00e9zet, melyet a bibliai (palesztinai) r\u00e9g\u00e9szet \u00e9s posztbiblikus zsid\u00f3 irodalom kutat\u00e1s\u00e1nak seg\u00edt\u00e9s\u00e9re hoztunk l\u00e9tre.<\/p>\n<p class=\"rtejustify\">Oktat\u00e1si t\u00e9ren kurzusaink v\u00e9gigk\u00eds\u00e9rik a hit\u00e9leti k\u00e9pz\u00e9sek hallgat\u00f3inak tanulm\u00e1nyi idej\u00e9t, valamint hirdet\u00fcnk alapvet\u0151, bevezet\u0151 jelleg\u0171 biblikus ismereteket t\u00e1rgyal\u00f3 tanegys\u00e9geket is a nem hit\u00e9leti k\u00e9pz\u00e9sek (pl. tan\u00edt\u00f3 szak) hallgat\u00f3i sz\u00e1m\u00e1ra. Hit\u00e9leti szakokon bibliaismeretet, bibliai kort\u00f6rt\u00e9netet, vall\u00e1st\u00f6rt\u00e9netet, \u00f3- \u00e9s \u00fajsz\u00f6vets\u00e9gi bibliai teol\u00f3gi\u00e1t, valamint tov\u00e1bbi szakspecifikus t\u00e1rgyakat oktatunk (pl. Jog \u00e9s etika a Szent\u00edr\u00e1sban stb.). A DRHE nemzetk\u00f6zies\u00edt\u00e9si programj\u00e1nak keret\u00e9ben angol nyelv\u0171 kurzust hirdet\u00fcnk minden \u00e9v tavasz\u00e1n History and Culture of the Biblical World c\u00edmmel.<\/p>\n<p>[\/vc_column_text][\/vc_column][\/vc_row]<\/p>\n<\/div>","protected":false},"excerpt":{"rendered":"<p>[vc_row][vc_column][vc_column_text] Tansz\u00e9k\u00fcnk kutat\u00e1si ter\u00fclete a bibliai teol\u00f3gi\u00e1ra, a bibliai kort\u00f6rt\u00e9netre \u00e9s archeol\u00f3gi\u00e1ra, az \u00e1ltal\u00e1nos \u00e9s bibliai vall\u00e1st\u00f6rt\u00e9netre, valamint a posztbiblikus<\/p>\n","protected":false},"author":1,"featured_media":0,"parent":1987,"menu_order":15,"comment_status":"closed","ping_status":"closed","template":"page-tanszek.php","meta":{"_acf_changed":false,"footnotes":"","_links_to":"","_links_to_target":""},"class_list":["post-1999","page","type-page","status-publish","hentry"],"acf":[],"_links":{"self":[{"href":"https:\/\/drhe.hu\/en\/wp-json\/wp\/v2\/pages\/1999","targetHints":{"allow":["GET"]}}],"collection":[{"href":"https:\/\/drhe.hu\/en\/wp-json\/wp\/v2\/pages"}],"about":[{"href":"https:\/\/drhe.hu\/en\/wp-json\/wp\/v2\/types\/page"}],"author":[{"embeddable":true,"href":"https:\/\/drhe.hu\/en\/wp-json\/wp\/v2\/users\/1"}],"replies":[{"embeddable":true,"href":"https:\/\/drhe.hu\/en\/wp-json\/wp\/v2\/comments?post=1999"}],"version-history":[{"count":11,"href":"https:\/\/drhe.hu\/en\/wp-json\/wp\/v2\/pages\/1999\/revisions"}],"predecessor-version":[{"id":13971,"href":"https:\/\/drhe.hu\/en\/wp-json\/wp\/v2\/pages\/1999\/revisions\/13971"}],"up":[{"embeddable":true,"href":"https:\/\/drhe.hu\/en\/wp-json\/wp\/v2\/pages\/1987"}],"wp:attachment":[{"href":"https:\/\/drhe.hu\/en\/wp-json\/wp\/v2\/media?parent=1999"}],"curies":[{"name":"wp","href":"https:\/\/api.w.org\/{rel}","templated":true}]}}