{"id":2015,"date":"2021-09-17T09:26:57","date_gmt":"2021-09-17T07:26:57","guid":{"rendered":"http:\/\/new.drhe.hu\/?page_id=2015"},"modified":"2026-02-06T10:46:25","modified_gmt":"2026-02-06T09:46:25","slug":"egyhaztorteneti-tanszek","status":"publish","type":"page","link":"https:\/\/drhe.hu\/en\/egyetemunk\/oktatasi-egysegek\/teologiai-intezet\/egyhaztorteneti-tanszek\/","title":{"rendered":"Egyh\u00e1zt\u00f6rt\u00e9neti Tansz\u00e9k"},"content":{"rendered":"<div class=\"wpb-content-wrapper\"><p>[vc_row][vc_column][\/vc_column][\/vc_row]<\/p>\n<\/div>","protected":false},"excerpt":{"rendered":"<p>[vc_row][vc_column][\/vc_column][\/vc_row]<\/p>\n","protected":false},"author":1,"featured_media":0,"parent":1987,"menu_order":15,"comment_status":"closed","ping_status":"closed","template":"page-tanszek.php","meta":{"_acf_changed":false,"footnotes":"","_links_to":"","_links_to_target":""},"class_list":["post-2015","page","type-page","status-publish","hentry"],"acf":[],"_links":{"self":[{"href":"https:\/\/drhe.hu\/en\/wp-json\/wp\/v2\/pages\/2015","targetHints":{"allow":["GET"]}}],"collection":[{"href":"https:\/\/drhe.hu\/en\/wp-json\/wp\/v2\/pages"}],"about":[{"href":"https:\/\/drhe.hu\/en\/wp-json\/wp\/v2\/types\/page"}],"author":[{"embeddable":true,"href":"https:\/\/drhe.hu\/en\/wp-json\/wp\/v2\/users\/1"}],"replies":[{"embeddable":true,"href":"https:\/\/drhe.hu\/en\/wp-json\/wp\/v2\/comments?post=2015"}],"version-history":[{"count":4,"href":"https:\/\/drhe.hu\/en\/wp-json\/wp\/v2\/pages\/2015\/revisions"}],"predecessor-version":[{"id":26710,"href":"https:\/\/drhe.hu\/en\/wp-json\/wp\/v2\/pages\/2015\/revisions\/26710"}],"up":[{"embeddable":true,"href":"https:\/\/drhe.hu\/en\/wp-json\/wp\/v2\/pages\/1987"}],"wp:attachment":[{"href":"https:\/\/drhe.hu\/en\/wp-json\/wp\/v2\/media?parent=2015"}],"curies":[{"name":"wp","href":"https:\/\/api.w.org\/{rel}","templated":true}]}}