{"id":2017,"date":"2021-09-17T09:27:51","date_gmt":"2021-09-17T07:27:51","guid":{"rendered":"http:\/\/new.drhe.hu\/?page_id=2017"},"modified":"2025-04-14T15:03:38","modified_gmt":"2025-04-14T13:03:38","slug":"egyhazzenei-tanszek","status":"publish","type":"page","link":"https:\/\/drhe.hu\/en\/egyetemunk\/oktatasi-egysegek\/teologiai-intezet\/egyhazzenei-tanszek\/","title":{"rendered":"Egyh\u00e1zzenei Tansz\u00e9k"},"content":{"rendered":"<div class=\"wpb-content-wrapper\"><p>[vc_row][vc_column][vc_column_text]Tansz\u00e9k\u00fcnk oktat\u00f3i az egyetem mindk\u00e9t int\u00e9zet\u00e9nek munk\u00e1j\u00e1ban r\u00e9szt vesznek. Hit\u00e9leti szakokon f\u0151 feladatunk els\u0151sorban a k\u00e1ntor szakos hallgat\u00f3k k\u00e9pz\u00e9se, emellett ell\u00e1tjuk az egyh\u00e1zi \u00e9nek, gyermek- \u00e9s ifj\u00fas\u00e1gi \u00e9nekek, a harm\u00f3nium \u00e9s orgona, valamint a git\u00e1r tant\u00e1rgyak oktat\u00e1s\u00e1t. A K\u00f6lcsey Ferenc Tan\u00edt\u00f3k\u00e9pz\u00e9si Int\u00e9zet hallgat\u00f3it a kod\u00e1lyi alapelvek szerint k\u00e9sz\u00edtj\u00fck fel az \u00e1ltal\u00e1nos iskola als\u00f3 tagozatos \u00e9nek\u00f3r\u00e1inak megtart\u00e1s\u00e1ra. Az \u00e9nek-zene m\u0171velts\u00e9gter\u00fcleti k\u00e9pz\u00e9sben r\u00e9sztvev\u0151k sz\u00e1m\u00e1ra tov\u00e1bbi zenepedag\u00f3giai, zeneelm\u00e9leti \u00e9s k\u00f3rusvezet\u00e9si ismereteket is ny\u00fajtunk, felk\u00e9sz\u00edtve a hallgat\u00f3kat a k\u00f3rusfoglalkoz\u00e1sok \u00e9s a mindennapos \u00e9nekl\u00e9s \u00e9lm\u00e9nyk\u00f6zpont\u00fa, v\u00e1ltozatos, ugyanakkor szakszer\u0171 megval\u00f3s\u00edt\u00e1s\u00e1ra is. A k\u00e9pz\u00e9sben szerepl\u0151 tant\u00e1rgyak t\u00f6bbs\u00e9g\u00e9nek oktat\u00e1sa csoportos keretek k\u00f6zt zajlik, de a hangszeres t\u00e1rgyakat (az \u00e9nek m\u0171velts\u00e9g ter\u00fcleten k\u00f6telez\u0151 zongora, illetve a szabadon v\u00e1laszthat\u00f3 git\u00e1r \u00e9s harm\u00f3nium), valamint az \u00e9nek \u00e9s hangk\u00e9pz\u00e9s egyes kurzusait egy\u00e9ni \u00f3r\u00e1kon l\u00e1togathatj\u00e1k a hallgat\u00f3k. Az \u00e9nekkar munk\u00e1j\u00e1ban az egyetem valamennyi hallgat\u00f3ja \u00e9vfolyamt\u00f3l f\u00fcggetlen\u00fcl vehet r\u00e9szt. Itt szerezhetik meg az arra elhivatott hallgat\u00f3k a k\u00f6z\u00f6s \u00e9nekl\u00e9s ir\u00e1ny\u00edt\u00e1s\u00e1hoz, illetve a rendszeres \u00e9nekkari munk\u00e1hoz sz\u00fcks\u00e9ges elm\u00e9leti \u00e9s gyakorlati ismereteket is. 2017-t\u0151l egyetem\u00fcnk nemzetk\u00f6zies\u00edt\u00e9si programj\u00e1ba az Introduction to Teaching Solfeggio based on the Kodaly Method kurzussal kapcsol\u00f3dtunk be. Az oktat\u00e1si c\u00e9lokon t\u00fal tansz\u00e9k\u00fcnk oktat\u00f3i \u00e9s hallgat\u00f3i sz\u00e1m\u00e1ra rendszeres \u00e9s folyamatos feladatot jelent az egyetemi rendezv\u00e9nyek, istentiszteletek, konferenci\u00e1k, \u00fcnneps\u00e9gek zenei szolg\u00e1lat\u00e1nak ell\u00e1t\u00e1sa is. Tansz\u00e9k\u00fcnk valamennyi oktat\u00f3ja akt\u00edv zenei tev\u00e9kenys\u00e9get folytat, k\u00f3rusvezet\u0151k\u00e9nt, hangszeres el\u0151ad\u00f3m\u0171v\u00e9szk\u00e9nt rendszeresen fell\u00e9pnek egyh\u00e1zi \u00e9s vil\u00e1gi rendezv\u00e9nyeken, hazai \u00e9s nemzetk\u00f6zi f\u00f3rumokon egyar\u00e1nt. Publik\u00e1ci\u00f3ink, el\u0151ad\u00e1saink, tanulm\u00e1nyaink id\u0151r\u0151l id\u0151re fellelhet\u0151ek a zenepedag\u00f3giai konferenci\u00e1k kiadv\u00e1nyaiban, a zenei szaksajt\u00f3ban.[\/vc_column_text][\/vc_column][\/vc_row]<\/p>\n<\/div>","protected":false},"excerpt":{"rendered":"<p>[vc_row][vc_column][vc_column_text]Tansz\u00e9k\u00fcnk oktat\u00f3i az egyetem mindk\u00e9t int\u00e9zet\u00e9nek munk\u00e1j\u00e1ban r\u00e9szt vesznek. Hit\u00e9leti szakokon f\u0151 feladatunk els\u0151sorban a k\u00e1ntor szakos hallgat\u00f3k k\u00e9pz\u00e9se, emellett<\/p>\n","protected":false},"author":1,"featured_media":0,"parent":1987,"menu_order":15,"comment_status":"closed","ping_status":"closed","template":"page-tanszek.php","meta":{"_acf_changed":false,"footnotes":"","_links_to":"","_links_to_target":""},"class_list":["post-2017","page","type-page","status-publish","hentry"],"acf":[],"_links":{"self":[{"href":"https:\/\/drhe.hu\/en\/wp-json\/wp\/v2\/pages\/2017","targetHints":{"allow":["GET"]}}],"collection":[{"href":"https:\/\/drhe.hu\/en\/wp-json\/wp\/v2\/pages"}],"about":[{"href":"https:\/\/drhe.hu\/en\/wp-json\/wp\/v2\/types\/page"}],"author":[{"embeddable":true,"href":"https:\/\/drhe.hu\/en\/wp-json\/wp\/v2\/users\/1"}],"replies":[{"embeddable":true,"href":"https:\/\/drhe.hu\/en\/wp-json\/wp\/v2\/comments?post=2017"}],"version-history":[{"count":6,"href":"https:\/\/drhe.hu\/en\/wp-json\/wp\/v2\/pages\/2017\/revisions"}],"predecessor-version":[{"id":23665,"href":"https:\/\/drhe.hu\/en\/wp-json\/wp\/v2\/pages\/2017\/revisions\/23665"}],"up":[{"embeddable":true,"href":"https:\/\/drhe.hu\/en\/wp-json\/wp\/v2\/pages\/1987"}],"wp:attachment":[{"href":"https:\/\/drhe.hu\/en\/wp-json\/wp\/v2\/media?parent=2017"}],"curies":[{"name":"wp","href":"https:\/\/api.w.org\/{rel}","templated":true}]}}