{"id":2019,"date":"2021-09-17T09:28:45","date_gmt":"2021-09-17T07:28:45","guid":{"rendered":"http:\/\/new.drhe.hu\/?page_id=2019"},"modified":"2025-04-14T15:04:50","modified_gmt":"2025-04-14T13:04:50","slug":"gyakorlati-teologiai-tanszek","status":"publish","type":"page","link":"https:\/\/drhe.hu\/en\/egyetemunk\/oktatasi-egysegek\/teologiai-intezet\/gyakorlati-teologiai-tanszek\/","title":{"rendered":"Gyakorlati Teol\u00f3giai Tansz\u00e9k"},"content":{"rendered":"<div class=\"wpb-content-wrapper\"><p>[vc_row][vc_column][vc_column_text]<\/p>\n<p class=\"rtejustify\">A Gyakorlati Teol\u00f3giai Tansz\u00e9k munk\u00e1ja a lelkip\u00e1sztori \u00e9s a hitoktat\u00f3i, illetve vall\u00e1stan\u00e1ri szolg\u00e1lat gyakorlati ter\u00fcleteire koncentr\u00e1l. Foglalkozunk az igehirdet\u00e9s formai \u00e9s tartalmi vonatkoz\u00e1saival, az istentisztelet liturgi\u00e1j\u00e1val, a lelkigondoz\u00e1s elm\u00e9leti ter\u00fcleteivel, m\u00f3dszereivel, a hit- \u00e9s vall\u00e1soktat\u00e1s szakm\u00f3dszertani elj\u00e1r\u00e1saival. Ezekhez kapcsol\u00f3dva jelenleg 19 tant\u00e1rgy oktat\u00e1s\u00e1t l\u00e1tjuk el (pl. homiletika, liturgika, poimenika, katechetika, gyakorlati bibliamagyar\u00e1zat, besz\u00e9dm\u0171vel\u00e9s, vall\u00e1si szocializ\u00e1ci\u00f3, vall\u00e1sl\u00e9lektan, gyermekv\u00e9delem, koll\u00e9giumi nevel\u00e9s \u00e9s lelkigondoz\u00e1s, vall\u00e1spedag\u00f3gia, nevel\u00e9selm\u00e9let, nevel\u00e9st\u00f6rt\u00e9net, retorika, katechetikai \u00e9s vall\u00e1spedag\u00f3giai szakm\u00f3dszertanok). A k\u00f6telez\u0151 tant\u00e1rgyak mellett minden \u00e9vben szabadon v\u00e1laszthat\u00f3 kurzusokat is meghirdet\u00fcnk, pl. a kreat\u00edv katech\u00e9zis \u00e9s a m\u0171v\u00e9szettel a katech\u00e9zisben t\u00e1rgyakat.<\/p>\n<p class=\"rtejustify\">A tansz\u00e9k gondozza a VI. \u00e9ves lelk\u00e9sz szakir\u00e1nyos hallgat\u00f3k gyakorlati \u00e9v\u00e9nek tant\u00e1rgyi r\u00e9sz\u00e9t is. Mi szervezz\u00fck a tanulm\u00e1nyi konzult\u00e1ci\u00f3kat \u00e9s a vizsgaistentiszteletek beoszt\u00e1s\u00e1t, amelyek szigorlati \u00e9rt\u00e9kel\u00e9s\u00e9ben m\u00e1s tansz\u00e9kek oktat\u00f3i is r\u00e9szt vesznek.<\/p>\n<p class=\"rtejustify\">A Katechetikai K\u00f6zpont 1992 \u00f3ta seg\u00edti a hit-\u00e9s vall\u00e1soktat\u00f3k gyakorlati felk\u00e9sz\u00fcl\u00e9s\u00e9t. Nem csak a DRHE hallgat\u00f3inak \u00e1ll rendelkez\u00e9s\u00e9re k\u00f6nyvgy\u0171jtem\u00e9ny\u00e9vel, seg\u00e9danyagaival, kurzusaival, hanem rendszeresen meghirdetett szakmai m\u0171helyeibe sz\u00edvesen fogadja az \u00e9rdekl\u0151d\u0151 szakembereket. Akkredit\u00e1lt pedag\u00f3gus-tov\u00e1bbk\u00e9pz\u00e9st is hirdet\u00fcnk B\u00e1b \u00e9s dr\u00e1ma a hitoktat\u00e1sban c\u00edmmel. A Katechetikai K\u00f6zpont vezet\u0151je Kust\u00e1rn\u00e9 Alm\u00e1si Zsuzsanna.<\/p>\n<p class=\"rtejustify\">Az istentisztelet sokf\u00e9le vonatkoz\u00e1s\u00e1hoz \u2013 liturgia, homiletika, hymnol\u00f3gia \u2013 kapcsol\u00f3d\u00f3 tudom\u00e1nyos kutat\u00e1sokat a Liturgikai Kutat\u00f3int\u00e9zet seg\u00edti, amelynek vezet\u0151je Dr. Fekete K\u00e1roly.<\/p>\n<p>[\/vc_column_text][\/vc_column][\/vc_row]<\/p>\n<\/div>","protected":false},"excerpt":{"rendered":"<p>[vc_row][vc_column][vc_column_text] A Gyakorlati Teol\u00f3giai Tansz\u00e9k munk\u00e1ja a lelkip\u00e1sztori \u00e9s a hitoktat\u00f3i, illetve vall\u00e1stan\u00e1ri szolg\u00e1lat gyakorlati ter\u00fcleteire koncentr\u00e1l. Foglalkozunk az igehirdet\u00e9s<\/p>\n","protected":false},"author":1,"featured_media":0,"parent":1987,"menu_order":15,"comment_status":"closed","ping_status":"closed","template":"page-tanszek.php","meta":{"_acf_changed":false,"footnotes":"","_links_to":"","_links_to_target":""},"class_list":["post-2019","page","type-page","status-publish","hentry"],"acf":[],"_links":{"self":[{"href":"https:\/\/drhe.hu\/en\/wp-json\/wp\/v2\/pages\/2019","targetHints":{"allow":["GET"]}}],"collection":[{"href":"https:\/\/drhe.hu\/en\/wp-json\/wp\/v2\/pages"}],"about":[{"href":"https:\/\/drhe.hu\/en\/wp-json\/wp\/v2\/types\/page"}],"author":[{"embeddable":true,"href":"https:\/\/drhe.hu\/en\/wp-json\/wp\/v2\/users\/1"}],"replies":[{"embeddable":true,"href":"https:\/\/drhe.hu\/en\/wp-json\/wp\/v2\/comments?post=2019"}],"version-history":[{"count":8,"href":"https:\/\/drhe.hu\/en\/wp-json\/wp\/v2\/pages\/2019\/revisions"}],"predecessor-version":[{"id":23666,"href":"https:\/\/drhe.hu\/en\/wp-json\/wp\/v2\/pages\/2019\/revisions\/23666"}],"up":[{"embeddable":true,"href":"https:\/\/drhe.hu\/en\/wp-json\/wp\/v2\/pages\/1987"}],"wp:attachment":[{"href":"https:\/\/drhe.hu\/en\/wp-json\/wp\/v2\/media?parent=2019"}],"curies":[{"name":"wp","href":"https:\/\/api.w.org\/{rel}","templated":true}]}}