{"id":2021,"date":"2021-09-17T09:29:24","date_gmt":"2021-09-17T07:29:24","guid":{"rendered":"http:\/\/new.drhe.hu\/?page_id=2021"},"modified":"2021-10-28T12:08:46","modified_gmt":"2021-10-28T10:08:46","slug":"misszioi-es-felekezettudomanyi-tanszek","status":"publish","type":"page","link":"https:\/\/drhe.hu\/en\/egyetemunk\/oktatasi-egysegek\/teologiai-intezet\/misszioi-es-felekezettudomanyi-tanszek\/","title":{"rendered":"Misszi\u00f3i \u00e9s Felekezettudom\u00e1nyi Tansz\u00e9k"},"content":{"rendered":"<div class=\"wpb-content-wrapper\"><p>[vc_row][vc_column][vc_column_text]\u201e\u2026a ti hitetek mell\u00e9 ragasszatok j\u00f3 cselekedetet, a j\u00f3 cselekedet mell\u00e9 tudom\u00e1nyt\u2026\u201d 2P\u00e9t 1,5<\/p>\n<p class=\"rtejustify\">A Misszi\u00f3i \u00e9s Felekezettudom\u00e1nyi Tansz\u00e9k c\u00e9lja, hogy a kereszty\u00e9n egyh\u00e1z k\u00fcldet\u00e9s\u00e9vel foglalkoz\u00f3 teol\u00f3giai tudom\u00e1nyok ter\u00fclet\u00e9n oktat\u00f3i \u00e9s tudom\u00e1nyos kutat\u00f3i tev\u00e9kenys\u00e9get folytasson.<\/p>\n<p class=\"rtejustify\">A tansz\u00e9k \u00e1ltal oktatott k\u00f6telez\u0151 kurzusok:<\/p>\n<p class=\"rtejustify\">Egyh\u00e1zismeret<br \/>\nFelekezettudom\u00e1ny \u00e9s \u00f6kumenika<br \/>\nMissziol\u00f3gia<br \/>\nDiakonika<br \/>\nGy\u00fclekezet\u00e9p\u00edt\u00e9s<\/p>\n<p class=\"rtejustify\">A tansz\u00e9k fel\u00fcgyeli \u00e9s ir\u00e1ny\u00edtja a hit\u00e9leti k\u00e9pz\u00e9sben r\u00e9szt vev\u0151 hallgat\u00f3k misszi\u00f3i gyakorlatait. A tansz\u00e9k oktat\u00f3i r\u00e9szt vesznek a gyakornok-seg\u00e9dlelk\u00e9szek k\u00e9pz\u00e9s\u00e9ben is.<\/p>\n<p class=\"rtejustify\">A Misszi\u00f3i \u00e9s Felekezettudom\u00e1nyi Tansz\u00e9k munkat\u00e1rsai:<\/p>\n<p class=\"rtejustify\">Dr. Ga\u00e1l S\u00e1ndor esperes, tansz\u00e9kvezet\u0151 egyetemi docens<br \/>\nDr. Gonda L\u00e1szl\u00f3 reform\u00e1tus lelk\u00e9sz, egyetemi docens<br \/>\nDam\u00e1sdi D\u00e9nes doktorandusz<\/p>\n<p class=\"rtejustify\">Egy\u00fcttm\u0171k\u00f6d\u0151 partnereink:<\/p>\n<p class=\"rtejustify\">Missio et Oikodome Missziol\u00f3giai \u00e9s \u00d6kumenika Kutat\u00f3int\u00e9zet<br \/>\nMagyarorsz\u00e1gi Reform\u00e1tus Egyh\u00e1z Doktorok Koll\u00e9giuma, Missziol\u00f3giai Szekci\u00f3<br \/>\nK\u00f6z\u00e9p- \u00e9s Kelet-Eur\u00f3pai Missziol\u00f3giai T\u00e1rsas\u00e1g (CEEAMS)<br \/>\nNemzetk\u00f6zi Missziol\u00f3giai T\u00e1rsas\u00e1g (IAMS)<\/p>\n<p>A tansz\u00e9k t\u00f6rt\u00e9nete:<\/p>\n<p class=\"rtejustify\">A Misszi\u00f3i \u00e9s Felekezettudom\u00e1nyi Tansz\u00e9k 1912-ben j\u00f6tt l\u00e9tre Dr. Kiss Ferenc (1862-1948) professzor kezdem\u00e9nyez\u00e9s\u00e9re Belmisszi\u00f3i \u00e9s Nevel\u00e9stani Tansz\u00e9k n\u00e9ven. K\u00e9s\u0151bb Pasztor\u00e1lis Theol\u00f3giai Tansz\u00e9k \u00e9s Gyakorlati Theol\u00f3giai (belmisszi\u00f3i) Tansz\u00e9k n\u00e9ven m\u0171k\u00f6d\u00f6tt. Jeles tan\u00e1ra volt Dr. Makkai S\u00e1ndor (1890-1951) professzor. 1953 \u00e9s 1993 k\u00f6z\u00f6tt \u00d6kumenika Tansz\u00e9k n\u00e9ven m\u0171k\u00f6d\u00f6tt. 1993-ban Dr. B\u00fct\u00f6si J\u00e1nos (1919-2010) professzor kapott megh\u00edv\u00e1st a tansz\u00e9k vezet\u00e9s\u00e9re, aki Misszi\u00f3i \u00e9s Felekezettudom\u00e1nyi Tansz\u00e9k n\u00e9ven szervezte \u00fajj\u00e1.<\/p>\n<p class=\"rtejustify\">A Misszi\u00f3i \u00e9s Felekezettudom\u00e1nyi Tansz\u00e9k \u00e9s el\u0151d-tansz\u00e9kei tan\u00e1rai:<\/p>\n<p class=\"rtejustify\">Dr. Kiss Ferenc 1914-1933<br \/>\nCsikesz S\u00e1ndor 1933-1936<br \/>\nDr. Makkai S\u00e1ndor 1936-1951<br \/>\nDr. B\u00e9kefi Ben\u0151 1953-1957<br \/>\nDr. Bartha Tibor 1953-1958<br \/>\nDr. Szab\u00f3 L\u00e1szl\u00f3 Ambrus 1960-1991<br \/>\nDr. B\u00fct\u00f6si J\u00e1nos 1993-1998<br \/>\nDr. Lenkeyn\u00e9 Dr. Semsey Kl\u00e1ra 1998-2005<\/p>\n<p>[\/vc_column_text][\/vc_column][\/vc_row]<\/p>\n<\/div>","protected":false},"excerpt":{"rendered":"<p>[vc_row][vc_column][vc_column_text]\u201e\u2026a ti hitetek mell\u00e9 ragasszatok j\u00f3 cselekedetet, a j\u00f3 cselekedet mell\u00e9 tudom\u00e1nyt\u2026\u201d 2P\u00e9t 1,5 A Misszi\u00f3i \u00e9s Felekezettudom\u00e1nyi Tansz\u00e9k c\u00e9lja,<\/p>\n","protected":false},"author":1,"featured_media":0,"parent":1987,"menu_order":0,"comment_status":"closed","ping_status":"closed","template":"page-tanszek.php","meta":{"_acf_changed":false,"footnotes":"","_links_to":"","_links_to_target":""},"class_list":["post-2021","page","type-page","status-publish","hentry"],"acf":[],"_links":{"self":[{"href":"https:\/\/drhe.hu\/en\/wp-json\/wp\/v2\/pages\/2021","targetHints":{"allow":["GET"]}}],"collection":[{"href":"https:\/\/drhe.hu\/en\/wp-json\/wp\/v2\/pages"}],"about":[{"href":"https:\/\/drhe.hu\/en\/wp-json\/wp\/v2\/types\/page"}],"author":[{"embeddable":true,"href":"https:\/\/drhe.hu\/en\/wp-json\/wp\/v2\/users\/1"}],"replies":[{"embeddable":true,"href":"https:\/\/drhe.hu\/en\/wp-json\/wp\/v2\/comments?post=2021"}],"version-history":[{"count":2,"href":"https:\/\/drhe.hu\/en\/wp-json\/wp\/v2\/pages\/2021\/revisions"}],"predecessor-version":[{"id":4616,"href":"https:\/\/drhe.hu\/en\/wp-json\/wp\/v2\/pages\/2021\/revisions\/4616"}],"up":[{"embeddable":true,"href":"https:\/\/drhe.hu\/en\/wp-json\/wp\/v2\/pages\/1987"}],"wp:attachment":[{"href":"https:\/\/drhe.hu\/en\/wp-json\/wp\/v2\/media?parent=2021"}],"curies":[{"name":"wp","href":"https:\/\/api.w.org\/{rel}","templated":true}]}}