{"id":2023,"date":"2021-09-17T09:30:31","date_gmt":"2021-09-17T07:30:31","guid":{"rendered":"http:\/\/new.drhe.hu\/?page_id=2023"},"modified":"2025-04-14T15:08:00","modified_gmt":"2025-04-14T13:08:00","slug":"romologia-tanszek","status":"publish","type":"page","link":"https:\/\/drhe.hu\/en\/egyetemunk\/oktatasi-egysegek\/teologiai-intezet\/romologia-tanszek\/","title":{"rendered":"Romol\u00f3gia Tansz\u00e9k"},"content":{"rendered":"<div class=\"wpb-content-wrapper\"><p>[vc_row][vc_column][vc_column_text]Egyetem\u00fcnk Romol\u00f3gia Tansz\u00e9ke 2016 nyar\u00e1n alakult, s a 2016\/2017. tan\u00e9v els\u0151 f\u00e9l\u00e9v\u00e9ben kezdte meg az oktat\u00e1st. Int\u00e9zm\u00e9ny\u00fcnkben ett\u0151l kezdve minden hallgat\u00f3 h\u00e1rom szemeszteren kereszt\u00fcl r\u00e9szt vesz romol\u00f3giai k\u00e9pz\u00e9sben. A kurzusok egym\u00e1sra \u00e9p\u00fclnek: az els\u0151 k\u00e9t f\u00e9l\u00e9vben a cig\u00e1nys\u00e1g t\u00f6rt\u00e9net\u00e9t s kult\u00far\u00e1j\u00e1t, hagyom\u00e1nyait, jelenlegi helyzet\u00e9t ismerik meg a hallgat\u00f3k, a harmadik f\u00e9l\u00e9v pedig szakspecifikus k\u00e9pz\u00e9st jelent. Ennek keret\u00e9ben a hit\u00e9leti szakokon tanul\u00f3k cig\u00e1nymisszi\u00f3s, pasztor\u00e1ci\u00f3s k\u00e9pz\u00e9sben r\u00e9szes\u00fclnek, a nem hit\u00e9leti szakos hallgat\u00f3k pedig megismerkednek a jelen oktat\u00e1si helyzet okaival, a teend\u0151kkel, a m\u0171k\u00f6d\u0151 megold\u00e1si gyakorlatokkal, az integrat\u00edv, inkluz\u00edv pedag\u00f3gia m\u00f3dszertan\u00e1val. Tansz\u00e9k\u00fcnk kiemelten fontosnak tartja, hogy hallgat\u00f3ink az \u00e1tfog\u00f3 elm\u00e9leti tud\u00e1s megszerz\u00e9se mellett \u2013 j\u00f6v\u0151 p\u00e1ly\u00e1jukat, sikeres szolg\u00e1latukat, munk\u00e1jukat meghat\u00e1roz\u00f3, seg\u00edt\u0151 \u2013 gyakorlati ismereteket, m\u00f3dszertant is elsaj\u00e1t\u00edtsanak. Ennek \u00e9rdek\u00e9ben sz\u00e1mos terepgyakorlatra vissz\u00fck a di\u00e1kokat (cig\u00e1nytelep, gett\u00f3, cig\u00e1ny iskola, cig\u00e1ny\/roma gy\u00fclekezet), az egyetemen \u00e9rz\u00e9keny\u00edt\u0151 programokat szervez\u00fcnk (cig\u00e1ny k\u00e9pz\u0151m\u0171v\u00e9szek ki\u00e1ll\u00edt\u00e1sa, cig\u00e1nymisszi\u00f3s bemutatkoz\u00e1s), bekapcsol\u00f3dtunk a Reform\u00e1tus Cig\u00e1nymisszi\u00f3 munk\u00e1j\u00e1ba, orsz\u00e1gos tal\u00e1lkoz\u00f3ikon hallgat\u00f3inkkal jelen vagyunk, lelkip\u00e1sztori tov\u00e1bbk\u00e9pz\u00e9seiken el\u0151ad\u00e1sokat tartunk, s r\u00e9szt vesz\u00fcnk a hazai Kereszt\u00e9ny Roma Szakkoll\u00e9giumi H\u00e1l\u00f3zat munk\u00e1j\u00e1ban is. Szoros kapcsolatot \u00e1polunk a debreceni W\u00e1li Istv\u00e1n Reform\u00e1tus Cig\u00e1ny Szakkoll\u00e9giummal, melynek oktat\u00f3i tev\u00e9kenys\u00e9g\u00e9ben is szerepet v\u00e1llalunk. Egy\u00fcttm\u0171k\u00f6d\u00fcnk a TTRE Cig\u00e1nymisszi\u00f3j\u00e1val; hallgat\u00f3inkat igyeksz\u00fcnk m\u00e1r egyetemi \u00e9veik alatt megismertetni, bevonni a cig\u00e1nyok k\u00f6z\u00f6tt v\u00e9gzett szolg\u00e1latba. Romol\u00f3giai t\u00e9m\u00e1j\u00fa orsz\u00e1gos p\u00e1ly\u00e1zatot \u00edrunk ki, <em>Romol\u00f3giai f\u00fczetek<\/em> c\u00edmmel oktat\u00e1si seg\u00e9danyagaink jelennek meg a 2017\/2018-as tan\u00e9vt\u0151l. Tansz\u00e9k\u00fcnk oktat\u00f3i akt\u00edv tagjai a romol\u00f3giai tudom\u00e1nyos \u00e9letnek; kutatunk, publik\u00e1lunk, el\u0151ad\u00e1sokat tartunk konferenci\u00e1kon, vend\u00e9gel\u0151ad\u00f3k\u00e9nt t\u00f6bb hazai egyetemen oktatunk. A 2017\/2018 tan\u00e9vt\u0151l indul\u00f3 romat\u00e1rsadalom-ismereti szakir\u00e1ny\u00fa levelez\u0151 k\u00e9pz\u00e9s\u00fcnk ind\u00edt\u00e1s\u00e1val bekapcsol\u00f3dtunk a feln\u0151ttk\u00e9pz\u00e9sbe is.[\/vc_column_text][\/vc_column][\/vc_row]<\/p>\n<\/div>","protected":false},"excerpt":{"rendered":"<p>[vc_row][vc_column][vc_column_text]Egyetem\u00fcnk Romol\u00f3gia Tansz\u00e9ke 2016 nyar\u00e1n alakult, s a 2016\/2017. tan\u00e9v els\u0151 f\u00e9l\u00e9v\u00e9ben kezdte meg az oktat\u00e1st. Int\u00e9zm\u00e9ny\u00fcnkben ett\u0151l kezdve minden<\/p>\n","protected":false},"author":1,"featured_media":0,"parent":1987,"menu_order":11,"comment_status":"closed","ping_status":"closed","template":"page-tanszek.php","meta":{"_acf_changed":false,"footnotes":"","_links_to":"","_links_to_target":""},"class_list":["post-2023","page","type-page","status-publish","hentry"],"acf":[],"_links":{"self":[{"href":"https:\/\/drhe.hu\/en\/wp-json\/wp\/v2\/pages\/2023","targetHints":{"allow":["GET"]}}],"collection":[{"href":"https:\/\/drhe.hu\/en\/wp-json\/wp\/v2\/pages"}],"about":[{"href":"https:\/\/drhe.hu\/en\/wp-json\/wp\/v2\/types\/page"}],"author":[{"embeddable":true,"href":"https:\/\/drhe.hu\/en\/wp-json\/wp\/v2\/users\/1"}],"replies":[{"embeddable":true,"href":"https:\/\/drhe.hu\/en\/wp-json\/wp\/v2\/comments?post=2023"}],"version-history":[{"count":7,"href":"https:\/\/drhe.hu\/en\/wp-json\/wp\/v2\/pages\/2023\/revisions"}],"predecessor-version":[{"id":23668,"href":"https:\/\/drhe.hu\/en\/wp-json\/wp\/v2\/pages\/2023\/revisions\/23668"}],"up":[{"embeddable":true,"href":"https:\/\/drhe.hu\/en\/wp-json\/wp\/v2\/pages\/1987"}],"wp:attachment":[{"href":"https:\/\/drhe.hu\/en\/wp-json\/wp\/v2\/media?parent=2023"}],"curies":[{"name":"wp","href":"https:\/\/api.w.org\/{rel}","templated":true}]}}