{"id":2025,"date":"2021-09-17T09:31:46","date_gmt":"2021-09-17T07:31:46","guid":{"rendered":"http:\/\/new.drhe.hu\/?page_id=2025"},"modified":"2022-01-15T20:59:56","modified_gmt":"2022-01-15T19:59:56","slug":"szocialetikai-es-egyhazszociologiai-tanszek","status":"publish","type":"page","link":"https:\/\/drhe.hu\/en\/egyetemunk\/oktatasi-egysegek\/teologiai-intezet\/szocialetikai-es-egyhazszociologiai-tanszek\/","title":{"rendered":"Szoci\u00e1letikai \u00e9s Egyh\u00e1zszociol\u00f3giai Tansz\u00e9k"},"content":{"rendered":"<div class=\"wpb-content-wrapper\"><p>[vc_row][vc_column][vc_column_text]<\/p>\n<p class=\"rtejustify\">A tansz\u00e9k feladta egyr\u00e9szt a teol\u00f3giai etika tudom\u00e1nyos kifejt\u00e9se, az elm\u00e9leti \u00e9s az alkalmazott etika k\u00e9rd\u00e9sk\u00f6reinek kutat\u00e1sa, a szoci\u00e1letika, illetve \u00e1gazati etik\u00e1k t\u00e9mak\u00f6reinek bemutat\u00e1sa, m\u00e1sr\u00e9szt az eur\u00f3pai \u00e9s magyar t\u00e1rsadalom \u00e1ltal\u00e1nos vall\u00e1sszociol\u00f3giai arculat\u00e1nak \u00e9s az egyh\u00e1z szoci\u00e1lis meghat\u00e1rozotts\u00e1g\u00e1nak vizsg\u00e1lata. Ezen t\u00falmen\u0151en kiemelt feladatk\u00e9nt kezelj\u00fck a hallgat\u00f3k etikai kompetenci\u00e1inak fejleszt\u00e9s\u00e9t \u00e9s az \u00f6n\u00e1ll\u00f3 erk\u00f6lcsi \u00edt\u00e9letalkot\u00e1s kialak\u00edt\u00e1s\u00e1nak seg\u00edt\u00e9s\u00e9t.\u00a0 Ennek megfelel\u0151en a tansz\u00e9k biztos\u00edtja a szakter\u00fclet t\u00e1rgyk\u00f6r\u00e9be tartoz\u00f3 tanegys\u00e9gek oktat\u00e1s\u00e1t a hit\u00e9leti \u00e9s nem hit\u00e9leti szakok, valamint a doktori k\u00e9pz\u00e9s hallgat\u00f3inak. A tananyag aktualiz\u00e1l\u00e1s\u00e1t \u00e9s az etikai kompetenci\u00e1k fejleszt\u00e9s\u00e9t a tansz\u00e9k\u00a0 az egyh\u00e1z \u00e9s t\u00e1rsadalom kapcsolatrendszer\u00e9nek kutat\u00e1sa, a t\u00e1rsadalometikai k\u00e9rd\u00e9sek teol\u00f3giai reflekt\u00e1l\u00e1sa, vall\u00e1s- \u00e9s egyh\u00e1zszociol\u00f3giai valamint hivat\u00e1sszociol\u00f3giai vizsg\u00e1latok v\u00e9gz\u00e9se \u00e9s teol\u00f3giai \u00e9rt\u00e9kel\u00e9se \u00e1ltal biztos\u00edtja.<\/p>\n<p class=\"rtejustify\">A tansz\u00e9k mellett m\u0171k\u00f6dik a Szoci\u00e1letikai Kutat\u00f3int\u00e9zet, amelynek feladata az etika, illetve szoci\u00e1letika kiemelt k\u00e9rd\u00e9seinek kutat\u00e1sa, speci\u00e1lis szakirodalom gy\u0171jt\u00e9se \u00e9s biztos\u00edt\u00e1sa a kutat\u00f3k sz\u00e1m\u00e1ra, kutat\u00e1si projektek koordin\u00e1l\u00e1sa,\u00a0 aktu\u00e1lis szoci\u00e1letikai \u00e1ll\u00e1sfoglal\u00e1sok el\u0151k\u00e9sz\u00edt\u00e9se \u00e9s kialak\u00edt\u00e1sa a k\u00f6zegyh\u00e1z sz\u00e1m\u00e1ra, konferenci\u00e1k szervez\u00e9se, kiadv\u00e1nyok szerkeszt\u00e9se, valamint kapcsolattart\u00e1s \u00e9s szakmai egy\u00fcttm\u0171k\u00f6d\u00e9s hazai \u00e9s nemzetk\u00f6zi etikai kutat\u00f3int\u00e9zetekkel, szakmai f\u00f3rumokkal.<\/p>\n<p class=\"rtejustify\">Az int\u00e9zet munkat\u00e1rsainak sz\u00e9les k\u00f6r\u0171 hazai \u00e9s nemzetk\u00f6zi szakmai kapcsolatai r\u00e9v\u00e9n a tansz\u00e9k \u00e9s a kutat\u00f3int\u00e9zet hat\u00e9konyan vesz r\u00e9szt \u00f6kumenikus etikai \u00e1ll\u00e1sfoglal\u00e1sok el\u0151k\u00e9sz\u00edt\u00e9s\u00e9ben, nemzetk\u00f6zi kutat\u00e1si projektekben, szakfoly\u00f3iratok \u00e9s k\u00fcl\u00f6nb\u00f6z\u0151 kiadv\u00e1nyok szerkeszt\u00e9s\u00e9ben. A folyamatban lev\u0151 kutat\u00e1si projektekr\u0151l, el\u00e9rt eredm\u00e9nyekr\u0151l, valamint aktu\u00e1lis etikai reflexi\u00f3kr\u00f3l a tansz\u00e9k \u00e9s a kutat\u00f3int\u00e9zet k\u00f6z\u00f6s honlapja (<a href=\"http:\/\/szocialetika.drhe.hu\/\" target=\"_blank\" rel=\"noopener\">http:\/\/szocialetika.drhe.hu\/<\/a>) naprak\u00e9szen inform\u00e1lja a hallgat\u00f3kat \u00e9s az \u00e9rdekl\u0151d\u0151ket.<\/p>\n<p>[\/vc_column_text][\/vc_column][\/vc_row]<\/p>\n<\/div>","protected":false},"excerpt":{"rendered":"<p>[vc_row][vc_column][vc_column_text] A tansz\u00e9k feladta egyr\u00e9szt a teol\u00f3giai etika tudom\u00e1nyos kifejt\u00e9se, az elm\u00e9leti \u00e9s az alkalmazott etika k\u00e9rd\u00e9sk\u00f6reinek kutat\u00e1sa, a szoci\u00e1letika,<\/p>\n","protected":false},"author":1,"featured_media":0,"parent":1987,"menu_order":13,"comment_status":"closed","ping_status":"closed","template":"page-tanszek.php","meta":{"_acf_changed":false,"footnotes":"","_links_to":"","_links_to_target":""},"class_list":["post-2025","page","type-page","status-publish","hentry"],"acf":[],"_links":{"self":[{"href":"https:\/\/drhe.hu\/en\/wp-json\/wp\/v2\/pages\/2025","targetHints":{"allow":["GET"]}}],"collection":[{"href":"https:\/\/drhe.hu\/en\/wp-json\/wp\/v2\/pages"}],"about":[{"href":"https:\/\/drhe.hu\/en\/wp-json\/wp\/v2\/types\/page"}],"author":[{"embeddable":true,"href":"https:\/\/drhe.hu\/en\/wp-json\/wp\/v2\/users\/1"}],"replies":[{"embeddable":true,"href":"https:\/\/drhe.hu\/en\/wp-json\/wp\/v2\/comments?post=2025"}],"version-history":[{"count":5,"href":"https:\/\/drhe.hu\/en\/wp-json\/wp\/v2\/pages\/2025\/revisions"}],"predecessor-version":[{"id":13722,"href":"https:\/\/drhe.hu\/en\/wp-json\/wp\/v2\/pages\/2025\/revisions\/13722"}],"up":[{"embeddable":true,"href":"https:\/\/drhe.hu\/en\/wp-json\/wp\/v2\/pages\/1987"}],"wp:attachment":[{"href":"https:\/\/drhe.hu\/en\/wp-json\/wp\/v2\/media?parent=2025"}],"curies":[{"name":"wp","href":"https:\/\/api.w.org\/{rel}","templated":true}]}}