{"id":2028,"date":"2021-09-17T09:32:18","date_gmt":"2021-09-17T07:32:18","guid":{"rendered":"http:\/\/new.drhe.hu\/?page_id=2028"},"modified":"2022-01-16T13:26:13","modified_gmt":"2022-01-16T12:26:13","slug":"oszovetsegi-tanszek","status":"publish","type":"page","link":"https:\/\/drhe.hu\/en\/egyetemunk\/oktatasi-egysegek\/teologiai-intezet\/oszovetsegi-tanszek\/","title":{"rendered":"\u00d3sz\u00f6vets\u00e9gi Tansz\u00e9k"},"content":{"rendered":"<div class=\"wpb-content-wrapper\"><p>[vc_row][vc_column][vc_column_text]<\/p>\n<p class=\"rtejustify\">Az \u00d3sz\u00f6vets\u00e9gi Tansz\u00e9k az egyh\u00e1z \u00e1ltal a Szent\u00edr\u00e1s szerves \u00e9s n\u00e9lk\u00fcl\u00f6zhetetlen r\u00e9sz\u00e9nek elfogadott \u00d3sz\u00f6vets\u00e9get hivatott kutatni, \u00fczenet\u00e9t tudom\u00e1nyos eszk\u00f6z\u00f6kkel felt\u00e1rni \u00e9s azt megismertetni az egyetem hallgat\u00f3ival, valamint az egyh\u00e1z k\u00f6z\u00f6ss\u00e9g\u00e9vel.<br \/>\n\u00cdgy tartozik a tansz\u00e9k feladatai k\u00f6z\u00e9 az \u00d3sz\u00f6vets\u00e9g eredeti nyelveinek (bibliai h\u00e9ber \u00e9s ar\u00e1mi) oktat\u00e1sa, ami alapoz\u00f3 kurzusk\u00e9nt k\u00e9sz\u00edti el\u0151 a k\u00e9s\u0151bbi biblikus tanulm\u00e1nyokat. Erre \u00e9p\u00fcl az \u00f3sz\u00f6vets\u00e9gi \u00edr\u00e1smagyar\u00e1zat szakm\u00f3dszertan\u00e1nak megismertet\u00e9se, az \u00f3sz\u00f6vets\u00e9gi k\u00f6nyvek \u00e9s iratcsoportok szerkezet\u00e9nek, tartalm\u00e1nak, el\u0151\u00e1ll\u00e1s\u00e1nak, teol\u00f3gi\u00e1j\u00e1nak k\u00e9rd\u00e9seivel foglalkoz\u00f3 bevezet\u00e9stani el\u0151ad\u00e1ssorozat, valamint az egyes k\u00f6nyvek tartalmi elemz\u00e9s\u00e9t v\u00e9gz\u0151 \u00f3sz\u00f6vets\u00e9gi \u00edr\u00e1smagyar\u00e1zat. A tansz\u00e9k mindezeken t\u00fal szemin\u00e1riumi form\u00e1ban k\u00edn\u00e1l fel speci\u00e1lis t\u00e9m\u00e1kat, \u00e9s ad teret a kutat\u00e1s meghat\u00e1roz\u00f3 k\u00e9rd\u00e9seivel val\u00f3 csoportos foglalkoz\u00e1snak. A hallgat\u00f3k \u00f6n\u00e1ll\u00f3 kutat\u00f3i munk\u00e1j\u00e1nak mentor\u00e1l\u00e1sa, szakmai t\u00e9mavezet\u00e9se els\u0151sorban az alapdolgozat- \u00e9s szakdolgozat\u00edr\u00e1s sor\u00e1n, valamint a tehets\u00e9ggondoz\u00e1s gradu\u00e1lis (TDK) \u00e9s posztgradu\u00e1lis (Doktori Iskola) szintjein val\u00f3sul meg.<\/p>\n<p class=\"rtejustify\">A tansz\u00e9k saj\u00e1t tansz\u00e9ki kutat\u00f3k\u00f6nyvt\u00e1rat tart fenn, melynek c\u00e9lja a tansz\u00e9k keret\u00e9ben megval\u00f3sul\u00f3 kutat\u00e1si \u00e9s oktat\u00e1si projektek szakirodalmi h\u00e1tter\u00e9nek biztos\u00edt\u00e1sa.<\/p>\n<p class=\"rtejustify\">A Debreceni Reform\u00e1tus Hittudom\u00e1nyi Egyetem \u00d3sz\u00f6vets\u00e9gi Tansz\u00e9k\u00e9nek Tanulm\u00e1nyi F\u00fczetei c\u00edmen tansz\u00e9k\u00fcnk k\u00f6nyvsorozatot szerkeszt, melyben els\u0151sorban a tansz\u00e9k \u00e1ltal oktatott tant\u00e1rgyak egyetemi jegyzeteit \u00e9s oktat\u00e1si seg\u00e9danyagait, a tansz\u00e9k \u00e1ltal szervezett tudom\u00e1nyos konferenci\u00e1k konferencia k\u00f6teteit, valamint a tansz\u00e9k oktat\u00f3inak egy\u00e9b szakmunk\u00e1it jelenteti meg. A kiadv\u00e1nyok a Karakter 1517 K\u00f6nyvesbolt \u00e9s K\u00e1v\u00e9z\u00f3 \u00fczletben megv\u00e1s\u00e1rolhat\u00f3k.<\/p>\n<p class=\"rtejustify\">A tansz\u00e9k az \u00dajsz\u00f6vets\u00e9gi Tansz\u00e9kkel k\u00f6z\u00f6sen m\u0171k\u00f6dteti a Patmosz Bibliai Tudom\u00e1nyok Kutat\u00f3int\u00e9zet\u00e9t, amelynek f\u0151 profilja a bibliai eszkatol\u00f3gia kutat\u00e1sa. Az ehhez kapcsol\u00f3d\u00f3 speci\u00e1lis szakirodalom gy\u0171jt\u00e9se mellett a kutat\u00f3int\u00e9zet tudom\u00e1nyos konferenci\u00e1kat szervez, hallgat\u00f3i konferenci\u00e1k keret\u00e9ben seg\u00edti az int\u00e9zm\u00e9nyi tehets\u00e9ggondoz\u00e1st, konferencia- \u00e9s tanulm\u00e1nyk\u00f6teteket jelentet meg, valamint szakmai kapcsolatok \u00e9p\u00edt\u00e9s\u00e9vel \u00e9s \u00e1pol\u00e1s\u00e1val j\u00e1rul hozz\u00e1 a bibliatudom\u00e1ny ter\u00e9n a hazai \u00e9s nemzetk\u00f6zi szakmai diskurzushoz.<\/p>\n<p>[\/vc_column_text][\/vc_column][\/vc_row]<\/p>\n<\/div>","protected":false},"excerpt":{"rendered":"<p>[vc_row][vc_column][vc_column_text] Az \u00d3sz\u00f6vets\u00e9gi Tansz\u00e9k az egyh\u00e1z \u00e1ltal a Szent\u00edr\u00e1s szerves \u00e9s n\u00e9lk\u00fcl\u00f6zhetetlen r\u00e9sz\u00e9nek elfogadott \u00d3sz\u00f6vets\u00e9get hivatott kutatni, \u00fczenet\u00e9t tudom\u00e1nyos eszk\u00f6z\u00f6kkel<\/p>\n","protected":false},"author":1,"featured_media":0,"parent":1987,"menu_order":15,"comment_status":"closed","ping_status":"closed","template":"page-tanszek.php","meta":{"_acf_changed":false,"footnotes":"","_links_to":"","_links_to_target":""},"class_list":["post-2028","page","type-page","status-publish","hentry"],"acf":[],"_links":{"self":[{"href":"https:\/\/drhe.hu\/en\/wp-json\/wp\/v2\/pages\/2028","targetHints":{"allow":["GET"]}}],"collection":[{"href":"https:\/\/drhe.hu\/en\/wp-json\/wp\/v2\/pages"}],"about":[{"href":"https:\/\/drhe.hu\/en\/wp-json\/wp\/v2\/types\/page"}],"author":[{"embeddable":true,"href":"https:\/\/drhe.hu\/en\/wp-json\/wp\/v2\/users\/1"}],"replies":[{"embeddable":true,"href":"https:\/\/drhe.hu\/en\/wp-json\/wp\/v2\/comments?post=2028"}],"version-history":[{"count":3,"href":"https:\/\/drhe.hu\/en\/wp-json\/wp\/v2\/pages\/2028\/revisions"}],"predecessor-version":[{"id":13725,"href":"https:\/\/drhe.hu\/en\/wp-json\/wp\/v2\/pages\/2028\/revisions\/13725"}],"up":[{"embeddable":true,"href":"https:\/\/drhe.hu\/en\/wp-json\/wp\/v2\/pages\/1987"}],"wp:attachment":[{"href":"https:\/\/drhe.hu\/en\/wp-json\/wp\/v2\/media?parent=2028"}],"curies":[{"name":"wp","href":"https:\/\/api.w.org\/{rel}","templated":true}]}}