{"id":2030,"date":"2021-09-17T09:33:02","date_gmt":"2021-09-17T07:33:02","guid":{"rendered":"http:\/\/new.drhe.hu\/?page_id=2030"},"modified":"2023-01-12T11:25:37","modified_gmt":"2023-01-12T10:25:37","slug":"ujszovetsegi-tanszek","status":"publish","type":"page","link":"https:\/\/drhe.hu\/en\/egyetemunk\/oktatasi-egysegek\/teologiai-intezet\/ujszovetsegi-tanszek\/","title":{"rendered":"\u00dajsz\u00f6vets\u00e9gi Tansz\u00e9k"},"content":{"rendered":"<div class=\"wpb-content-wrapper\"><p>[vc_row][vc_column][vc_column_text]<\/p>\n<p class=\"rtejustify\">Az \u00dajsz\u00f6vets\u00e9gi Tansz\u00e9k feladat\u00e1nak tartja olyan \u00fajsz\u00f6vets\u00e9gi \u00e9s kort\u00f6rt\u00e9neti t\u00e1rgyak tan\u00edt\u00e1s\u00e1t, amelyek egyr\u00e9szt k\u00f6zvetlen\u00fcl \u00f6sszef\u00fcggnek J\u00e9zus \u00e9s apostolai szem\u00e9ly\u00e9vel, az \u00fajsz\u00f6vets\u00e9gi sz\u00f6vegekkel, az \u00fajsz\u00f6vets\u00e9gi teol\u00f3gi\u00e1val, az apostoli egyh\u00e1zzal \u00e9s azon t\u00e9m\u00e1kkal, amelyek b\u00e1rmilyen m\u00f3don \u00e9rintik a korai egyh\u00e1z \u00e9let\u00e9t. Ugyanakkor kitekint a k\u00f6zvetett \u00f6sszef\u00fcgg\u00e9sekre is, mint amilyen a zsid\u00f3s\u00e1g, a hellenizmus vagy a r\u00f3mai birodalom jogi, t\u00e1rsadalmi, kultur\u00e1lis \u00e9s vall\u00e1si t\u00e9nyez\u0151i, amelyek l\u00e9nyegesen befoly\u00e1solhatt\u00e1k az \u00fajsz\u00f6vets\u00e9gi egyh\u00e1z \u00e9s teol\u00f3gi\u00e1ja alakul\u00e1s\u00e1t. Azon k\u00edv\u00fcl, hogy figyelm\u00fcnket a legk\u00fcl\u00f6nb\u00f6z\u0151bb teol\u00f3giai t\u00e9m\u00e1kra ford\u00edtjuk, specifikusabban foglalkozunk az \u00fajsz\u00f6vets\u00e9gi eszkatol\u00f3gi\u00e1val \u00e9s apokaliptik\u00e1val, amelynek sokr\u00e9t\u0171 \u00f6sszef\u00fcgg\u00e9seit vizsg\u00e1ljuk az \u00fajsz\u00f6vets\u00e9gi iratokban, a zsid\u00f3 apokaliptik\u00e1ban \u00e9s a g\u00f6r\u00f6g-r\u00f3mai vall\u00e1sban, ahogy azt pl. az \u00f3kori g\u00f6r\u00f6g s\u00edrfeliratokban is nyomon lehet k\u00f6vetni. T\u00f6bbek k\u00f6z\u00f6tt e c\u00e9lb\u00f3l is j\u00f6tt l\u00e9tre az \u00dajsz\u00f6vets\u00e9gi Tansz\u00e9k mellett m\u0171k\u00f6d\u0151 Patmosz Bibliai Tudom\u00e1nyok Kutat\u00f3int\u00e9zet, amely f\u0151leg az eszkatol\u00f3giai sz\u00f6vegek, apokaliptikus jelens\u00e9gek \u00e9s a s\u00edrfeliratok kutat\u00e1s\u00e1ra koncentr\u00e1l. Imm\u00e1r rendszeress\u00e9 v\u00e1lt, hogy a Patmosz-szemin\u00e1rium mellett tev\u00e9kenyked\u0151 gradu\u00e1lis \u00e9s posztgradu\u00e1lis hallgat\u00f3k sz\u00e1m\u00e1ra \u00e9vi konferenci\u00e1t tartunk Az \u00f3kori kereszty\u00e9n vil\u00e1g c\u00edmmel, amelynek eredm\u00e9nyeit a Patmosz K\u00f6nyvt\u00e1r sorozatban publik\u00e1ljuk. Itt kapnak helyet m\u00e1s hazai vagy k\u00fclf\u00f6ldi szerz\u0151k munk\u00e1i is, amelyek rokont\u00e9m\u00e1j\u00faak a Patmosz c\u00e9lkit\u0171z\u00e9seivel. A Patmosz-szemin\u00e1riumok anyag\u00e1b\u00f3l \u00fagyszint\u00e9n t\u00f6bb alapdolgozat vagy szakdolgozat t\u00e9m\u00e1ja kerekedett ki, amit a hallgat\u00f3k sz\u00edvesen kutattak tov\u00e1bb, hasznos\u00edtva a m\u00e1r megszerzett ismereteket \u00e9s kutat\u00e1si m\u00f3dszereket.<\/p>\n<p class=\"rtejustify\">Az oktat\u00e1si rendszerben a tansz\u00e9k k\u00f6veti az el\u0151adand\u00f3 t\u00e1rgyak \u00e9s t\u00e9m\u00e1k standard k\u00f6vetelm\u00e9ny\u00e9t, ahogy az a teol\u00f3giai fakult\u00e1sokon szok\u00e1s. A meghirdetett t\u00e1rgyak h\u00e1rom ciklusban \u00e9rintik az \u00fajsz\u00f6vets\u00e9gi \u00edr\u00e1smagyar\u00e1zatot (t\u00f6rt\u00e9neti, p\u00e1li \u00e9s nem p\u00e1li iratokat), ezen k\u00edv\u00fcl a hallgat\u00f3k ig\u00e9ny\u00e9nek \u00e9s k\u00e9pz\u00e9si k\u00f6vetelm\u00e9nyeinek el\u00e9be menve hirdet\u00fcnk egy\u00e9b \u00e9rdekes t\u00e1rgyakat is, mint pl. posztmort\u00e1lis antropol\u00f3gia, \u00fajsz\u00f6vets\u00e9gi t\u00falvil\u00e1ghit, apostolok \u00e9s cs\u00e1sz\u00e1rok, r\u00f3mai jog \u00e9s evang\u00e9lium, az evang\u00e9lium hirdet\u00e9se a r\u00f3mai birodalomban, \u00fajsz\u00f6vets\u00e9gi etika, P\u00e1l apostol J\u00e9zus-portr\u00e9ja, K\u00e1lvin \u00fajsz\u00f6vets\u00e9gi komment\u00e1rai stb. Ezek a t\u00e1rgyak \u00e9s t\u00e9m\u00e1k lehet\u0151s\u00e9get ny\u00fajtanak a nem hit\u00e9leti szakok hallgat\u00f3inak is.<\/p>\n<p class=\"rtejustify\">Az \u00dajsz\u00f6vets\u00e9gi Tansz\u00e9k j\u00f3 kapcsolatokat \u00e1pol m\u00e1s hazai \u00e9s k\u00fclf\u00f6ldi egyetemek munkat\u00e1rsaival, akikkel k\u00f6z\u00f6s kutat\u00e1si programokon dolgoznak vagy r\u00e9szt vesznek m\u00e1s tudom\u00e1nyos egy\u00fcttm\u0171k\u00f6d\u00e9sben (doktoranduszok k\u00e9pz\u00e9se, vend\u00e9gel\u0151ad\u00e1sok, k\u00f6z\u00f6s publik\u00e1ci\u00f3k stb.). Ebben a tekintetben kiemelked\u0151 kapcsolat van pl. a tansz\u00e9k\u00fcnk \u00e9s a Z\u00fcrichi Egyetem Teol\u00f3giai Fakult\u00e1s\u00e1nak \u00fajsz\u00f6vets\u00e9gi tansz\u00e9ke k\u00f6z\u00f6tt.<\/p>\n<p>[\/vc_column_text][\/vc_column][\/vc_row]<\/p>\n<\/div>","protected":false},"excerpt":{"rendered":"<p>[vc_row][vc_column][vc_column_text] Az \u00dajsz\u00f6vets\u00e9gi Tansz\u00e9k feladat\u00e1nak tartja olyan \u00fajsz\u00f6vets\u00e9gi \u00e9s kort\u00f6rt\u00e9neti t\u00e1rgyak tan\u00edt\u00e1s\u00e1t, amelyek egyr\u00e9szt k\u00f6zvetlen\u00fcl \u00f6sszef\u00fcggnek J\u00e9zus \u00e9s apostolai szem\u00e9ly\u00e9vel,<\/p>\n","protected":false},"author":1,"featured_media":0,"parent":1987,"menu_order":15,"comment_status":"closed","ping_status":"closed","template":"page-tanszek.php","meta":{"_acf_changed":false,"footnotes":"","_links_to":"","_links_to_target":""},"class_list":["post-2030","page","type-page","status-publish","hentry"],"acf":[],"_links":{"self":[{"href":"https:\/\/drhe.hu\/en\/wp-json\/wp\/v2\/pages\/2030","targetHints":{"allow":["GET"]}}],"collection":[{"href":"https:\/\/drhe.hu\/en\/wp-json\/wp\/v2\/pages"}],"about":[{"href":"https:\/\/drhe.hu\/en\/wp-json\/wp\/v2\/types\/page"}],"author":[{"embeddable":true,"href":"https:\/\/drhe.hu\/en\/wp-json\/wp\/v2\/users\/1"}],"replies":[{"embeddable":true,"href":"https:\/\/drhe.hu\/en\/wp-json\/wp\/v2\/comments?post=2030"}],"version-history":[{"count":7,"href":"https:\/\/drhe.hu\/en\/wp-json\/wp\/v2\/pages\/2030\/revisions"}],"predecessor-version":[{"id":16879,"href":"https:\/\/drhe.hu\/en\/wp-json\/wp\/v2\/pages\/2030\/revisions\/16879"}],"up":[{"embeddable":true,"href":"https:\/\/drhe.hu\/en\/wp-json\/wp\/v2\/pages\/1987"}],"wp:attachment":[{"href":"https:\/\/drhe.hu\/en\/wp-json\/wp\/v2\/media?parent=2030"}],"curies":[{"name":"wp","href":"https:\/\/api.w.org\/{rel}","templated":true}]}}