{"id":2032,"date":"2021-09-17T09:35:31","date_gmt":"2021-09-17T07:35:31","guid":{"rendered":"http:\/\/new.drhe.hu\/?page_id=2032"},"modified":"2022-01-15T21:04:56","modified_gmt":"2022-01-15T20:04:56","slug":"idegen-nyelvi-tanszek","status":"publish","type":"page","link":"https:\/\/drhe.hu\/en\/egyetemunk\/oktatasi-egysegek\/kolcsey-ferenc-tanitokepzesi-intezet\/idegen-nyelvi-tanszek\/","title":{"rendered":"Idegen Nyelvi Tansz\u00e9k"},"content":{"rendered":"<div class=\"wpb-content-wrapper\"><p>[vc_row][vc_column][vc_column_text]<\/p>\n<p class=\"rtejustify\">Az Idegen Nyelvi Tansz\u00e9k az angol \u00e9s n\u00e9met nyelv oktat\u00e1s\u00e1val az egyetem \u00f6sszes szakj\u00e1n biztos\u00edtja a hallgat\u00f3k idegen nyelvi k\u00e9pz\u00e9s\u00e9t. A tansz\u00e9k az alapk\u00e9pz\u00e9s r\u00e9szek\u00e9nt hat-hat tanulm\u00e1nyi f\u00e9l\u00e9ven \u00e1t pedag\u00f3giai szaknyelvet oktat 12 kredit \u00e9rt\u00e9kben a tan\u00edt\u00f3 szakon, m\u00edg hit\u00e9leti szakokon teol\u00f3giai szaknyelvet \u00e9s szakford\u00edt\u00e1st 12 kredit \u00e9rt\u00e9kben.<\/p>\n<p class=\"rtejustify\">Tan\u00edt\u00f3 szakon a m\u0171velts\u00e9gter\u00fcleti k\u00e9pz\u00e9sben a tansz\u00e9k 23-23 kredit \u00e9rt\u00e9kben k\u00e9t m\u0171velts\u00e9gter\u00fcleti k\u00e9pz\u00e9st k\u00edn\u00e1l. Az angol \u00e9s a n\u00e9met m\u0171velts\u00e9gter\u00fclet t\u00e1rgyai: angol\/n\u00e9met nyelvtan, angol\/n\u00e9met \u00edr\u00e1sbelis\u00e9g, az angol\/n\u00e9met tan\u00edt\u00e1s\u00e1nak m\u00f3dszertana, angol\/n\u00e9met gyermekirodalom \u00e9s az angol\/n\u00e9met kult\u00fara ismerete. A hallgat\u00f3k k\u00e9pz\u00e9s\u00e9ben k\u00fcl\u00f6n\u00f6s hangs\u00falyt kap a m\u00f3dszertani k\u00e9pz\u00e9s \u00e9s az \u00e1ltal\u00e1nos iskolai tan\u00edt\u00e1si gyakorlat. Az angol\/n\u00e9met m\u0171velts\u00e9gter\u00fcleten v\u00e9gzett tan\u00edt\u00f3k diplom\u00e1juk birtok\u00e1ban az \u00e1ltal\u00e1nos iskola 1\u22126. oszt\u00e1ly\u00e1ban tan\u00edthatj\u00e1k az angol\/n\u00e9met nyelvet, valamint diplom\u00e1juk az \u00e1llamilag akkredit\u00e1lt fels\u0151fok\u00fa nyelvvizsg\u00e1val egyen\u00e9rt\u00e9k\u0171.<\/p>\n<p class=\"rtejustify\">Az Idegen Nyelvi Tansz\u00e9k szakmai kapcsolatokat \u00e1pol d\u00e1n, finn, holland, horv\u00e1t, \u00edr, lett, n\u00e9met, osztr\u00e1k, portug\u00e1l \u00e9s rom\u00e1n partnerint\u00e9zm\u00e9nyekkel, rendszeresen k\u00fcld \u00e9s fogad vend\u00e9goktat\u00f3kat \u00e9s vend\u00e9gdi\u00e1kokat.<\/p>\n<p class=\"rtejustify\">Az Idegen Nyelvi Tansz\u00e9k oktat\u00f3i saj\u00e1t kutat\u00e1si ter\u00fcleteiken (irodalom- \u00e9s kult\u00faratudom\u00e1ny, nyelvtudom\u00e1ny, az angol \u00e9s n\u00e9met tan\u00edt\u00e1s m\u00f3dszertana, nevel\u00e9studom\u00e1ny \u00e9s hum\u00e1n antropol\u00f3gia, n\u00e9met t\u00f6rt\u00e9nelem, sajt\u00f3t\u00f6rt\u00e9net) rendszeresen publik\u00e1lnak, \u00e9s v\u00e9geznek tehets\u00e9ggondoz\u00e1st, hallgat\u00f3ikat a tudom\u00e1nyos di\u00e1kk\u00f6ri munk\u00e1ban t\u00e1mogatj\u00e1k. A tansz\u00e9k \u00e9vente megrendezi az idegen nyelvi kiejt\u00e9si versenyt.<\/p>\n<p>[\/vc_column_text][\/vc_column][\/vc_row]<\/p>\n<\/div>","protected":false},"excerpt":{"rendered":"<p>[vc_row][vc_column][vc_column_text] Az Idegen Nyelvi Tansz\u00e9k az angol \u00e9s n\u00e9met nyelv oktat\u00e1s\u00e1val az egyetem \u00f6sszes szakj\u00e1n biztos\u00edtja a hallgat\u00f3k idegen nyelvi<\/p>\n","protected":false},"author":1,"featured_media":0,"parent":1989,"menu_order":0,"comment_status":"closed","ping_status":"closed","template":"page-tanszek.php","meta":{"_acf_changed":false,"footnotes":"","_links_to":"","_links_to_target":""},"class_list":["post-2032","page","type-page","status-publish","hentry"],"acf":[],"_links":{"self":[{"href":"https:\/\/drhe.hu\/en\/wp-json\/wp\/v2\/pages\/2032","targetHints":{"allow":["GET"]}}],"collection":[{"href":"https:\/\/drhe.hu\/en\/wp-json\/wp\/v2\/pages"}],"about":[{"href":"https:\/\/drhe.hu\/en\/wp-json\/wp\/v2\/types\/page"}],"author":[{"embeddable":true,"href":"https:\/\/drhe.hu\/en\/wp-json\/wp\/v2\/users\/1"}],"replies":[{"embeddable":true,"href":"https:\/\/drhe.hu\/en\/wp-json\/wp\/v2\/comments?post=2032"}],"version-history":[{"count":4,"href":"https:\/\/drhe.hu\/en\/wp-json\/wp\/v2\/pages\/2032\/revisions"}],"predecessor-version":[{"id":13724,"href":"https:\/\/drhe.hu\/en\/wp-json\/wp\/v2\/pages\/2032\/revisions\/13724"}],"up":[{"embeddable":true,"href":"https:\/\/drhe.hu\/en\/wp-json\/wp\/v2\/pages\/1989"}],"wp:attachment":[{"href":"https:\/\/drhe.hu\/en\/wp-json\/wp\/v2\/media?parent=2032"}],"curies":[{"name":"wp","href":"https:\/\/api.w.org\/{rel}","templated":true}]}}