{"id":2034,"date":"2021-09-17T09:36:56","date_gmt":"2021-09-17T07:36:56","guid":{"rendered":"http:\/\/new.drhe.hu\/?page_id=2034"},"modified":"2022-01-17T08:38:43","modified_gmt":"2022-01-17T07:38:43","slug":"magyar-nyelvi-es-irodalmi-tanszek","status":"publish","type":"page","link":"https:\/\/drhe.hu\/en\/egyetemunk\/oktatasi-egysegek\/kolcsey-ferenc-tanitokepzesi-intezet\/magyar-nyelvi-es-irodalmi-tanszek\/","title":{"rendered":"Magyar Nyelvi \u00e9s Irodalmi Tansz\u00e9k"},"content":{"rendered":"<div class=\"wpb-content-wrapper\"><p>[vc_row][vc_column][vc_column_text]<\/p>\n<p class=\"rtejustify\">A Magyar Nyelvi \u00e9s Irodalmi Tansz\u00e9k az alap- \u00e9s m\u0171velts\u00e9gter\u00fcleti k\u00e9pz\u00e9sben egyar\u00e1nt szerepet v\u00e1llal. Alapk\u00e9pz\u00e9sben oktatja az anyanyelvi tant\u00e1rgy-pedag\u00f3gi\u00e1t, a magyar nyelvtant, a gyermekirodalmat, s bevezet\u00e9st k\u00edn\u00e1l korunk irodalm\u00e1ba. Magyar m\u0171velts\u00e9gter\u00fcleten a tant\u00e1rgy-pedag\u00f3gia mellett \u00e1ltal\u00e1nos \u00e9s alkalmazott nyelv\u00e9szeti, irodalomt\u00f6rt\u00e9neti, irodalomelm\u00e9leti, ifj\u00fas\u00e1gi irodalmi kurzusokat tart.<\/p>\n<p class=\"rtejustify\">A tansz\u00e9k szerte\u00e1gaz\u00f3 kutat\u00e1si t\u00e9m\u00e1i k\u00f6zt szerepel a magyar nyelvtudom\u00e1ny mellett a reform\u00e1ci\u00f3 nyelvi, irodalmi, m\u0171vel\u0151d\u00e9st\u00f6rt\u00e9neti hat\u00e1sainak, a modern irodalom \u00e9s az irodalom intermedi\u00e1lis jelens\u00e9geinek (pl. k\u00e9p \u00e9s sz\u00f6veg viszony\u00e1nak) vizsg\u00e1lata. Kiemelt szerepe van a tant\u00e1rgy-pedag\u00f3giai eszk\u00f6z\u00f6k IKT-k\u00f6rnyezetbe illeszt\u00e9s\u00e9nek \u00e9s \u00faj m\u00f3dszertani elemek kidolgoz\u00e1s\u00e1nak.<\/p>\n<p class=\"rtejustify\">A tansz\u00e9k a tehets\u00e9ggondoz\u00e1s sz\u00e1mos form\u00e1j\u00e1t m\u0171veli a tudom\u00e1nyos di\u00e1kk\u00f6ri felk\u00e9sz\u00edt\u00e9sekt\u0151l a szakmai tan\u00edt\u00e1si versenyekig. Minden \u0151sszel mesemond\u00f3 versenyt rendez, az els\u0151 f\u00e9l\u00e9vben bonyol\u00edtja le az anyanyelvi tan\u00edt\u00e1si verseny h\u00e1zi fordul\u00f3j\u00e1t, \u00e1prilisban pedig az orsz\u00e1gos megm\u00e9rettet\u00e9snek ad otthont. Tavasszal rendezi a versmond\u00f3 \u00e9s a helyes\u00edr\u00e1si versenyeket is, valamint gondozza a Magyar Kult\u00fara Napj\u00e1hoz kapcsol\u00f3d\u00f3 \u00fcnneps\u00e9get.<\/p>\n<p class=\"rtejustify\">A tansz\u00e9k munkat\u00e1rsai rendszeresen r\u00e9szt vesznek hazai \u00e9s hat\u00e1ron t\u00fali tudom\u00e1nyos konferenci\u00e1kon, szakmai rendezv\u00e9nyeken; k\u00f6zrem\u0171k\u00f6dnek az egyetem \u00e9vk\u00f6nyv\u00e9nek \u00e9s az int\u00e9zeti tudom\u00e1nyos foly\u00f3irat\u00e1nak szerkeszt\u00e9s\u00e9ben. T\u00f6bb oktat\u00f3 rendszeres \u00e9s kiterjedt publik\u00e1ci\u00f3s, tudom\u00e1nyos \u00e9s sz\u00e9pirodalmi tev\u00e9kenys\u00e9get folytat, tev\u00e9keny tagjai az orsz\u00e1gos tudom\u00e1nyos \u00e9s m\u0171v\u00e9szeti szervezeteknek.<\/p>\n<p>[\/vc_column_text][\/vc_column][\/vc_row]<\/p>\n<\/div>","protected":false},"excerpt":{"rendered":"<p>[vc_row][vc_column][vc_column_text] A Magyar Nyelvi \u00e9s Irodalmi Tansz\u00e9k az alap- \u00e9s m\u0171velts\u00e9gter\u00fcleti k\u00e9pz\u00e9sben egyar\u00e1nt szerepet v\u00e1llal. Alapk\u00e9pz\u00e9sben oktatja az anyanyelvi tant\u00e1rgy-pedag\u00f3gi\u00e1t,<\/p>\n","protected":false},"author":1,"featured_media":0,"parent":1989,"menu_order":0,"comment_status":"closed","ping_status":"closed","template":"page-tanszek.php","meta":{"_acf_changed":false,"footnotes":"","_links_to":"","_links_to_target":""},"class_list":["post-2034","page","type-page","status-publish","hentry"],"acf":[],"_links":{"self":[{"href":"https:\/\/drhe.hu\/en\/wp-json\/wp\/v2\/pages\/2034","targetHints":{"allow":["GET"]}}],"collection":[{"href":"https:\/\/drhe.hu\/en\/wp-json\/wp\/v2\/pages"}],"about":[{"href":"https:\/\/drhe.hu\/en\/wp-json\/wp\/v2\/types\/page"}],"author":[{"embeddable":true,"href":"https:\/\/drhe.hu\/en\/wp-json\/wp\/v2\/users\/1"}],"replies":[{"embeddable":true,"href":"https:\/\/drhe.hu\/en\/wp-json\/wp\/v2\/comments?post=2034"}],"version-history":[{"count":6,"href":"https:\/\/drhe.hu\/en\/wp-json\/wp\/v2\/pages\/2034\/revisions"}],"predecessor-version":[{"id":13738,"href":"https:\/\/drhe.hu\/en\/wp-json\/wp\/v2\/pages\/2034\/revisions\/13738"}],"up":[{"embeddable":true,"href":"https:\/\/drhe.hu\/en\/wp-json\/wp\/v2\/pages\/1989"}],"wp:attachment":[{"href":"https:\/\/drhe.hu\/en\/wp-json\/wp\/v2\/media?parent=2034"}],"curies":[{"name":"wp","href":"https:\/\/api.w.org\/{rel}","templated":true}]}}