{"id":2036,"date":"2021-09-17T09:37:59","date_gmt":"2021-09-17T07:37:59","guid":{"rendered":"http:\/\/new.drhe.hu\/?page_id=2036"},"modified":"2022-01-16T13:44:00","modified_gmt":"2022-01-16T12:44:00","slug":"matematika-es-informatika-tanszek","status":"publish","type":"page","link":"https:\/\/drhe.hu\/en\/egyetemunk\/oktatasi-egysegek\/kolcsey-ferenc-tanitokepzesi-intezet\/matematika-es-informatika-tanszek\/","title":{"rendered":"Matematika \u00e9s Informatika Tansz\u00e9k"},"content":{"rendered":"<div class=\"wpb-content-wrapper\"><p>[vc_row][vc_column][vc_column_text]<\/p>\n<p class=\"rtejustify\">A tansz\u00e9k f\u0151 feladata a tan\u00edt\u00f3 alapk\u00e9pz\u00e9si szak matematikai \u00e9s informatikai t\u00e1rgyainak oktat\u00e1sa. A matematikai \u00e9s informatikai k\u00e9pz\u00e9s c\u00e9lja, hogy a t\u00e1rgyak k\u00f6vetelm\u00e9nyeinek teljes\u00edt\u00e9s\u00e9vel a hallgat\u00f3k az elm\u00e9letileg megalapozott ismeretek, k\u00e9szs\u00e9gek \u00e9s k\u00e9pess\u00e9gek birtok\u00e1ban alkalmasak legyenek az iskola 1\u22124. oszt\u00e1ly\u00e1ban a matematika \u00e9s informatika, a megfelel\u0151 m\u0171velts\u00e9gi ter\u00fclet elv\u00e9gz\u00e9se ut\u00e1n pedig az iskola 1\u22126. oszt\u00e1ly\u00e1ban a v\u00e1lasztott (informatika vagy matematika) m\u0171velts\u00e9gi ter\u00fclet oktat\u00e1si-nevel\u00e9si feladatainak az ell\u00e1t\u00e1s\u00e1ra, valamint a matematika \u00e9s informatika vonatkoz\u00e1s\u00e1ban megfelel\u0151 felk\u00e9sz\u00fclts\u00e9ggel rendelkezzenek a tan\u00edt\u00e1si \u00f3r\u00e1n k\u00edv\u00fcli oktat\u00e1si-nevel\u00e9si feladatok ell\u00e1t\u00e1s\u00e1ra, \u00e9s \u00f6n\u00e1ll\u00f3 tov\u00e1bbtanul\u00e1ssal \u00e9s\/vagy szervezett tov\u00e1bbk\u00e9pz\u00e9sek seg\u00edts\u00e9g\u00e9vel k\u00e9pesek legyenek megszerzett szakmai k\u00e9szs\u00e9geik fejleszt\u00e9s\u00e9re \u00e9s \u00faj szakmai kompetenci\u00e1k elsaj\u00e1t\u00edt\u00e1s\u00e1ra. A sz\u0171kebb \u00e9rtelemben vett szakmai kompetenci\u00e1k megszerz\u00e9se mellett kiemelt k\u00e9pz\u00e9si c\u00e9l, hogy a hallgat\u00f3k megszerezz\u00e9k az inform\u00e1ci\u00f3s \u00e9s kommunik\u00e1ci\u00f3s technika iskolai haszn\u00e1lat\u00e1hoz sz\u00fcks\u00e9ges legfontosabb elj\u00e1r\u00e1sokat, tudnival\u00f3kat.<\/p>\n<p class=\"rtejustify\">A tansz\u00e9k kutat\u00e1si t\u00e9m\u00e1i: a sz\u00e1m\u00edt\u00f3g\u00e9pes nyelv\u00e9szet, k\u00fcl\u00f6n\u00f6s tekintettel a hipertext (els\u0151sorban sz\u00f6vegtani, kognit\u00edv nyelv\u00e9szeti \u00e9s megismer\u00e9s tudom\u00e1nyi) alkalmaz\u00e1s\u00e1ra, valamint a konkordanci\u00e1k szerepe irodalmi sz\u00f6vegek \u00e9rtelmez\u00e9s\u00e9ben. Kutat\u00e1sokat v\u00e9gz\u00fcnk a matematikadidaktika (e-learning, videolearning) \u00e9s a statisztikai \u00e9s adatb\u00e1ny\u00e1szati elemz\u00e9sek t\u00e1rgyk\u00f6r\u00e9ben.<\/p>\n<p class=\"rtejustify\">Egy\u00fcttm\u0171k\u00f6d\u00fcnk kutat\u00f3m\u0171helyekkel, els\u0151sorban a Debreceni Egyetem B\u00f6lcs\u00e9szettudom\u00e1nyi \u00e9s Informatika Kar\u00e1val.<\/p>\n<p>[\/vc_column_text][\/vc_column][\/vc_row]<\/p>\n<\/div>","protected":false},"excerpt":{"rendered":"<p>[vc_row][vc_column][vc_column_text] A tansz\u00e9k f\u0151 feladata a tan\u00edt\u00f3 alapk\u00e9pz\u00e9si szak matematikai \u00e9s informatikai t\u00e1rgyainak oktat\u00e1sa. A matematikai \u00e9s informatikai k\u00e9pz\u00e9s c\u00e9lja,<\/p>\n","protected":false},"author":1,"featured_media":0,"parent":1989,"menu_order":0,"comment_status":"closed","ping_status":"closed","template":"page-tanszek.php","meta":{"_acf_changed":false,"footnotes":"","_links_to":"","_links_to_target":""},"class_list":["post-2036","page","type-page","status-publish","hentry"],"acf":[],"_links":{"self":[{"href":"https:\/\/drhe.hu\/en\/wp-json\/wp\/v2\/pages\/2036","targetHints":{"allow":["GET"]}}],"collection":[{"href":"https:\/\/drhe.hu\/en\/wp-json\/wp\/v2\/pages"}],"about":[{"href":"https:\/\/drhe.hu\/en\/wp-json\/wp\/v2\/types\/page"}],"author":[{"embeddable":true,"href":"https:\/\/drhe.hu\/en\/wp-json\/wp\/v2\/users\/1"}],"replies":[{"embeddable":true,"href":"https:\/\/drhe.hu\/en\/wp-json\/wp\/v2\/comments?post=2036"}],"version-history":[{"count":4,"href":"https:\/\/drhe.hu\/en\/wp-json\/wp\/v2\/pages\/2036\/revisions"}],"predecessor-version":[{"id":13730,"href":"https:\/\/drhe.hu\/en\/wp-json\/wp\/v2\/pages\/2036\/revisions\/13730"}],"up":[{"embeddable":true,"href":"https:\/\/drhe.hu\/en\/wp-json\/wp\/v2\/pages\/1989"}],"wp:attachment":[{"href":"https:\/\/drhe.hu\/en\/wp-json\/wp\/v2\/media?parent=2036"}],"curies":[{"name":"wp","href":"https:\/\/api.w.org\/{rel}","templated":true}]}}