{"id":2038,"date":"2021-09-17T09:38:38","date_gmt":"2021-09-17T07:38:38","guid":{"rendered":"http:\/\/new.drhe.hu\/?page_id=2038"},"modified":"2024-03-01T12:05:59","modified_gmt":"2024-03-01T11:05:59","slug":"pedagogia-es-pszichologia-tanszek","status":"publish","type":"page","link":"https:\/\/drhe.hu\/en\/egyetemunk\/oktatasi-egysegek\/kolcsey-ferenc-tanitokepzesi-intezet\/pedagogia-es-pszichologia-tanszek\/","title":{"rendered":"Pedag\u00f3gia \u00e9s Pszichol\u00f3gia Tansz\u00e9k"},"content":{"rendered":"<div class=\"wpb-content-wrapper\"><p>[vc_row][vc_column][vc_column_text]<\/p>\n<p class=\"rtejustify\">A Pedag\u00f3gia \u00e9s Pszichol\u00f3gia Tansz\u00e9k az \u00e1ltala k\u00e9pviselt tudom\u00e1nyok r\u00e9v\u00e9n az alapvet\u0151 emberi \u00e9rt\u00e9kek k\u00f6zvet\u00edt\u00e9s\u00e9t, attit\u0171d\u00f6k, szem\u00e9lyis\u00e9gjegyek form\u00e1l\u00e1s\u00e1t, az \u00e9rtelmis\u00e9gi l\u00e9t megalapoz\u00e1s\u00e1t tekinti feladat\u00e1nak.<br \/>\nEls\u0151dlegesen a tan\u00edt\u00f3 szakon foly\u00f3 k\u00e9pz\u00e9sekben vesz r\u00e9szt, de a DRHE hit\u00e9leti szakjain is kap oktat\u00e1si feladatokat. A tansz\u00e9k oktat\u00f3inak jelent\u0151s a feladatv\u00e1llal\u00e1sa a pedag\u00f3gusok szakir\u00e1ny\u00fa tov\u00e1bbk\u00e9pz\u00e9si szakjain, \u00edgy a fejleszt\u0151pedag\u00f3gia, dr\u00e1mapedag\u00f3gia, pedag\u00f3gus szakvizsga, stb. k\u00e9pz\u00e9sekben is.<br \/>\nA tansz\u00e9k \u00e1ltal oktatott legfontosabb tananyagtartalmak \u00e9s t\u00e1rgyak: nevel\u00e9st\u00f6rt\u00e9net, didaktika, t\u00e1rsadalompedag\u00f3gia, bevezet\u00e9s a pszichol\u00f3gi\u00e1ba, fejl\u0151d\u00e9sl\u00e9lektan, pedag\u00f3giai pszichol\u00f3gia, szoci\u00e1lpszichol\u00f3gia, differenci\u00e1lt fejleszt\u00e9s, alkalmazott pedag\u00f3gia, csoporttr\u00e9ning, seg\u00edt\u0151 besz\u00e9lget\u00e9s, tehets\u00e9ggondoz\u00e1s, m\u00fazeumpedag\u00f3gia, stb. A hallgat\u00f3k \u00f3rai, kollokviumi \u00e9s szigorlati felk\u00e9sz\u00fcl\u00e9s\u00e9t tansz\u00e9ki kiadv\u00e1nyok seg\u00edtik. Tov\u00e1bb\u00e1 j\u00f3l felszerelt pszichol\u00f3giai laborat\u00f3rium szolg\u00e1lja az elm\u00e9letben tanultak gyakorlati megalapoz\u00e1s\u00e1t.<br \/>\nA tansz\u00e9k jelent\u0151sebb kutat\u00e1si t\u00e9m\u00e1i: a reform\u00e1tus tan\u00edt\u00f3k\u00e9pz\u00e9s \u00e9rt\u00e9kei, a pedag\u00f3gusok hivat\u00e1sszocializ\u00e1ci\u00f3ja, m\u0171v\u00e9szetelm\u00e9let, m\u0171v\u00e9szetpedag\u00f3gia \u00e9s m\u0171v\u00e9szetp\u00e1rtol\u00f3 tev\u00e9kenys\u00e9g, az \u00e9rzelmi intelligencia fejleszt\u00e9se, a dr\u00e1mapedag\u00f3gia hat\u00e1smechanizmusa, mesepszichol\u00f3gia, olvas\u00e1si szok\u00e1s \u00e9s attit\u0171d, digit\u00e1lis olvas\u00e1s.<\/p>\n<p class=\"rtejustify\">A tansz\u00e9k minden oktat\u00f3ja tagja vagy a Magyar Pszichol\u00f3giai T\u00e1rsas\u00e1gnak, vagy a Magyar Pedag\u00f3giai T\u00e1rsas\u00e1gnak. Ezen t\u00fal k\u00e9pviselteti m\u00e9g mag\u00e1t az \u00d3v\u00f3- \u00e9s Tan\u00edt\u00f3k\u00e9pz\u0151k Egyes\u00fclet\u00e9ben, a Magyar Tehets\u00e9ggondoz\u00f3 T\u00e1rsas\u00e1gban, a Magyar Dr\u00e1mapedag\u00f3giai T\u00e1rsas\u00e1gban, a Magyar Relax\u00e1ci\u00f3s \u00e9s Szimb\u00f3lumter\u00e1pi\u00e1s Egyes\u00fcletben, a Magyar Csal\u00e1dter\u00e1pi\u00e1s Egyes\u00fcletben, a Pro Familia Csal\u00e1dter\u00e1pi\u00e1s Egyes\u00fcletben, a Magyar Olvas\u00e1st\u00e1rsas\u00e1gban, valamint a Magyarorsz\u00e1gi Reform\u00e1tus Egyh\u00e1z Doktorok Koll\u00e9gium\u00e1ban.<\/p>\n<p class=\"rtejustify\">\u00c9vtizedes hagyom\u00e1nya van a nevel\u00e9st\u00f6rt\u00e9neti vet\u00e9lked\u0151nek, melyet az els\u0151\u00e9ves tan\u00edt\u00f3 szakos hallgat\u00f3k sz\u00e1m\u00e1ra hirdet meg a tansz\u00e9k. S imm\u00e1ron t\u00f6bb \u00e9ves m\u00faltra tekint vissza a m\u00e1sod- \u00e9s harmad\u00e9vesek pedag\u00f3giai tanulm\u00e1nyaihoz kapcsol\u00f3d\u00f3 hallgat\u00f3i projektmunk\u00e1k ki\u00e1ll\u00edt\u00e1sa is.<\/p>\n<p class=\"rtejustify\">Jelent\u0151s a tansz\u00e9k tudom\u00e1nyos di\u00e1kk\u00f6ri tev\u00e9kenys\u00e9ge is, OTDK-helyez\u00e9sek, valamint oktat\u00f3ink kit\u00fcntet\u00e9sei jelzik az orsz\u00e1gos elismer\u00e9st. A Tudom\u00e1nyos Di\u00e1kk\u00f6ri Tan\u00e1cs \u00e1ltal koordin\u00e1lt egyetemi szint\u0171 tehets\u00e9gm\u00e9r\u00e9s is a tansz\u00e9k kompetenci\u00e1j\u00e1ba tartozik.<\/p>\n<p>[\/vc_column_text][\/vc_column][\/vc_row]<\/p>\n<\/div>","protected":false},"excerpt":{"rendered":"<p>[vc_row][vc_column][vc_column_text] A Pedag\u00f3gia \u00e9s Pszichol\u00f3gia Tansz\u00e9k az \u00e1ltala k\u00e9pviselt tudom\u00e1nyok r\u00e9v\u00e9n az alapvet\u0151 emberi \u00e9rt\u00e9kek k\u00f6zvet\u00edt\u00e9s\u00e9t, attit\u0171d\u00f6k, szem\u00e9lyis\u00e9gjegyek form\u00e1l\u00e1s\u00e1t, az<\/p>\n","protected":false},"author":1,"featured_media":0,"parent":1989,"menu_order":0,"comment_status":"closed","ping_status":"closed","template":"page-tanszek.php","meta":{"_acf_changed":false,"footnotes":"","_links_to":"","_links_to_target":""},"class_list":["post-2038","page","type-page","status-publish","hentry"],"acf":[],"_links":{"self":[{"href":"https:\/\/drhe.hu\/en\/wp-json\/wp\/v2\/pages\/2038","targetHints":{"allow":["GET"]}}],"collection":[{"href":"https:\/\/drhe.hu\/en\/wp-json\/wp\/v2\/pages"}],"about":[{"href":"https:\/\/drhe.hu\/en\/wp-json\/wp\/v2\/types\/page"}],"author":[{"embeddable":true,"href":"https:\/\/drhe.hu\/en\/wp-json\/wp\/v2\/users\/1"}],"replies":[{"embeddable":true,"href":"https:\/\/drhe.hu\/en\/wp-json\/wp\/v2\/comments?post=2038"}],"version-history":[{"count":6,"href":"https:\/\/drhe.hu\/en\/wp-json\/wp\/v2\/pages\/2038\/revisions"}],"predecessor-version":[{"id":20830,"href":"https:\/\/drhe.hu\/en\/wp-json\/wp\/v2\/pages\/2038\/revisions\/20830"}],"up":[{"embeddable":true,"href":"https:\/\/drhe.hu\/en\/wp-json\/wp\/v2\/pages\/1989"}],"wp:attachment":[{"href":"https:\/\/drhe.hu\/en\/wp-json\/wp\/v2\/media?parent=2038"}],"curies":[{"name":"wp","href":"https:\/\/api.w.org\/{rel}","templated":true}]}}