{"id":2042,"date":"2021-09-17T09:40:26","date_gmt":"2021-09-17T07:40:26","guid":{"rendered":"http:\/\/new.drhe.hu\/?page_id=2042"},"modified":"2021-10-28T16:40:30","modified_gmt":"2021-10-28T14:40:30","slug":"termeszettudomanyi-tanszek","status":"publish","type":"page","link":"https:\/\/drhe.hu\/en\/egyetemunk\/oktatasi-egysegek\/kolcsey-ferenc-tanitokepzesi-intezet\/termeszettudomanyi-tanszek\/","title":{"rendered":"Term\u00e9szettudom\u00e1nyi Tansz\u00e9k"},"content":{"rendered":"<div class=\"wpb-content-wrapper\"><p>[vc_row][vc_column][vc_column_text]<\/p>\n<p class=\"rtejustify\">A Term\u00e9szettudom\u00e1nyi Tansz\u00e9k \u00e1ltal gondozott t\u00e1rgyak jelen vannak mind az alap-, mind pedig a m\u0171velts\u00e9gter\u00fcleti k\u00e9pz\u00e9sben. A tansz\u00e9k az alapk\u00e9pz\u00e9sben bevezet\u00e9st ny\u00fajt az alapvet\u0151 fizikai \u00e9s k\u00e9miai jelens\u00e9gek k\u00f6r\u00e9be, oktatja a k\u00f6rnyezetismeret tant\u00e1rgyhoz kapcsol\u00f3d\u00f3an a term\u00e9szetismeret tant\u00e1rgy-pedag\u00f3gi\u00e1t. Az eg\u00e9szs\u00e9gtan, valamint az \u00f6kol\u00f3gia \u00e9s term\u00e9szetv\u00e9delem t\u00e1rgyak adj\u00e1k a keret\u00e9t a szem\u00e9lyes higi\u00e9n\u00e9vel, illetve az ember k\u00f6zvetlen \u00e9s glob\u00e1lis k\u00f6rnyezethez f\u0171z\u0151d\u0151 viszony\u00e1val kapcsolatos ismereteknek. Term\u00e9szetismeret m\u0171velts\u00e9gi ter\u00fcleten a tant\u00e1rgy-pedag\u00f3gia mellett megjelennek az alaptudom\u00e1nyi ismereteken t\u00fal a term\u00e9szet- \u00e9s t\u00e1rsadalomf\u00f6ldrajz, a tudom\u00e1nyt\u00f6rt\u00e9net, Magyarorsz\u00e1g \u00e9l\u0151vil\u00e1ga, tov\u00e1bb\u00e1 a k\u00f6rnyezetkult\u00fara t\u00e1rgyak. A technika, \u00e9letvitel, h\u00e1ztart\u00e1stan m\u0171velts\u00e9gi ter\u00fcleten a technika \u00e9s az energia alkalmaz\u00e1s\u00e1nak t\u00f6rt\u00e9nete, valamint a kommunik\u00e1ci\u00f3s rendszerek \u00e9s a tant\u00e1rgy-pedag\u00f3gia oktat\u00e1sa mellett fontos szerepet t\u00f6ltenek be a lak\u00e1s, h\u00e1ztart\u00e1stan, gazd\u00e1lkod\u00e1s \u00e9s lak\u00f3k\u00f6rnyezet, valamint a t\u00e1pl\u00e1lkoz\u00e1s \u00e9s \u00e9letvitel t\u00e1rgyak is.<\/p>\n<p class=\"rtejustify\">A tansz\u00e9k oktat\u00f3i sokr\u00e9t\u0171 kutat\u00e1sokat v\u00e9geznek, amelyek a szakm\u00f3dszertant\u00f3l, a tudom\u00e1nyt\u00f6rt\u00e9neten, a tudom\u00e1nyfiloz\u00f3fi\u00e1n \u00e9s az \u00f6kogazd\u00e1lkod\u00e1son \u00e1t az agr\u00e1r-szoci\u00e1lis kutat\u00e1sokig \u00edvelnek.<\/p>\n<p class=\"rtejustify\">A tansz\u00e9k a tehets\u00e9ggondoz\u00e1s sz\u00e1mos form\u00e1j\u00e1t m\u0171veli: tan\u00edt\u00e1si versenyeket \u00e9s vet\u00e9lked\u0151ket szervez, tov\u00e1bb\u00e1 hallgat\u00f3kat k\u00e9sz\u00edt fel tudom\u00e1nyos di\u00e1kk\u00f6ri szerepl\u00e9sre, bele\u00e9rtve az egyetem\u00fcnk tehets\u00e9gnapjain, valamint az orsz\u00e1gos seregszeml\u00e9ken val\u00f3 r\u00e9szv\u00e9telt is.<\/p>\n<p class=\"rtejustify\">A tansz\u00e9k munkat\u00e1rsai rendszeres r\u00e9sztvev\u0151i a hazai \u00e9s a hat\u00e1ron t\u00fali szakmai konferenci\u00e1knak, r\u00e9szt v\u00e1llalnak az int\u00e9zet tudom\u00e1nyos foly\u00f3irat\u00e1nak a szerkeszt\u00e9s\u00e9ben, tudom\u00e1nyos tev\u00e9kenys\u00e9g\u00fck, publik\u00e1ci\u00f3ik r\u00e9v\u00e9n pedig tagjai k\u00fcl\u00f6nb\u00f6z\u0151 szakmai \u00e9s tudom\u00e1nyos szervezeteknek.<\/p>\n<p>[\/vc_column_text][\/vc_column][\/vc_row]<\/p>\n<\/div>","protected":false},"excerpt":{"rendered":"<p>[vc_row][vc_column][vc_column_text] A Term\u00e9szettudom\u00e1nyi Tansz\u00e9k \u00e1ltal gondozott t\u00e1rgyak jelen vannak mind az alap-, mind pedig a m\u0171velts\u00e9gter\u00fcleti k\u00e9pz\u00e9sben. A tansz\u00e9k az<\/p>\n","protected":false},"author":1,"featured_media":0,"parent":1989,"menu_order":0,"comment_status":"closed","ping_status":"closed","template":"page-tanszek.php","meta":{"_acf_changed":false,"footnotes":"","_links_to":"","_links_to_target":""},"class_list":["post-2042","page","type-page","status-publish","hentry"],"acf":[],"_links":{"self":[{"href":"https:\/\/drhe.hu\/en\/wp-json\/wp\/v2\/pages\/2042","targetHints":{"allow":["GET"]}}],"collection":[{"href":"https:\/\/drhe.hu\/en\/wp-json\/wp\/v2\/pages"}],"about":[{"href":"https:\/\/drhe.hu\/en\/wp-json\/wp\/v2\/types\/page"}],"author":[{"embeddable":true,"href":"https:\/\/drhe.hu\/en\/wp-json\/wp\/v2\/users\/1"}],"replies":[{"embeddable":true,"href":"https:\/\/drhe.hu\/en\/wp-json\/wp\/v2\/comments?post=2042"}],"version-history":[{"count":2,"href":"https:\/\/drhe.hu\/en\/wp-json\/wp\/v2\/pages\/2042\/revisions"}],"predecessor-version":[{"id":4691,"href":"https:\/\/drhe.hu\/en\/wp-json\/wp\/v2\/pages\/2042\/revisions\/4691"}],"up":[{"embeddable":true,"href":"https:\/\/drhe.hu\/en\/wp-json\/wp\/v2\/pages\/1989"}],"wp:attachment":[{"href":"https:\/\/drhe.hu\/en\/wp-json\/wp\/v2\/media?parent=2042"}],"curies":[{"name":"wp","href":"https:\/\/api.w.org\/{rel}","templated":true}]}}