{"id":2044,"date":"2021-09-17T09:41:01","date_gmt":"2021-09-17T07:41:01","guid":{"rendered":"http:\/\/new.drhe.hu\/?page_id=2044"},"modified":"2022-01-16T14:42:44","modified_gmt":"2022-01-16T13:42:44","slug":"testnevelesi-tanszek","status":"publish","type":"page","link":"https:\/\/drhe.hu\/en\/egyetemunk\/oktatasi-egysegek\/kolcsey-ferenc-tanitokepzesi-intezet\/testnevelesi-tanszek\/","title":{"rendered":"Testnevel\u00e9si Tansz\u00e9k"},"content":{"rendered":"<div class=\"wpb-content-wrapper\"><p>[vc_row][vc_column][vc_column_text]<\/p>\n<p class=\"rtejustify\">\u00a0Testnevel\u00e9si Tansz\u00e9knek a mindennapos testnevel\u00e9s bevezet\u00e9s\u00e9nek k\u00f6sz\u00f6nhet\u0151en az egyik f\u0151 c\u00e9lkit\u0171z\u00e9se nem m\u00e1s, mint a min\u00e9l magasabb sz\u00ednvonal\u00fa szakmai ismeretek biztos\u00edt\u00e1sa. Mindezt a tansz\u00e9k az alapk\u00e9pz\u00e9sen nem csak a k\u00f6telez\u0151 (testnevel\u00e9s \u00e9s tant\u00e1rgy-pedag\u00f3gia, gy\u00f3gytestnevel\u00e9s, \u00fasz\u00e1s), hanem a kerettantervhez szorosan illeszked\u0151 szabadon v\u00e1laszthat\u00f3 tant\u00e1rgyak oktat\u00e1s\u00e1val val\u00f3s\u00edtja meg. A m\u0171velts\u00e9gter\u00fcleti k\u00e9pz\u00e9s is biztos\u00edtott a hallgat\u00f3knak, aminek elv\u00e9gz\u00e9s\u00e9vel a fels\u0151 tagozat 5. \u00e9s 6. oszt\u00e1ly\u00e1ban tan\u00edthatj\u00e1k a testnevel\u00e9s tant\u00e1rgyat. Itt az alapsport\u00e1gi (atl\u00e9tika, torna, \u00fasz\u00e1s) \u00e9s sportj\u00e1t\u00e9ki (labdar\u00fag\u00e1s, r\u00f6plabda, k\u00e9zilabda, kos\u00e1rlabda) ismereteken t\u00fal a mozg\u00e1sok elemz\u00e9s\u00e9hez, megismer\u00e9s\u00e9hez sz\u00fcks\u00e9ges anat\u00f3miai \u00e9s \u00e9lettani kompetenci\u00e1kkal ismerkednek meg a leend\u0151 pedag\u00f3gusok. Ezenfel\u00fcl lehet\u0151s\u00e9g ny\u00edlik azok sz\u00e1m\u00e1ra is, akik testnevel\u00e9s \u00e9s sport t\u00e9mak\u00f6rben (eg\u00e9szs\u00e9ges \u00e9letm\u00f3d, a pedag\u00f3gus attit\u0171d \u00e9s a 7\u221212 \u00e9ves koroszt\u00e1lyt \u00e9rint\u0151 t\u00e9m\u00e1k) szeretn\u00e9nek tudom\u00e1nyos munk\u00e1t v\u00e9gezni. A magas sz\u00ednvonal\u00fa szakmai munka \u00e9s oktat\u00e1s megteremt\u00e9se \u00e9rdek\u00e9ben a tansz\u00e9k a k\u00f6zelj\u00f6v\u0151ben hazai \u00e9s nemzetk\u00f6zi kapcsolatok ki\u00e9p\u00edt\u00e9s\u00e9n dolgozik.<\/p>\n<p class=\"rtejustify\">A m\u00e1sik c\u00e9l az egyetemi hallgat\u00f3s\u00e1g mozg\u00e1sra buzd\u00edt\u00e1sa a h\u00e1zi bajnoks\u00e1gok \u00e9s k\u00f6z\u00f6s sportol\u00e1si lehet\u0151s\u00e9geken kereszt\u00fcl. Fontos programja a tansz\u00e9knek a m\u0171velts\u00e9gter\u00fcletes hallgat\u00f3k szakestj\u00e9nek megszervez\u00e9se, amelyen tan\u00e1r-di\u00e1k m\u00e9rk\u0151z\u00e9sekkel \u00e9s k\u00f6z\u00f6s f\u0151z\u00e9ssel z\u00e1rul a f\u00e9l\u00e9v.<\/p>\n<p>[\/vc_column_text][\/vc_column][\/vc_row]<\/p>\n<\/div>","protected":false},"excerpt":{"rendered":"<p>[vc_row][vc_column][vc_column_text] \u00a0Testnevel\u00e9si Tansz\u00e9knek a mindennapos testnevel\u00e9s bevezet\u00e9s\u00e9nek k\u00f6sz\u00f6nhet\u0151en az egyik f\u0151 c\u00e9lkit\u0171z\u00e9se nem m\u00e1s, mint a min\u00e9l magasabb sz\u00ednvonal\u00fa szakmai<\/p>\n","protected":false},"author":1,"featured_media":0,"parent":1989,"menu_order":0,"comment_status":"closed","ping_status":"closed","template":"page-tanszek.php","meta":{"_acf_changed":false,"footnotes":"","_links_to":"","_links_to_target":""},"class_list":["post-2044","page","type-page","status-publish","hentry"],"acf":[],"_links":{"self":[{"href":"https:\/\/drhe.hu\/en\/wp-json\/wp\/v2\/pages\/2044","targetHints":{"allow":["GET"]}}],"collection":[{"href":"https:\/\/drhe.hu\/en\/wp-json\/wp\/v2\/pages"}],"about":[{"href":"https:\/\/drhe.hu\/en\/wp-json\/wp\/v2\/types\/page"}],"author":[{"embeddable":true,"href":"https:\/\/drhe.hu\/en\/wp-json\/wp\/v2\/users\/1"}],"replies":[{"embeddable":true,"href":"https:\/\/drhe.hu\/en\/wp-json\/wp\/v2\/comments?post=2044"}],"version-history":[{"count":6,"href":"https:\/\/drhe.hu\/en\/wp-json\/wp\/v2\/pages\/2044\/revisions"}],"predecessor-version":[{"id":13735,"href":"https:\/\/drhe.hu\/en\/wp-json\/wp\/v2\/pages\/2044\/revisions\/13735"}],"up":[{"embeddable":true,"href":"https:\/\/drhe.hu\/en\/wp-json\/wp\/v2\/pages\/1989"}],"wp:attachment":[{"href":"https:\/\/drhe.hu\/en\/wp-json\/wp\/v2\/media?parent=2044"}],"curies":[{"name":"wp","href":"https:\/\/api.w.org\/{rel}","templated":true}]}}