{"id":2098,"date":"2021-09-20T11:13:08","date_gmt":"2021-09-20T09:13:08","guid":{"rendered":"http:\/\/new.drhe.hu\/?page_id=2098"},"modified":"2021-10-12T13:33:00","modified_gmt":"2021-10-12T11:33:00","slug":"muszaki-es-ellatasi-csoport","status":"publish","type":"page","link":"https:\/\/drhe.hu\/en\/egyetemunk\/szolgaltato-egysegek\/muszaki-es-ellatasi-csoport\/","title":{"rendered":"M\u0171szaki \u00e9s Ell\u00e1t\u00e1si Csoport"},"content":{"rendered":"<div class=\"wpb-content-wrapper\"><p>[vc_row][vc_column][vc_column_text]\n<div id=\"buddypress\">\n\n    \n    <ul id=\"members-list\" class=\"item-list\" aria-live=\"assertive\" aria-relevant=\"all\">\n\n        \n        <li class=\"bp-single-member member-type-drhekollegiumai member-type-muszakiellatasicsoport\">\n            <ul class=\"cell\">\n                <li class=\"item-avatar\">\n                    <a href=\"https:\/\/drhe.hu\/en\/tagok\/nagy-istvanne\/\">\n                        <img decoding=\"async\" loading=\"lazy\" src=\"https:\/\/drhe.hu\/wp-content\/uploads\/2021\/09\/cropped-drhe-fav-01-180x180.png\" class=\"avatar user-24-avatar avatar-50 photo\" width=\"50\" height=\"50\" alt=\"Profile picture of Nagy Istv\u00e1nn\u00e9\" \/>                    <\/a>\n                <\/li>\n\n\n                <li class=\"item\">\n                    <div class=\"item-title\">\n                        <a href=\"https:\/\/drhe.hu\/en\/tagok\/nagy-istvanne\/\">\n                            Nagy Istv\u00e1nn\u00e9                        <\/a>\n                    <\/div>\n                <\/li>\n                <li class=\"field\">\n                    m\u0171szaki \u00e9s ell\u00e1t\u00e1si csoportvezet\u0151                <\/li>\n                <li class=\"field\">\n                    <a href=\"m&#97;&#105;&#x6c;&#x74;&#x6f;:&#110;&#97;&#x67;&#x79;&#x2e;is&#116;&#x76;&#x61;&#x6e;ne&#64;&#100;&#x72;&#x68;&#x65;&#46;&#104;&#117;\" rel=\"nofollow\">&#x6e;&#x61;&#103;y&#46;&#x69;&#x73;&#116;&#118;a&#x6e;&#x6e;&#101;&#64;d&#x72;&#x68;&#x65;&#46;hu<\/a>                <\/li>\n                <li class=\"field\">\n                    Room:<br>I\/122                <\/li>\n                <li class=\"field\">\n                    Telefonsz\u00e1m:<br><a href=\"tel:\/\/+36%2052%20518520\" rel=\"nofollow\">+36 52 518520<\/a>                <\/li>\n                <li class=\"field\">\n                    Bels\u0151 mell\u00e9k:<br>18520                <\/li>\n            <\/ul>\n        <\/li>\n\n        \n    <\/ul>\n<\/div>\n\n[\/vc_column_text][vc_column_text el_class=&#8221;listtoflex&#8221;]<\/p>\n<ul>\n<li>Karbantart\u00f3k<\/li>\n<li>Telefon mell\u00e9k: 18632<\/li>\n<\/ul>\n<p>[\/vc_column_text][\/vc_column][\/vc_row]<\/p>\n<\/div>","protected":false},"excerpt":{"rendered":"<p>[vc_row][vc_column][vc_column_text][\/vc_column_text][vc_column_text el_class=&#8221;listtoflex&#8221;] Karbantart\u00f3k Telefon mell\u00e9k: 18632 [\/vc_column_text][\/vc_column][\/vc_row]<\/p>\n","protected":false},"author":1,"featured_media":0,"parent":2587,"menu_order":15,"comment_status":"closed","ping_status":"closed","template":"","meta":{"_acf_changed":false,"footnotes":"","_links_to":"","_links_to_target":""},"class_list":["post-2098","page","type-page","status-publish","hentry"],"acf":[],"_links":{"self":[{"href":"https:\/\/drhe.hu\/en\/wp-json\/wp\/v2\/pages\/2098","targetHints":{"allow":["GET"]}}],"collection":[{"href":"https:\/\/drhe.hu\/en\/wp-json\/wp\/v2\/pages"}],"about":[{"href":"https:\/\/drhe.hu\/en\/wp-json\/wp\/v2\/types\/page"}],"author":[{"embeddable":true,"href":"https:\/\/drhe.hu\/en\/wp-json\/wp\/v2\/users\/1"}],"replies":[{"embeddable":true,"href":"https:\/\/drhe.hu\/en\/wp-json\/wp\/v2\/comments?post=2098"}],"version-history":[{"count":3,"href":"https:\/\/drhe.hu\/en\/wp-json\/wp\/v2\/pages\/2098\/revisions"}],"predecessor-version":[{"id":2128,"href":"https:\/\/drhe.hu\/en\/wp-json\/wp\/v2\/pages\/2098\/revisions\/2128"}],"up":[{"embeddable":true,"href":"https:\/\/drhe.hu\/en\/wp-json\/wp\/v2\/pages\/2587"}],"wp:attachment":[{"href":"https:\/\/drhe.hu\/en\/wp-json\/wp\/v2\/media?parent=2098"}],"curies":[{"name":"wp","href":"https:\/\/api.w.org\/{rel}","templated":true}]}}