{"id":2100,"date":"2021-09-20T11:14:07","date_gmt":"2021-09-20T09:14:07","guid":{"rendered":"http:\/\/new.drhe.hu\/?page_id=2100"},"modified":"2021-10-12T13:32:59","modified_gmt":"2021-10-12T11:32:59","slug":"eselyegyenlosegi-iroda","status":"publish","type":"page","link":"https:\/\/drhe.hu\/en\/egyetemunk\/szolgaltato-egysegek\/eselyegyenlosegi-iroda\/","title":{"rendered":"Es\u00e9lyegyenl\u0151s\u00e9gi Iroda"},"content":{"rendered":"<div class=\"wpb-content-wrapper\"><p>[vc_row][vc_column][vc_column_text]\n<div id=\"buddypress\">\n\n    \n    <ul id=\"members-list\" class=\"item-list\" aria-live=\"assertive\" aria-relevant=\"all\">\n\n        \n        <li class=\"bp-single-member member-type-eselyegyenloseg\">\n            <ul class=\"cell\">\n                <li class=\"item-avatar\">\n                    <a href=\"https:\/\/drhe.hu\/en\/tagok\/kathyne-anita\/\">\n                        <img decoding=\"async\" loading=\"lazy\" src=\"https:\/\/drhe.hu\/wp-content\/uploads\/2021\/09\/cropped-drhe-fav-01-180x180.png\" class=\"avatar user-28-avatar avatar-50 photo\" width=\"50\" height=\"50\" alt=\"Profile picture of Kathyn\u00e9 Mogyor\u00f3ssy Anita\" \/>                    <\/a>\n                <\/li>\n\n\n                <li class=\"item\">\n                    <div class=\"item-title\">\n                        <a href=\"https:\/\/drhe.hu\/en\/tagok\/kathyne-anita\/\">\n                            Kathyn\u00e9 Mogyor\u00f3ssy Anita                        <\/a>\n                    <\/div>\n                <\/li>\n                <li class=\"field\">\n                    ment\u00e1lhigi\u00e9n\u00e9s szakember                <\/li>\n                <li class=\"field\">\n                    <a href=\"&#x6d;a&#x69;&#108;&#x74;&#111;&#x3a;&#x6b;a&#x74;&#104;&#x79;&#110;&#x65;&#46;a&#x6e;&#105;&#x74;&#97;&#x40;&#100;r&#x68;&#101;&#x2e;&#104;&#x75;\" rel=\"nofollow\">&#x6b;&#97;&#x74;&#x68;&#121;&#x6e;&#101;&#46;&#x61;&#110;i&#x74;&#97;&#64;&#x64;&#114;h&#x65;&#46;&#x68;&#x75;<\/a>                <\/li>\n                <li class=\"field\">\n                    Room:<br>II\/230                <\/li>\n                <li class=\"field\">\n                    Telefonsz\u00e1m:<br><a href=\"tel:\/\/+36%2052%20518534\" rel=\"nofollow\">+36 52 518534<\/a>                <\/li>\n                <li class=\"field\">\n                    Bels\u0151 mell\u00e9k:<br>18534                <\/li>\n            <\/ul>\n        <\/li>\n\n        \n    <\/ul>\n<\/div>\n\n[\/vc_column_text][\/vc_column][\/vc_row]<\/p>\n<\/div>","protected":false},"excerpt":{"rendered":"<p>[vc_row][vc_column][vc_column_text][\/vc_column_text][\/vc_column][\/vc_row]<\/p>\n","protected":false},"author":1,"featured_media":0,"parent":2587,"menu_order":15,"comment_status":"closed","ping_status":"closed","template":"","meta":{"_acf_changed":false,"footnotes":"","_links_to":"","_links_to_target":""},"class_list":["post-2100","page","type-page","status-publish","hentry"],"acf":[],"_links":{"self":[{"href":"https:\/\/drhe.hu\/en\/wp-json\/wp\/v2\/pages\/2100","targetHints":{"allow":["GET"]}}],"collection":[{"href":"https:\/\/drhe.hu\/en\/wp-json\/wp\/v2\/pages"}],"about":[{"href":"https:\/\/drhe.hu\/en\/wp-json\/wp\/v2\/types\/page"}],"author":[{"embeddable":true,"href":"https:\/\/drhe.hu\/en\/wp-json\/wp\/v2\/users\/1"}],"replies":[{"embeddable":true,"href":"https:\/\/drhe.hu\/en\/wp-json\/wp\/v2\/comments?post=2100"}],"version-history":[{"count":1,"href":"https:\/\/drhe.hu\/en\/wp-json\/wp\/v2\/pages\/2100\/revisions"}],"predecessor-version":[{"id":2101,"href":"https:\/\/drhe.hu\/en\/wp-json\/wp\/v2\/pages\/2100\/revisions\/2101"}],"up":[{"embeddable":true,"href":"https:\/\/drhe.hu\/en\/wp-json\/wp\/v2\/pages\/2587"}],"wp:attachment":[{"href":"https:\/\/drhe.hu\/en\/wp-json\/wp\/v2\/media?parent=2100"}],"curies":[{"name":"wp","href":"https:\/\/api.w.org\/{rel}","templated":true}]}}