{"id":2102,"date":"2021-09-20T11:15:12","date_gmt":"2021-09-20T09:15:12","guid":{"rendered":"http:\/\/new.drhe.hu\/?page_id=2102"},"modified":"2022-03-07T15:07:05","modified_gmt":"2022-03-07T14:07:05","slug":"alumni-kozpont","status":"publish","type":"page","link":"https:\/\/drhe.hu\/en\/egyetemunk\/szolgaltato-egysegek\/alumni-kozpont\/","title":{"rendered":"Alumni K\u00f6zpont"},"content":{"rendered":"<div class=\"wpb-content-wrapper\"><p>[vc_row][vc_column]<div class=\"intezmeny-honlap\"><a href=\"https:\/\/alumni.drhe.hu\/\" target=\"_blank\"><div class=\"btn-primary d-block zk-scroll\">AZ ALUMNI K\u00d6ZPONT HONLAPJA<\/div><\/a><\/div>[vc_column_text]\n<div id=\"buddypress\">\n\n    \n    <ul id=\"members-list\" class=\"item-list\" aria-live=\"assertive\" aria-relevant=\"all\">\n\n        \n        <li class=\"odd member-type-alumnikozpont member-type-oktato\">\n            <ul class=\"cell\">\n                <li class=\"item-avatar\">\n                    <a href=\"https:\/\/drhe.hu\/en\/tagok\/hodossi-sandor\/\">\n                        <img decoding=\"async\" loading=\"lazy\" src=\"https:\/\/drhe.hu\/wp-content\/uploads\/2021\/10\/picture-382-1516005889-1.jpeg\" class=\"avatar user-29-avatar avatar-50 photo\" width=\"50\" height=\"50\" alt=\"Profile picture of Dr. Hodossi S\u00e1ndor\" \/>                    <\/a>\n                <\/li>\n\n\n                <li class=\"item\">\n                    <div class=\"item-title\">\n                        <a href=\"https:\/\/drhe.hu\/en\/tagok\/hodossi-sandor\/\">\n                            Dr. Hodossi S\u00e1ndor                        <\/a>\n                    <\/div>\n                <\/li>\n                <li class=\"field\">\n                     Alumni Affairs Coordinator, College Associate Professor                <\/li>\n                <li class=\"field\">\n                    <a href=\"&#x6d;&#97;i&#x6c;&#116;o&#x3a;&#x68;&#111;&#x64;&#x6f;&#115;s&#x69;&#46;s&#x61;&#x6e;&#100;&#x6f;&#x72;&#64;d&#x72;&#104;e&#x2e;&#x68;&#117;\" rel=\"nofollow\">&#104;&#x6f;&#100;&#x6f;&#115;&#x73;&#105;&#x2e;&#115;&#x61;&#110;&#x64;&#111;&#x72;&#64;&#x64;&#114;&#x68;&#101;&#x2e;&#104;&#x75;<\/a>                <\/li>\n                <li class=\"field\">\n                    Room:<br>II\/114                <\/li>\n                <li class=\"field\">\n                    Telefonsz\u00e1m:<br><a href=\"tel:\/\/+36%2052%20518548\" rel=\"nofollow\">+36 52 518548<\/a>                <\/li>\n                <li class=\"field\">\n                    Bels\u0151 mell\u00e9k:<br>18548                <\/li>\n            <\/ul>\n        <\/li>\n\n        \n        <li class=\"even member-type-alumnikozpont\">\n            <ul class=\"cell\">\n                <li class=\"item-avatar\">\n                    <a href=\"https:\/\/drhe.hu\/en\/tagok\/morvai-laura\/\">\n                        <img decoding=\"async\" loading=\"lazy\" src=\"https:\/\/drhe.hu\/wp-content\/uploads\/2021\/09\/cropped-drhe-fav-01-180x180.png\" class=\"avatar user-102-avatar avatar-50 photo\" width=\"50\" height=\"50\" alt=\"Profile picture of Morvai Laura\" \/>                    <\/a>\n                <\/li>\n\n\n                <li class=\"item\">\n                    <div class=\"item-title\">\n                        <a href=\"https:\/\/drhe.hu\/en\/tagok\/morvai-laura\/\">\n                            Morvai Laura                        <\/a>\n                    <\/div>\n                <\/li>\n                <li class=\"field\">\n                    Alumni \u00fcgyint\u00e9z\u0151                <\/li>\n                <li class=\"field\">\n                    <a href=\"&#109;&#x61;&#x69;l&#116;&#x6f;&#x3a;m&#111;&#x72;v&#97;&#x69;&#x2e;l&#97;&#x75;r&#97;&#x40;&#x64;r&#104;&#x65;&#x2e;&#104;&#x75;\" rel=\"nofollow\">&#109;&#x6f;&#114;&#x76;&#97;&#x69;&#46;&#x6c;&#97;&#x75;&#114;&#x61;&#64;&#x64;&#114;&#x68;&#101;&#x2e;&#104;&#x75;<\/a>                <\/li>\n                <li class=\"field\">\n                    Room:<br>II\/218\/B                <\/li>\n                <li class=\"field\">\n                    Telefonsz\u00e1m:<br><a href=\"tel:\/\/+36%2052%20518536\" rel=\"nofollow\">+36 52 518536<\/a>                <\/li>\n                <li class=\"field\">\n                    Bels\u0151 mell\u00e9k:<br>18536                <\/li>\n            <\/ul>\n        <\/li>\n\n        \n    <\/ul>\n<\/div>\n\n[\/vc_column_text][\/vc_column][\/vc_row]<\/p>\n<\/div>","protected":false},"excerpt":{"rendered":"<p>[vc_row][vc_column][vc_column_text][\/vc_column_text][\/vc_column][\/vc_row]<\/p>\n","protected":false},"author":1,"featured_media":0,"parent":2587,"menu_order":15,"comment_status":"closed","ping_status":"closed","template":"","meta":{"_acf_changed":false,"footnotes":"","_links_to":"","_links_to_target":""},"class_list":["post-2102","page","type-page","status-publish","hentry"],"acf":[],"_links":{"self":[{"href":"https:\/\/drhe.hu\/en\/wp-json\/wp\/v2\/pages\/2102","targetHints":{"allow":["GET"]}}],"collection":[{"href":"https:\/\/drhe.hu\/en\/wp-json\/wp\/v2\/pages"}],"about":[{"href":"https:\/\/drhe.hu\/en\/wp-json\/wp\/v2\/types\/page"}],"author":[{"embeddable":true,"href":"https:\/\/drhe.hu\/en\/wp-json\/wp\/v2\/users\/1"}],"replies":[{"embeddable":true,"href":"https:\/\/drhe.hu\/en\/wp-json\/wp\/v2\/comments?post=2102"}],"version-history":[{"count":4,"href":"https:\/\/drhe.hu\/en\/wp-json\/wp\/v2\/pages\/2102\/revisions"}],"predecessor-version":[{"id":15823,"href":"https:\/\/drhe.hu\/en\/wp-json\/wp\/v2\/pages\/2102\/revisions\/15823"}],"up":[{"embeddable":true,"href":"https:\/\/drhe.hu\/en\/wp-json\/wp\/v2\/pages\/2587"}],"wp:attachment":[{"href":"https:\/\/drhe.hu\/en\/wp-json\/wp\/v2\/media?parent=2102"}],"curies":[{"name":"wp","href":"https:\/\/api.w.org\/{rel}","templated":true}]}}