{"id":2140,"date":"2021-09-20T16:21:11","date_gmt":"2021-09-20T14:21:11","guid":{"rendered":"http:\/\/new.drhe.hu\/?page_id=2140"},"modified":"2025-05-12T09:19:22","modified_gmt":"2025-05-12T07:19:22","slug":"inzemenyi-akkreditaciok","status":"publish","type":"page","link":"https:\/\/drhe.hu\/en\/egyetemunk\/minosegbiztositas\/inzemenyi-akkreditaciok\/","title":{"rendered":"Inz\u00e9m\u00e9nyi akkredit\u00e1ci\u00f3k"},"content":{"rendered":"<div class=\"wpb-content-wrapper\"><p>[vc_row][vc_column][vc_tta_tabs active_section=&#8221;1&#8243;][vc_tta_section title=&#8221;2024&#8243; tab_id=&#8221;1718011650884-017111af-a418&#8243;][vc_column_text]<a href=\"https:\/\/drhe.hu\/wp-content\/uploads\/2024\/10\/Intezmenyi-akkreditacio-Onertekeles-DRHE.pdf\" target=\"_blank\" rel=\"noopener\">Akkredit\u00e1ci\u00f3s \u00f6n\u00e9rt\u00e9kel\u00e9s<\/a><\/p>\n<p>Tant\u00e1rgyle\u00edr\u00e1sok:<br \/>\n<a href=\"https:\/\/drhe.hu\/wp-content\/uploads\/2025\/05\/Tantargyleiras-REFORMATUS-TEOLOGIA-osszefuzott.pdf\">Teol\u00f3gia szak<\/a><br \/>\n<a href=\"https:\/\/drhe.hu\/wp-content\/uploads\/2025\/05\/Tantargyleiras-osszefuzott-TEOLOGIA_LELKESZ.pdf\">Teol\u00f3gia szak-lelk\u00e9sz szakir\u00e1ny<\/a><br \/>\nHittan\u00e1r-nevel\u0151tan\u00e1r osztatlan szak<br \/>\n<a href=\"https:\/\/drhe.hu\/wp-content\/uploads\/2025\/05\/Tantargyleiras-osszefuzott-KANTOR.pdf\">K\u00e1ntor alapszak<\/a><br \/>\n<a href=\"https:\/\/drhe.hu\/wp-content\/uploads\/2025\/05\/Tantargyleiras-KLM-osszefuzott.pdf\">Katek\u00e9ta-lelkip\u00e1sztori munkat\u00e1rs szak<\/a><\/p>\n<p><a href=\"https:\/\/drhe.hu\/wp-content\/uploads\/2025\/05\/Oktatoi_adatlapok_akkreditacio_2024.docx.pdf\" target=\"_blank\" rel=\"noopener\">Oktat\u00f3i adatlapok<\/a><\/p>\n<p><a href=\"https:\/\/drhe.hu\/wp-content\/uploads\/2025\/05\/Tantargyfelelosi-jegyzek_vegleges-2024-aprilis.doc.pdf\" target=\"_blank\" rel=\"noopener\">Tant\u00e1rgyfelel\u0151si jegyz\u00e9k 2024.04.23.<\/a><\/p>\n<p>MAB l\u00e1togat\u00f3 bizotts\u00e1g jelent\u00e9se<br \/>\nMAB hat\u00e1rozat [\/vc_column_text][\/vc_tta_section][vc_tta_section title=&#8221;2019.&#8221; tab_id=&#8221;1632147388455-61bfd14a-456f&#8221;][vc_column_text]<a href=\"http:\/\/drhe.hu\/wp-content\/uploads\/2021\/09\/intezmenyi_akkreditacio_-_onertekeles_-_2019-05-02.pdf\" target=\"_blank\" rel=\"noopener\">\u00d6n\u00e9rt\u00e9kel\u00e9s<\/a><br \/>\n<a href=\"http:\/\/drhe.hu\/wp-content\/uploads\/2021\/09\/mab_jelentes.pdf\" target=\"_blank\" rel=\"noopener\">MAB l\u00e1togat\u00f3 bizotts\u00e1g jelent\u00e9se<\/a><br \/>\n<a href=\"http:\/\/drhe.hu\/wp-content\/uploads\/2021\/09\/mab_hatarozat.pdf\" target=\"_blank\" rel=\"noopener\">MAB hat\u00e1rozat<\/a><\/p>\n<h3>Akkredit\u00e1ci\u00f3s \u00f6n\u00e9rt\u00e9kel\u00e9sek:<\/h3>\n<ul>\n<li><a href=\"http:\/\/drhe.hu\/wp-content\/uploads\/2021\/09\/onertekeles_-_lelkesz_szak_-_vegleges_-_2019-05-06.pdf\" target=\"_blank\" rel=\"noopener\">Teol\u00f3gia szak-lelk\u00e9sz szakir\u00e1ny<\/a><\/li>\n<li><a href=\"http:\/\/drhe.hu\/wp-content\/uploads\/2021\/09\/onertekeles_-_ovall_-_vegleges_-_2019-05-06.pdf\" target=\"_blank\" rel=\"noopener\">Hittan\u00e1r-nevel\u0151tan\u00e1r osztatlan szak<\/a><\/li>\n<li><a href=\"http:\/\/drhe.hu\/wp-content\/uploads\/2021\/09\/onertekeles_-_kantor_szak_-_vegleges_-_2019-05-02.pdf\" target=\"_blank\" rel=\"noopener\">K\u00e1ntor alapszak<\/a><\/li>\n<li><a href=\"http:\/\/drhe.hu\/wp-content\/uploads\/2021\/09\/onertekeles_-_klm_szak_-_vegleges_-_2019-05-02.pdf\" target=\"_blank\" rel=\"noopener\">Katek\u00e9ta-lelkip\u00e1sztori munkat\u00e1rs szak<\/a><\/li>\n<li><a href=\"http:\/\/drhe.hu\/wp-content\/uploads\/2021\/09\/onertekeles_-_pt-szf_-_vegleges_-_2019-05-02.pdf\" target=\"_blank\" rel=\"noopener\">Pasztor\u00e1lis tan\u00e1csad\u00e1s \u00e9s szervezetfejleszt\u00e9s mesterszak<\/a><\/li>\n<\/ul>\n<h3>Tant\u00e1rgyle\u00edr\u00e1sok:<\/h3>\n<ul>\n<li><a href=\"http:\/\/drhe.hu\/wp-content\/uploads\/2021\/09\/tantargyleirasok_teologia-lelkesz_2019.pdf\" target=\"_blank\" rel=\"noopener\">Teol\u00f3gia szak-lelk\u00e9sz szakir\u00e1ny<\/a><\/li>\n<li><a href=\"http:\/\/drhe.hu\/wp-content\/uploads\/2021\/09\/tantargyleirasok-ovall_0517_1.pdf\" target=\"_blank\" rel=\"noopener\">Hittan\u00e1r-nevel\u0151tan\u00e1r osztatlan szak<\/a><\/li>\n<li><a href=\"http:\/\/drhe.hu\/wp-content\/uploads\/2021\/09\/tantargyleiras_kantor_2019.pdf\" target=\"_blank\" rel=\"noopener\">K\u00e1ntor alapszak<\/a><\/li>\n<li><a href=\"http:\/\/drhe.hu\/wp-content\/uploads\/2021\/09\/tantargyleirasok_klm_2019.pdf\" target=\"_blank\" rel=\"noopener\">Katek\u00e9ta-lelkip\u00e1sztori munkat\u00e1rs szak<\/a><\/li>\n<li><a href=\"http:\/\/drhe.hu\/wp-content\/uploads\/2021\/09\/tantargyleirasok-pasztoralis_0618.pdf\" target=\"_blank\" rel=\"noopener\">Pasztor\u00e1lis tan\u00e1csad\u00e1s \u00e9s szervezetfejleszt\u00e9s mesterszak<\/a><\/li>\n<\/ul>\n<h3>Oktat\u00f3i adatlapok:<\/h3>\n<ul>\n<li><a href=\"http:\/\/drhe.hu\/wp-content\/uploads\/2021\/09\/oktatoi_adatlap_osszes_-_teologia_lelkesz_szairany.pdf\" target=\"_blank\" rel=\"noopener\">Teol\u00f3gia szak-lelk\u00e9sz szakir\u00e1ny<\/a><\/li>\n<li><a href=\"http:\/\/drhe.hu\/wp-content\/uploads\/2021\/09\/oktatoi_adatlap_osszes_-_ovall.pdf\" target=\"_blank\" rel=\"noopener\">Hittan\u00e1r-nevel\u0151tan\u00e1r osztatlan szak<\/a><\/li>\n<li><a href=\"http:\/\/drhe.hu\/wp-content\/uploads\/2021\/09\/oktatoi_adatlap_osszes_-_kantor_szak.pdf\" target=\"_blank\" rel=\"noopener\">K\u00e1ntor alapszak<\/a><\/li>\n<li><a href=\"http:\/\/drhe.hu\/wp-content\/uploads\/2021\/09\/oktatoi_adatlap_osszes_-_klm.pdf\" target=\"_blank\" rel=\"noopener\">Katek\u00e9ta-lelkip\u00e1sztori munkat\u00e1rs szak<\/a><\/li>\n<li><a href=\"http:\/\/drhe.hu\/wp-content\/uploads\/2021\/09\/oktatoi_adatlap_osszes_-_pasztoralis_tanacsadas_es_szervezetf.pdf\" target=\"_blank\" rel=\"noopener\">Pasztor\u00e1lis tan\u00e1csad\u00e1s \u00e9s szervezetfejleszt\u00e9s mesterszak<\/a><\/li>\n<\/ul>\n<p>[\/vc_column_text][vc_column_text][\/vc_column_text][\/vc_tta_section][vc_tta_section title=&#8221;2014.&#8221; tab_id=&#8221;1632147358999-5c7a6ea1-4a52&#8243;][vc_column_text]<a href=\"http:\/\/drhe.hu\/wp-content\/uploads\/2021\/09\/drhe_intezmenyi_onertekeles.pdf\" target=\"_blank\" rel=\"noopener\">\u00d6n\u00e9rt\u00e9kel\u00e9s<\/a><br \/>\n<a href=\"http:\/\/drhe.hu\/wp-content\/uploads\/2021\/09\/drhe_mab_jel_150603_vegleges_elfogadott.pdf\" target=\"_blank\" rel=\"noopener\">MAB l\u00e1togat\u00f3 bizotts\u00e1g jelent\u00e9se<\/a><br \/>\n<a href=\"http:\/\/drhe.hu\/wp-content\/uploads\/2021\/09\/mab_hatarozat.jpg\" target=\"_blank\" rel=\"noopener\">MAB hat\u00e1rozat<\/a><br \/>\n<a href=\"http:\/\/drhe.hu\/wp-content\/uploads\/2021\/09\/akkreditacios_lb_-_intezkedesi_terv_-_2015_junius.pdf\" target=\"_blank\" rel=\"noopener\">Int\u00e9zked\u00e9si terv<\/a> a Magyar Akkredit\u00e1ci\u00f3s Bizotts\u00e1g \u00e1ltal a 2013\/2014. \u00e9vben lefolytatott int\u00e9zm\u00e9nyi \u00e9s hit\u00e9leti akkredit\u00e1ci\u00f3 nyom\u00e1n<br \/>\n<a href=\"http:\/\/drhe.hu\/wp-content\/uploads\/2021\/09\/intezmenyfejlesztesi_terv_-_akciotervek_-_utemezve_2.pdf\" target=\"_blank\" rel=\"noopener\">Az Int\u00e9zm\u00e9nyfejleszt\u00e9si terv f\u0151bb akci\u00f3tervei\u00a02015-2018<\/a>[\/vc_column_text][\/vc_tta_section][vc_tta_section title=&#8221;2009.&#8221; tab_id=&#8221;1632147358987-573d5001-9ac8&#8243;][vc_column_text]<a href=\"http:\/\/drhe.hu\/wp-content\/uploads\/2021\/09\/drhe_intezmenyi_akkreditacio_-_onertekeles_-_2009.pdf\" target=\"_blank\" rel=\"noopener\">\u00d6n\u00e9rt\u00e9kel\u00e9s<\/a><br \/>\n<a href=\"http:\/\/drhe.hu\/wp-content\/uploads\/2021\/09\/mab_jelentes_2009.10.16.pdf\" target=\"_blank\" rel=\"noopener\">MAB l\u00e1togat\u00f3 bizotts\u00e1g jelent\u00e9se<\/a><br \/>\n<a href=\"http:\/\/drhe.hu\/wp-content\/uploads\/2021\/09\/mab_hatarozat_2009.pdf\" target=\"_blank\" rel=\"noopener\">MAB hat\u00e1rozat<\/a>[\/vc_column_text][\/vc_tta_section][\/vc_tta_tabs][\/vc_column][\/vc_row]<\/p>\n<\/div>","protected":false},"excerpt":{"rendered":"<p>[vc_row][vc_column][vc_tta_tabs active_section=&#8221;1&#8243;][vc_tta_section title=&#8221;2024&#8243; tab_id=&#8221;1718011650884-017111af-a418&#8243;][vc_column_text]Akkredit\u00e1ci\u00f3s \u00f6n\u00e9rt\u00e9kel\u00e9s Tant\u00e1rgyle\u00edr\u00e1sok: Teol\u00f3gia szak Teol\u00f3gia szak-lelk\u00e9sz szakir\u00e1ny Hittan\u00e1r-nevel\u0151tan\u00e1r osztatlan szak K\u00e1ntor alapszak Katek\u00e9ta-lelkip\u00e1sztori munkat\u00e1rs szak Oktat\u00f3i<\/p>\n","protected":false},"author":1,"featured_media":0,"parent":2595,"menu_order":11,"comment_status":"closed","ping_status":"closed","template":"","meta":{"_acf_changed":false,"footnotes":"","_links_to":"","_links_to_target":""},"class_list":["post-2140","page","type-page","status-publish","hentry"],"acf":[],"_links":{"self":[{"href":"https:\/\/drhe.hu\/en\/wp-json\/wp\/v2\/pages\/2140","targetHints":{"allow":["GET"]}}],"collection":[{"href":"https:\/\/drhe.hu\/en\/wp-json\/wp\/v2\/pages"}],"about":[{"href":"https:\/\/drhe.hu\/en\/wp-json\/wp\/v2\/types\/page"}],"author":[{"embeddable":true,"href":"https:\/\/drhe.hu\/en\/wp-json\/wp\/v2\/users\/1"}],"replies":[{"embeddable":true,"href":"https:\/\/drhe.hu\/en\/wp-json\/wp\/v2\/comments?post=2140"}],"version-history":[{"count":46,"href":"https:\/\/drhe.hu\/en\/wp-json\/wp\/v2\/pages\/2140\/revisions"}],"predecessor-version":[{"id":23869,"href":"https:\/\/drhe.hu\/en\/wp-json\/wp\/v2\/pages\/2140\/revisions\/23869"}],"up":[{"embeddable":true,"href":"https:\/\/drhe.hu\/en\/wp-json\/wp\/v2\/pages\/2595"}],"wp:attachment":[{"href":"https:\/\/drhe.hu\/en\/wp-json\/wp\/v2\/media?parent=2140"}],"curies":[{"name":"wp","href":"https:\/\/api.w.org\/{rel}","templated":true}]}}