{"id":2143,"date":"2021-09-20T16:29:05","date_gmt":"2021-09-20T14:29:05","guid":{"rendered":"http:\/\/new.drhe.hu\/?page_id=2143"},"modified":"2022-03-06T18:18:42","modified_gmt":"2022-03-06T17:18:42","slug":"oktatoi-eloleptetesek-hosszabbitasok-urlapok","status":"publish","type":"page","link":"https:\/\/drhe.hu\/en\/egyetemunk\/minosegbiztositas\/oktatoi-eloleptetesek-hosszabbitasok-urlapok\/","title":{"rendered":"Oktat\u00f3i el\u0151l\u00e9ptet\u00e9sek, hosszabb\u00edt\u00e1sok &#8211; \u0170rlapok"},"content":{"rendered":"<div class=\"wpb-content-wrapper\"><p>[vc_row][vc_column][vc_column_text]<a href=\"http:\/\/drhe.hu\/wp-content\/uploads\/2021\/09\/adjunktus_-_felterjesztes_-_adatlap_-_2018-10_2.docx\" target=\"_blank\" rel=\"noopener\">Adatlap adjunktusi kinevez\u00e9s kezdem\u00e9nyez\u00e9s\u00e9hez<\/a><\/p>\n<p><a href=\"http:\/\/drhe.hu\/wp-content\/uploads\/2021\/09\/adjunktus_-_hosszabbitas_-_adatlap_-_2018-10.docx\" target=\"_blank\" rel=\"noopener\">Adatlap adjunktusi munkak\u00f6r meghosszabb\u00edt\u00e1s\u00e1nak kezdem\u00e9nyez\u00e9s\u00e9hez<\/a><\/p>\n<p><a href=\"http:\/\/drhe.hu\/wp-content\/uploads\/2021\/09\/egyetemi_docens_-_felterjesztes_-_adatlap_-_2018-10.docx\" target=\"_blank\" rel=\"noopener\">Adatlap egyetemi docensi munkak\u00f6r l\u00e9tes\u00edt\u00e9s\u00e9nek kezdem\u00e9nyez\u00e9s\u00e9hez<\/a><\/p>\n<p><a href=\"http:\/\/drhe.hu\/wp-content\/uploads\/2021\/09\/foiskolai_docens_-_felterjesztes_-_adatlap_-_2018-10.docx\" target=\"_blank\" rel=\"noopener\">Adatlap f\u0151iskolai docensi munkak\u00f6r l\u00e9tes\u00edt\u00e9s\u00e9nek kezdem\u00e9nyez\u00e9s\u00e9hez<\/a>[\/vc_column_text][\/vc_column][\/vc_row]<\/p>\n<\/div>","protected":false},"excerpt":{"rendered":"<p>[vc_row][vc_column][vc_column_text]Adatlap adjunktusi kinevez\u00e9s kezdem\u00e9nyez\u00e9s\u00e9hez Adatlap adjunktusi munkak\u00f6r meghosszabb\u00edt\u00e1s\u00e1nak kezdem\u00e9nyez\u00e9s\u00e9hez Adatlap egyetemi docensi munkak\u00f6r l\u00e9tes\u00edt\u00e9s\u00e9nek kezdem\u00e9nyez\u00e9s\u00e9hez Adatlap f\u0151iskolai docensi munkak\u00f6r l\u00e9tes\u00edt\u00e9s\u00e9nek<\/p>\n","protected":false},"author":1,"featured_media":0,"parent":2595,"menu_order":13,"comment_status":"closed","ping_status":"closed","template":"","meta":{"_acf_changed":false,"footnotes":"","_links_to":"","_links_to_target":""},"class_list":["post-2143","page","type-page","status-publish","hentry"],"acf":[],"_links":{"self":[{"href":"https:\/\/drhe.hu\/en\/wp-json\/wp\/v2\/pages\/2143","targetHints":{"allow":["GET"]}}],"collection":[{"href":"https:\/\/drhe.hu\/en\/wp-json\/wp\/v2\/pages"}],"about":[{"href":"https:\/\/drhe.hu\/en\/wp-json\/wp\/v2\/types\/page"}],"author":[{"embeddable":true,"href":"https:\/\/drhe.hu\/en\/wp-json\/wp\/v2\/users\/1"}],"replies":[{"embeddable":true,"href":"https:\/\/drhe.hu\/en\/wp-json\/wp\/v2\/comments?post=2143"}],"version-history":[{"count":5,"href":"https:\/\/drhe.hu\/en\/wp-json\/wp\/v2\/pages\/2143\/revisions"}],"predecessor-version":[{"id":14354,"href":"https:\/\/drhe.hu\/en\/wp-json\/wp\/v2\/pages\/2143\/revisions\/14354"}],"up":[{"embeddable":true,"href":"https:\/\/drhe.hu\/en\/wp-json\/wp\/v2\/pages\/2595"}],"wp:attachment":[{"href":"https:\/\/drhe.hu\/en\/wp-json\/wp\/v2\/media?parent=2143"}],"curies":[{"name":"wp","href":"https:\/\/api.w.org\/{rel}","templated":true}]}}