{"id":2146,"date":"2021-09-20T16:33:44","date_gmt":"2021-09-20T14:33:44","guid":{"rendered":"http:\/\/new.drhe.hu\/?page_id=2146"},"modified":"2021-10-14T12:45:25","modified_gmt":"2021-10-14T10:45:25","slug":"jovokep-minosegpolitika","status":"publish","type":"page","link":"https:\/\/drhe.hu\/en\/egyetemunk\/minosegbiztositas\/jovokep-minosegpolitika\/","title":{"rendered":"J\u00f6v\u0151k\u00e9p, Min\u0151s\u00e9gpolitika"},"content":{"rendered":"<div class=\"wpb-content-wrapper\"><p>[vc_row][vc_column][vc_column_text]<\/p>\n<h3 style=\"text-align: center;\"><strong>J\u00f6v\u0151k\u00e9p meghat\u00e1roz\u00e1sa<br \/>\nTev\u00e9kenys\u00e9gre vonatkoz\u00f3 j\u00f6v\u0151k\u00e9p meghat\u00e1roz\u00e1sa<\/strong><\/h3>\n<p class=\"rtejustify\">A Debreceni Reform\u00e1tus Hittudom\u00e1nyi Egyetem 2023-ra a reform\u00e1tus egyh\u00e1zi fels\u0151oktat\u00e1sban \u00e9s a r\u00e9gi\u00f3 tan\u00edt\u00f3k\u00e9pz\u00e9s\u00e9ben bet\u00f6lt\u00f6tt vezet\u0151 szerep\u00e9t meg\u0151rizve, oktat\u00e1si, kutat\u00e1si tev\u00e9kenys\u00e9g\u00e9t integr\u00e1ltan szervez\u0151 egyetem lesz.<br \/>\nAz int\u00e9zm\u00e9ny hit\u00e9leti k\u00e9pz\u00e9seivel a fenntart\u00f3 egyh\u00e1zker\u00fclet munkaer\u0151-ig\u00e9ny\u00e9nek, vil\u00e1gi szakjainak vonatkoz\u00e1s\u00e1ban pedig a piaci ig\u00e9nyeknek \u00e9s az \u00f6nfinansz\u00edroz\u00e1s k\u00f6vetelm\u00e9ny\u00e9nek megfelel\u0151 k\u00e9pz\u00e9sek biztos\u00edt\u00e1s\u00e1val szolg\u00e1lja egyh\u00e1za, valamint az orsz\u00e1gos t\u00e1rsadalmi-gazdas\u00e1gi szerepl\u0151k k\u00e9pz\u00e9si \u00e9s munkaer\u0151piaci ig\u00e9nyeit.<br \/>\nAz oktat\u00e1si tev\u00e9kenys\u00e9g kiemelked\u0151 sz\u00ednvonal\u00e1t a min\u0151s\u00edtett oktat\u00f3k magas sz\u00e1mar\u00e1nya, folyamatos kutat\u00f3i \u00e9s publik\u00e1ci\u00f3s tev\u00e9kenys\u00e9ge, valamint a szakmailag kimagasl\u00f3 gyakorl\u00f3-helyek \u00e9s kell\u0151en k\u00e9pzett szakoktat\u00f3k biztos\u00edtj\u00e1k. Egyetem\u00fcnk fontosnak tartja a gyakorlati \u00e9s az elm\u00e9leti k\u00e9pz\u00e9s optim\u00e1lis, az adott k\u00e9pz\u00e9si szintnek megfelel\u0151 egyens\u00faly\u00e1t. Egyh\u00e1zi fenntart\u00e1s\u00fa int\u00e9zm\u00e9nyk\u00e9nt a versenyk\u00e9pes diplom\u00e1hoz sz\u00fcks\u00e9ges tud\u00e1s \u00e9s kompetenci\u00e1k mellett hallgat\u00f3it a reform\u00e1tus kereszty\u00e9n \u00e9rt\u00e9kekkel \u00e9s hagyom\u00e1nyokkal is megismerteti, sz\u00e1mukra szellemis\u00e9g\u00e9b\u0151l ad\u00f3d\u00f3 \u00e9rt\u00e9kmint\u00e1t k\u00f6zvet\u00edt, hit\u00e9leti szakos hallgat\u00f3it pedig az egyetemi lelk\u00e9szs\u00e9gen, a szem\u00e9lyes tutori rendszeren \u00e9s az oktat\u00f3k p\u00e9ldamutat\u00e1s\u00e1n kereszt\u00fcl, hitelveik \u00e9s v\u00e1lasztott \u00e9lethivat\u00e1suk melletti elk\u00f6telezetts\u00e9gre \u00f6szt\u00f6nzi.<br \/>\nA DRHE kutat\u00e1si tev\u00e9kenys\u00e9ge publik\u00e1ci\u00f3kban, id\u00e9zetts\u00e9gben, p\u00e1ly\u00e1zati bev\u00e9telekben m\u00e9rhet\u0151 eredm\u00e9nyess\u00e9ge reform\u00e1tus egyh\u00e1zi viszonylatban kiemelkedik, orsz\u00e1gos \u00e9s \u00f6kumenikus viszonylatban pedig m\u00e1s egyetemek b\u00f6lcs\u00e9sz- \u00e9s tan\u00e1rk\u00e9pz\u00e9st folytat\u00f3 karaival \u00f6sszem\u00e9rve is j\u00f3. Egyetem\u00fcnk kutat\u00e1si f\u00f3kuszter\u00fcletei (hittudom\u00e1nyok, hum\u00e1n- \u00e9s t\u00e1rsadalomtudom\u00e1nyok, term\u00e9szettudom\u00e1nyok \u00e9s matematika, m\u0171v\u00e9szetek) a hit, a lelki eg\u00e9szs\u00e9g, az antropol\u00f3gia \u00e9s a nevel\u00e9s t\u00e9mak\u00f6r\u00e9ben felmer\u00fcl\u0151 t\u00e1rsadalmi, k\u00f6zegyh\u00e1zi, tudom\u00e1nyos \u00e9s gazdas\u00e1gi kih\u00edv\u00e1sok megv\u00e1\u00aclaszol\u00e1s\u00e1ra ir\u00e1nyulnak, \u00e9s a vil\u00e1gban zajl\u00f3 glob\u00e1lis v\u00e1ltoz\u00e1sokhoz, nemzeti sorsk\u00e9rd\u00e9seinkhez, valamint a kereszty\u00e9n egyh\u00e1zakban lezajl\u00f3 szociol\u00f3giai folyamatokhoz igazodnak. Az e folyamatokra reflekt\u00e1l\u00f3 teol\u00f3giai diskurzusokban oktat\u00f3ink, kutat\u00f3ink akt\u00edv \u00e9s kezdem\u00e9nyez\u0151 szerepet v\u00e1llalnak.<br \/>\nEgyetem\u00fcnk r\u00e9szesed\u00e9se a tan\u00edt\u00f3k tov\u00e1bbk\u00e9pz\u00e9s\u00e9ben a r\u00e9gi\u00f3ban meghat\u00e1roz\u00f3, a pedag\u00f3gusok tov\u00e1bbk\u00e9pz\u00e9s\u00e9ben jelent\u0151s, a reform\u00e1tus k\u00f6zoktat\u00e1si h\u00e1l\u00f3zat vonatkoz\u00e1s\u00e1ban pedig meghat\u00e1roz\u00f3. A Tisz\u00e1nt\u00fali Reform\u00e1tus Egyh\u00e1zker\u00fcletben int\u00e9zm\u00e9ny\u00fcnk az egyh\u00e1zi feln\u0151ttk\u00e9pz\u00e9s ter\u00e9n kezdem\u00e9nyez\u0151, nem lelk\u00e9szi egyh\u00e1zi alkalmazottak tov\u00e1bbk\u00e9pz\u00e9s\u00e9ben pedig orsz\u00e1gos szerepet t\u00f6lt be.<br \/>\nA hallgat\u00f3k tudom\u00e1nyos tev\u00e9kenys\u00e9g\u00e9nek t\u00e1mogat\u00e1sa az egyetemen kiemelt szerepet j\u00e1tszik, felk\u00e9sz\u00fclt szakembereket k\u00edn\u00e1lva a k\u00e1rp\u00e1t-medencei magyar egyh\u00e1zi k\u00f6z\u00f6ss\u00e9geknek \u00e9s Kelet-Magyarorsz\u00e1g k\u00f6zoktat\u00e1si int\u00e9zm\u00e9nyeinek, doktori iskol\u00e1ja r\u00e9v\u00e9n pedig szakmai ut\u00e1np\u00f3tl\u00e1st biztos\u00edtva a magyar protest\u00e1ns egyh\u00e1zi fels\u0151oktat\u00e1snak, valamint a hittudom\u00e1nyok, vall\u00e1studom\u00e1nyok ter\u00e9n a hazai tudom\u00e1nyos \u00e9letnek.<\/p>\n<p class=\"rtejustify\"><strong>Szervezetre vonatkoz\u00f3 j\u00f6v\u0151k\u00e9p meghat\u00e1roz\u00e1sa<\/strong><br \/>\nA Debreceni Reform\u00e1tus Hittudom\u00e1nyi Egyetem egyh\u00e1zi fenntart\u00e1s\u00fa, \u00f6n\u00e1ll\u00f3, kar n\u00e9lk\u00fcli, hat\u00e9konyan m\u0171k\u00f6d\u0151 egyetem.<br \/>\nJelen dokumentumot \u2013 az Int\u00e9zm\u00e9nyfejleszt\u00e9si Terv 4.2 fejezetek\u00e9nt \u2013 a DRHE Szen\u00e1tusa a 2019. m\u00e1jus 14-ei \u00fcl\u00e9s\u00e9n megt\u00e1rgyalta \u00e9s 85\/2018-19. sz\u00e1m\u00fa hat\u00e1rozat\u00e1val j\u00f3v\u00e1hagyta.<\/p>\n<p class=\"rtejustify\">Debrecen, 2019. m\u00e1jus 15.<\/p>\n<p class=\"rtejustify\">Dr. Kust\u00e1r Zolt\u00e1n<br \/>\nrektor<\/p>\n<p class=\"rtejustify\">A DRHE J\u00f6v\u0151k\u00e9p\u00e9t a Tisz\u00e1nt\u00fali Reform\u00e1tus Egyh\u00e1zker\u00fclet k\u00e9pviselet\u00e9ben elj\u00e1rva, a Debreceni Reform\u00e1tus Hittudom\u00e1nyi Egyetem fenntart\u00f3jak\u00e9nt j\u00f3v\u00e1hagyom.<\/p>\n<p class=\"rtejustify\">Debrecen, 2019. m\u00e1jus 21.<\/p>\n<p class=\"rtejustify\">Dr. Fekete K\u00e1roly<br \/>\np\u00fcsp\u00f6k<\/p>\n<h3 class=\"rtecenter\" style=\"text-align: center;\"><strong>MIN\u0150S\u00c9GPOLITIKA<\/strong><\/h3>\n<p class=\"rtejustify\">A Debreceni Reform\u00e1tus Hittudom\u00e1nyi Egyetem \u2013 az 1538 \u00f3ta folyamatosan m\u0171k\u00f6d\u0151 Debreceni Reform\u00e1tus Koll\u00e9gium int\u00e9zm\u00e9nyh\u00e1l\u00f3zat\u00e1nak r\u00e9szek\u00e9nt \u2013 a Tisz\u00e1nt\u00fali Reform\u00e1tus Egyh\u00e1zker\u00fclet \u00e1ltal fenntartott \u00e9s a magyar reform\u00e1tuss\u00e1g szolg\u00e1lat\u00e1ban \u00e1ll\u00f3 oktat\u00f3, nevel\u0151 \u00e9s tudom\u00e1nym\u0171vel\u0151 int\u00e9zm\u00e9ny.<br \/>\nEgyetem\u00fcnk c\u00e9lja reform\u00e1tus lelk\u00e9szek, teol\u00f3gusok \u00e9s egyh\u00e1zi munkat\u00e1rsak k\u00e9pz\u00e9se els\u0151sorban a Magyarorsz\u00e1gi Reform\u00e1tus Egyh\u00e1z sz\u00e1m\u00e1ra, tov\u00e1bb\u00e1 olyan pedag\u00f3gusok \u00e9s egy\u00e9b vil\u00e1gi szakemberek felk\u00e9sz\u00edt\u00e9se a magyar k\u00f6znevel\u00e9s \u00e9s kultur\u00e1lis int\u00e9zm\u00e9nyrendszer sz\u00e1m\u00e1ra, akik a Magyarorsz\u00e1gi Reform\u00e1tus Egyh\u00e1z hitelveit \u00e9s hagyom\u00e1nyait ismerik, azokat k\u00e9pesek hitelesen megjelen\u00edteni, reform\u00e1tus egyh\u00e1ztags\u00e1guk eset\u00e9ben pedig k\u00e9szek \u00e9s hajland\u00f3k szakismeret\u00fckkel az egyh\u00e1z Ur\u00e1t szolg\u00e1lni.<br \/>\nAz Egyetem, mint \u00e1llamilag elismert fels\u0151oktat\u00e1si int\u00e9zm\u00e9ny, oktat\u00f3 munk\u00e1j\u00e1t a magyar fels\u0151oktat\u00e1si rendszerhez igazodva v\u00e9gzi. Fels\u0151oktat\u00e1si szakk\u00e9pz\u00e9seket, alapk\u00e9pz\u00e9-seket, mesterk\u00e9pz\u00e9seket, osztatlan k\u00e9pz\u00e9st, doktork\u00e9pz\u00e9st (PhD), valamint tov\u00e1bbk\u00e9pz\u00e9si tev\u00e9kenys\u00e9get folytat. K\u00e9pz\u00e9si programjaiban \u00e9rv\u00e9nyes\u00edti az egyh\u00e1zi rendelkez\u00e9seket, az \u00e1llami jogszab\u00e1lyokat \u00e9s a Magyar Fels\u0151oktat\u00e1si Akkredit\u00e1ci\u00f3s Bizotts\u00e1g el\u0151\u00edr\u00e1sait.<br \/>\nAz oktat\u00f3-nevel\u0151 munka sz\u00ednvonal\u00e1nak \u00e9s korszer\u0171s\u00e9g\u00e9nek biztos\u00edt\u00e1sa \u00e9rdek\u00e9ben az Egyetem a k\u00e9pz\u00e9si ter\u00fcleteinek megfelel\u0151 tudom\u00e1ny\u00e1gakban tudom\u00e1nyos kutat\u00f3i \u00e9s m\u0171v\u00e9szi alkot\u00f3munk\u00e1t v\u00e9gez, doktori iskol\u00e1t tart fenn a hittudom\u00e1ny ter\u00fclet\u00e9n, hit\u00e9leti \u00e9s vil\u00e1gi k\u00e9pz\u00e9sei tekintet\u00e9ben egyar\u00e1nt min\u0151s\u00e9gbiztos\u00edt\u00e1si rendszert m\u0171k\u00f6dtet, illetve elk\u00e9sz\u00edti min\u0151s\u00e9gfejleszt\u00e9si programj\u00e1t.<br \/>\nAz egyetemi min\u0151s\u00e9gbiztos\u00edt\u00e1s alapvet\u0151 c\u00e9lja, hogy \u2013 a min\u0151s\u00e9gbiztos\u00edt\u00e1si rendszer ki\u00e9p\u00edt\u00e9se \u00e9s m\u0171k\u00f6dtet\u00e9se r\u00e9v\u00e9n \u2013 hat\u00e9kony eszk\u00f6zzel rendelkezz\u00e9k az int\u00e9zm\u00e9nyi k\u00fcldet\u00e9s-nyilatkozat, a strat\u00e9giai tervek, valamint a tervek megval\u00f3s\u00edt\u00e1s\u00e1t szolg\u00e1l\u00f3 cselekv\u00e9si programok v\u00e9grehajt\u00e1s\u00e1nak elemz\u00e9s\u00e9ben \u00e9s \u00e9rt\u00e9kel\u00e9s\u00e9ben, tov\u00e1bb\u00e1 seg\u00edts\u00e9get adjon a v\u00e1ltoztat\u00e1si lehet\u0151s\u00e9gek kivitelez\u00e9s\u00e9hez az oktat\u00e1si, nevel\u00e9si \u00e9s kutat\u00e1si feladatainak folyamatos fejleszt\u00e9se, ellen\u0151rz\u00e9se ter\u00e9n.<br \/>\nMin\u0151s\u00e9gbiztos\u00edt\u00e1si rendszer\u00e9nek fejleszt\u00e9s\u00e9vel az Egyetem biztos\u00edtja, hogy a k\u00f6zegyh\u00e1zi szolg\u00e1latban \u00e9s a munkaer\u0151piacon hasznos\u00edthat\u00f3, magas sz\u00ednvonal\u00fa \u00e9s tov\u00e1bbfejleszthet\u0151 ismereteket k\u00f6zvet\u00edtsen hallgat\u00f3i r\u00e9sz\u00e9re, ez\u00e1ltal versenyk\u00e9pes, hivat\u00e1studatukban elk\u00f6telezett diplom\u00e1sokat bocs\u00e1sson ki.<\/p>\n<p class=\"rtejustify\">A fenti c\u00e9lok el\u00e9r\u00e9se \u00e9rdek\u00e9ben az Egyetem:<\/p>\n<p class=\"rtejustify\">\u2212\u00a0\u00a0 \u00a0min\u0151s\u00e9gbiztos\u00edt\u00e1si \u00e9s -ir\u00e1ny\u00edt\u00e1si rendszert dolgoz ki, amely k\u00e9pz\u00e9si \u00e9s kutat\u00e1si tev\u00e9kenys\u00e9g\u00e9nek fejleszt\u00e9s\u00e9t szolg\u00e1lja,<br \/>\n\u2212\u00a0\u00a0 \u00a0min\u0151s\u00e9gbiztos\u00edt\u00e1si rendszer\u00e9t fejleszti a Magyarorsz\u00e1gi Reform\u00e1tus Egyh\u00e1z, a Nemzeti fels\u0151oktat\u00e1sr\u00f3l sz\u00f3l\u00f3 t\u00f6rv\u00e9ny \u00e9s a Magyar Fels\u0151oktat\u00e1si Akkredit\u00e1ci\u00f3s Bizotts\u00e1g elv\u00e1r\u00e1sai, valamint a nemzetk\u00f6zi ir\u00e1nyelvek \u00e9s aj\u00e1nl\u00e1sok szerint,<br \/>\n\u2212\u00a0\u00a0 \u00a0a min\u0151s\u00e9gfejleszt\u00e9st \u00e9s a hum\u00e1n er\u0151forr\u00e1s menedzsment k\u00f6vetelm\u00e9nyrendszer\u00e9t szorosan \u00f6sszehangolja, hogy munkat\u00e1rsai az oktat\u00e1si, kutat\u00e1si, tan\u00e1csad\u00e1si feladatok ell\u00e1t\u00e1s\u00e1ra a fels\u0151oktat\u00e1si int\u00e9zm\u00e9nyek k\u00f6z\u00f6tti versenyben kiemelked\u0151 kompeten\u00accia-hordoz\u00f3v\u00e1 v\u00e1ljanak,<br \/>\n\u2212\u00a0\u00a0 \u00a0a min\u0151s\u00e9gfejleszt\u00e9s strat\u00e9giai elemeit hat\u00e9kony \u00e9s hat\u00e1sos m\u00f3don alkalmazza,<br \/>\n\u2212\u00a0\u00a0 \u00a0er\u0151s\u00edti a k\u00e9pz\u00e9si, tanul\u00e1si kult\u00far\u00e1t,<br \/>\n\u2212\u00a0\u00a0 \u00a0er\u0151s\u00edti \u00e9s folyamatoss\u00e1 teszi a nemzetk\u00f6zi fels\u0151oktat\u00e1si kapcsolatait,<br \/>\n\u2212\u00a0\u00a0 \u00a0olyan egy\u00fcttm\u0171k\u00f6d\u00e9si int\u00e9zm\u00e9nypolitik\u00e1t alak\u00edt ki, amely hosszabb t\u00e1von biztos\u00edtja stabil hely\u00e9t a fels\u0151oktat\u00e1s rendszer\u00e9ben,<br \/>\n\u2212\u00a0\u00a0 \u00a0olyan hat\u00e9konyan m\u0171k\u00f6d\u0151, gazdas\u00e1gos szervezeti strukt\u00far\u00e1t alak\u00edt ki, amely bizton-s\u00e1go\u00acsan szolg\u00e1ltatja azokat a forr\u00e1sokat, amelyek az int\u00e9zm\u00e9ny m\u0171k\u00f6d\u00e9s\u00e9hez \u00e9s fejleszt\u00e9\u00acs\u00e9hez sz\u00fcks\u00e9gesek,<br \/>\n\u2212\u00a0\u00a0 \u00a0forr\u00e1sszerz\u0151 tev\u00e9kenys\u00e9g\u00e9nek \u00e9rdek\u00e9ben dinamikus marketing-munk\u00e1t folytat.<\/p>\n<p class=\"rtejustify\">Az Egyetem vezet\u00e9se a megfelel\u0151 munkak\u00f6rnyezetet biztos\u00edtja munkat\u00e1rsai sz\u00e1m\u00e1ra, \u00e9s \u00f6szt\u00f6nzi \u0151ket arra, hogy:<\/p>\n<p class=\"rtejustify\">\u2212\u00a0\u00a0 \u00a0a min\u0151s\u00e9gpolitik\u00e1t megismerj\u00e9k,<br \/>\n\u2212\u00a0\u00a0 \u00a0a min\u0151s\u00e9gk\u00f6zpont\u00fa gondolkod\u00e1sukat fejlessz\u00e9k,<br \/>\n\u2212\u00a0\u00a0 \u00a0ismereteiket, tud\u00e1sukat folyamatosan b\u0151v\u00edts\u00e9k.<\/p>\n<p class=\"rtejustify\">Az Egyetem vezet\u00e9se a Debreceni Reform\u00e1tus Koll\u00e9gium \u00e9s a protest\u00e1ns egyh\u00e1zi fels\u0151oktat\u00e1s legnemesebb hagyom\u00e1nyainak k\u00f6zvet\u00edt\u00e9s\u00e9vel elk\u00f6telezi mag\u00e1t \u00e9s akt\u00edv szerepet v\u00e1llal a min\u0151s\u00e9gbiztos\u00edt\u00e1si rendszer m\u0171k\u00f6dtet\u00e9s\u00e9ben, fejleszt\u00e9s\u00e9ben, \u00e9s ezt az elk\u00f6telezetts\u00e9get minden munkat\u00e1rs\u00e1t\u00f3l elv\u00e1rja.<\/p>\n<p class=\"rtejustify\">*\u00a0\u00a0 \u00a0*\u00a0\u00a0 \u00a0*<\/p>\n<p class=\"rtejustify\">Jelen dokumentumot a DRHE Szen\u00e1tusa a 2019. m\u00e1jus 14-ei \u00fcl\u00e9s\u00e9n megt\u00e1rgyalta, \u00e9s 84\/2018-19. sz\u00e1m\u00fa hat\u00e1rozat\u00e1val j\u00f3v\u00e1hagyta.<\/p>\n<p class=\"rtejustify\">Debrecen, 2019. m\u00e1jus 15.<\/p>\n<p class=\"rtejustify\">Dr. Kust\u00e1r Zolt\u00e1n<br \/>\nrektor<\/p>\n<p class=\"rtejustify\">A DRHE Min\u0151s\u00e9gpolitik\u00e1j\u00e1t a Tisz\u00e1nt\u00fali Reform\u00e1tus Egyh\u00e1zker\u00fclet k\u00e9pviselet\u00e9ben elj\u00e1rva, a Debreceni Reform\u00e1tus Hittudom\u00e1nyi Egyetem fenntart\u00f3jak\u00e9nt j\u00f3v\u00e1hagyom.<\/p>\n<p class=\"rtejustify\">Debrecen, 2019. m\u00e1jus 21.<\/p>\n<p class=\"rtejustify\">Dr. Fekete K\u00e1roly<br \/>\np\u00fcsp\u00f6k<\/p>\n<p>[\/vc_column_text][\/vc_column][\/vc_row]<\/p>\n<\/div>","protected":false},"excerpt":{"rendered":"<p>[vc_row][vc_column][vc_column_text] J\u00f6v\u0151k\u00e9p meghat\u00e1roz\u00e1sa Tev\u00e9kenys\u00e9gre vonatkoz\u00f3 j\u00f6v\u0151k\u00e9p meghat\u00e1roz\u00e1sa A Debreceni Reform\u00e1tus Hittudom\u00e1nyi Egyetem 2023-ra a reform\u00e1tus egyh\u00e1zi fels\u0151oktat\u00e1sban \u00e9s a r\u00e9gi\u00f3<\/p>\n","protected":false},"author":1,"featured_media":0,"parent":2595,"menu_order":14,"comment_status":"closed","ping_status":"closed","template":"","meta":{"_acf_changed":false,"footnotes":"","_links_to":"","_links_to_target":""},"class_list":["post-2146","page","type-page","status-publish","hentry"],"acf":[],"_links":{"self":[{"href":"https:\/\/drhe.hu\/en\/wp-json\/wp\/v2\/pages\/2146","targetHints":{"allow":["GET"]}}],"collection":[{"href":"https:\/\/drhe.hu\/en\/wp-json\/wp\/v2\/pages"}],"about":[{"href":"https:\/\/drhe.hu\/en\/wp-json\/wp\/v2\/types\/page"}],"author":[{"embeddable":true,"href":"https:\/\/drhe.hu\/en\/wp-json\/wp\/v2\/users\/1"}],"replies":[{"embeddable":true,"href":"https:\/\/drhe.hu\/en\/wp-json\/wp\/v2\/comments?post=2146"}],"version-history":[{"count":3,"href":"https:\/\/drhe.hu\/en\/wp-json\/wp\/v2\/pages\/2146\/revisions"}],"predecessor-version":[{"id":2149,"href":"https:\/\/drhe.hu\/en\/wp-json\/wp\/v2\/pages\/2146\/revisions\/2149"}],"up":[{"embeddable":true,"href":"https:\/\/drhe.hu\/en\/wp-json\/wp\/v2\/pages\/2595"}],"wp:attachment":[{"href":"https:\/\/drhe.hu\/en\/wp-json\/wp\/v2\/media?parent=2146"}],"curies":[{"name":"wp","href":"https:\/\/api.w.org\/{rel}","templated":true}]}}