{"id":2150,"date":"2021-09-20T16:38:37","date_gmt":"2021-09-20T14:38:37","guid":{"rendered":"http:\/\/new.drhe.hu\/?page_id=2150"},"modified":"2024-08-30T11:09:45","modified_gmt":"2024-08-30T09:09:45","slug":"intezmenyfejlesztesi-terv","status":"publish","type":"page","link":"https:\/\/drhe.hu\/en\/egyetemunk\/minosegbiztositas\/intezmenyfejlesztesi-terv\/","title":{"rendered":"Int\u00e9zm\u00e9nyfejleszt\u00e9si terv"},"content":{"rendered":"<div class=\"wpb-content-wrapper\"><p>[vc_row][vc_column][vc_column_text]<\/p>\n<p style=\"text-align: center;\">A Debreceni Reform\u00e1tus Hittudom\u00e1nyi Egyetem Int\u00e9zm\u00e9nyfejleszt\u00e9si tervei:<br \/>\n<a href=\"http:\/\/drhe.hu\/wp-content\/uploads\/2021\/09\/intezmenyfejlesztesi_terv-_2008.11.06._-_1.sz_._modositassal.pdf\" target=\"_blank\" rel=\"noopener\">Int\u00e9zm\u00e9nyfejleszt\u00e9si Terv &#8211; 2008-2013<\/a><br \/>\n<a href=\"http:\/\/drhe.hu\/wp-content\/uploads\/2021\/09\/intezmenyfejlesztesi_terv_-_1._sz._modositas_-_2015.pdf\" target=\"_blank\" rel=\"noopener\">Int\u00e9zm\u00e9nyfejleszt\u00e9si Terv &#8211; 2014-2018<\/a><br \/>\n<a href=\"http:\/\/drhe.hu\/wp-content\/uploads\/2021\/09\/012_-_intezmenyfejlesztesi_terv_-_2019-2023_-_vegleges.pdf\" target=\"_blank\" rel=\"noopener\">Int\u00e9zm\u00e9nyfejleszt\u00e9si Terv &#8211; 2019-2023<\/a><br \/>\n<a href=\"https:\/\/drhe.hu\/wp-content\/uploads\/2024\/06\/Intezmenyfejlesztesi-terv-2024_2028_javitott-kiertekeles.pdf\" target=\"_blank\" rel=\"noopener\">Int\u00e9zm\u00e9nyfejleszt\u00e9si Terv &#8211; 2024-2028<\/a><\/p>\n<p>[\/vc_column_text][\/vc_column][\/vc_row]<\/p>\n<\/div>","protected":false},"excerpt":{"rendered":"<p>[vc_row][vc_column][vc_column_text] A Debreceni Reform\u00e1tus Hittudom\u00e1nyi Egyetem Int\u00e9zm\u00e9nyfejleszt\u00e9si tervei: Int\u00e9zm\u00e9nyfejleszt\u00e9si Terv &#8211; 2008-2013 Int\u00e9zm\u00e9nyfejleszt\u00e9si Terv &#8211; 2014-2018 Int\u00e9zm\u00e9nyfejleszt\u00e9si Terv &#8211; 2019-2023<\/p>\n","protected":false},"author":1,"featured_media":0,"parent":2595,"menu_order":20,"comment_status":"closed","ping_status":"closed","template":"","meta":{"_acf_changed":false,"footnotes":"","_links_to":"","_links_to_target":""},"class_list":["post-2150","page","type-page","status-publish","hentry"],"acf":[],"_links":{"self":[{"href":"https:\/\/drhe.hu\/en\/wp-json\/wp\/v2\/pages\/2150","targetHints":{"allow":["GET"]}}],"collection":[{"href":"https:\/\/drhe.hu\/en\/wp-json\/wp\/v2\/pages"}],"about":[{"href":"https:\/\/drhe.hu\/en\/wp-json\/wp\/v2\/types\/page"}],"author":[{"embeddable":true,"href":"https:\/\/drhe.hu\/en\/wp-json\/wp\/v2\/users\/1"}],"replies":[{"embeddable":true,"href":"https:\/\/drhe.hu\/en\/wp-json\/wp\/v2\/comments?post=2150"}],"version-history":[{"count":7,"href":"https:\/\/drhe.hu\/en\/wp-json\/wp\/v2\/pages\/2150\/revisions"}],"predecessor-version":[{"id":22130,"href":"https:\/\/drhe.hu\/en\/wp-json\/wp\/v2\/pages\/2150\/revisions\/22130"}],"up":[{"embeddable":true,"href":"https:\/\/drhe.hu\/en\/wp-json\/wp\/v2\/pages\/2595"}],"wp:attachment":[{"href":"https:\/\/drhe.hu\/en\/wp-json\/wp\/v2\/media?parent=2150"}],"curies":[{"name":"wp","href":"https:\/\/api.w.org\/{rel}","templated":true}]}}