{"id":2152,"date":"2021-09-20T16:40:10","date_gmt":"2021-09-20T14:40:10","guid":{"rendered":"http:\/\/new.drhe.hu\/?page_id=2152"},"modified":"2023-12-14T11:53:22","modified_gmt":"2023-12-14T10:53:22","slug":"minosegfejlesztesi-jelentesek","status":"publish","type":"page","link":"https:\/\/drhe.hu\/en\/egyetemunk\/minosegbiztositas\/minosegfejlesztesi-jelentesek\/","title":{"rendered":"Min\u0151s\u00e9gfejleszt\u00e9si jelent\u00e9sek"},"content":{"rendered":"<div class=\"wpb-content-wrapper\"><p>[vc_row][vc_column][vc_column_text]<a href=\"https:\/\/drhe.hu\/wp-content\/uploads\/2023\/12\/Minosegfejlesztesi-jelentes-2023-december.docx.pdf\" target=\"_blank\" rel=\"noopener\">Min\u0151s\u00e9gfejleszt\u00e9si jelent\u00e9s<\/a> a 2019-2023 k\u00f6z\u00f6tti int\u00e9zm\u00e9nyfejleszt\u00e9si feladatok megval\u00f3sul\u00e1s\u00e1r\u00f3l<\/p>\n<p><a href=\"http:\/\/drhe.hu\/wp-content\/uploads\/2021\/09\/015_-_minosegfejlesztesi_jelentes_-_2019_februar_2.pdf\">Min\u0151s\u00e9gfejleszt\u00e9si jelent\u00e9s\u00a0<\/a>a 2014-2018 k\u00f6z\u00f6tti int\u00e9zm\u00e9nyfejleszt\u00e9si feladatok megval\u00f3sul\u00e1s\u00e1r\u00f3l<br \/>\nA Debreceni Reform\u00e1tus Hittudom\u00e1nyi Egyetem\u00a0<a href=\"http:\/\/drhe.hu\/wp-content\/uploads\/2021\/09\/minosegfejlesztesi_jelentes_2013_-_2014_januar.pdf\">Min\u0151s\u00e9gfejleszt\u00e9si jelent\u00e9se 2013<\/a>.<\/p>\n<p>A tov\u00e1bbk\u00e9pz\u00e9s min\u0151s\u00e9gbiztos\u00edt\u00e1s\u00e1val kapcsolatos tev\u00e9kenys\u00e9g tapasztalatainak \u00f6sszegz\u00e9se:<\/p>\n<ul>\n<li><a href=\"http:\/\/drhe.hu\/wp-content\/uploads\/2021\/09\/dramaped13.pdf\">Dr\u00e1mapedag\u00f3gia ter\u00fcleten pedag\u00f3gus szakvizsg\u00e1ra felk\u00e9sz\u00edt\u0151 szakir\u00e1ny\u00fa tov\u00e1bbk\u00e9pz\u00e9si szak<\/a><\/li>\n<li><a href=\"http:\/\/drhe.hu\/wp-content\/uploads\/2021\/09\/fejleszto13.pdf\">Fejleszt\u0151pedag\u00f3gus szakir\u00e1ny\u00fa tov\u00e1bbk\u00e9pz\u00e9si szak<\/a><\/li>\n<li><a href=\"http:\/\/drhe.hu\/wp-content\/uploads\/2021\/09\/mozgasterapia_tanf13.pdf\">Mozg\u00e1ster\u00e1pia a tanul\u00e1si neh\u00e9zs\u00e9gek megel\u0151z\u00e9s\u00e9re \u00e9s old\u00e1s\u00e1ra<\/a><\/li>\n<li><a href=\"http:\/\/drhe.hu\/wp-content\/uploads\/2021\/09\/pedszv13.pdf\">Pedag\u00f3gus szakvizsga szakir\u00e1ny\u00fa tov\u00e1bbk\u00e9pz\u00e9si szak<\/a><\/li>\n<\/ul>\n<p>[\/vc_column_text][\/vc_column][\/vc_row]<\/p>\n<\/div>","protected":false},"excerpt":{"rendered":"<p>[vc_row][vc_column][vc_column_text]Min\u0151s\u00e9gfejleszt\u00e9si jelent\u00e9s a 2019-2023 k\u00f6z\u00f6tti int\u00e9zm\u00e9nyfejleszt\u00e9si feladatok megval\u00f3sul\u00e1s\u00e1r\u00f3l Min\u0151s\u00e9gfejleszt\u00e9si jelent\u00e9s\u00a0a 2014-2018 k\u00f6z\u00f6tti int\u00e9zm\u00e9nyfejleszt\u00e9si feladatok megval\u00f3sul\u00e1s\u00e1r\u00f3l A Debreceni Reform\u00e1tus Hittudom\u00e1nyi Egyetem\u00a0Min\u0151s\u00e9gfejleszt\u00e9si<\/p>\n","protected":false},"author":1,"featured_media":0,"parent":2595,"menu_order":20,"comment_status":"closed","ping_status":"closed","template":"","meta":{"_acf_changed":false,"footnotes":"","_links_to":"","_links_to_target":""},"class_list":["post-2152","page","type-page","status-publish","hentry"],"acf":[],"_links":{"self":[{"href":"https:\/\/drhe.hu\/en\/wp-json\/wp\/v2\/pages\/2152","targetHints":{"allow":["GET"]}}],"collection":[{"href":"https:\/\/drhe.hu\/en\/wp-json\/wp\/v2\/pages"}],"about":[{"href":"https:\/\/drhe.hu\/en\/wp-json\/wp\/v2\/types\/page"}],"author":[{"embeddable":true,"href":"https:\/\/drhe.hu\/en\/wp-json\/wp\/v2\/users\/1"}],"replies":[{"embeddable":true,"href":"https:\/\/drhe.hu\/en\/wp-json\/wp\/v2\/comments?post=2152"}],"version-history":[{"count":6,"href":"https:\/\/drhe.hu\/en\/wp-json\/wp\/v2\/pages\/2152\/revisions"}],"predecessor-version":[{"id":20139,"href":"https:\/\/drhe.hu\/en\/wp-json\/wp\/v2\/pages\/2152\/revisions\/20139"}],"up":[{"embeddable":true,"href":"https:\/\/drhe.hu\/en\/wp-json\/wp\/v2\/pages\/2595"}],"wp:attachment":[{"href":"https:\/\/drhe.hu\/en\/wp-json\/wp\/v2\/media?parent=2152"}],"curies":[{"name":"wp","href":"https:\/\/api.w.org\/{rel}","templated":true}]}}