{"id":2154,"date":"2021-09-20T16:44:07","date_gmt":"2021-09-20T14:44:07","guid":{"rendered":"http:\/\/new.drhe.hu\/?page_id=2154"},"modified":"2025-04-14T10:17:57","modified_gmt":"2025-04-14T08:17:57","slug":"szervezeti-szemelyzeti-adatok","status":"publish","type":"page","link":"https:\/\/drhe.hu\/en\/egyetemunk\/kozerdeku-adatok\/szervezeti-szemelyzeti-adatok\/","title":{"rendered":"Szervezeti, szem\u00e9lyzeti adatok"},"content":{"rendered":"<div class=\"wpb-content-wrapper\"><p>[vc_row][vc_column][vc_column_text css=&#8221;&#8221;]<\/p>\n<table style=\"width: 100%;\" width=\"100%\">\n<tbody>\n<tr>\n<td style=\"width: 67.4291%;\">\u00a0Az Egyetem hivatalos neve, sz\u00e9khelye, postai c\u00edme, telefon- \u00e9s telefaxsz\u00e1ma, elektronikus lev\u00e9lc\u00edme, honlapja, \u00fcgyf\u00e9lszolg\u00e1lat\u00e1nak el\u00e9rhet\u0151s\u00e9gei<\/td>\n<td style=\"width: 17.5663%;\"><a href=\"http:\/\/drhe.hu\/wp-content\/uploads\/2021\/09\/szerv._szem._adatok_1._elerhetoseg.pdf\">El\u00e9rhet\u0151s\u00e9gi adatok<\/a><\/td>\n<td style=\"width: 14.0897%;\"><\/td>\n<\/tr>\n<tr>\n<td style=\"width: 67.4291%;\">Az Egyetem szervezeti fel\u00e9p\u00edt\u00e9se a szervezeti egys\u00e9gek megjel\u00f6l\u00e9s\u00e9vel, az egyes szervezeti egys\u00e9gek feladatai<\/td>\n<td style=\"width: 17.5663%;\"><a href=\"http:\/\/drhe.hu\/egyetemunk\/szervezeti-felepites-organogram\/\">Szervezeti strukt\u00fara, organogram<\/a><\/td>\n<td style=\"width: 14.0897%;\"><a href=\"http:\/\/drhe.hu\/wp-content\/uploads\/2021\/09\/organogram2018.07.20.jpeg\">Organogram 2018.05.15.<\/a><\/p>\n<p><a href=\"http:\/\/drhe.hu\/wp-content\/uploads\/2021\/09\/organogram_2020_09_07.pdf\">Organogram 2020.09.07.<\/a><\/p>\n<p><a href=\"https:\/\/drhe.hu\/wp-content\/uploads\/2022\/05\/DRHE-szervezeti-abra-3.pdf\" target=\"_blank\" rel=\"noopener\">Organogram 2022.03.01.<\/a><\/td>\n<\/tr>\n<tr>\n<td style=\"width: 67.4291%;\">Az Egyetem vezet\u0151inek \u00e9s az egyes szervezeti egys\u00e9gek vezet\u0151inek neve, beoszt\u00e1sa, el\u00e9rhet\u0151s\u00e9ge (telefon- \u00e9s telefaxsz\u00e1ma, elektronikus lev\u00e9lc\u00edme)<\/td>\n<td style=\"width: 17.5663%;\">A szervezet vezet\u0151i:<\/p>\n<p><a href=\"http:\/\/drhe.hu\/wp-content\/uploads\/2021\/09\/szerv._szem._adatok_3._vezetok_elerhetosegei_2015_17_2.pdf\">2015 &#8211; 2017<\/a><br \/>\n<a href=\"http:\/\/drhe.hu\/wp-content\/uploads\/2021\/09\/szerv._szem._adatok_3._vezetok_elerhetosegei2017_2020.pdf\">2017-2020<\/a><\/p>\n<p><a href=\"https:\/\/drhe.hu\/wp-content\/uploads\/2023\/01\/Szerv.-szem.-adatok-3.-vezetok-elerhetosegei-2020-2023_2.pdf\">2020-2023<\/a><\/p>\n<p><a href=\"https:\/\/drhe.hu\/wp-content\/uploads\/2025\/04\/Szerv.-szem.-adatok-3.-vezetok-elerhetosegei-2023-2026-javitott.pdf\">2023-2026<\/a><\/td>\n<td style=\"width: 14.0897%;\"><\/td>\n<\/tr>\n<tr>\n<td style=\"width: 67.4291%;\">Az Egyetem \u00e1ltal alap\u00edtott lapok neve, a szerkeszt\u0151s\u00e9g \u00e9s kiad\u00f3 neve \u00e9s c\u00edme, valamint a f\u0151szerkeszt\u0151 neve<\/td>\n<td style=\"width: 17.5663%;\">Nem relev\u00e1ns<\/td>\n<td style=\"width: 14.0897%;\"><\/td>\n<\/tr>\n<\/tbody>\n<\/table>\n<p>[\/vc_column_text][\/vc_column][\/vc_row]<\/p>\n<\/div>","protected":false},"excerpt":{"rendered":"<p>[vc_row][vc_column][vc_column_text css=&#8221;&#8221;] \u00a0Az Egyetem hivatalos neve, sz\u00e9khelye, postai c\u00edme, telefon- \u00e9s telefaxsz\u00e1ma, elektronikus lev\u00e9lc\u00edme, honlapja, \u00fcgyf\u00e9lszolg\u00e1lat\u00e1nak el\u00e9rhet\u0151s\u00e9gei El\u00e9rhet\u0151s\u00e9gi adatok Az<\/p>\n","protected":false},"author":1,"featured_media":0,"parent":2597,"menu_order":15,"comment_status":"closed","ping_status":"closed","template":"","meta":{"_acf_changed":false,"footnotes":"","_links_to":"","_links_to_target":""},"class_list":["post-2154","page","type-page","status-publish","hentry"],"acf":[],"_links":{"self":[{"href":"https:\/\/drhe.hu\/en\/wp-json\/wp\/v2\/pages\/2154","targetHints":{"allow":["GET"]}}],"collection":[{"href":"https:\/\/drhe.hu\/en\/wp-json\/wp\/v2\/pages"}],"about":[{"href":"https:\/\/drhe.hu\/en\/wp-json\/wp\/v2\/types\/page"}],"author":[{"embeddable":true,"href":"https:\/\/drhe.hu\/en\/wp-json\/wp\/v2\/users\/1"}],"replies":[{"embeddable":true,"href":"https:\/\/drhe.hu\/en\/wp-json\/wp\/v2\/comments?post=2154"}],"version-history":[{"count":8,"href":"https:\/\/drhe.hu\/en\/wp-json\/wp\/v2\/pages\/2154\/revisions"}],"predecessor-version":[{"id":23659,"href":"https:\/\/drhe.hu\/en\/wp-json\/wp\/v2\/pages\/2154\/revisions\/23659"}],"up":[{"embeddable":true,"href":"https:\/\/drhe.hu\/en\/wp-json\/wp\/v2\/pages\/2597"}],"wp:attachment":[{"href":"https:\/\/drhe.hu\/en\/wp-json\/wp\/v2\/media?parent=2154"}],"curies":[{"name":"wp","href":"https:\/\/api.w.org\/{rel}","templated":true}]}}