{"id":21542,"date":"2024-06-03T13:24:57","date_gmt":"2024-06-03T11:24:57","guid":{"rendered":"https:\/\/drhe.hu\/?page_id=21542"},"modified":"2024-11-11T10:37:42","modified_gmt":"2024-11-11T09:37:42","slug":"a-di-minosegbiztositasi-dokumentumai","status":"publish","type":"page","link":"https:\/\/drhe.hu\/en\/egyetemunk\/minosegbiztositas\/a-di-minosegbiztositasi-dokumentumai\/","title":{"rendered":"A DI min\u0151s\u00e9gbiztos\u00edt\u00e1si dokumentumai"},"content":{"rendered":"<table style=\"border-collapse: collapse; width: 100%; height: 168px;\">\n<tbody>\n<tr style=\"height: 24px;\">\n<td style=\"width: 25%; height: 24px;\"><a href=\"https:\/\/drhe.hu\/wp-content\/uploads\/2023\/09\/DRHE-DI-onertekeles_2019-munka-osszedolgozott-0415-melleklettel-s.pdf\">\u00d6n\u00e9rt\u00e9kel\u00e9s 2019<\/a><\/td>\n<td style=\"width: 25%; height: 24px;\"><a href=\"https:\/\/drhe.hu\/wp-content\/uploads\/2023\/09\/DRHE-DI-Onertekeles-2024-V4.3-nyilatkozat-jo.pdf\" target=\"_blank\" rel=\"noopener\">\u00d6n\u00e9rt\u00e9kel\u00e9s 2024<\/a><\/td>\n<td style=\"width: 25%; height: 24px;\"><\/td>\n<td style=\"width: 25%; height: 24px;\"><\/td>\n<\/tr>\n<tr style=\"height: 24px;\">\n<td style=\"width: 25%; height: 24px;\"><a href=\"https:\/\/drhe.hu\/wp-content\/uploads\/2023\/09\/DRHE-Doktori-Iskola-minoegbiztositasi-terve-2019.04.15.pdf\">Min\u0151s\u00e9gbiztos\u00edt\u00e1si terv 2019<\/a><\/td>\n<td style=\"width: 25%; height: 24px;\"><a href=\"https:\/\/drhe.hu\/wp-content\/uploads\/2023\/09\/DRHE-DI_Minosegbiztositasi-terv-2019-attekintes-20200204.pdf\">Min\u0151s\u00e9gbiztos\u00edt\u00e1si terv \u00e1ttekint\u00e9se 2020.02.04.<\/a><\/td>\n<td style=\"width: 25%; height: 24px;\"><a href=\"https:\/\/drhe.hu\/wp-content\/uploads\/2023\/09\/DRHE-DI_Minosegbiztositasi-terv-2019-attekintes-20220216.pdf\">Min\u0151s\u00e9gbiztos\u00edt\u00e1si terv \u00e1ttekint\u00e9se 2022.02.16.<\/a><\/td>\n<td style=\"width: 25%; height: 24px;\"><a href=\"https:\/\/drhe.hu\/wp-content\/uploads\/2023\/09\/DRHE-DI_Minosegbiztositasi-terv-2019-attekintes-20221111.pdf\">Min\u0151s\u00e9gbiztos\u00edt\u00e1si terv \u00e1ttekint\u00e9se 2022.11.11.<\/a><\/td>\n<\/tr>\n<tr style=\"height: 24px;\">\n<td style=\"width: 25%; height: 24px;\"><a href=\"https:\/\/drhe.hu\/wp-content\/uploads\/2023\/09\/DRHE-DI-SWOT-hallgatoi-20211030.pdf\">SWOT hallgat\u00f3i<\/a><\/td>\n<td style=\"width: 25%; height: 24px;\"><a href=\"https:\/\/drhe.hu\/wp-content\/uploads\/2023\/09\/DRHE-DI-SWOT-oktatoi-20220104.pdf\">SWOT oktat\u00f3i<\/a><\/td>\n<td style=\"width: 25%; height: 24px;\"><\/td>\n<td style=\"width: 25%; height: 24px;\"><\/td>\n<\/tr>\n<tr style=\"height: 24px;\">\n<td style=\"width: 25%; height: 24px;\"><a href=\"https:\/\/drhe.hu\/wp-content\/uploads\/2023\/09\/DRHE-DI-PHD-fokozatot-szerzettek-palyakovetese-DRHE-Google-urlapok-osszesites20220419.pdf\">P\u00e1lyak\u00f6vet\u00e9s<\/a><\/td>\n<td style=\"width: 25%; height: 24px;\"><\/td>\n<td style=\"width: 25%; height: 24px;\"><\/td>\n<td style=\"width: 25%; height: 24px;\"><\/td>\n<\/tr>\n<tr style=\"height: 24px;\">\n<td style=\"width: 25%; height: 24px;\"><a href=\"https:\/\/drhe.hu\/wp-content\/uploads\/2023\/09\/DRHE-DI-Emlekezteto-temavezetoi-megbeszeles-20220104.pdf\">T\u00e9mavezet\u0151i megbesz\u00e9l\u00e9s 2022.01.04.<\/a><\/td>\n<td style=\"width: 25%; height: 24px;\"><a href=\"https:\/\/drhe.hu\/wp-content\/uploads\/2023\/09\/DRHE-DI-Emlekezteto-temavezetoi-megbeszeles-20230905.pdf\">T\u00e9mavezet\u0151i megbesz\u00e9l\u00e9s 2023.09.05.<\/a><\/td>\n<td style=\"width: 25%; height: 24px;\"><\/td>\n<td style=\"width: 25%; height: 24px;\"><\/td>\n<\/tr>\n<tr>\n<td style=\"width: 25%;\"><a href=\"https:\/\/drhe.hu\/wp-content\/uploads\/2023\/09\/DI-hallgatoi-elegedettseg-2024.pdf\" target=\"_blank\" rel=\"noopener\">Hallgat\u00f3i el\u00e9gedetts\u00e9g vizsg\u00e1lata 2024<\/a><\/td>\n<td style=\"width: 25%;\"><\/td>\n<td style=\"width: 25%;\"><\/td>\n<td style=\"width: 25%;\"><\/td>\n<\/tr>\n<\/tbody>\n<\/table>\n","protected":false},"excerpt":{"rendered":"<p>\u00d6n\u00e9rt\u00e9kel\u00e9s 2019 \u00d6n\u00e9rt\u00e9kel\u00e9s 2024 Min\u0151s\u00e9gbiztos\u00edt\u00e1si terv 2019 Min\u0151s\u00e9gbiztos\u00edt\u00e1si terv \u00e1ttekint\u00e9se 2020.02.04. Min\u0151s\u00e9gbiztos\u00edt\u00e1si terv \u00e1ttekint\u00e9se 2022.02.16. Min\u0151s\u00e9gbiztos\u00edt\u00e1si terv \u00e1ttekint\u00e9se 2022.11.11. SWOT<\/p>\n","protected":false},"author":54,"featured_media":0,"parent":2595,"menu_order":0,"comment_status":"closed","ping_status":"closed","template":"","meta":{"_acf_changed":false,"footnotes":"","_links_to":"","_links_to_target":""},"class_list":["post-21542","page","type-page","status-publish","hentry"],"acf":[],"_links":{"self":[{"href":"https:\/\/drhe.hu\/en\/wp-json\/wp\/v2\/pages\/21542","targetHints":{"allow":["GET"]}}],"collection":[{"href":"https:\/\/drhe.hu\/en\/wp-json\/wp\/v2\/pages"}],"about":[{"href":"https:\/\/drhe.hu\/en\/wp-json\/wp\/v2\/types\/page"}],"author":[{"embeddable":true,"href":"https:\/\/drhe.hu\/en\/wp-json\/wp\/v2\/users\/54"}],"replies":[{"embeddable":true,"href":"https:\/\/drhe.hu\/en\/wp-json\/wp\/v2\/comments?post=21542"}],"version-history":[{"count":8,"href":"https:\/\/drhe.hu\/en\/wp-json\/wp\/v2\/pages\/21542\/revisions"}],"predecessor-version":[{"id":22515,"href":"https:\/\/drhe.hu\/en\/wp-json\/wp\/v2\/pages\/21542\/revisions\/22515"}],"up":[{"embeddable":true,"href":"https:\/\/drhe.hu\/en\/wp-json\/wp\/v2\/pages\/2595"}],"wp:attachment":[{"href":"https:\/\/drhe.hu\/en\/wp-json\/wp\/v2\/media?parent=21542"}],"curies":[{"name":"wp","href":"https:\/\/api.w.org\/{rel}","templated":true}]}}