{"id":2156,"date":"2021-09-20T16:52:38","date_gmt":"2021-09-20T14:52:38","guid":{"rendered":"http:\/\/new.drhe.hu\/?page_id=2156"},"modified":"2026-03-19T14:47:56","modified_gmt":"2026-03-19T13:47:56","slug":"tevekenysegre-mukodesre-vonatkozo-adatok","status":"publish","type":"page","link":"https:\/\/drhe.hu\/en\/egyetemunk\/kozerdeku-adatok\/tevekenysegre-mukodesre-vonatkozo-adatok\/","title":{"rendered":"Tev\u00e9kenys\u00e9gre, m\u0171k\u00f6d\u00e9sre vonatkoz\u00f3 adatok"},"content":{"rendered":"<div class=\"wpb-content-wrapper\"><p>[vc_row][vc_column][vc_column_text]<\/p>\n<table style=\"width: 100%; height: 2064px;\" width=\"100%\">\n<tbody>\n<tr style=\"height: 72px;\">\n<td style=\"height: 192px; width: 44.09%;\" rowspan=\"3\">Az DRHE feladat\u00e1t \u00e9s alaptev\u00e9kenys\u00e9g\u00e9t meghat\u00e1roz\u00f3,<br \/>\naz DRHE-ra vonatkoz\u00f3 alapvet\u0151 jogszab\u00e1lyok, valamint az DRHE szervezeti \u00e9s m\u0171k\u00f6d\u00e9si szab\u00e1lyzata<\/td>\n<td style=\"height: 72px; width: 18.9992%;\"><a href=\"http:\/\/drhe.hu\/wp-content\/uploads\/2021\/09\/szmsz_1-19_egys._2017_11_14.pdf\">Szervezeti \u00e9s M\u0171k\u00f6d\u00e9si Szab\u00e1lyzat<\/a>\u00a0(2017.11.14.)<\/td>\n<td style=\"height: 72px; width: 16.8238%;\"><a href=\"http:\/\/drhe.hu\/wp-content\/uploads\/2021\/09\/szmsz_-_1-20._sz._modositassal_-_2018_majus_1.pdf\">Szervezeti \u00e9s M\u0171k\u00f6d\u00e9si Szab\u00e1lyzat <\/a>(2018.05.15.)<\/td>\n<td style=\"height: 72px; width: 19.2168%;\"><a href=\"http:\/\/drhe.hu\/wp-content\/uploads\/2021\/09\/szmsz_-_1-21._sz._modositassal_-_2018_december.pdf\">Szervezeti \u00e9s M\u0171k\u00f6d\u00e9si Szab\u00e1lyzat<\/a><br \/>\n(2018.12.18.)<\/td>\n<\/tr>\n<tr style=\"height: 72px;\">\n<td style=\"height: 72px; width: 18.9992%;\"><a href=\"http:\/\/drhe.hu\/wp-content\/uploads\/2021\/09\/szmsz_-_1-22._sz._modositassal_-_2020_februar.pdf\">Szervezeti \u00e9s M\u0171k\u00f6d\u00e9si Szab\u00e1lyzat<\/a> (2020.02.25.)<\/td>\n<td style=\"height: 72px; width: 16.8238%;\"><a href=\"https:\/\/drhe.hu\/wp-content\/uploads\/2021\/09\/szmsz_-_1-23.sz_._modositassal_-_2020.09.pdf\">Szervezeti \u00e9s M\u0171k\u00f6d\u00e9si Szab\u00e1lyzat<\/a> (2020.09.29.)<\/td>\n<td style=\"height: 72px; width: 19.2168%;\"><a href=\"https:\/\/drhe.hu\/wp-content\/uploads\/2021\/09\/szmsz_-_1-24._sz._modositassal_-_2021_junius.pdf\">Szervezeti \u00e9s M\u0171k\u00f6d\u00e9si Szab\u00e1lyzat<\/a> (2021.06.15.)<\/td>\n<\/tr>\n<tr style=\"height: 48px;\">\n<td style=\"width: 18.9992%; height: 48px;\"><a href=\"https:\/\/drhe.hu\/wp-content\/uploads\/2022\/02\/SZMSZ-1-25.-sz.-modositassal-2021-szeptember.doc.pdf\">Szervezeti \u00e9s M\u0171k\u00f6d\u00e9si Szab\u00e1lyzat<\/a> (2021.09.28.)<\/td>\n<td style=\"width: 16.8238%; height: 48px;\"><a href=\"https:\/\/drhe.hu\/wp-content\/uploads\/2024\/03\/SZMSZ-1-26.-sz.-modositassal-2024-februar.doc.pdf\">Szervezeti \u00e9s M\u0171k\u00f6d\u00e9si Szab\u00e1lyzat<\/a> (2024.02.20.)<\/td>\n<td style=\"width: 19.2168%; height: 48px;\"><a href=\"https:\/\/drhe.hu\/wp-content\/uploads\/2024\/12\/SZMSZ-1-27.-sz.-modositassal-2024-december.pdf\">Szervezeti \u00e9s M\u0171k\u00f6d\u00e9si Szab\u00e1lyzat<\/a> (2024.12.10.)<\/td>\n<\/tr>\n<tr style=\"height: 48px;\">\n<td style=\"height: 48px; width: 44.09%;\">Az DRHE feladat\u00e1r\u00f3l, tev\u00e9kenys\u00e9g\u00e9r\u0151l sz\u00f3l\u00f3 t\u00e1j\u00e9koztat\u00f3 (K\u00fcldet\u00e9snyilatkozat)<\/td>\n<td style=\"height: 48px; width: 18.9992%;\"><a href=\"http:\/\/drhe.hu\/wp-content\/uploads\/2021\/09\/tev._muk.re_vonatkozo_adat_2._kuldetesnyilatkozat.pdf\">K\u00fcldet\u00e9snyilatkozat<\/a><\/td>\n<td style=\"height: 48px; width: 16.8238%;\"><\/td>\n<td style=\"height: 48px; width: 19.2168%;\"><\/td>\n<\/tr>\n<tr style=\"height: 240px;\">\n<td style=\"height: 240px; width: 44.09%;\">Az DRHE \u00e1ltal fenntartott adatb\u00e1zisok, illetve nyilv\u00e1ntart\u00e1sok le\u00edr\u00f3 adatai<br \/>\n(n\u00e9v, form\u00e1tum, az adatkezel\u00e9s c\u00e9lja, jogalapja, id\u0151tartama, az \u00e9rintettek k\u00f6re, az adatok forr\u00e1sa, k\u00e9rd\u0151\u00edves adatfelv\u00e9tel eset\u00e9n a kit\u00f6ltend\u0151 k\u00e9rd\u0151\u00edv),<br \/>\naz adatv\u00e9delmi nyilv\u00e1ntart\u00e1sba bejelentend\u0151 nyilv\u00e1ntart\u00e1soknak az Inftv. szerinti azonos\u00edt\u00f3 adatai; az DRHE \u00e1ltal &#8211; alaptev\u00e9kenys\u00e9ge keret\u00e9ben<br \/>\n&#8211; gy\u0171jt\u00f6tt \u00e9s feldolgozott adatok fajt\u00e1i, a hozz\u00e1f\u00e9r\u00e9s m\u00f3dja, a m\u00e1solatk\u00e9sz\u00edt\u00e9s k\u00f6lts\u00e9gei<\/td>\n<td style=\"height: 240px; width: 18.9992%;\"><a href=\"http:\/\/drhe.hu\/wp-content\/uploads\/2021\/09\/drhe_adatbazisok.pdf\">Adatb\u00e1zisok<\/a><\/td>\n<td style=\"height: 240px; width: 16.8238%;\"><\/td>\n<td style=\"height: 240px; width: 19.2168%;\"><\/td>\n<\/tr>\n<tr style=\"height: 72px;\">\n<td style=\"height: 72px; width: 44.09%;\">Az DRHE nyilv\u00e1nos kiadv\u00e1nyainak c\u00edme, t\u00e9m\u00e1ja, a hozz\u00e1f\u00e9r\u00e9s m\u00f3dja, a kiadv\u00e1ny ingyeness\u00e9ge, illetve a k\u00f6lts\u00e9gt\u00e9r\u00edt\u00e9s m\u00e9rt\u00e9ke<\/td>\n<td style=\"height: 72px; width: 18.9992%;\"><a href=\"http:\/\/drhe.hu\/wp-content\/uploads\/2021\/09\/tev._muk.re_vonatkozo_adat_4._kiadvanyok.pdf\">Kiadv\u00e1nyok<\/a><\/td>\n<td style=\"height: 72px; width: 16.8238%;\"><\/td>\n<td style=\"height: 72px; width: 19.2168%;\"><\/td>\n<\/tr>\n<tr style=\"height: 24px;\">\n<td style=\"height: 96px; width: 44.09%;\" rowspan=\"4\">Az DRHE \u00e1ltal ki\u00edrt p\u00e1ly\u00e1zatok szakmai le\u00edr\u00e1sa, azok eredm\u00e9nyei<\/td>\n<td style=\"height: 72px; width: 18.9992%;\" rowspan=\"3\">P\u00e1ly\u00e1zatok<\/td>\n<td style=\"height: 24px; width: 16.8238%;\"><a href=\"http:\/\/drhe.hu\/wp-content\/uploads\/2021\/09\/tev._mul.re_vonatkozo_palyazatok2015_17.pdf\">2015\/16\/17<\/a><\/td>\n<td style=\"height: 24px; width: 19.2168%;\"><a href=\"http:\/\/drhe.hu\/wp-content\/uploads\/2021\/09\/tev._mul.re_vonatkozo_palyazatok2017_18.pdf\">2017\/18<\/a><\/td>\n<\/tr>\n<tr style=\"height: 24px;\">\n<td style=\"height: 24px; width: 16.8238%;\"><a href=\"http:\/\/drhe.hu\/wp-content\/uploads\/2021\/09\/tev._mul.re_vonatkozo_palyazatok2018_19.pdf\">2018\/19<\/a><\/td>\n<td style=\"height: 24px; width: 19.2168%;\"><a href=\"http:\/\/drhe.hu\/wp-content\/uploads\/2021\/09\/tev._mul.re_vonatkozo_palyazatok_2020_09_07.pdf\">2019\/20\/21<\/a><\/td>\n<\/tr>\n<tr style=\"height: 24px;\">\n<td style=\"height: 24px; width: 16.8238%;\"><a href=\"https:\/\/drhe.hu\/wp-content\/uploads\/2022\/05\/Tev.-mul.re-vonatkozo-palyazatok2021_22.docx.pdf\" target=\"_blank\" rel=\"noopener\">2021\/22<\/a><\/td>\n<td style=\"height: 24px; width: 19.2168%;\"><a href=\"https:\/\/drhe.hu\/wp-content\/uploads\/2026\/03\/Tev.-mul.re-vonatkozo-palyazatok-2022-23.pdf\">2022\/23<\/a><\/td>\n<\/tr>\n<tr style=\"height: 24px;\">\n<td style=\"width: 18.9992%; height: 24px;\"><\/td>\n<td style=\"width: 16.8238%; height: 24px;\"><a href=\"https:\/\/drhe.hu\/wp-content\/uploads\/2026\/03\/Tev.-mul.re-vonatkozo-palyazatok-2023-24.pdf\">2023\/24<\/a><\/td>\n<td style=\"width: 19.2168%; height: 24px;\"><a href=\"https:\/\/drhe.hu\/wp-content\/uploads\/2026\/03\/Tev.-mul.re-vonatkozo-palyazatok-2024-25.pdf\">2024\/25<\/a><\/td>\n<\/tr>\n<tr style=\"height: 24px;\">\n<td style=\"height: 288px; width: 44.09%;\" rowspan=\"12\">A Szen\u00e1tus \u00fcl\u00e9seinek helye, ideje, nyilv\u00e1noss\u00e1ga<\/td>\n<td style=\"height: 24px; width: 18.9992%;\"><strong>Szen\u00e1tus \u00fcl\u00e9sei<\/strong><\/td>\n<td style=\"height: 24px; width: 16.8238%;\"><strong>Szen\u00e1tusi hat\u00e1rozatok<\/strong><\/td>\n<td style=\"height: 24px; width: 19.2168%;\"><strong>T\u00e1rgysorozat<\/strong><\/td>\n<\/tr>\n<tr style=\"height: 24px;\">\n<td style=\"height: 24px; width: 18.9992%;\"><a href=\"http:\/\/drhe.hu\/wp-content\/uploads\/2021\/09\/tev._muk.re_v_szenatus_ulesek_2015_16.pdf\">2015\/2016-os tan\u00e9v<\/a><\/td>\n<td style=\"height: 24px; width: 16.8238%;\"><a href=\"http:\/\/drhe.hu\/wp-content\/uploads\/2021\/09\/szenatusi_hatarozatok_2015-2016.pdf\">2015\/2016-os tan\u00e9v<\/a><\/td>\n<td style=\"height: 24px; width: 19.2168%;\"><a href=\"http:\/\/drhe.hu\/wp-content\/uploads\/2021\/09\/targysorozat_2015_-_2016.pdf\">2015\/2016-os tan\u00e9v<\/a><\/td>\n<\/tr>\n<tr style=\"height: 24px;\">\n<td style=\"height: 24px; width: 18.9992%;\"><a href=\"http:\/\/drhe.hu\/wp-content\/uploads\/2021\/09\/tev._muk.re_v_szenatus_ulesek_2016_17.pdf\">2016\/2017-es tan\u00e9v<\/a><\/td>\n<td style=\"height: 24px; width: 16.8238%;\"><a href=\"http:\/\/drhe.hu\/wp-content\/uploads\/2021\/09\/szenatusi_hatarozatok_2016-2017.pdf\">2016\/2017-es tan\u00e9v<\/a><\/td>\n<td style=\"height: 24px; width: 19.2168%;\"><a href=\"http:\/\/drhe.hu\/wp-content\/uploads\/2021\/09\/targysorozat_2016_-_2017.pdf\">2016\/2017-es tan\u00e9v<\/a><\/td>\n<\/tr>\n<tr style=\"height: 24px;\">\n<td style=\"height: 24px; width: 18.9992%;\"><a href=\"http:\/\/drhe.hu\/wp-content\/uploads\/2021\/09\/tev._muk.re_v_szenatus_ulesek_2017_18.pdf\">2017\/2018-as tan\u00e9v<\/a><\/td>\n<td style=\"height: 24px; width: 16.8238%;\"><a href=\"http:\/\/drhe.hu\/wp-content\/uploads\/2021\/09\/szenatusi_hatarozatok_2017-2018.pdf\">2017\/2018-as tan\u00e9v<\/a><\/td>\n<td style=\"height: 24px; width: 19.2168%;\"><a href=\"http:\/\/drhe.hu\/wp-content\/uploads\/2021\/09\/targysorozat_2017_-_2018.pdf\">2017\/2018-as tan\u00e9v<\/a><\/td>\n<\/tr>\n<tr style=\"height: 24px;\">\n<td style=\"height: 24px; width: 18.9992%;\"><a href=\"http:\/\/drhe.hu\/wp-content\/uploads\/2021\/09\/tev._muk.re_v_szenatu_uleseks_2018_19.pdf\">2018\/2019-es tan\u00e9v<\/a><\/td>\n<td style=\"height: 24px; width: 16.8238%;\"><a href=\"http:\/\/drhe.hu\/wp-content\/uploads\/2021\/09\/szenatusi_hatarozatok_2018-2019.pdf\">2018\/2019-es tan\u00e9v<\/a><\/td>\n<td style=\"height: 24px; width: 19.2168%;\"><a href=\"http:\/\/drhe.hu\/wp-content\/uploads\/2021\/09\/targysorozat_2018_-_20191.pdf\">2018\/2019-es tan\u00e9v<\/a><\/td>\n<\/tr>\n<tr style=\"height: 24px;\">\n<td style=\"height: 24px; width: 18.9992%;\"><a href=\"http:\/\/drhe.hu\/wp-content\/uploads\/2021\/09\/a_drhe_szenatus_uleseinek_tervezete_2019-2020.pdf\">2019\/2020-as tan\u00e9v<\/a><\/td>\n<td style=\"height: 24px; width: 16.8238%;\"><a href=\"http:\/\/drhe.hu\/wp-content\/uploads\/2021\/09\/szenatusi_hatarozatok_2019-2020_10_13.pdf\">2019\/2020-as tan\u00e9v<\/a><\/td>\n<td style=\"height: 24px; width: 19.2168%;\"><a href=\"http:\/\/drhe.hu\/wp-content\/uploads\/2021\/09\/targysorozat_2019_-_2020.pdf\">2019\/2020-as tan\u00e9v<\/a><\/td>\n<\/tr>\n<tr style=\"height: 24px;\">\n<td style=\"height: 24px; width: 18.9992%;\"><a href=\"http:\/\/drhe.hu\/wp-content\/uploads\/2021\/09\/tev._muk.re_v_szenatus_ulesek_2020_21.pdf\">2020\/2021-es tan\u00e9v<\/a><\/td>\n<td style=\"height: 24px; width: 16.8238%;\"><a href=\"http:\/\/drhe.hu\/wp-content\/uploads\/2021\/09\/szenatusi_hatarozatok_2020-2021.pdf\">2020\/2021-es tan\u00e9v<\/a><\/td>\n<td style=\"height: 24px; width: 19.2168%;\"><a href=\"http:\/\/drhe.hu\/wp-content\/uploads\/2021\/09\/targysorozat_2020_-_2021_teljes.pdf\">2020\/2021-es tan\u00e9v<\/a><\/td>\n<\/tr>\n<tr style=\"height: 24px;\">\n<td style=\"height: 24px; width: 18.9992%;\">\u00a0<a href=\"https:\/\/drhe.hu\/wp-content\/uploads\/2022\/07\/Tev.-muk.re-v-szenatus-ulesek-2021_2022_2.pdf\">2021\/2022-es tan\u00e9v<\/a><\/td>\n<td style=\"height: 24px; width: 16.8238%;\">\u00a0<a href=\"https:\/\/drhe.hu\/wp-content\/uploads\/2022\/11\/Szenatusi-hatarozatok-2021-2022.pdf\">2021\/2022-es tan\u00e9v<\/a><\/td>\n<td style=\"height: 24px; width: 19.2168%;\">\u00a0<a href=\"https:\/\/drhe.hu\/wp-content\/uploads\/2022\/07\/Targysorozat-2021-2022.pdf\">2021\/2022-es tan\u00e9v<\/a><\/td>\n<\/tr>\n<tr style=\"height: 24px;\">\n<td style=\"width: 18.9992%; height: 24px;\"><a href=\"https:\/\/drhe.hu\/wp-content\/uploads\/2023\/07\/Tev.-muk.re-v-szenatus-ulesek-2022_2023.pdf\">2022\/2023-as tan\u00e9v<\/a><\/td>\n<td style=\"width: 16.8238%; height: 24px;\"><a href=\"https:\/\/drhe.hu\/wp-content\/uploads\/2023\/11\/Szenatusi-hatarozatok-2022-2023.pdf\">2022\/2023-as tan\u00e9v<\/a><\/td>\n<td style=\"width: 19.2168%; height: 24px;\"><a href=\"https:\/\/drhe.hu\/wp-content\/uploads\/2023\/11\/Targysorozat-2022-2023.pdf\">2022\/2023-as tan\u00e9v<\/a><\/td>\n<\/tr>\n<tr style=\"height: 24px;\">\n<td style=\"width: 18.9992%; height: 24px;\"><a href=\"https:\/\/drhe.hu\/wp-content\/uploads\/2024\/03\/Tev.-muk.re-v-szenatus-ulesek-2023_2024.pdf\">2023\/2024-es tan\u00e9v<\/a><\/td>\n<td style=\"width: 16.8238%; height: 24px;\"><a href=\"https:\/\/drhe.hu\/wp-content\/uploads\/2024\/10\/Szenatusi-hatarozatok-2023-2024.pdf\">2023\/2024-es tan\u00e9v<\/a><\/td>\n<td style=\"width: 19.2168%; height: 24px;\"><a href=\"https:\/\/drhe.hu\/wp-content\/uploads\/2024\/07\/Targysorozat-2023-2024.pdf\">2023\/2024-es tan\u00e9v<\/a><\/td>\n<\/tr>\n<tr style=\"height: 24px;\">\n<td style=\"width: 18.9992%; height: 24px;\"><a href=\"https:\/\/drhe.hu\/wp-content\/uploads\/2025\/01\/Tev.-muk.re-v-szenatus-ulesek-2024_2025.pdf\">2024\/2025-\u00f6s tan\u00e9v<\/a><\/td>\n<td style=\"width: 16.8238%; height: 24px;\"><a href=\"https:\/\/drhe.hu\/wp-content\/uploads\/2025\/11\/Szenatusi-hatarozatok-2024-2025.pdf\">2024\/2025-\u00f6s tan\u00e9v<\/a><\/td>\n<td style=\"width: 19.2168%; height: 24px;\"><a href=\"https:\/\/drhe.hu\/wp-content\/uploads\/2025\/07\/Targysorozat-2024-2025.pdf\">2024\/2025-\u00f6s tan\u00e9v<\/a><\/td>\n<\/tr>\n<tr style=\"height: 24px;\">\n<td style=\"width: 18.9992%; height: 24px;\"><a href=\"https:\/\/drhe.hu\/wp-content\/uploads\/2025\/11\/Tev.-muk.re-v-szenatus-ulesek-2025_2026.pdf\">2025\/2026-os tan\u00e9v<\/a><\/td>\n<td style=\"width: 16.8238%; height: 24px;\"><a href=\"https:\/\/drhe.hu\/wp-content\/uploads\/2025\/12\/Szenatusi-hatarozatok-2025-2026.pdf\">2025\/2026-os tan\u00e9v<\/a><\/td>\n<td style=\"width: 19.2168%; height: 24px;\"><a href=\"https:\/\/drhe.hu\/wp-content\/uploads\/2025\/12\/Targysorozat-2025-2026.pdf\">2025\/2026-os tan\u00e9v<\/a><\/td>\n<\/tr>\n<tr style=\"height: 48px;\">\n<td style=\"height: 48px; width: 44.09%;\">Az DRHE-n v\u00e9gzett alaptev\u00e9kenys\u00e9ggel kapcsolatos vizsg\u00e1latok, ellen\u0151rz\u00e9sek nyilv\u00e1nos meg\u00e1llap\u00edt\u00e1sai<\/td>\n<td style=\"height: 48px; width: 18.9992%;\"><a href=\"http:\/\/drhe.hu\/wp-content\/uploads\/2021\/09\/mab_oklevel_tev._muk._7_akkreditacio.jpg\">MAB &#8211; Akkredit\u00e1ci\u00f3<\/a><\/td>\n<td style=\"height: 48px; width: 16.8238%;\"><a href=\"http:\/\/drhe.hu\/wp-content\/uploads\/2021\/09\/mab_hatarozat.pdf\">MAB Akkredit\u00e1ci\u00f3 2020<\/a><\/td>\n<td style=\"height: 48px; width: 19.2168%;\"><a href=\"https:\/\/drhe.hu\/wp-content\/uploads\/2026\/02\/I4187-DRHE_DRHE_t_20250516_HAT_HU.pdf\">MAB Akkredit\u00e1ci\u00f3 2025<\/a><\/td>\n<\/tr>\n<tr style=\"height: 120px;\">\n<td style=\"height: 120px; width: 44.09%;\">A k\u00f6z\u00e9rdek\u0171 adatok megismer\u00e9s\u00e9re ir\u00e1nyul\u00f3 ig\u00e9nyek int\u00e9z\u00e9s\u00e9nek rendje,<br \/>\naz illet\u00e9kes szervezeti egys\u00e9gk\u00e9nt a Rektori Hivatal neve, el\u00e9rhet\u0151s\u00e9ge, az adatfelel\u0151s \u00e9s az adatk\u00f6zl\u0151 neve, beoszt\u00e1sa, el\u00e9rhet\u0151s\u00e9gei<\/td>\n<td style=\"height: 120px; width: 18.9992%;\"><a href=\"http:\/\/drhe.hu\/wp-content\/uploads\/2021\/09\/adatkezelesi_szabalyzat_-_1._sz_modositassal_-_2018_december-1.pdf\">K\u00f6z\u00e9rdek\u0171 adatok ig\u00e9nyl\u00e9se<\/a><\/td>\n<td style=\"height: 120px; width: 16.8238%;\"><\/td>\n<td style=\"height: 120px; width: 19.2168%;\"><\/td>\n<\/tr>\n<tr style=\"height: 24px;\">\n<td style=\"height: 888px; width: 44.09%;\" rowspan=\"13\">Az DRHE tev\u00e9kenys\u00e9g\u00e9re vonatkoz\u00f3, jogszab\u00e1lyon alapul\u00f3 statisztikai adatgy\u0171jt\u00e9s eredm\u00e9nyei, id\u0151beli v\u00e1ltoz\u00e1suk<\/td>\n<td style=\"height: 24px; width: 55.0398%;\" colspan=\"3\"><strong>Statisztikai adatok<\/strong><\/td>\n<\/tr>\n<tr style=\"height: 184px;\">\n<td style=\"height: 184px; width: 18.9992%;\"><a href=\"http:\/\/drhe.hu\/wp-content\/uploads\/2021\/09\/3974710-2_szallashely_marothi_15.pdf\">KSH Mar\u00f3thi Gy\u00f6rgy Koll\u00e9gium 2015<\/a><\/p>\n<p><a href=\"http:\/\/drhe.hu\/wp-content\/uploads\/2021\/09\/5037985-2_kutatohely_tk_15.pdf\">KSH Tan\u00edt\u00f3k\u00e9pz\u00e9si Int\u00e9zet 2015<\/a><\/p>\n<p><a href=\"http:\/\/drhe.hu\/wp-content\/uploads\/2021\/09\/5037986-1_kutatohely_teol_15.pdf\">KSH Teol\u00f3giai Int\u00e9zet 2015<\/a><\/td>\n<td style=\"height: 184px; width: 16.8238%;\"><a href=\"http:\/\/drhe.hu\/wp-content\/uploads\/2021\/09\/osszes_vegzettsegi_adatlap_2015.pdf\">OSAP 2015<\/a><br \/>\n<a href=\"http:\/\/drhe.hu\/wp-content\/uploads\/2021\/09\/osszes_adatlap_2015-16-1.pdf\">OSAP 2015\/16\/1<\/a><br \/>\n<a href=\"http:\/\/drhe.hu\/wp-content\/uploads\/2021\/09\/osszes_adatlap_2015-16-2.pdf\">OSAP 2015\/16\/2<\/a><\/td>\n<td style=\"height: 184px; width: 19.2168%;\"><\/td>\n<\/tr>\n<tr style=\"height: 184px;\">\n<td style=\"height: 184px; width: 18.9992%;\"><a href=\"http:\/\/drhe.hu\/wp-content\/uploads\/2021\/09\/ksh_2016.pdf\">KSH Mar\u00f3thi Gy\u00f6rgy Koll\u00e9gium 2016<\/a><\/p>\n<p><a href=\"http:\/\/drhe.hu\/wp-content\/uploads\/2021\/09\/6181738-1_kutatohely_tk_16.pdf\">KSH Tan\u00edt\u00f3k\u00e9pz\u00e9si Int\u00e9zet 2016<\/a><\/p>\n<p><a href=\"http:\/\/drhe.hu\/wp-content\/uploads\/2021\/09\/6181745-1_kutatohely_teologia_16.pdf\">KSH Teol\u00f3giai Int\u00e9zet 2016<\/a><\/td>\n<td style=\"height: 184px; width: 16.8238%;\"><a href=\"http:\/\/drhe.hu\/wp-content\/uploads\/2021\/09\/osszes_vegzettsegi_adatlap_2016.pdf\">OSAP 2016<\/a><br \/>\n<a href=\"http:\/\/drhe.hu\/wp-content\/uploads\/2021\/09\/osszes_adatlap_2016-17-1.pdf\">OSAP 2016\/17\/1<\/a><br \/>\n<a href=\"http:\/\/drhe.hu\/wp-content\/uploads\/2021\/09\/osszes_adatlap_2016-17-2.pdf\">OSAP 2016\/17\/2<\/a><\/td>\n<td style=\"height: 184px; width: 19.2168%;\"><\/td>\n<\/tr>\n<tr style=\"height: 184px;\">\n<td style=\"height: 184px; width: 18.9992%;\"><a href=\"http:\/\/drhe.hu\/wp-content\/uploads\/2021\/09\/ksh_marothi_gyorgy_kollegium_2017.pdf\">KSH Mar\u00f3thi Gy\u00f6rgy Koll\u00e9gium 2017<\/a><\/p>\n<p><a href=\"http:\/\/drhe.hu\/wp-content\/uploads\/2021\/09\/ksh_tanitokepzesi_intezet_2017.pdf\">KSH Tan\u00edt\u00f3k\u00e9pz\u00e9si Int\u00e9zet 2017<\/a><\/p>\n<p><a href=\"http:\/\/drhe.hu\/wp-content\/uploads\/2021\/09\/ksh_teologia_intezet_2017.pdf\">KSH Teol\u00f3giai Int\u00e9zet 2017<\/a><\/td>\n<td style=\"height: 184px; width: 16.8238%;\"><a href=\"http:\/\/drhe.hu\/wp-content\/uploads\/2021\/09\/osszes_vegzettsegi_adatlap_2017.pdf\">OSAP 2017<\/a><br \/>\n<a href=\"http:\/\/drhe.hu\/wp-content\/uploads\/2021\/09\/osszes_adatlap_2017-18-1.pdf\">OSAP 2017\/18\/1<\/a><br \/>\n<a href=\"http:\/\/drhe.hu\/wp-content\/uploads\/2021\/09\/osszes_adatlap_2017-18-2.pdf\">OSAP 2017\/18\/2<\/a><\/td>\n<td style=\"height: 184px; width: 19.2168%;\"><\/td>\n<\/tr>\n<tr style=\"height: 24px;\">\n<td style=\"height: 24px; width: 18.9992%;\"><a href=\"http:\/\/drhe.hu\/wp-content\/uploads\/2021\/09\/ksh2018.pdf\">KSH 2018<\/a><\/td>\n<td style=\"height: 24px; width: 16.8238%;\"><a href=\"https:\/\/drhe.hu\/wp-content\/uploads\/2026\/02\/201811131132283197.pdf\">OSAP 2018\/19\/1<\/a><br \/>\n<a href=\"https:\/\/drhe.hu\/wp-content\/uploads\/2026\/02\/201904091005252115.pdf\">OSAP 2018\/19\/2<\/a><\/td>\n<td style=\"height: 24px; width: 19.2168%;\"><\/td>\n<\/tr>\n<tr style=\"height: 24px;\">\n<td style=\"height: 24px; width: 18.9992%;\"><a href=\"http:\/\/drhe.hu\/wp-content\/uploads\/2021\/09\/ksh_jelentes_kutatohelyekrol_2019_vegleges_javitva.pdf\">KSH 2019<\/a><\/td>\n<td style=\"height: 24px; width: 16.8238%;\"><a href=\"http:\/\/drhe.hu\/wp-content\/uploads\/2021\/09\/osap_osszesitett_hallgatoi_adatok_2019_2020_1.pdf\">OSAP 2019\/20\/1<\/a><br \/>\n<a href=\"http:\/\/drhe.hu\/wp-content\/uploads\/2021\/09\/osszes_adatlap_2019-2020-2.pdf\">OSAP 2019\/20\/2<\/a><\/td>\n<td style=\"height: 24px; width: 19.2168%;\"><\/td>\n<\/tr>\n<tr style=\"height: 24px;\">\n<td style=\"height: 24px; width: 18.9992%;\"><a href=\"http:\/\/drhe.hu\/wp-content\/uploads\/2021\/09\/ksh_jelentes_kutatohelyekrol_2020_kitoltott.pdf\">KSH 2020<\/a><\/td>\n<td style=\"height: 24px; width: 16.8238%;\"><a href=\"http:\/\/drhe.hu\/wp-content\/uploads\/2021\/09\/drhe_osap_veglegesito_nyilatkozat_2020_21_osz.pdf\">OSAP 2020\/21\/1<\/a><br \/>\n<a href=\"http:\/\/drhe.hu\/wp-content\/uploads\/2021\/09\/drhe_202021_tavasz.pdf\">OSAP 2020\/21\/2<\/a><\/td>\n<td style=\"height: 24px; width: 19.2168%;\"><\/td>\n<\/tr>\n<tr style=\"height: 24px;\">\n<td style=\"height: 24px; width: 18.9992%;\">KSH 2021<\/td>\n<td style=\"height: 24px; width: 16.8238%;\"><a href=\"https:\/\/drhe.hu\/wp-content\/uploads\/2026\/02\/DRHE_53_fedlap_2021_22_1-1.pdf\">OSAP 2021\/22\/1<\/a><br \/>\n<a href=\"https:\/\/drhe.hu\/wp-content\/uploads\/2026\/02\/DRHE_53_fedlap_2021_22_2.pdf\">OSAP 2021\/22\/2<\/a><\/td>\n<td style=\"height: 24px; width: 19.2168%;\"><\/td>\n<\/tr>\n<tr style=\"height: 48px;\">\n<td style=\"width: 18.9992%; height: 48px;\">KSH 2022<\/td>\n<td style=\"width: 16.8238%; height: 48px;\"><a href=\"https:\/\/drhe.hu\/wp-content\/uploads\/2026\/02\/DRHEveglegesito-nyilatkozat-2022_23_1.pdf\">OSAP 2022\/23\/1<\/a><br \/>\n<a href=\"https:\/\/drhe.hu\/wp-content\/uploads\/2026\/02\/DRHE_vny_2022_23_2.pdf\">OSAP 2022\/23\/2<\/a><\/td>\n<td style=\"width: 19.2168%; height: 48px;\"><\/td>\n<\/tr>\n<tr style=\"height: 48px;\">\n<td style=\"width: 18.9992%; height: 48px;\">KSH 2023<\/td>\n<td style=\"width: 16.8238%; height: 48px;\"><a href=\"https:\/\/drhe.hu\/wp-content\/uploads\/2026\/02\/DRHE-veglegesito-nyilatkozat-2023_24_1.pdf\">OSAP 2023\/24\/1<\/a><br \/>\n<a href=\"https:\/\/drhe.hu\/wp-content\/uploads\/2026\/02\/DRHE_vny_2023_24_2.pdf\">OSAP 2023\/24\/2<\/a><\/td>\n<td style=\"width: 19.2168%; height: 48px;\"><\/td>\n<\/tr>\n<tr style=\"height: 48px;\">\n<td style=\"width: 18.9992%; height: 48px;\">KSH 2024<\/td>\n<td style=\"width: 16.8238%; height: 48px;\"><a href=\"https:\/\/drhe.hu\/wp-content\/uploads\/2026\/02\/DRHE_vny_2024_25_1.pdf\">OSAP 2024\/25\/1<\/a><br \/>\n<a href=\"https:\/\/drhe.hu\/wp-content\/uploads\/2026\/02\/DRHE_vny_2024_25_2.pdf\">OSAP 2024\/25\/2<\/a><\/td>\n<td style=\"width: 19.2168%; height: 48px;\"><\/td>\n<\/tr>\n<tr style=\"height: 48px;\">\n<td style=\"width: 18.9992%; height: 48px;\">KSH 2025<\/td>\n<td style=\"width: 16.8238%; height: 48px;\"><a href=\"https:\/\/drhe.hu\/wp-content\/uploads\/2026\/02\/DRHE_vny_2025_26_1.pdf\">OSAP 2025\/26\/1<\/a><br \/>\nOSAP 2025\/26\/2<\/td>\n<td style=\"width: 19.2168%; height: 48px;\"><\/td>\n<\/tr>\n<tr style=\"height: 24px;\">\n<td style=\"width: 18.9992%; height: 24px;\">KSH 2026<\/td>\n<td style=\"width: 16.8238%; height: 24px;\"><\/td>\n<td style=\"width: 19.2168%; height: 24px;\"><\/td>\n<\/tr>\n<tr style=\"height: 48px;\">\n<td style=\"height: 48px; width: 44.09%;\">A k\u00f6z\u00e9rdek\u0171 adatokkal kapcsolatos k\u00f6telez\u0151 statisztikai adatszolg\u00e1ltat\u00e1s DRHE-ra vonatkoz\u00f3 adatai<\/td>\n<td style=\"height: 48px; width: 18.9992%;\"><a href=\"http:\/\/drhe.hu\/wp-content\/uploads\/2021\/09\/tevmuk._vonatkozo_10_stat._adatszolgaltatas_2020.pdf\">Statisztikai adatszolg\u00e1ltat\u00e1s &#8211; k\u00f6z\u00e9rdek\u0171 adatok<\/a><\/td>\n<td style=\"height: 48px; width: 16.8238%;\"><a href=\"https:\/\/drhe.hu\/wp-content\/uploads\/2024\/04\/Tevmuk.-vonatkozo-10-stat.-adatszolgaltatas-2024.pdf\">K\u00f6z\u00e9rdek\u0171 adatszolg\u00e1ltat\u00e1s 2021-2024<\/a><\/td>\n<td style=\"height: 48px; width: 19.2168%;\"><\/td>\n<\/tr>\n<tr style=\"height: 24px;\">\n<td style=\"height: 24px; width: 44.09%;\">Az DRHE-ra vonatkoz\u00f3 k\u00fcl\u00f6n\u00f6s k\u00f6zz\u00e9t\u00e9teli lista<\/td>\n<td style=\"height: 24px; width: 18.9992%;\">Nem relev\u00e1ns<\/td>\n<td style=\"height: 24px; width: 16.8238%;\"><\/td>\n<td style=\"height: 24px; width: 19.2168%;\"><\/td>\n<\/tr>\n<\/tbody>\n<\/table>\n<p>[\/vc_column_text][\/vc_column][\/vc_row]<\/p>\n<\/div>","protected":false},"excerpt":{"rendered":"<p>[vc_row][vc_column][vc_column_text] Az DRHE feladat\u00e1t \u00e9s alaptev\u00e9kenys\u00e9g\u00e9t meghat\u00e1roz\u00f3, az DRHE-ra vonatkoz\u00f3 alapvet\u0151 jogszab\u00e1lyok, valamint az DRHE szervezeti \u00e9s m\u0171k\u00f6d\u00e9si szab\u00e1lyzata Szervezeti<\/p>\n","protected":false},"author":1,"featured_media":0,"parent":2597,"menu_order":0,"comment_status":"closed","ping_status":"closed","template":"","meta":{"_acf_changed":false,"footnotes":"","_links_to":"","_links_to_target":""},"class_list":["post-2156","page","type-page","status-publish","hentry"],"acf":[],"_links":{"self":[{"href":"https:\/\/drhe.hu\/en\/wp-json\/wp\/v2\/pages\/2156","targetHints":{"allow":["GET"]}}],"collection":[{"href":"https:\/\/drhe.hu\/en\/wp-json\/wp\/v2\/pages"}],"about":[{"href":"https:\/\/drhe.hu\/en\/wp-json\/wp\/v2\/types\/page"}],"author":[{"embeddable":true,"href":"https:\/\/drhe.hu\/en\/wp-json\/wp\/v2\/users\/1"}],"replies":[{"embeddable":true,"href":"https:\/\/drhe.hu\/en\/wp-json\/wp\/v2\/comments?post=2156"}],"version-history":[{"count":103,"href":"https:\/\/drhe.hu\/en\/wp-json\/wp\/v2\/pages\/2156\/revisions"}],"predecessor-version":[{"id":27206,"href":"https:\/\/drhe.hu\/en\/wp-json\/wp\/v2\/pages\/2156\/revisions\/27206"}],"up":[{"embeddable":true,"href":"https:\/\/drhe.hu\/en\/wp-json\/wp\/v2\/pages\/2597"}],"wp:attachment":[{"href":"https:\/\/drhe.hu\/en\/wp-json\/wp\/v2\/media?parent=2156"}],"curies":[{"name":"wp","href":"https:\/\/api.w.org\/{rel}","templated":true}]}}