{"id":2160,"date":"2021-09-20T17:00:34","date_gmt":"2021-09-20T15:00:34","guid":{"rendered":"http:\/\/new.drhe.hu\/?page_id=2160"},"modified":"2025-04-14T15:12:20","modified_gmt":"2025-04-14T13:12:20","slug":"egyedi-kozzeteteli-lista","status":"publish","type":"page","link":"https:\/\/drhe.hu\/en\/egyetemunk\/kozerdeku-adatok\/egyedi-kozzeteteli-lista\/","title":{"rendered":"Egyedi k\u00f6zz\u00e9t\u00e9teli lista"},"content":{"rendered":"<div class=\"wpb-content-wrapper\"><p>[vc_row][vc_column][vc_column_text]<\/p>\n<table style=\"height: 144px;\" border=\"1\" cellspacing=\"1\" cellpadding=\"1\">\n<tbody>\n<tr style=\"height: 48px;\">\n<td style=\"width: 18.4423%; height: 48px;\">A DRHE alap\u00edt\u00f3 okirata<\/td>\n<td style=\"width: 17.2667%; height: 48px;\"><a href=\"http:\/\/drhe.hu\/wp-content\/uploads\/2021\/09\/alapito_okirat.pdf\" target=\"_blank\" rel=\"noopener\">Alap\u00edt\u00f3 okirat<\/a>\u00a0(2015.11.10.)<\/td>\n<td style=\"width: 11.8898%; height: 48px;\"><a href=\"http:\/\/drhe.hu\/wp-content\/uploads\/2021\/09\/alapito_okirat_2017.pdf\" target=\"_blank\" rel=\"noopener\">Alap\u00edt\u00f3 okirat<\/a> (2017.07.03.)<\/td>\n<td style=\"width: 11.5731%; height: 48px;\"><a href=\"http:\/\/drhe.hu\/wp-content\/uploads\/2021\/09\/drhe_alapito_okirata.pdf\" target=\"_blank\" rel=\"noopener\">Alap\u00edt\u00f3 okirat<\/a> (2019.11.27.)<\/td>\n<td style=\"width: 11.22%; height: 48px;\"><\/td>\n<td style=\"width: 13.8498%; height: 48px;\"><\/td>\n<\/tr>\n<tr style=\"height: 48px;\">\n<td style=\"width: 18.4423%; height: 48px;\">A DRHE jav\u00e1ra sz\u00f3l\u00f3 Alap\u00edtv\u00e1nyok<\/td>\n<td style=\"width: 17.2667%; height: 48px;\"><a href=\"http:\/\/drhe.hu\/wp-content\/uploads\/2021\/09\/egyedi_kozzeteteli_alapitvanyok.pdf\">Alap\u00edtv\u00e1nyok<\/a><\/td>\n<td style=\"width: 11.8898%; height: 48px;\"><a href=\"http:\/\/drhe.hu\/wp-content\/uploads\/2021\/09\/egyedi_kozzeteteli_alapitvanyok2018.pdf\" target=\"_blank\" rel=\"noopener\">Alap\u00edtv\u00e1nyok 2018-as v\u00e1ltoz\u00e1sok<\/a><\/td>\n<td style=\"width: 11.5731%; height: 48px;\"><a href=\"http:\/\/drhe.hu\/wp-content\/uploads\/2021\/09\/egyedi_kozzeteteli_alapitvanyok2020.pdf\" target=\"_blank\" rel=\"noopener\">Alap\u00edtv\u00e1nyok 2020-as v\u00e1ltoz\u00e1sok<\/a><\/td>\n<td style=\"width: 11.22%; height: 48px;\"><a href=\"http:\/\/drhe.hu\/wp-content\/uploads\/2021\/09\/egyedi_kozzeteteli_alapitvanyok_2021_20210322.pdf\" target=\"_blank\" rel=\"noopener\">Alap\u00edtv\u00e1nyok 2021-es v\u00e1ltoz\u00e1sok<\/a><\/td>\n<td style=\"width: 13.8498%; height: 48px;\"><a href=\"https:\/\/drhe.hu\/wp-content\/uploads\/2023\/09\/Alapitvanyok-2022_2022_11.03.pdf\">Alap\u00edtv\u00e1nyok 2022-es v\u00e1ltoz\u00e1sok<\/a><\/td>\n<\/tr>\n<tr style=\"height: 48px;\">\n<td style=\"width: 18.4423%; height: 48px;\">Egy\u00fcttm\u0171k\u00f6d\u00e9si meg\u00e1llapod\u00e1sok<\/td>\n<td style=\"width: 17.2667%; height: 48px;\"><a href=\"https:\/\/drhe.hu\/wp-content\/uploads\/2024\/02\/Egyuttmukodesi-megallapodasok-osszesitett-tablazat.pdf\">Egy\u00fcttm\u0171k\u00f6d\u00e9si meg\u00e1llapod\u00e1sok<\/a><\/td>\n<td style=\"width: 11.8898%; height: 48px;\"><\/td>\n<td style=\"width: 11.5731%; height: 48px;\"><\/td>\n<td style=\"width: 11.22%; height: 48px;\"><\/td>\n<td style=\"width: 13.8498%; height: 48px;\"><\/td>\n<\/tr>\n<\/tbody>\n<\/table>\n<p>&nbsp;<\/p>\n<p>Adatv\u00e9delem, adatbiztons\u00e1g \u00e9s adatkezel\u00e9s<\/p>\n<table border=\"1\" cellspacing=\"1\" cellpadding=\"1\">\n<tbody>\n<tr>\n<td class=\"rtecenter\"><\/td>\n<td class=\"rtecenter\"><strong>Telefonsz\u00e1m<\/strong><\/td>\n<td class=\"rtecenter\"><strong>E-mail c\u00edm<\/strong><\/td>\n<\/tr>\n<tr>\n<td><strong>Adatv\u00e9delmi tisztvisel\u0151<\/strong><\/td>\n<td>06 52 518-555<\/td>\n<td>&#x61;d&#x61;&#116;&#x76;&#101;&#x64;&#x65;l&#x65;&#109;&#x40;&#100;&#x72;&#104;e&#x2e;&#104;&#x75;<\/td>\n<\/tr>\n<\/tbody>\n<\/table>\n<p><a href=\"http:\/\/drhe.hu\/adatkezelesi-tajekoztato-az-elektronikus-megfigyelorendszer-mukodeserol\/\" target=\"_blank\" rel=\"noopener\" data-cke-saved-href=\"https:\/\/drhe.hu\/hu\/adatkezelesi-tajekoztato-az-elektronikus-megfigyelorendszer-mukodeserol\">Adatkezel\u00e9si t\u00e1j\u00e9koztat\u00f3 az elektronikus megfigyel\u0151rendszer m\u0171k\u00f6d\u00e9s\u00e9r\u0151l.<\/a>[\/vc_column_text][\/vc_column][\/vc_row]<\/p>\n<\/div>","protected":false},"excerpt":{"rendered":"<p>[vc_row][vc_column][vc_column_text] A DRHE alap\u00edt\u00f3 okirata Alap\u00edt\u00f3 okirat\u00a0(2015.11.10.) Alap\u00edt\u00f3 okirat (2017.07.03.) Alap\u00edt\u00f3 okirat (2019.11.27.) A DRHE jav\u00e1ra sz\u00f3l\u00f3 Alap\u00edtv\u00e1nyok Alap\u00edtv\u00e1nyok Alap\u00edtv\u00e1nyok<\/p>\n","protected":false},"author":1,"featured_media":0,"parent":2597,"menu_order":13,"comment_status":"closed","ping_status":"closed","template":"","meta":{"_acf_changed":false,"footnotes":"","_links_to":"","_links_to_target":""},"class_list":["post-2160","page","type-page","status-publish","hentry"],"acf":[],"_links":{"self":[{"href":"https:\/\/drhe.hu\/en\/wp-json\/wp\/v2\/pages\/2160","targetHints":{"allow":["GET"]}}],"collection":[{"href":"https:\/\/drhe.hu\/en\/wp-json\/wp\/v2\/pages"}],"about":[{"href":"https:\/\/drhe.hu\/en\/wp-json\/wp\/v2\/types\/page"}],"author":[{"embeddable":true,"href":"https:\/\/drhe.hu\/en\/wp-json\/wp\/v2\/users\/1"}],"replies":[{"embeddable":true,"href":"https:\/\/drhe.hu\/en\/wp-json\/wp\/v2\/comments?post=2160"}],"version-history":[{"count":17,"href":"https:\/\/drhe.hu\/en\/wp-json\/wp\/v2\/pages\/2160\/revisions"}],"predecessor-version":[{"id":23669,"href":"https:\/\/drhe.hu\/en\/wp-json\/wp\/v2\/pages\/2160\/revisions\/23669"}],"up":[{"embeddable":true,"href":"https:\/\/drhe.hu\/en\/wp-json\/wp\/v2\/pages\/2597"}],"wp:attachment":[{"href":"https:\/\/drhe.hu\/en\/wp-json\/wp\/v2\/media?parent=2160"}],"curies":[{"name":"wp","href":"https:\/\/api.w.org\/{rel}","templated":true}]}}