{"id":22175,"date":"2024-09-03T15:34:40","date_gmt":"2024-09-03T13:34:40","guid":{"rendered":"https:\/\/drhe.hu\/?page_id=22175"},"modified":"2025-09-05T11:30:55","modified_gmt":"2025-09-05T09:30:55","slug":"czegledy-sandor-kepzesi-osztondij","status":"publish","type":"page","link":"https:\/\/drhe.hu\/en\/hallgatoknak\/osztondijak-juttatasok\/szocialis-es-egyeb-hallgatoi-osztondijak\/czegledy-sandor-kepzesi-osztondij\/","title":{"rendered":"Czegl\u00e9dy S\u00e1ndor K\u00e9pz\u00e9si \u00d6szt\u00f6nd\u00edj"},"content":{"rendered":"<div class=\"wpb-content-wrapper\"><p>[vc_row][vc_column][vc_row_inner el_class=&#8221;text-right&#8221;][vc_column_inner][zk_button btn_text=&#8221;Czegl\u00e9di program &#8211; M\u0171k\u00f6d\u00e9si szab\u00e1lyzat&#8221; button_link=&#8221;url:https%3A%2F%2Fdrhe.hu%2Fwp-content%2Fuploads%2F2023%2F02%2FCzegledy-program-Mukodesi-szabalyzat-2v-2024-06-26.pdf|target:_blank&#8221; btn_size=&#8221;btn-medium&#8221; btn_align=&#8221;text-center&#8221; btn_block=&#8221;d-inline-block&#8221; add_icon=&#8221;true&#8221; i_icon_fontawesome=&#8221;far fa-file-word&#8221; icon_position=&#8221;left&#8221;][zk_button btn_text=&#8221;Czegl\u00e9dy program &#8211; P\u00e1ly\u00e1zati \u0171rlap&#8221; btn_type=&#8221;btn-primary btn-alt&#8221; button_link=&#8221;url:https%3A%2F%2Fdrhe.hu%2Fwp-content%2Fuploads%2F2023%2F02%2FCzegledy-program-Palyazati-urlap-2024-09.docx|target:_blank&#8221; btn_size=&#8221;btn-medium&#8221; btn_align=&#8221;text-center&#8221; btn_block=&#8221;d-inline-block&#8221; add_icon=&#8221;&#8221;][\/vc_column_inner][\/vc_row_inner][vc_empty_space height=&#8221;50px&#8221;][vc_column_text]A p\u00e1ly\u00e1zati felh\u00edv\u00e1s a 2025\/2026. tan\u00e9vre <a href=\"https:\/\/drhe.hu\/wp-content\/uploads\/2025\/09\/Lelkeszkepzesert-Czegledy-program-Palyazati-kiiras-2025-05.pdf\">itt<\/a> olvashat\u00f3.[\/vc_column_text][\/vc_column][\/vc_row]<\/p>\n<\/div>","protected":false},"excerpt":{"rendered":"<p>[vc_row][vc_column][vc_row_inner el_class=&#8221;text-right&#8221;][vc_column_inner][zk_button btn_text=&#8221;Czegl\u00e9di program &#8211; M\u0171k\u00f6d\u00e9si szab\u00e1lyzat&#8221; button_link=&#8221;url:https%3A%2F%2Fdrhe.hu%2Fwp-content%2Fuploads%2F2023%2F02%2FCzegledy-program-Mukodesi-szabalyzat-2v-2024-06-26.pdf|target:_blank&#8221; btn_size=&#8221;btn-medium&#8221; btn_align=&#8221;text-center&#8221; btn_block=&#8221;d-inline-block&#8221; add_icon=&#8221;true&#8221; i_icon_fontawesome=&#8221;far fa-file-word&#8221; icon_position=&#8221;left&#8221;][zk_button btn_text=&#8221;Czegl\u00e9dy program &#8211; P\u00e1ly\u00e1zati \u0171rlap&#8221;<\/p>\n","protected":false},"author":54,"featured_media":0,"parent":3255,"menu_order":5,"comment_status":"closed","ping_status":"closed","template":"","meta":{"_acf_changed":false,"footnotes":"","_links_to":"","_links_to_target":""},"class_list":["post-22175","page","type-page","status-publish","hentry"],"acf":[],"_links":{"self":[{"href":"https:\/\/drhe.hu\/en\/wp-json\/wp\/v2\/pages\/22175","targetHints":{"allow":["GET"]}}],"collection":[{"href":"https:\/\/drhe.hu\/en\/wp-json\/wp\/v2\/pages"}],"about":[{"href":"https:\/\/drhe.hu\/en\/wp-json\/wp\/v2\/types\/page"}],"author":[{"embeddable":true,"href":"https:\/\/drhe.hu\/en\/wp-json\/wp\/v2\/users\/54"}],"replies":[{"embeddable":true,"href":"https:\/\/drhe.hu\/en\/wp-json\/wp\/v2\/comments?post=22175"}],"version-history":[{"count":5,"href":"https:\/\/drhe.hu\/en\/wp-json\/wp\/v2\/pages\/22175\/revisions"}],"predecessor-version":[{"id":24563,"href":"https:\/\/drhe.hu\/en\/wp-json\/wp\/v2\/pages\/22175\/revisions\/24563"}],"up":[{"embeddable":true,"href":"https:\/\/drhe.hu\/en\/wp-json\/wp\/v2\/pages\/3255"}],"wp:attachment":[{"href":"https:\/\/drhe.hu\/en\/wp-json\/wp\/v2\/media?parent=22175"}],"curies":[{"name":"wp","href":"https:\/\/api.w.org\/{rel}","templated":true}]}}