{"id":2608,"date":"2021-10-13T09:28:44","date_gmt":"2021-10-13T07:28:44","guid":{"rendered":"http:\/\/new.drhe.hu\/?page_id=2608"},"modified":"2022-04-01T11:05:26","modified_gmt":"2022-04-01T09:05:26","slug":"angol-nyelvu-kurzusok","status":"publish","type":"page","link":"https:\/\/drhe.hu\/en\/oktatas\/kepzesek\/angol-nyelvu-kurzusok\/","title":{"rendered":"Angol nyelv\u0171 kurzusok"},"content":{"rendered":"<div class=\"wpb-content-wrapper\"><p>[vc_row][vc_column][vc_column_text]Egyetem\u00fcnk sz\u00e1mos tant\u00e1rgyat k\u00edn\u00e1l fel angol nyelven, illetve angol nyelven is. Ezek egy r\u00e9sze k\u00f6telez\u0151 tant\u00e1rgy, m\u00e1sik r\u00e9sze k\u00f6telez\u0151en vagy szabadon v\u00e1laszthat\u00f3. A k\u00edn\u00e1latb\u00f3l minden szakra jut!<\/p>\n<table style=\"width: 42.7096%;\" width=\"597\">\n<tbody>\n<tr>\n<td style=\"width: 9.76018%;\"><strong>T\u00e1rgyk\u00f3d<\/strong><\/td>\n<td style=\"width: 78.9413%;\"><strong>T\u00e1rgyn\u00e9v<\/strong><\/td>\n<td style=\"width: 9.61214%;\"><strong>Kredit<\/strong><\/td>\n<\/tr>\n<tr>\n<td style=\"width: 9.76018%;\">B-EN 290<\/td>\n<td style=\"width: 78.9413%;\"><a href=\"https:\/\/drhe.hu\/wp-content\/uploads\/2022\/04\/History-and-Culture-of-the-Biblical-World.pdf\">History and Culture of the Biblical World<\/a><\/td>\n<td style=\"width: 9.61214%;\">4<\/td>\n<\/tr>\n<tr>\n<td style=\"width: 9.76018%;\">R-EN 265<\/td>\n<td style=\"width: 78.9413%;\"><a href=\"https:\/\/drhe.hu\/wp-content\/uploads\/2022\/04\/Reformed-Theology-in-Central-and-Eastern-Europe.pdf\">Reformed Theology in Central and Eastern Europe<\/a><\/td>\n<td style=\"width: 9.61214%;\">4<\/td>\n<\/tr>\n<tr>\n<td style=\"width: 9.76018%;\">R-EN 266<\/td>\n<td style=\"width: 78.9413%;\"><a href=\"https:\/\/drhe.hu\/wp-content\/uploads\/2022\/04\/Introduction-to-Christian-Theology-Foundations-of-Our-Christian-Faith.pdf\">Introduction to Christian Theology (Foundations of Our Christian Faith)<\/a><\/td>\n<td style=\"width: 9.61214%;\">4<\/td>\n<\/tr>\n<tr>\n<td style=\"width: 9.76018%;\">VAHFL1N<\/td>\n<td style=\"width: 78.9413%;\"><a href=\"https:\/\/drhe.hu\/wp-content\/uploads\/2022\/04\/Hungarian-as-a-Foreign-Language.pdf\">Hungarian as a Foreign Language<\/a><\/td>\n<td style=\"width: 9.61214%;\">4<\/td>\n<\/tr>\n<tr>\n<td style=\"width: 9.76018%;\">VAICC1N<\/td>\n<td style=\"width: 78.9413%;\"><a href=\"https:\/\/drhe.hu\/wp-content\/uploads\/2022\/04\/Intercultural-Communication.pdf\">Interculturual Comunication<\/a><a href=\"file:\/\/\/C:\/Users\/user\/Desktop\/Angol%20nyelv%C5%B1%20kurzusok\/Intercultural%20Communication.pdf\"><br \/>\n<\/a><\/td>\n<td style=\"width: 9.61214%;\">4<\/td>\n<\/tr>\n<tr>\n<td style=\"width: 9.76018%;\">VAICE1N<\/td>\n<td style=\"width: 78.9413%;\"><a href=\"https:\/\/drhe.hu\/wp-content\/uploads\/2022\/04\/Introduction-to-Central-European-Identity.pdf\">Introduction to Central European Identity<\/a><\/td>\n<td style=\"width: 9.61214%;\">4<\/td>\n<\/tr>\n<tr>\n<td style=\"width: 9.76018%;\">VALTE1N<\/td>\n<td style=\"width: 78.9413%;\"><a href=\"https:\/\/drhe.hu\/wp-content\/uploads\/2022\/04\/Literary-Theory.pdf\">Literary Theory 1<\/a><\/td>\n<td style=\"width: 9.61214%;\">3<\/td>\n<\/tr>\n<tr>\n<td style=\"width: 9.76018%;\">VARKC1N<\/td>\n<td style=\"width: 78.9413%;\"><a href=\"https:\/\/drhe.hu\/wp-content\/uploads\/2022\/04\/Introduction-To-Teaching-Solfege-Following-Zoltan-Kodalys-Concept.pdf\">Introduction To Teaching Solfege Following Zolt\u00e1n Kod\u00e1ly&#8217;s Concept<\/a><\/td>\n<td style=\"width: 9.61214%;\">4<\/td>\n<\/tr>\n<tr>\n<td style=\"width: 9.76018%;\">VASCH1N<\/td>\n<td style=\"width: 78.9413%;\"><a href=\"https:\/\/drhe.hu\/wp-content\/uploads\/2022\/04\/20th-Century-Social-and-Cultural-History-of-Hungary.pdf\">20th Century Social and Cultural History of Hungary<\/a><\/td>\n<td style=\"width: 9.61214%;\">4<\/td>\n<\/tr>\n<tr>\n<td style=\"width: 9.76018%;\">VFILO1N<\/td>\n<td style=\"width: 78.9413%;\"><a href=\"https:\/\/drhe.hu\/wp-content\/uploads\/2022\/04\/The-History-of-Philosophy.pdf\">The History of Philosophy<\/a><\/td>\n<td style=\"width: 9.61214%;\">4<\/td>\n<\/tr>\n<tr>\n<td style=\"width: 9.76018%;\">VINFI1N<\/td>\n<td style=\"width: 78.9413%;\"><a href=\"https:\/\/drhe.hu\/wp-content\/uploads\/2022\/04\/Information-and-Communication-Technology-1..pdf\">Informatin and Communication Technology<\/a><\/td>\n<td style=\"width: 9.61214%;\">5<\/td>\n<\/tr>\n<\/tbody>\n<\/table>\n<p>[\/vc_column_text][\/vc_column][\/vc_row]<\/p>\n<\/div>","protected":false},"excerpt":{"rendered":"<p>[vc_row][vc_column][vc_column_text]Egyetem\u00fcnk sz\u00e1mos tant\u00e1rgyat k\u00edn\u00e1l fel angol nyelven, illetve angol nyelven is. Ezek egy r\u00e9sze k\u00f6telez\u0151 tant\u00e1rgy, m\u00e1sik r\u00e9sze k\u00f6telez\u0151en vagy<\/p>\n","protected":false},"author":1,"featured_media":0,"parent":2600,"menu_order":26,"comment_status":"closed","ping_status":"closed","template":"page-onpage-menu.php","meta":{"_acf_changed":false,"footnotes":"","_links_to":"","_links_to_target":""},"class_list":["post-2608","page","type-page","status-publish","hentry"],"acf":[],"_links":{"self":[{"href":"https:\/\/drhe.hu\/en\/wp-json\/wp\/v2\/pages\/2608","targetHints":{"allow":["GET"]}}],"collection":[{"href":"https:\/\/drhe.hu\/en\/wp-json\/wp\/v2\/pages"}],"about":[{"href":"https:\/\/drhe.hu\/en\/wp-json\/wp\/v2\/types\/page"}],"author":[{"embeddable":true,"href":"https:\/\/drhe.hu\/en\/wp-json\/wp\/v2\/users\/1"}],"replies":[{"embeddable":true,"href":"https:\/\/drhe.hu\/en\/wp-json\/wp\/v2\/comments?post=2608"}],"version-history":[{"count":21,"href":"https:\/\/drhe.hu\/en\/wp-json\/wp\/v2\/pages\/2608\/revisions"}],"predecessor-version":[{"id":14813,"href":"https:\/\/drhe.hu\/en\/wp-json\/wp\/v2\/pages\/2608\/revisions\/14813"}],"up":[{"embeddable":true,"href":"https:\/\/drhe.hu\/en\/wp-json\/wp\/v2\/pages\/2600"}],"wp:attachment":[{"href":"https:\/\/drhe.hu\/en\/wp-json\/wp\/v2\/media?parent=2608"}],"curies":[{"name":"wp","href":"https:\/\/api.w.org\/{rel}","templated":true}]}}