{"id":2612,"date":"2021-10-13T10:48:31","date_gmt":"2021-10-13T08:48:31","guid":{"rendered":"http:\/\/new.drhe.hu\/?page_id=2612"},"modified":"2024-03-07T15:02:52","modified_gmt":"2024-03-07T14:02:52","slug":"osztatlan-kepzesek-mesterkepzesek","status":"publish","type":"page","link":"https:\/\/drhe.hu\/en\/oktatas\/kepzesek\/hiteleti-szakok\/osztatlan-kepzesek-mesterkepzesek\/","title":{"rendered":"Osztatlan k\u00e9pz\u00e9sek, Mesterk\u00e9pz\u00e9sek"},"content":{"rendered":"<p><\/p>\n","protected":false},"excerpt":{"rendered":"","protected":false},"author":1,"featured_media":0,"parent":2599,"menu_order":16,"comment_status":"closed","ping_status":"closed","template":"page-onpage-menu.php","meta":{"_acf_changed":false,"footnotes":"","_links_to":"","_links_to_target":""},"class_list":["post-2612","page","type-page","status-publish","hentry"],"acf":[],"_links":{"self":[{"href":"https:\/\/drhe.hu\/en\/wp-json\/wp\/v2\/pages\/2612","targetHints":{"allow":["GET"]}}],"collection":[{"href":"https:\/\/drhe.hu\/en\/wp-json\/wp\/v2\/pages"}],"about":[{"href":"https:\/\/drhe.hu\/en\/wp-json\/wp\/v2\/types\/page"}],"author":[{"embeddable":true,"href":"https:\/\/drhe.hu\/en\/wp-json\/wp\/v2\/users\/1"}],"replies":[{"embeddable":true,"href":"https:\/\/drhe.hu\/en\/wp-json\/wp\/v2\/comments?post=2612"}],"version-history":[{"count":4,"href":"https:\/\/drhe.hu\/en\/wp-json\/wp\/v2\/pages\/2612\/revisions"}],"predecessor-version":[{"id":21029,"href":"https:\/\/drhe.hu\/en\/wp-json\/wp\/v2\/pages\/2612\/revisions\/21029"}],"up":[{"embeddable":true,"href":"https:\/\/drhe.hu\/en\/wp-json\/wp\/v2\/pages\/2599"}],"wp:attachment":[{"href":"https:\/\/drhe.hu\/en\/wp-json\/wp\/v2\/media?parent=2612"}],"curies":[{"name":"wp","href":"https:\/\/api.w.org\/{rel}","templated":true}]}}