{"id":2614,"date":"2021-10-13T11:00:35","date_gmt":"2021-10-13T09:00:35","guid":{"rendered":"http:\/\/new.drhe.hu\/?page_id=2614"},"modified":"2025-01-31T13:13:58","modified_gmt":"2025-01-31T12:13:58","slug":"teologia-szak-teologia-szak-lelkesz-szakirany-osztatlan","status":"publish","type":"page","link":"https:\/\/drhe.hu\/en\/oktatas\/kepzesek\/hiteleti-szakok\/osztatlan-kepzesek-mesterkepzesek\/teologia-szak-teologia-szak-lelkesz-szakirany-osztatlan\/","title":{"rendered":"Teol\u00f3gia szak, Teol\u00f3gia szak &#8211; lelk\u00e9sz szakir\u00e1ny osztatlan"},"content":{"rendered":"<div class=\"wpb-content-wrapper\"><p>[vc_row][vc_column][vc_column_text]<strong><img loading=\"lazy\" decoding=\"async\" class=\"size-medium wp-image-2739 alignleft\" src=\"http:\/\/drhe.hu\/wp-content\/uploads\/2021\/10\/teologia-370x250.jpg\" alt=\"\" width=\"370\" height=\"250\" \/>Reform\u00e1tus teol\u00f3gia 10 f\u00e9l\u00e9ves osztatlan mesterszak<\/strong><\/p>\n<p>\u201eIsten az\u00e9rt adta seg\u00edts\u00e9g\u00fcl ig\u00e9j\u00e9t, mert el\u0151re l\u00e1tta, hogy k\u00e9pm\u00e1sa, melyet e gy\u00f6ny\u00f6r\u0171 vil\u00e1g form\u00e1ja hordoz, nem lesz el\u00e9g hat\u00e9kony azok oktat\u00e1s\u00e1ra, akiket gy\u00fcm\u00f6lcs\u00f6z\u0151en akar tan\u00edtani. Enn\u00e9lfogva nek\u00fcnk is ezt a biztos utat kell k\u00f6vetn\u00fcnk, ha \u0151szint\u00e9n v\u00e1gyunk Isten tiszta szeml\u00e9let\u00e9re. Az ig\u00e9hez kell nek\u00fcnk fordulnunk, mondom, amely hamis\u00edtatlanul \u00e9s \u00e9leth\u0171en jelen\u00edti meg sz\u00e1munkra a cselekv\u0151 Istent, m\u00edg tetteit az \u00f6r\u00f6k igazs\u00e1g szab\u00e1lya szerint m\u00e9rlegeli, nem pedig fon\u00e1k \u00edt\u00e9let\u00fcnk alapj\u00e1n. [\u2026] Isten orc\u00e1j\u00e1nak t\u00fcnd\u00f6kl\u00e9se, melyet az apostol az 1Tim 6,16-ban megk\u00f6zel\u00edthetetlennek nevez, olyan sz\u00e1munkra, mint a kiismerhetetlen labirintus, amelyen \u00e1t \u0151hozz\u00e1 csak az ige fonal\u00e1nak ment\u00e9n haladva jutunk el. R\u00e1nk n\u00e9zve pedig c\u00e9lszer\u0171bb ezen az \u00faton botladoznunk, mint mellette sebesen szaladnunk.\u201d (K\u00e1lvin J\u00e1nos: Institutio. A kereszty\u00e9n vall\u00e1s rendszere, 6. fejezet 3.)<br \/>\nM\u00e9lyen gy\u00f6kerez\u0151 emberi v\u00e1gy \u00e9s kiv\u00e1lts\u00e1g Isten nagys\u00e1gos dolgainak kutat\u00e1sa, egy\u00fattal ennek megfelel\u0151 \u00e9letvitel form\u00e1l\u00e1sa. A bevezet\u0151 id\u00e9zet e t\u00f6rekv\u00e9s kiteljes\u00edt\u00e9s\u00e9re vonatkoz\u00f3 klasszikus reform\u00e1tori tan\u00e1cs, mely j\u00f3l t\u00fckr\u00f6zi az egyetem\u00fcnk\u00f6n foly\u00f3 t\u00edz f\u00e9l\u00e9ves osztatlan (MA) teol\u00f3gus mesterk\u00e9pz\u00e9s alapelveit \u00e9s hangs\u00falyait. Egy olyan k\u00e9pz\u00e9s\u00e9t, mely c\u00e9lkit\u0171z\u00e9s\u00e9t tekintve a teol\u00f3gia tudom\u00e1ny\u00e1t magas szinten m\u0171vel\u0151 \u00e9rtelmis\u00e9ggel k\u00edv\u00e1nja gazdag\u00edtani a reform\u00e1tus egyh\u00e1zat. Ez a csak nappali tagozaton indul\u00f3 szak \u00e1ltal\u00e1nos \u00e9s elm\u00e9leti jelleg\u0171 k\u00e9pz\u00e9st k\u00edn\u00e1l. A kiadott diploma lelk\u00e9szi vagy hitoktat\u00f3i szolg\u00e1lat v\u00e9gz\u00e9s\u00e9re nem jogos\u00edt fel, \u00e1m megszabott felt\u00e9telekkel a hallgat\u00f3 tanulm\u00e1nyai sor\u00e1n a lelk\u00e9sz szakir\u00e1nyt vagy a vall\u00e1stan\u00e1r szakot is felveheti.<br \/>\nA k\u00e9pz\u00e9s kezdet\u00e9n n\u00e9h\u00e1ny alapoz\u00f3 t\u00e1rgyra \u2013 bibliaismeret, bibliai h\u00e9ber \u00e9s a g\u00f6r\u00f6g nyelv, teol\u00f3giai enciklop\u00e9dia, hitvall\u00e1sismeret \u2013 ker\u00fcl a hangs\u00faly. A k\u00f6vetkez\u0151 \u00e9vekben fokozatosan ker\u00fclnek bevezet\u00e9sre a biblikus teol\u00f3gia, a rendszeres teol\u00f3gia \u00e9s egyh\u00e1zt\u00f6rt\u00e9net, illetve a gyakorlati teol\u00f3gia szakcsoportjainak tov\u00e1bbi t\u00e1rgyai. A hittudom\u00e1ny szerte \u00e1gaz\u00f3 volta miatt, a hallgat\u00f3 id\u0151vel egyre ink\u00e1bb saj\u00e1tos \u00e9rdekl\u0151d\u00e9se szerint gyarap\u00edthatja tov\u00e1bb ismereteit. Az \u00f6n\u00e1ll\u00f3 tudom\u00e1nym\u0171vel\u00e9s ir\u00e1nti ig\u00e9ny kialak\u00edt\u00e1s\u00e1ra, az int\u00e9zm\u00e9ny\u00fcnk keretein bel\u00fcl biztos\u00edtott hittudom\u00e1nyi doktori k\u00e9pz\u00e9sre tekintettel is t\u00f6reksz\u00fcnk.<\/p>\n<p><strong>Szakfelel\u0151s: Dr. Bar\u00e1th B\u00e9la Levente<\/strong><\/p>\n<p><a href=\"http:\/\/drhe.hu\/wp-content\/uploads\/2021\/10\/teologia_szak.pdf\" target=\"_blank\" rel=\"noopener\">Tov\u00e1bb a r\u00e9szletes szakle\u00edr\u00e1shoz<\/a><\/p>\n<p><strong>Reform\u00e1tus teol\u00f3gia osztatlan mesterszak \u2013 lelk\u00e9sz szakir\u00e1ny 12 f\u00e9l\u00e9v<\/strong><\/p>\n<p>A reform\u00e1tus lelkip\u00e1sztori hivat\u00e1s egyar\u00e1nt mag\u00e1ban foglalja az igehirdet\u0151, lelkigondoz\u00f3, gy\u00fclekezetszervez\u0151 \u00e9s -vezet\u0151 feladatok ell\u00e1t\u00e1s\u00e1t. A lelk\u00e9sz szakir\u00e1ny hallgat\u00f3it \u00fagy k\u00e9sz\u00edtj\u00fck fel hivat\u00e1sukra, hogy a teol\u00f3gia mesterszak teljes elm\u00e9leti tananyag\u00e1t tov\u00e1bbi, hangs\u00falyosan gyakorlati jelleg\u0171 k\u00e9pz\u00e9sekkel \u00e9s az egy\u00e9ni kompetenci\u00e1ik fejl\u0151d\u00e9s\u00e9nek k\u00f6vet\u00e9s\u00e9vel eg\u00e9sz\u00edtj\u00fck ki. A hallgat\u00f3k sz\u00e1m\u00e1ra el\u0151\u00edrt gyakorlatok k\u00f6z\u00f6tt a tradicion\u00e1lis alkot\u00f3elemek mellett \u00fajabbak is vannak. Hagyom\u00e1nyos forma p\u00e9ld\u00e1ul a leg\u00e1ci\u00f3, melynek sor\u00e1n a m\u00e1sod \u00e9vfolyamos \u00e9s id\u0151sebb hallgat\u00f3k kar\u00e1csonykor, h\u00fasv\u00e9tkor \u00e9s p\u00fcnk\u00f6sdkor a gy\u00fclekezetekben \u00fcnnepi k\u00fcld\u00f6ttk\u00e9nt hirdetik Isten ig\u00e9j\u00e9t. Az ut\u00f3bbi id\u0151szakban bevezetett praktikumk\u00e9nt eml\u00edthet\u0151 a k\u00f3rh\u00e1zi lelkigondoz\u00f3i, a f\u00e9l\u00e9vk\u00f6zi gy\u00fclekezeti, vagy a ny\u00e1ri t\u00e1borszervez\u00e9si gyakorlat. Az itt foly\u00f3 oktat\u00f3 munka tov\u00e1bbi l\u00e9nyeges eleme a 11 \u00e9s 12. szemeszterben k\u00f6vetkez\u0151 exmisszus-gyakornoki \u00e9v. Hallgat\u00f3ink ezt a teljes tan\u00e9vet a sz\u00e1mukra kijel\u00f6lt gy\u00fclekezetekben t\u00f6ltik, ahol szakoktat\u00f3i fel\u00fcgyelet mellett szereznek tapasztalatokat \u00e9s nyernek j\u00e1rtass\u00e1got a lelkip\u00e1sztori feladatk\u00f6r\u00f6kben. Ennek kapcs\u00e1n is fontos kiemelni, hogy a DRHE lelk\u00e9szk\u00e9pz\u00e9se a fenntart\u00f3 Tisz\u00e1nt\u00fali Reform\u00e1tus Egyh\u00e1zker\u00fclet gy\u00fclekezeteivel szoros egy\u00fcttm\u0171k\u00f6d\u00e9sben t\u00f6rt\u00e9nik. A szakir\u00e1ny elv\u00e9gz\u00e9se ut\u00e1n k\u00e9zhez vett diploma nem jelent automatikus egyh\u00e1zi alkalmaz\u00e1st. Ennek tov\u00e1bbi, tanulm\u00e1nyi jelleg\u0171 felt\u00e9tele a zsinati Egys\u00e9ges Lelk\u00e9szk\u00e9pes\u00edt\u0151 Vizsga sikeres let\u00e9tele. A reform\u00e1tus teol\u00f3gia osztatlan mesterszak szakir\u00e1ny\u00e1t csak nappali tagozaton ind\u00edtjuk.<\/p>\n<p><strong>Szakir\u00e1ny-felel\u0151s: Dr. Fekete K\u00e1roly<\/strong><\/p>\n<p><a href=\"http:\/\/drhe.hu\/wp-content\/uploads\/2021\/10\/teologia_lelkesz.pdf\" target=\"_blank\" rel=\"noopener\">Tov\u00e1bb a r\u00e9szletes szakle\u00edr\u00e1shoz<\/a><\/p>\n<table style=\"width: 43.9095%; height: 381px;\" width=\"608\">\n<tbody>\n<tr style=\"height: 37px;\">\n<td style=\"width: 18.7809%; height: 381px;\" rowspan=\"9\">&nbsp;<\/p>\n<p>&nbsp;<\/p>\n<p>Mintatantervek<\/p>\n<p>Teol\u00f3gia szak<\/td>\n<td style=\"width: 22.7348%; height: 37px;\"><a href=\"https:\/\/drhe.hu\/wp-content\/uploads\/2024\/06\/teologia_mintatanterv_2024.docx.pdf\" target=\"_blank\" rel=\"noopener\">2024\/2025-\u00f6s tan\u00e9v<\/a><\/td>\n<td style=\"width: 33.6079%; height: 381px;\" rowspan=\"9\">&nbsp;<\/p>\n<p>&nbsp;<\/p>\n<p>Mintatantervek<\/p>\n<p>Teol\u00f3gia szak-lelk\u00e9sz szakir\u00e1ny<\/td>\n<td style=\"width: 22.8995%; height: 37px;\"><a href=\"https:\/\/drhe.hu\/wp-content\/uploads\/2024\/06\/teologia_szak-lelkesz-szakirany_mintatanterv_2024.docx-1.pdf\" target=\"_blank\" rel=\"noopener\">2024\/2025-\u00f6s tan\u00e9v<\/a><\/td>\n<\/tr>\n<tr style=\"height: 56px;\">\n<td style=\"width: 22.7348%; height: 56px;\">2023\/2024-es tan\u00e9v<\/td>\n<td style=\"width: 22.8995%; height: 56px;\"><a href=\"https:\/\/drhe.hu\/wp-content\/uploads\/2023\/09\/Teologia-lelkesz-szak-mintatanterve-nappali-tagozat.pdf\">2023\/2024-es tan\u00e9v<\/a><\/td>\n<\/tr>\n<tr style=\"height: 24px;\">\n<td style=\"width: 22.7348%; height: 24px;\"><a href=\"https:\/\/drhe.hu\/wp-content\/uploads\/2022\/09\/Teologia-szak-nappali-tagozat.pdf\">2022\/2023-as tan\u00e9v<\/a><\/td>\n<td style=\"width: 22.8995%; height: 24px;\"><a href=\"https:\/\/drhe.hu\/wp-content\/uploads\/2022\/09\/Teologia-szak-lelkesz-szakirany-nappali-tagozat.pdf\">2022\/2023-as tan\u00e9v<\/a><\/td>\n<\/tr>\n<tr style=\"height: 24px;\">\n<td style=\"width: 22.7348%; height: 24px;\"><a href=\"http:\/\/drhe.hu\/wp-content\/uploads\/2021\/10\/mintatanterv_teologia_szak_nappali_2021.pdf\" target=\"_blank\" rel=\"noopener\">2021\/22-es tan\u00e9v<\/a><\/td>\n<td style=\"width: 22.8995%; height: 24px;\"><a href=\"http:\/\/drhe.hu\/wp-content\/uploads\/2021\/10\/mintatanterv_teologia_szak_-_lelkesz_szakirany_nappali_2021.pdf\" target=\"_blank\" rel=\"noopener\">2021\/22-es tan\u00e9v<\/a><\/td>\n<\/tr>\n<tr style=\"height: 24px;\">\n<td style=\"width: 22.7348%; height: 24px;\"><a href=\"http:\/\/drhe.hu\/wp-content\/uploads\/2021\/10\/mintatanterv_-_teologia_szak_2020.pdf\" target=\"_blank\" rel=\"noopener\">2020\/21-es tan\u00e9v<\/a><\/td>\n<td style=\"width: 22.8995%; height: 24px;\"><a href=\"http:\/\/drhe.hu\/wp-content\/uploads\/2021\/10\/mintatanterv_-_teologia_szak_lelkesz_szakirany_2020.pdf\" target=\"_blank\" rel=\"noopener\">2020\/21-es tan\u00e9v<\/a><\/td>\n<\/tr>\n<tr style=\"height: 24px;\">\n<td style=\"width: 22.7348%; height: 24px;\"><a href=\"http:\/\/drhe.hu\/wp-content\/uploads\/2021\/10\/mintatanterv_-_teologia_szak_2019.pdf\" target=\"_blank\" rel=\"noopener\">2019\/20-as tan\u00e9v<\/a><\/td>\n<td style=\"width: 22.8995%; height: 24px;\"><a href=\"http:\/\/drhe.hu\/wp-content\/uploads\/2021\/10\/mintatanterv_-_teologia_szak_lelkesz_szakirany_2019.pdf\" target=\"_blank\" rel=\"noopener\">2019\/2020-as tan\u00e9v<\/a><\/td>\n<\/tr>\n<tr style=\"height: 24px;\">\n<td style=\"width: 22.7348%; height: 24px;\"><a href=\"http:\/\/drhe.hu\/wp-content\/uploads\/2021\/10\/5._mintatanterv_-_teologia_szak_-_2017._november_14.pdf\" target=\"_blank\" rel=\"noopener\">2018\/2019-es tan\u00e9v<\/a><\/td>\n<td style=\"width: 22.8995%; height: 24px;\"><a href=\"http:\/\/drhe.hu\/wp-content\/uploads\/2021\/10\/3._teologia_szak_-_lelkesz_szakirany_nappali_tagozat_mintatanterv.pdf\" target=\"_blank\" rel=\"noopener\">2018\/2019-es tan\u00e9v\u00a0<\/a><\/td>\n<\/tr>\n<tr style=\"height: 24px;\">\n<td style=\"width: 22.7348%; height: 24px;\"><a href=\"http:\/\/drhe.hu\/wp-content\/uploads\/2021\/10\/teologia_szak_c_2017.pdf\" target=\"_blank\" rel=\"noopener\">2017\/2018-as tan\u00e9v<\/a><\/td>\n<td style=\"width: 22.8995%; height: 24px;\"><a href=\"http:\/\/drhe.hu\/wp-content\/uploads\/2021\/10\/teoplogia_szak_lelkesz_szakirany_d_2017.pdf\" target=\"_blank\" rel=\"noopener\">2017\/2018-as tan\u00e9v<\/a><\/td>\n<\/tr>\n<tr style=\"height: 24px;\">\n<td style=\"width: 22.7348%; height: 24px;\"><a href=\"http:\/\/drhe.hu\/wp-content\/uploads\/2021\/10\/4_mintatanterv_teologia_szak_2016_07_24.pdf\" target=\"_blank\" rel=\"noopener\">2016\/2017-es tan\u00e9v<\/a><\/td>\n<td style=\"width: 22.8995%; height: 24px;\"><a href=\"http:\/\/drhe.hu\/wp-content\/uploads\/2021\/10\/3_mintatanterv_teologia-lelkesz_szak_2016_07_24.pdf\" target=\"_blank\" rel=\"noopener\">2016\/2017-es tan\u00e9v<\/a><\/td>\n<\/tr>\n<\/tbody>\n<\/table>\n<p><a href=\"https:\/\/drhe.hu\/wp-content\/uploads\/2025\/01\/Teologia-tantargyleiras-ABC-sorrend.docx.pdf\" target=\"_blank\" rel=\"noopener\">Tant\u00e1rgyle\u00edr\u00e1sok Teol\u00f3gia szak<\/a><\/p>\n<p><a href=\"https:\/\/drhe.hu\/wp-content\/uploads\/2025\/01\/Teologia-lelkesz-tantargyleiras-ABC-sorrend.pdf\" target=\"_blank\" rel=\"noopener\">Tant\u00e1rgyle\u00edr\u00e1sok Teol\u00f3gia szak-lelk\u00e9sz szakir\u00e1ny<\/a><\/p>\n<p><a href=\"https:\/\/felveteli.drhe.hu\/\" target=\"_blank\" rel=\"noopener\">Jelentkez\u0151inknek<\/a>[\/vc_column_text][\/vc_column][\/vc_row]<\/p>\n<\/div>","protected":false},"excerpt":{"rendered":"<p>[vc_row][vc_column][vc_column_text]Reform\u00e1tus teol\u00f3gia 10 f\u00e9l\u00e9ves osztatlan mesterszak \u201eIsten az\u00e9rt adta seg\u00edts\u00e9g\u00fcl ig\u00e9j\u00e9t, mert el\u0151re l\u00e1tta, hogy k\u00e9pm\u00e1sa, melyet e gy\u00f6ny\u00f6r\u0171 vil\u00e1g<\/p>\n","protected":false},"author":1,"featured_media":0,"parent":2612,"menu_order":0,"comment_status":"closed","ping_status":"closed","template":"","meta":{"_acf_changed":false,"footnotes":"","_links_to":"","_links_to_target":""},"class_list":["post-2614","page","type-page","status-publish","hentry"],"acf":[],"_links":{"self":[{"href":"https:\/\/drhe.hu\/en\/wp-json\/wp\/v2\/pages\/2614","targetHints":{"allow":["GET"]}}],"collection":[{"href":"https:\/\/drhe.hu\/en\/wp-json\/wp\/v2\/pages"}],"about":[{"href":"https:\/\/drhe.hu\/en\/wp-json\/wp\/v2\/types\/page"}],"author":[{"embeddable":true,"href":"https:\/\/drhe.hu\/en\/wp-json\/wp\/v2\/users\/1"}],"replies":[{"embeddable":true,"href":"https:\/\/drhe.hu\/en\/wp-json\/wp\/v2\/comments?post=2614"}],"version-history":[{"count":17,"href":"https:\/\/drhe.hu\/en\/wp-json\/wp\/v2\/pages\/2614\/revisions"}],"predecessor-version":[{"id":23072,"href":"https:\/\/drhe.hu\/en\/wp-json\/wp\/v2\/pages\/2614\/revisions\/23072"}],"up":[{"embeddable":true,"href":"https:\/\/drhe.hu\/en\/wp-json\/wp\/v2\/pages\/2612"}],"wp:attachment":[{"href":"https:\/\/drhe.hu\/en\/wp-json\/wp\/v2\/media?parent=2614"}],"curies":[{"name":"wp","href":"https:\/\/api.w.org\/{rel}","templated":true}]}}