{"id":2685,"date":"2021-10-13T11:33:51","date_gmt":"2021-10-13T09:33:51","guid":{"rendered":"http:\/\/new.drhe.hu\/?page_id=2685"},"modified":"2021-10-14T12:31:13","modified_gmt":"2021-10-14T10:31:13","slug":"alapkepzesek-szakiranyu-tovabbkepzesek","status":"publish","type":"page","link":"https:\/\/drhe.hu\/en\/oktatas\/kepzesek\/hiteleti-szakok\/alapkepzesek-szakiranyu-tovabbkepzesek\/","title":{"rendered":"Alapk\u00e9pz\u00e9sek, szakir\u00e1ny\u00fa tov\u00e1bbk\u00e9pz\u00e9sek"},"content":{"rendered":"","protected":false},"excerpt":{"rendered":"","protected":false},"author":1,"featured_media":0,"parent":2599,"menu_order":4,"comment_status":"closed","ping_status":"closed","template":"page-onpage-menu.php","meta":{"_acf_changed":false,"footnotes":"","_links_to":"","_links_to_target":""},"class_list":["post-2685","page","type-page","status-publish","hentry"],"acf":[],"_links":{"self":[{"href":"https:\/\/drhe.hu\/en\/wp-json\/wp\/v2\/pages\/2685","targetHints":{"allow":["GET"]}}],"collection":[{"href":"https:\/\/drhe.hu\/en\/wp-json\/wp\/v2\/pages"}],"about":[{"href":"https:\/\/drhe.hu\/en\/wp-json\/wp\/v2\/types\/page"}],"author":[{"embeddable":true,"href":"https:\/\/drhe.hu\/en\/wp-json\/wp\/v2\/users\/1"}],"replies":[{"embeddable":true,"href":"https:\/\/drhe.hu\/en\/wp-json\/wp\/v2\/comments?post=2685"}],"version-history":[{"count":1,"href":"https:\/\/drhe.hu\/en\/wp-json\/wp\/v2\/pages\/2685\/revisions"}],"predecessor-version":[{"id":2686,"href":"https:\/\/drhe.hu\/en\/wp-json\/wp\/v2\/pages\/2685\/revisions\/2686"}],"up":[{"embeddable":true,"href":"https:\/\/drhe.hu\/en\/wp-json\/wp\/v2\/pages\/2599"}],"wp:attachment":[{"href":"https:\/\/drhe.hu\/en\/wp-json\/wp\/v2\/media?parent=2685"}],"curies":[{"name":"wp","href":"https:\/\/api.w.org\/{rel}","templated":true}]}}