{"id":2741,"date":"2021-10-13T13:16:39","date_gmt":"2021-10-13T11:16:39","guid":{"rendered":"http:\/\/new.drhe.hu\/?page_id=2741"},"modified":"2022-03-06T19:13:14","modified_gmt":"2022-03-06T18:13:14","slug":"teologia-minor-reszismereti-kepzes","status":"publish","type":"page","link":"https:\/\/drhe.hu\/en\/oktatas\/kepzesek\/hiteleti-szakok\/teologia-minor-reszismereti-kepzes\/","title":{"rendered":"Teol\u00f3gia minor r\u00e9szismereti k\u00e9pz\u00e9s"},"content":{"rendered":"<div class=\"wpb-content-wrapper\"><p>[vc_row][vc_column][vc_column_text]<img loading=\"lazy\" decoding=\"async\" class=\"size-full wp-image-2742 alignleft\" src=\"http:\/\/drhe.hu\/wp-content\/uploads\/2021\/10\/minor.jpg\" alt=\"\" width=\"165\" height=\"110\" \/>Ez a levelez\u0151 rendszerben m\u0171k\u00f6d\u0151 k\u00e9pz\u00e9s nem diplomaszerz\u00e9sre ir\u00e1nyul: A fels\u0151oktat\u00e1si v\u00e9gzetts\u00e9ggel m\u00e1r rendelkez\u0151 hallgat\u00f3k alapoz\u00f3 elm\u00e9leti teol\u00f3giai ismereteket szerezhetnek, valamint a megszerzett tan\u00fas\u00edtv\u00e1ny \u00e9s b\u00e1rmely alapdiploma birtok\u00e1ban jelentkezhetnek az egyetem hit\u00e9leti mesterk\u00e9pz\u00e9seire.<\/p>\n<p>A k\u00e9pz\u00e9s nem reform\u00e1tus egyh\u00e1ztagok el\u0151tt is nyitva \u00e1ll.<\/p>\n<p>A k\u00e9pz\u00e9st levelez\u0151 tagozaton ind\u00edtjuk.<\/p>\n<p>Tov\u00e1bb a r\u00e9szletes szakle\u00edr\u00e1shoz<\/p>\n<p><a href=\"https:\/\/felveteli.drhe.hu\/\" target=\"_blank\" rel=\"noopener\">Jelentkez\u0151inknek<\/a>[\/vc_column_text][\/vc_column][\/vc_row]<\/p>\n<\/div>","protected":false},"excerpt":{"rendered":"<p>[vc_row][vc_column][vc_column_text]Ez a levelez\u0151 rendszerben m\u0171k\u00f6d\u0151 k\u00e9pz\u00e9s nem diplomaszerz\u00e9sre ir\u00e1nyul: A fels\u0151oktat\u00e1si v\u00e9gzetts\u00e9ggel m\u00e1r rendelkez\u0151 hallgat\u00f3k alapoz\u00f3 elm\u00e9leti teol\u00f3giai ismereteket szerezhetnek,<\/p>\n","protected":false},"author":1,"featured_media":0,"parent":2599,"menu_order":18,"comment_status":"closed","ping_status":"closed","template":"","meta":{"_acf_changed":false,"footnotes":"","_links_to":"","_links_to_target":""},"class_list":["post-2741","page","type-page","status-publish","hentry"],"acf":[],"_links":{"self":[{"href":"https:\/\/drhe.hu\/en\/wp-json\/wp\/v2\/pages\/2741","targetHints":{"allow":["GET"]}}],"collection":[{"href":"https:\/\/drhe.hu\/en\/wp-json\/wp\/v2\/pages"}],"about":[{"href":"https:\/\/drhe.hu\/en\/wp-json\/wp\/v2\/types\/page"}],"author":[{"embeddable":true,"href":"https:\/\/drhe.hu\/en\/wp-json\/wp\/v2\/users\/1"}],"replies":[{"embeddable":true,"href":"https:\/\/drhe.hu\/en\/wp-json\/wp\/v2\/comments?post=2741"}],"version-history":[{"count":2,"href":"https:\/\/drhe.hu\/en\/wp-json\/wp\/v2\/pages\/2741\/revisions"}],"predecessor-version":[{"id":14417,"href":"https:\/\/drhe.hu\/en\/wp-json\/wp\/v2\/pages\/2741\/revisions\/14417"}],"up":[{"embeddable":true,"href":"https:\/\/drhe.hu\/en\/wp-json\/wp\/v2\/pages\/2599"}],"wp:attachment":[{"href":"https:\/\/drhe.hu\/en\/wp-json\/wp\/v2\/media?parent=2741"}],"curies":[{"name":"wp","href":"https:\/\/api.w.org\/{rel}","templated":true}]}}