{"id":2744,"date":"2021-10-13T13:31:21","date_gmt":"2021-10-13T11:31:21","guid":{"rendered":"http:\/\/new.drhe.hu\/?page_id=2744"},"modified":"2022-01-04T15:14:59","modified_gmt":"2022-01-04T14:14:59","slug":"hiteleti-szakos-hallgatok-jogai-es-kotelezettsegei","status":"publish","type":"page","link":"https:\/\/drhe.hu\/en\/oktatas\/kepzesek\/hiteleti-szakok\/hiteleti-szakos-hallgatok-jogai-es-kotelezettsegei\/","title":{"rendered":"Hit\u00e9leti szakos hallgat\u00f3k jogai \u00e9s k\u00f6telezetts\u00e9gei"},"content":{"rendered":"<div class=\"wpb-content-wrapper\"><p>[vc_row][vc_column][vc_column_text]<\/p>\n<p style=\"text-align: center;\"><strong>A hallgat\u00f3k k\u00f6teless\u00e9gei (SzMSz)<\/strong><\/p>\n<p style=\"text-align: center;\"><strong>74. \u00a7<\/strong><\/p>\n<p>(1) A DRHE valamennyi hallgat\u00f3j\u00e1nak \u2013 az Nftv-ben foglaltakon t\u00fal \u2013 k\u00f6teless\u00e9ge, hogy<\/p>\n<p>a TVSz keretein bel\u00fcl vegyen r\u00e9szt a DRHE-n foly\u00f3 oktat\u00e1sban,<\/p>\n<ul>\n<li>tanulm\u00e1nyi k\u00f6telezetts\u00e9geinek a legnagyobb odaad\u00e1ssal eleget tegyen,<\/li>\n<li>a jogszab\u00e1lyokat \u00e9s a DRHE szab\u00e1lyzatait megtartsa,<\/li>\n<li>a DRHE tanulm\u00e1nyi \u00e9s vizsgarendj\u00e9t megtartsa,<\/li>\n<li>a r\u00e1b\u00edzott vagy az \u00e1ltala haszn\u00e1lt eszk\u00f6z\u00f6ket rendeltet\u00e9sszer\u0171en haszn\u00e1lja, t\u00f6rekedjen azok \u00e1llag\u00e1nak meg\u00f3v\u00e1s\u00e1ra,<\/li>\n<li>ell\u00e1ssa a v\u00e1laszt\u00e1s \u00e1ltal elnyert int\u00e9zm\u00e9nyi tiszts\u00e9get, mely k\u00f6telezetts\u00e9g al\u00f3l \u2013 indokolt esetben \u2013 a tiszt\u00e9gre \u0151t megv\u00e1laszt\u00f3 tan\u00e1cs, bizotts\u00e1g vagy test\u00fclet adhat felment\u00e9st,<\/li>\n<li>a hallgat\u00f3i fogadalom szellem\u00e9ben \u00e9ljen,<\/li>\n<li>tiszteletben tartsa a reform\u00e1tus erk\u00f6lcsi \u00e9s szellemi \u00e9rt\u00e9keket, az int\u00e9zm\u00e9ny hit\u00e9leti rendezv\u00e9nyeit, hagyom\u00e1nyait, \u00e9s ezeknek megfelel\u0151 viselked\u00e9st tan\u00fas\u00edtson,<\/li>\n<li>tart\u00f3zkodjon a MRE hitelveibe \u00fctk\u00f6z\u0151 vagy j\u00f3 h\u00edrnev\u00e9t s\u00e9rt\u0151 megnyilv\u00e1nul\u00e1sokt\u00f3l,<\/li>\n<li>tiszteletben tartsa az alkalmazottak \u00e9s a t\u00f6bbi hallgat\u00f3 vall\u00e1si \u00e9s felekezeti hovatartoz\u00e1s\u00e1t, szem\u00e9lyes vil\u00e1gn\u00e9zeti meggy\u0151z\u0151d\u00e9s\u00e9t,<\/li>\n<li>tiszteletben tartsa a DRHE alkalmazottai \u00e9s hallgat\u00f3t\u00e1rsai \u2013 illetve a DRHE-ra felv\u00e9telt vagy \u00e1tv\u00e9telt nyert t\u00e1rsai \u2013 emberi m\u00e9lt\u00f3s\u00e1g\u00e1t,<\/li>\n<li>vegyen r\u00e9szt a DRHE k\u00f6z\u00f6ss\u00e9g\u00e9nek \u00e9let\u00e9ben,<\/li>\n<li>t\u00f6rekedjen a kereszty\u00e9n \u00e9rt\u00e9kek \u00e9s hagyom\u00e1nyok megismer\u00e9s\u00e9re,<\/li>\n<li>t\u00f6rekedj\u00e9k az int\u00e9zm\u00e9ny j\u00f3 h\u00edr\u00e9nek gyarap\u00edt\u00e1s\u00e1ra,<\/li>\n<li>ismerje meg \u00e9s \u00e1polja a Debreceni Reform\u00e1tus Koll\u00e9gium hagyom\u00e1nyait.<\/li>\n<\/ul>\n<p>(2) A hit\u00e9leti k\u00e9pz\u00e9sben r\u00e9szt vev\u0151 hallgat\u00f3nak \u2013 az (1) bekezd\u00e9sben r\u00f6gz\u00edtetteken t\u00fal \u2013 t\u00fal k\u00f6teless\u00e9ge, hogy<\/p>\n<ul>\n<li>valamely kereszty\u00e9n egyh\u00e1z tagja legyen,<\/li>\n<li>nyitott legyen az \u00f6kumenikus p\u00e1rbesz\u00e9dre,<\/li>\n<li>a kereszty\u00e9n \u00e9letfolytat\u00e1sban \u00f6nmag\u00e1t gyakorolja.<\/li>\n<\/ul>\n<p>(3) Az egyh\u00e1zi alkalmazott k\u00e9pz\u00e9sben r\u00e9szt vev\u0151 hallgat\u00f3nak \u2013 az (1)-(2) bekezd\u00e9sekben r\u00f6gz\u00edtetteken t\u00fal \u2013 k\u00f6teless\u00e9ge, hogy<\/p>\n<ul>\n<li>a reform\u00e1tus egyh\u00e1z tagja legyen \u00e9s vallja az MRE hitelveit,<\/li>\n<li>v\u00e1lasztott egyh\u00e1zi hivat\u00e1s\u00e1ra val\u00f3 felk\u00e9sz\u00fcl\u00e9se \u00e9rdek\u00e9ben a kereszty\u00e9n \u00e9letfolytat\u00e1sban \u00f6nmag\u00e1t gyakorolja,<\/li>\n<li>p\u00e9ldaad\u00e1ssal vegyen r\u00e9szt az int\u00e9zm\u00e9ny hit\u00e9leti alkalmain,<\/li>\n<li>szolg\u00e1latk\u00e9szen v\u00e1llaljon az int\u00e9zm\u00e9ny hit\u00e9leti \u00e9s ifj\u00fas\u00e1gi gy\u00fclekezeti alkalmain felk\u00e9r\u00e9s szerinti k\u00f6zrem\u0171k\u00f6d\u00e9st.<\/li>\n<\/ul>\n<p>(4) A hallgat\u00f3nak a DRHE Baleset-, t\u0171z- \u00e9s munkav\u00e9delmi szab\u00e1lyzat\u00e1ban el\u0151\u00edrt m\u00f3don el kell saj\u00e1t\u00edtania, \u00e9s alkalmaznia kell az eg\u00e9szs\u00e9g\u00e9t \u00e9s a biztons\u00e1g\u00e1t v\u00e9d\u0151 ismereteket, tov\u00e1bb\u00e1 jelentenie kell, ha balesetet vagy balesetvesz\u00e9lyt \u00e9szlel.<\/p>\n<p>&nbsp;<\/p>\n<p style=\"text-align: center;\"><strong>A hallgat\u00f3k fegyelmi felel\u0151ss\u00e9ge<\/strong><\/p>\n<p style=\"text-align: center;\"><strong>75. \u00a7<\/strong><\/p>\n<p>(1) Ha a hallgat\u00f3 a hallgat\u00f3i jogviszonyb\u00f3l ered\u0151 k\u00f6telezetts\u00e9geit v\u00e9tkesen megszegi, fegyelmi v\u00e9ts\u00e9get k\u00f6vet el, ami miatt fegyelmi b\u00fcntet\u00e9sben r\u00e9szes\u00edthet\u0151. E k\u00f6telezetts\u00e9g k\u00f6r\u00e9be tartozik a hallgat\u00f3 fogadalm\u00e1ban, az int\u00e9zm\u00e9ny szab\u00e1lyzataiban, k\u00fcl\u00f6n\u00f6sen is jelen szab\u00e1lyzat 74. \u00a7 (1)-(3) bekezd\u00e9seiben r\u00f6gz\u00edtett k\u00f6teless\u00e9g\u00e9nek v\u00e9tkes megszeg\u00e9se.<\/p>\n<p>(2) Fegyelmi v\u00e9ts\u00e9gnek min\u0151s\u00fcl a hallgat\u00f3 olyan, a DRHE-n k\u00edv\u00fcli magatart\u00e1sa is, amely a hallgat\u00f3 jog\u00e1ll\u00e1s\u00e1val \u00f6sszeegyeztethetetlen, az int\u00e9zm\u00e9ny \u00e9rdekeit, j\u00f3 h\u00edrnev\u00e9t \u00e9s szellemis\u00e9g\u00e9t s\u00falyosan s\u00e9rti vagy vesz\u00e9lyezteti.<\/p>\n<p>(3) Nem tekinthet\u0151 fegyelmi v\u00e9ts\u00e9gnek az olyan k\u00f6teless\u00e9gszeg\u00e9s, amelyhez a TVSz f\u0171z h\u00e1tr\u00e1nyos k\u00f6vetkezm\u00e9nyeket.<\/p>\n<p>(4) Nem tekinthet\u0151 fegyelmi v\u00e9ts\u00e9gnek, ha valamely hit\u00e9leti szakot v\u00e9gz\u0151 hallgat\u00f3 hitelvi k\u00e9rd\u00e9sek miatt ker\u00fcl ellent\u00e9tbe a DRHE alapelveivel, s ezzel lehetetlenn\u00e9 teszi int\u00e9zm\u00e9nyi hallgat\u00f3i jogviszony\u00e1t. Ilyen esetekben a hallgat\u00f3t a Szen\u00e1tus el\u0151tt t\u00f6rt\u00e9n\u0151 meghallgat\u00e1s ut\u00e1n, rendk\u00edv\u00fcli alkalmass\u00e1gi min\u0151s\u00edt\u00e9s keret\u00e9ben, szen\u00e1tusi hat\u00e1rozattal, fegyelmi elj\u00e1r\u00e1s lefolytat\u00e1sa n\u00e9lk\u00fcl t\u00f6r\u00f6lni kell a hallgat\u00f3k sor\u00e1b\u00f3l.<\/p>\n<p>(5) A hit\u00e9leti k\u00e9pz\u00e9sb\u0151l val\u00f3 kiz\u00e1r\u00e1st kimond\u00f3 hat\u00e1rozatot k\u00f6zz\u00e9 kell tenni a MRE hivatalos lapj\u00e1ban.<\/p>\n<p>(6) Nem lehet fegyelmi elj\u00e1r\u00e1st ind\u00edtani, ha a DRHE-nek a fegyelmi v\u00e9ts\u00e9gr\u0151l val\u00f3 tudom\u00e1sszerz\u00e9se \u00f3ta egy h\u00f3nap, illet\u0151leg a v\u00e9ts\u00e9g elk\u00f6vet\u00e9se \u00f3ta \u00f6t h\u00f3nap m\u00e1r eltelt.<\/p>\n<p>(7) Fegyelmi elj\u00e1r\u00e1st a rektor rendelhet el.<\/p>\n<p>(8) Ha a fegyelmi elj\u00e1r\u00e1s al\u00e1 vont szem\u00e9ly ellen ugyanabban az \u00fcgyben b\u00fcntet\u0151elj\u00e1r\u00e1s folyik, annak joger\u0151s befejez\u00e9s\u00e9ig a fegyelmi elj\u00e1r\u00e1st fel lehet f\u00fcggeszteni.<\/p>\n<p>(9) A fegyelmi elj\u00e1r\u00e1s r\u00e9szletes szab\u00e1lyait, ide\u00e9rtve a mentes\u00fcl\u00e9s eseteit \u00e9s a mentes\u00edt\u00e9si elj\u00e1r\u00e1st, a t\u00e1rgyal\u00e1s \u00e9s a bizony\u00edt\u00e1s szab\u00e1lyait, a v\u00e9delem biztos\u00edt\u00e1s\u00e1nak, tov\u00e1bb\u00e1 a fegyelmi t\u00e1rgyal\u00e1s nyilv\u00e1noss\u00e1g\u00e1nak k\u00e9rd\u00e9seit, a lehets\u00e9ges fegyelmi b\u00fcntet\u00e9seket, a fellebbez\u00e9s szab\u00e1lyait a DRHE Fegyelmi Szab\u00e1lyzata \u00e1llap\u00edtja meg. A Fegyelmi Szab\u00e1lyzat jelen szab\u00e1lyzat 11. sz\u00e1m\u00fa mell\u00e9klet\u00e9t k\u00e9pezi.<\/p>\n<p>&nbsp;<\/p>\n<p style=\"text-align: center;\"><strong>Min\u0151s\u00edt\u00e9si elj\u00e1r\u00e1s<\/strong><\/p>\n<p style=\"text-align: center;\"><strong>76. \u00a7<\/strong><\/p>\n<p>(1) A DRHE \u00e9s a fenntart\u00f3 Tisz\u00e1nt\u00fali Reform\u00e1tus Egyh\u00e1zker\u00fclet a DRHE-n reform\u00e1tus teol\u00f3gia szak \u2013 lelk\u00e9sz szakir\u00e1ny mesterk\u00e9pz\u00e9si szak (egys\u00e9ges, osztatlan k\u00e9pz\u00e9s), a reform\u00e1tus hittan\u00e1r\u2013nevel\u0151tan\u00e1r tan\u00e1ri mesterk\u00e9pz\u00e9si szak (egys\u00e9ges, osztatlan k\u00e9pz\u00e9s), a reform\u00e1tus hittan\u00e1r\u2013nevel\u0151 mesterk\u00e9pz\u00e9si szak (kifut\u00f3 k\u00e9pz\u00e9s), a katek\u00e9ta\u2013lelkip\u00e1sztori munkat\u00e1rs alapk\u00e9pz\u00e9si szak, valamint a reform\u00e1tus k\u00e1ntor alapk\u00e9pz\u00e9si szak (a tov\u00e1bbiakban: egyh\u00e1zi alkalmazott k\u00e9pz\u00e9s) valamennyi hallgat\u00f3j\u00e1t\u00f3l elv\u00e1rja, hogy egy\u00e9ni \u00e9letvitel\u00e9vel, kegyess\u00e9g\u00e9nek l\u00e1that\u00f3 \u00e9s lem\u00e9rhet\u0151 jeleivel, sz\u00f3beli \u00e9s m\u00e1s megnyilv\u00e1nul\u00e1saival \u00fagy az int\u00e9zm\u00e9nyen bel\u00fcl, mint azon k\u00edv\u00fcl bizonys\u00e1g\u00e1t adja annak, hogy<\/p>\n<ul>\n<li>hitbeli felfog\u00e1sa \u00e9s magatart\u00e1sa a Szent\u00edr\u00e1s, valamint reform\u00e1tus hitvall\u00e1saink alapj\u00e1n \u00e1ll,<\/li>\n<li>a MRE Zsinat\u00e1nak tanbeli \u00e9s etikai \u00e1ll\u00e1sfoglal\u00e1sait mag\u00e1ra n\u00e9zve k\u00f6telez\u0151nek fogadja el,<\/li>\n<li>alkalmas a tanulm\u00e1nyi id\u0151 alatt r\u00e1 v\u00e1r\u00f3 lelkip\u00e1sztori, illetve hitoktat\u00f3i \u00e9s hittan\u00e1ri jelleg\u0171 feladatok ell\u00e1t\u00e1s\u00e1ra,<\/li>\n<li>a j\u00f6v\u0151ben alkalmas lelki vezet\u0151je lehet a r\u00e1b\u00edzott gy\u00fclekezeteknek, illetve a hitoktat\u00e1sban r\u00e9szt vev\u0151 gyermekeknek \u00e9s fiataloknak.<\/li>\n<\/ul>\n<p>(2) Az egyh\u00e1zi alkalmazott k\u00e9pz\u00e9sben r\u00e9szt vev\u0151 hallgat\u00f3k ez\u00e9rt minden tavaszi f\u00e9l\u00e9v v\u00e9g\u00e9n min\u0151s\u00edt\u00e9si elj\u00e1r\u00e1son (a tov\u00e1bbiakban: min\u0151s\u00edt\u00e9s) esnek \u00e1t.<\/p>\n<p>(3) A min\u0151s\u00edt\u00e9st az alkalmilag \u00f6sszeh\u00edvott Min\u0151s\u00edt\u0151 Bizotts\u00e1g v\u00e9gzi. A bizotts\u00e1g eln\u00f6ke a rektor, tagjai a rektoron k\u00edv\u00fcl:<\/p>\n<ul>\n<li>a Teol\u00f3giai Int\u00e9zet teljes munkaid\u0151ben \u00e9s r\u00e9szmunkaid\u0151ben foglalkoztatott oktat\u00f3i,<\/li>\n<li>egy, a fenntart\u00f3 \u00e1ltal deleg\u00e1lt, a DRHE-vel egyh\u00e1zi szolg\u00e1lati viszonyban vagy munkaviszonyban nem \u00e1ll\u00f3 akt\u00edv reform\u00e1tus lelkip\u00e1sztor,<\/li>\n<li>a Hallgat\u00f3i \u00d6nkorm\u00e1nyzat egyh\u00e1zi alkalmazott k\u00e9pz\u00e9sben r\u00e9szt vev\u0151 eln\u00f6ke \u00e9s\/vagy eln\u00f6khelyettese.<\/li>\n<\/ul>\n<p>(4) A DRHE min\u0151s\u00edt\u00e9st nem nyert hallgat\u00f3ja a DRHE egyetlen egyh\u00e1zi alkalmazott szak\u00e1n sem folytathatj\u00e1k tov\u00e1bb tanulm\u00e1nyait, \u00e9s ilyen szakra a k\u00e9s\u0151bbiekben sem vehet\u0151 \u00e1t, nem vehet\u0151 vissza \u00e9s nem vehet\u0151 fel.<\/p>\n<p>(5) A \u201enem megfelelt\u201d min\u0151s\u00edt\u00e9s miatt m\u00e1s reform\u00e1tus fels\u0151oktat\u00e1si int\u00e9zm\u00e9nyben egyh\u00e1zi alkalmazott k\u00e9pz\u00e9sb\u0151l kiz\u00e1rt \u00e9s a DRHE valamely egyh\u00e1zi alkalmazott k\u00e9pz\u00e9s\u00e9re \u00e1tvett hallgat\u00f3t a DRHE-n lefolytatand\u00f3 min\u0151s\u00edt\u0151 vizsg\u00e1i vonatkoz\u00e1s\u00e1ban egy \u201efelt\u00e9telesen megfelelt\u201d min\u0151s\u00edt\u00e9ssel rendelkez\u0151 hallgat\u00f3k\u00e9nt kell kezelni.<\/p>\n<p>(6) Az alkalmass\u00e1gi min\u0151s\u00edt\u00e9si elj\u00e1r\u00e1s egy\u00e9b r\u00e9szleteit, ide\u00e9rtve az elj\u00e1r\u00e1s menet\u00e9t, a \u201efelt\u00e9telesen alkalmas\u201d min\u0151s\u00edt\u00e9s jogk\u00f6vetkezm\u00e9nyeit, a fellebbez\u00e9s szab\u00e1lyait, valamint a min\u0151s\u00edt\u00e9st nem nyert hallgat\u00f3knak a DRHE egy\u00e9b szakjain val\u00f3 tov\u00e1bbi tanulm\u00e1nyainak lehet\u0151s\u00e9g\u00e9t a Hallgat\u00f3k Min\u0151s\u00edt\u00e9si Elj\u00e1r\u00e1s\u00e1nak Szab\u00e1lyzata r\u00f6gz\u00edti, amely jelen szab\u00e1lyzat 10. sz\u00e1m\u00fa mell\u00e9klet\u00e9t k\u00e9pezi.<\/p>\n<p>[\/vc_column_text][\/vc_column][\/vc_row]<\/p>\n<\/div>","protected":false},"excerpt":{"rendered":"<p>[vc_row][vc_column][vc_column_text] A hallgat\u00f3k k\u00f6teless\u00e9gei (SzMSz) 74. \u00a7 (1) A DRHE valamennyi hallgat\u00f3j\u00e1nak \u2013 az Nftv-ben foglaltakon t\u00fal \u2013 k\u00f6teless\u00e9ge, hogy<\/p>\n","protected":false},"author":1,"featured_media":0,"parent":2599,"menu_order":23,"comment_status":"closed","ping_status":"closed","template":"","meta":{"_acf_changed":false,"footnotes":"","_links_to":"","_links_to_target":""},"class_list":["post-2744","page","type-page","status-publish","hentry"],"acf":[],"_links":{"self":[{"href":"https:\/\/drhe.hu\/en\/wp-json\/wp\/v2\/pages\/2744","targetHints":{"allow":["GET"]}}],"collection":[{"href":"https:\/\/drhe.hu\/en\/wp-json\/wp\/v2\/pages"}],"about":[{"href":"https:\/\/drhe.hu\/en\/wp-json\/wp\/v2\/types\/page"}],"author":[{"embeddable":true,"href":"https:\/\/drhe.hu\/en\/wp-json\/wp\/v2\/users\/1"}],"replies":[{"embeddable":true,"href":"https:\/\/drhe.hu\/en\/wp-json\/wp\/v2\/comments?post=2744"}],"version-history":[{"count":2,"href":"https:\/\/drhe.hu\/en\/wp-json\/wp\/v2\/pages\/2744\/revisions"}],"predecessor-version":[{"id":12758,"href":"https:\/\/drhe.hu\/en\/wp-json\/wp\/v2\/pages\/2744\/revisions\/12758"}],"up":[{"embeddable":true,"href":"https:\/\/drhe.hu\/en\/wp-json\/wp\/v2\/pages\/2599"}],"wp:attachment":[{"href":"https:\/\/drhe.hu\/en\/wp-json\/wp\/v2\/media?parent=2744"}],"curies":[{"name":"wp","href":"https:\/\/api.w.org\/{rel}","templated":true}]}}